{"id":20138,"date":"2023-08-15T14:22:21","date_gmt":"2023-08-15T12:22:21","guid":{"rendered":"https:\/\/oblure.com\/victor-castanera\/"},"modified":"2025-03-10T23:16:40","modified_gmt":"2025-03-10T22:16:40","slug":"victor-castanera","status":"publish","type":"page","link":"https:\/\/oblure.com\/sv\/vara-formgivare\/victor-castanera\/","title":{"rendered":"Victor Castanera"},"content":{"rendered":"\t\t<div data-elementor-type=\"wp-page\" data-elementor-id=\"20138\" class=\"elementor elementor-20138 elementor-10545\" data-elementor-post-type=\"page\">\n\t\t\t\t\t\t<section class=\"elementor-section elementor-top-section elementor-element elementor-element-82ec987 wd-section-stretch-content elementor-section-full_width elementor-section-height-default elementor-section-height-default\" data-id=\"82ec987\" data-element_type=\"section\" data-settings=\"{&quot;background_background&quot;:&quot;classic&quot;}\">\n\t\t\t\t\t\t<div class=\"elementor-container elementor-column-gap-default\">\n\t\t\t\t\t<div class=\"elementor-column elementor-col-50 elementor-top-column elementor-element elementor-element-4b74eba\" data-id=\"4b74eba\" data-element_type=\"column\" data-settings=\"{&quot;background_background&quot;:&quot;classic&quot;}\">\n\t\t\t<div class=\"elementor-widget-wrap elementor-element-populated\">\n\t\t\t\t\t\t<div class=\"elementor-element elementor-element-d5e1ca3 full-width-image elementor-widget elementor-widget-wd_image_or_svg\" data-id=\"d5e1ca3\" data-element_type=\"widget\" data-widget_type=\"wd_image_or_svg.default\">\n\t\t\t\t<div class=\"elementor-widget-container\">\n\t\t\t\t\t\n\t\t<div class=\"wd-image text-left\">\n\t\t\t\t\t\t\t\t<img fetchpriority=\"high\" decoding=\"async\" width=\"1500\" height=\"1500\" src=\"https:\/\/oblure.com\/wp-content\/uploads\/2023\/06\/victor_castanera.jpg\" class=\"attachment-full size-full wp-image-9306\" alt=\"\" \/>\t\t\t\t\t<\/div>\n\n\t\t\t\t\t\t<\/div>\n\t\t\t\t<\/div>\n\t\t\t\t\t<\/div>\n\t\t<\/div>\n\t\t\t\t<div class=\"elementor-column elementor-col-50 elementor-top-column elementor-element elementor-element-120f371\" data-id=\"120f371\" data-element_type=\"column\">\n\t\t\t<div class=\"elementor-widget-wrap elementor-element-populated\">\n\t\t\t\t\t\t<div class=\"elementor-element elementor-element-fe80487 designer_page_title elementor-widget elementor-widget-heading\" data-id=\"fe80487\" data-element_type=\"widget\" data-widget_type=\"heading.default\">\n\t\t\t\t<div class=\"elementor-widget-container\">\n\t\t\t\t\t<h1 class=\"elementor-heading-title elementor-size-default\">Victor Castanera<\/h1>\t\t\t\t<\/div>\n\t\t\t\t<\/div>\n\t\t\t\t<div class=\"elementor-element elementor-element-35188bb elementor-widget elementor-widget-shortcode\" data-id=\"35188bb\" data-element_type=\"widget\" data-widget_type=\"shortcode.default\">\n\t\t\t\t<div class=\"elementor-widget-container\">\n\t\t\t\t\t<div class='designer_description_about_designer_page'>VICTOR CASTANERA (Spanien) tog examen fr\u00e5n Elisava School of Design 2012 med ett erasmusprogram vid Politecnico di Milano. Hans k\u00e4rlek till experiment och s\u00f6kandet efter det annorlunda och k\u00e4nslom\u00e4ssiga resulterar ofta i anv\u00e4ndandet av nya tekniker och material. Han bor och arbetar i Barcelona och Medelhavskulturen \u00e4r en stor inspirationsk\u00e4lla, liksom hans passion f\u00f6r naturen och havet. Resultatet \u00e4r en kollektion av f\u00f6rem\u00e5l och produkter som talar f\u00f6r sig sj\u00e4lva p\u00e5 enklast m\u00f6jliga s\u00e4tt.    Bordslampan Balance \u00e4r Victor Castaneras f\u00f6rsta produkt f\u00f6r Oblure.\n\n<a href=\"https:\/\/www.victorcastanera.com\/\">https:\/\/www.victorcastanera.com\/<\/a><\/div>\t\t<div class=\"elementor-shortcode\"><\/div>\n\t\t\t\t\t\t<\/div>\n\t\t\t\t<\/div>\n\t\t\t\t\t<\/div>\n\t\t<\/div>\n\t\t\t\t\t<\/div>\n\t\t<\/section>\n\t\t\t\t<section class=\"elementor-section elementor-top-section elementor-element elementor-element-ec32c2e wd-section-stretch elementor-section-full_width elementor-section-height-default elementor-section-height-default\" data-id=\"ec32c2e\" data-element_type=\"section\" data-settings=\"{&quot;background_background&quot;:&quot;classic&quot;}\">\n\t\t\t\t\t\t<div class=\"elementor-container elementor-column-gap-default\">\n\t\t\t\t\t<div class=\"elementor-column elementor-col-100 elementor-top-column elementor-element elementor-element-006a1da\" data-id=\"006a1da\" data-element_type=\"column\">\n\t\t\t<div class=\"elementor-widget-wrap elementor-element-populated\">\n\t\t\t\t\t\t<div class=\"elementor-element elementor-element-9ea338e elementor-widget elementor-widget-heading\" data-id=\"9ea338e\" data-element_type=\"widget\" data-widget_type=\"heading.default\">\n\t\t\t\t<div class=\"elementor-widget-container\">\n\t\t\t\t\t<h2 class=\"elementor-heading-title elementor-size-default\">Produkter av denna formgivare<\/h2>\t\t\t\t<\/div>\n\t\t\t\t<\/div>\n\t\t\t\t\t<\/div>\n\t\t<\/div>\n\t\t\t\t\t<\/div>\n\t\t<\/section>\n\t\t\t\t<section class=\"elementor-section elementor-top-section elementor-element elementor-element-b070e99 wd-section-stretch-content elementor-section-full_width elementor-section-height-default elementor-section-height-default\" data-id=\"b070e99\" data-element_type=\"section\" data-settings=\"{&quot;background_background&quot;:&quot;classic&quot;}\">\n\t\t\t\t\t\t<div class=\"elementor-container elementor-column-gap-default\">\n\t\t\t\t\t<div class=\"elementor-column elementor-col-100 elementor-top-column elementor-element elementor-element-23cc11a\" data-id=\"23cc11a\" data-element_type=\"column\">\n\t\t\t<div class=\"elementor-widget-wrap elementor-element-populated\">\n\t\t\t\t\t\t<div class=\"elementor-element elementor-element-05d8c92 product-list-on-designers-page elementor-widget elementor-widget-wd_products\" data-id=\"05d8c92\" data-element_type=\"widget\" data-widget_type=\"wd_products.default\">\n\t\t\t\t<div class=\"elementor-widget-container\">\n\t\t\t\t\t\t\t\t\t\t<div class=\"wd-products-element\">\n\n\t\t\t\n\t\t\t\n\t\t\t\n\t\t\t<div class=\"products elements-grid row wd-products-holder pagination- elements-list align-items-start\" data-paged=\"1\" data-atts=\"{&quot;element_title&quot;:&quot;&quot;,&quot;title_alignment&quot;:&quot;left&quot;,&quot;query_post_type&quot;:&quot;product&quot;,&quot;post_type&quot;:&quot;product&quot;,&quot;include&quot;:null,&quot;taxonomies&quot;:[&quot;87&quot;],&quot;offset&quot;:&quot;&quot;,&quot;orderby&quot;:&quot;&quot;,&quot;query_type&quot;:&quot;OR&quot;,&quot;order&quot;:null,&quot;meta_key&quot;:null,&quot;exclude&quot;:[&quot;17142&quot;],&quot;shop_tools&quot;:null,&quot;hide_out_of_stock&quot;:&quot;no&quot;,&quot;ajax_recently_viewed&quot;:null,&quot;speed&quot;:null,&quot;slides_per_view&quot;:null,&quot;slides_per_view_tablet&quot;:{&quot;size&quot;:&quot;&quot;},&quot;slides_per_view_mobile&quot;:{&quot;size&quot;:&quot;&quot;},&quot;wrap&quot;:null,&quot;autoplay&quot;:null,&quot;center_mode&quot;:null,&quot;hide_pagination_control&quot;:null,&quot;hide_prev_next_buttons&quot;:null,&quot;scroll_per_page&quot;:null,&quot;layout&quot;:&quot;list&quot;,&quot;pagination&quot;:&quot;&quot;,&quot;items_per_page&quot;:20,&quot;spacing&quot;:&quot;0&quot;,&quot;columns&quot;:null,&quot;columns_tablet&quot;:{&quot;size&quot;:&quot;&quot;},&quot;columns_mobile&quot;:{&quot;size&quot;:&quot;&quot;},&quot;products_masonry&quot;:null,&quot;products_different_sizes&quot;:null,&quot;product_quantity&quot;:&quot;disable&quot;,&quot;product_hover&quot;:null,&quot;sale_countdown&quot;:&quot;0&quot;,&quot;stretch_product&quot;:null,&quot;stretch_product_tablet&quot;:0,&quot;stretch_product_mobile&quot;:0,&quot;stock_progress_bar&quot;:&quot;0&quot;,&quot;highlighted_products&quot;:&quot;0&quot;,&quot;products_bordered_grid&quot;:&quot;0&quot;,&quot;products_bordered_grid_style&quot;:null,&quot;products_with_background&quot;:&quot;0&quot;,&quot;products_shadow&quot;:&quot;0&quot;,&quot;products_color_scheme&quot;:&quot;default&quot;,&quot;img_size&quot;:&quot;full&quot;,&quot;img_size_custom&quot;:null,&quot;grid_gallery&quot;:&quot;no&quot;,&quot;grid_gallery_control&quot;:null,&quot;grid_gallery_enable_arrows&quot;:null,&quot;ajax_page&quot;:&quot;&quot;,&quot;force_not_ajax&quot;:&quot;no&quot;,&quot;lazy_loading&quot;:&quot;no&quot;,&quot;scroll_carousel_init&quot;:null,&quot;custom_sizes&quot;:false,&quot;elementor&quot;:true}\" data-source=\"shortcode\" data-columns=\"\" data-grid-gallery=\"\">\n\t\t\n\t\t\n\t\t\t\t\t\t\t\t<div class=\"product-grid-item product product-list-item  col-lg-12 col-md-12 col-12 first  last  tm-no-options type-product post-20309 status-publish instock product_cat-okategoriserad product_tag-standard-sv has-post-thumbnail taxable shipping-taxable purchasable product-type-variable has-default-attributes\" data-loop=\"1\" data-id=\"20309\">\n\t\t\t\t\n\t\n\t<div class=\"product-wrapper\">\n\t\t<div class=\"product-element-top wd-quick-shop\">\n\t\t\t<a href=\"https:\/\/oblure.com\/sv\/produkt\/balans\/\" class=\"product-image-link\">\n\t\t\t\t<!-- 1 --><!-- 2 --><!-- 3 --><img decoding=\"async\" width=\"1920\" height=\"1920\" src=\"https:\/\/oblure.com\/wp-content\/uploads\/2023\/07\/Oblure_Balance_Brass_2.jpg\" class=\"attachment-full size-full wp-image-19466\" alt=\"\" \/>\t\t\t<\/a>\n\n\t\t\t\t\t\t<div class=\"hover-img\">\n\t\t\t\t<a href=\"https:\/\/oblure.com\/sv\/produkt\/balans\/\">\n\t\t\t\t\t<img decoding=\"async\" width=\"1920\" height=\"2560\" src=\"https:\/\/oblure.com\/wp-content\/uploads\/2023\/07\/june_2025_balance_brass.jpg\" class=\"attachment-full size-full wp-image-21847\" alt=\"\" \/>\t\t\t\t<\/a>\n\t\t\t<\/div>\n\t\t\t\n\t\t\t<div class=\"wd-buttons wd-pos-r-t\">\n\t\t\t\t\t\t\t\t\t\t\t\t\t\t\t\t\t\t\t<\/div>\n\t\t<\/div>\n\n\t\t<div class=\"product-list-content wd-scroll\">\n\t\t\t<h3 class=\"wd-entities-title\"><a href=\"https:\/\/oblure.com\/sv\/produkt\/balans\/\">Balance<\/a><\/h3>\t\t\t<div class=\"wd-product-brands-links\"><a href=\"https:\/\/oblure.com\/sv\/kollektion\/?filter_brand=victor-castanera-sv\">Victor Castanera<\/a><\/div>\t\t\t\t\t\t\t\t\t\n\t<span class=\"price\"><span class=\"woocommerce-Price-amount amount\"><bdi>16 950&nbsp;<span class=\"woocommerce-Price-currencySymbol\">&#107;&#114;<\/span><\/bdi><\/span><\/span>\n\t\t\t<div class=\"wd-swatches-grid wd-swatches-product wd-swatches-attr wd-bg-style-4 wd-text-style-4 wd-dis-style-1 wd-size-m wd-shape-round\">\t\t\t<div class=\"wd-swatch wd-tooltip wd-bg\" data-image-src=\"https:\/\/oblure.com\/wp-content\/uploads\/2024\/08\/balance_black_2.jpg\" data-image-srcset=\"\" data-image-sizes=\"(max-width: 1920px) 100vw, 1920px\">\n\t\t\t\t\t\t\t\t\t<span class=\"wd-swatch-bg\" style=\"\">\n\t\t\t\t\t\t\t\t\t\t\t\t\t<img loading=\"lazy\" decoding=\"async\" width=\"24\" height=\"24\" src=\"https:\/\/oblure.com\/wp-content\/uploads\/2023\/10\/environment_placeholder.png\" class=\"attachment-full size-full\" alt=\"\" \/>\t\t\t\t\t\t\t\t\t\t\t<\/span>\n\t\t\t\t\t\t\t\t<span class=\"wd-swatch-text\">\n\t\t\t\t\tMilj\u00f6\t\t\t\t<\/span>\n\t\t\t<\/div>\n\t\t\t\t\t\t<div class=\"wd-swatch wd-tooltip wd-bg\" data-image-src=\"https:\/\/oblure.com\/wp-content\/uploads\/2023\/09\/Balance-svart-produktbild.jpg\" data-image-srcset=\"\" data-image-sizes=\"(max-width: 1920px) 100vw, 1920px\">\n\t\t\t\t\t\t\t\t\t<span class=\"wd-swatch-bg\" style=\"background-color:rgb(0,0,0)\">\n\t\t\t\t\t\t\t\t\t\t\t<\/span>\n\t\t\t\t\t\t\t\t<span class=\"wd-swatch-text\">\n\t\t\t\t\tSvart\t\t\t\t<\/span>\n\t\t\t<\/div>\n\t\t\t\t\t\t<div class=\"wd-swatch wd-tooltip wd-bg\" data-image-src=\"https:\/\/oblure.com\/wp-content\/uploads\/2025\/03\/Balance-Chrome.jpg\" data-image-srcset=\"\" data-image-sizes=\"(max-width: 1920px) 100vw, 1920px\">\n\t\t\t\t\t\t\t\t\t<span class=\"wd-swatch-bg\" style=\"background-color:rgb(98,101,105)\">\n\t\t\t\t\t\t\t\t\t\t\t<\/span>\n\t\t\t\t\t\t\t\t<span class=\"wd-swatch-text\">\n\t\t\t\t\tKrom\t\t\t\t<\/span>\n\t\t\t<\/div>\n\t\t\t\t\t\t<div class=\"wd-swatch wd-tooltip wd-bg\" data-image-src=\"https:\/\/oblure.com\/wp-content\/uploads\/2023\/07\/balance_brass.jpg\" data-image-srcset=\"\" data-image-sizes=\"(max-width: 1920px) 100vw, 1920px\">\n\t\t\t\t\t\t\t\t\t<span class=\"wd-swatch-bg\" style=\"background-color:rgb(194,183,116)\">\n\t\t\t\t\t\t\t\t\t\t\t<\/span>\n\t\t\t\t\t\t\t\t<span class=\"wd-swatch-text\">\n\t\t\t\t\tM\u00e4ssing\t\t\t\t<\/span>\n\t\t\t<\/div>\n\t\t\t<\/div>\t\t\t<div class=\"woocommerce-product-details__short-description\">\n\t<p>Balance \u00e4r en full\u00e4ndad manifestation av balans och harmoni. Formen v\u00e4cker nyfikenhet och ger en k\u00e4nsla av att lampan trotsar naturlagarna. Tv\u00e5 lysande glober, vars placering p\u00e5 sluttande st\u00e5lplattor skapar ett i\u00f6gonfallande visuellt samspel mellan form och funktion. Metallkloten p\u00e5 vardera sidan \u00e4r noggrant avv\u00e4gda f\u00f6r att ge perfekt motvikt \u00e5t lampans konstruktion, vilket f\u00f6rst\u00e4rker k\u00e4nslan av sp\u00e4nning och f\u00e5r \u00e5sk\u00e5daren att stanna upp.   <\/p>\n<p>Lampans yta \u00e4r behandlad med en exklusiv PVD-lack vilket f\u00f6rst\u00e4rker k\u00e4nslan av det precisionsarbete som ligger bakom varje detalj. Basen i m\u00e4ssing, inte bara f\u00f6rankrar designen med tyngd och stabilitet utan ger ocks\u00e5 ett sofistikerat och tidl\u00f6st uttryck. Balance \u00e4r en stils\u00e4ker och funktionell bordslampa som med sin starka identitet och unika form drar blickar till sig i vilket rum den \u00e4n placeras.  <\/p>\n<\/div>\n\t\t\t\n\t\t\t\n\t\t\t\n\t\t\t<div class=\"wd-add-btn wd-add-btn-replace\">\n\t\t\t\t\n\t\t\t\t<a href=\"https:\/\/oblure.com\/sv\/produkt\/balans\/\" data-quantity=\"1\" class=\"button product_type_variable add_to_cart_button add-to-cart-loop\" data-product_id=\"20309\" data-product_sku=\"\" aria-label=\"V\u00e4lj alternativ f\u00f6r \u201dBalance\u201d\" rel=\"nofollow\"><span>V\u00e4lj alternativ<\/span><\/a>\t\t\t<\/div>\n\n\t\t\t<span class=\"gtm4wp_productdata\" style=\"display:none; visibility:hidden;\" data-gtm4wp_product_data=\"{&quot;internal_id&quot;:20309,&quot;item_id&quot;:20309,&quot;item_name&quot;:&quot;Balance&quot;,&quot;sku&quot;:20309,&quot;price&quot;:16950,&quot;stocklevel&quot;:null,&quot;stockstatus&quot;:&quot;instock&quot;,&quot;google_business_vertical&quot;:&quot;retail&quot;,&quot;item_category&quot;:&quot;Okategoriserad&quot;,&quot;id&quot;:20309,&quot;productlink&quot;:&quot;https:\\\/\\\/oblure.com\\\/sv\\\/produkt\\\/balans\\\/&quot;,&quot;item_list_name&quot;:&quot;General Product List&quot;,&quot;index&quot;:2,&quot;product_type&quot;:&quot;variable&quot;,&quot;item_brand&quot;:&quot;&quot;}\"><\/span>\t\t<\/div>\n\t<\/div>\n<\/div>\n\t\t\n\t\t\t\t<\/div>\n\t\n\t\t\n\t\t\n\t\t\t\t\t<\/div>\n\t\t\n\t\t\t\t\t\t<\/div>\n\t\t\t\t<\/div>\n\t\t\t\t\t<\/div>\n\t\t<\/div>\n\t\t\t\t\t<\/div>\n\t\t<\/section>\n\t\t\t\t<\/div>\n\t\t","protected":false},"excerpt":{"rendered":"<p>Victor Castanera Produkter av denna formgivare<\/p>\n","protected":false},"author":1,"featured_media":0,"parent":20140,"menu_order":0,"comment_status":"closed","ping_status":"closed","template":"","meta":{"_acf_changed":false,"footnotes":""},"class_list":["post-20138","page","type-page","status-publish","hentry","tm-no-options"],"acf":[],"yoast_head":"<!-- This site is optimized with the Yoast SEO plugin v27.3 - https:\/\/yoast.com\/product\/yoast-seo-wordpress\/ -->\n<title>Victor Castanera - Oblure<\/title>\n<meta name=\"robots\" content=\"index, follow, max-snippet:-1, max-image-preview:large, max-video-preview:-1\" \/>\n<link rel=\"canonical\" href=\"https:\/\/oblure.com\/sv\/vara-formgivare\/victor-castanera\/\" \/>\n<meta property=\"og:locale\" content=\"sv_SE\" \/>\n<meta property=\"og:type\" content=\"article\" \/>\n<meta property=\"og:title\" content=\"Victor Castanera - Oblure\" \/>\n<meta property=\"og:description\" content=\"Victor Castanera Produkter av denna formgivare\" \/>\n<meta property=\"og:url\" content=\"https:\/\/oblure.com\/sv\/vara-formgivare\/victor-castanera\/\" \/>\n<meta property=\"og:site_name\" content=\"Oblure\" \/>\n<meta property=\"article:modified_time\" content=\"2025-03-10T22:16:40+00:00\" \/>\n<meta property=\"og:image\" content=\"https:\/\/oblure.com\/wp-content\/uploads\/2023\/06\/victor_castanera.jpg\" \/>\n\t<meta property=\"og:image:width\" content=\"1500\" \/>\n\t<meta property=\"og:image:height\" content=\"1500\" \/>\n\t<meta property=\"og:image:type\" content=\"image\/jpeg\" \/>\n<meta name=\"twitter:card\" content=\"summary_large_image\" \/>\n<script type=\"application\/ld+json\" class=\"yoast-schema-graph\">{\"@context\":\"https:\\\/\\\/schema.org\",\"@graph\":[{\"@type\":\"WebPage\",\"@id\":\"https:\\\/\\\/oblure.com\\\/sv\\\/vara-formgivare\\\/victor-castanera\\\/\",\"url\":\"https:\\\/\\\/oblure.com\\\/sv\\\/vara-formgivare\\\/victor-castanera\\\/\",\"name\":\"Victor Castanera - Oblure\",\"isPartOf\":{\"@id\":\"https:\\\/\\\/oblure.com\\\/sv\\\/#website\"},\"primaryImageOfPage\":{\"@id\":\"https:\\\/\\\/oblure.com\\\/sv\\\/vara-formgivare\\\/victor-castanera\\\/#primaryimage\"},\"image\":{\"@id\":\"https:\\\/\\\/oblure.com\\\/sv\\\/vara-formgivare\\\/victor-castanera\\\/#primaryimage\"},\"thumbnailUrl\":\"https:\\\/\\\/oblure.com\\\/wp-content\\\/uploads\\\/2023\\\/06\\\/victor_castanera.jpg.webp\",\"datePublished\":\"2023-08-15T12:22:21+00:00\",\"dateModified\":\"2025-03-10T22:16:40+00:00\",\"breadcrumb\":{\"@id\":\"https:\\\/\\\/oblure.com\\\/sv\\\/vara-formgivare\\\/victor-castanera\\\/#breadcrumb\"},\"inLanguage\":\"sv-SE\",\"potentialAction\":[{\"@type\":\"ReadAction\",\"target\":[\"https:\\\/\\\/oblure.com\\\/sv\\\/vara-formgivare\\\/victor-castanera\\\/\"]}]},{\"@type\":\"ImageObject\",\"inLanguage\":\"sv-SE\",\"@id\":\"https:\\\/\\\/oblure.com\\\/sv\\\/vara-formgivare\\\/victor-castanera\\\/#primaryimage\",\"url\":\"https:\\\/\\\/oblure.com\\\/wp-content\\\/uploads\\\/2023\\\/06\\\/victor_castanera.jpg.webp\",\"contentUrl\":\"https:\\\/\\\/oblure.com\\\/wp-content\\\/uploads\\\/2023\\\/06\\\/victor_castanera.jpg.webp\"},{\"@type\":\"BreadcrumbList\",\"@id\":\"https:\\\/\\\/oblure.com\\\/sv\\\/vara-formgivare\\\/victor-castanera\\\/#breadcrumb\",\"itemListElement\":[{\"@type\":\"ListItem\",\"position\":1,\"name\":\"Alla produkter\",\"item\":\"https:\\\/\\\/oblure.com\\\/sv\\\/kollektion\\\/\"},{\"@type\":\"ListItem\",\"position\":2,\"name\":\"V\u00e5ra formgivare\",\"item\":\"https:\\\/\\\/oblure.com\\\/sv\\\/our-designers\\\/\"},{\"@type\":\"ListItem\",\"position\":3,\"name\":\"Victor Castanera\"}]},{\"@type\":\"WebSite\",\"@id\":\"https:\\\/\\\/oblure.com\\\/sv\\\/#website\",\"url\":\"https:\\\/\\\/oblure.com\\\/sv\\\/\",\"name\":\"Oblure - Alluring lightning\",\"description\":\"Alluring lightning\",\"publisher\":{\"@id\":\"https:\\\/\\\/oblure.com\\\/sv\\\/#organization\"},\"potentialAction\":[{\"@type\":\"SearchAction\",\"target\":{\"@type\":\"EntryPoint\",\"urlTemplate\":\"https:\\\/\\\/oblure.com\\\/sv\\\/?s={search_term_string}\"},\"query-input\":{\"@type\":\"PropertyValueSpecification\",\"valueRequired\":true,\"valueName\":\"search_term_string\"}}],\"inLanguage\":\"sv-SE\"},{\"@type\":\"Organization\",\"@id\":\"https:\\\/\\\/oblure.com\\\/sv\\\/#organization\",\"name\":\"Oblure\",\"url\":\"https:\\\/\\\/oblure.com\\\/sv\\\/\",\"logo\":{\"@type\":\"ImageObject\",\"inLanguage\":\"sv-SE\",\"@id\":\"https:\\\/\\\/oblure.com\\\/sv\\\/#\\\/schema\\\/logo\\\/image\\\/\",\"url\":\"https:\\\/\\\/oblure.com\\\/wp-content\\\/uploads\\\/2023\\\/05\\\/logo_oblure_SWEDEN-1.svg\",\"contentUrl\":\"https:\\\/\\\/oblure.com\\\/wp-content\\\/uploads\\\/2023\\\/05\\\/logo_oblure_SWEDEN-1.svg\",\"width\":841,\"height\":595,\"caption\":\"Oblure\"},\"image\":{\"@id\":\"https:\\\/\\\/oblure.com\\\/sv\\\/#\\\/schema\\\/logo\\\/image\\\/\"}}]}<\/script>\n<!-- \/ Yoast SEO plugin. -->","yoast_head_json":{"title":"Victor Castanera - Oblure","robots":{"index":"index","follow":"follow","max-snippet":"max-snippet:-1","max-image-preview":"max-image-preview:large","max-video-preview":"max-video-preview:-1"},"canonical":"https:\/\/oblure.com\/sv\/vara-formgivare\/victor-castanera\/","og_locale":"sv_SE","og_type":"article","og_title":"Victor Castanera - Oblure","og_description":"Victor Castanera Produkter av denna formgivare","og_url":"https:\/\/oblure.com\/sv\/vara-formgivare\/victor-castanera\/","og_site_name":"Oblure","article_modified_time":"2025-03-10T22:16:40+00:00","og_image":[{"width":1500,"height":1500,"url":"https:\/\/oblure.com\/wp-content\/uploads\/2023\/06\/victor_castanera.jpg","type":"image\/jpeg"}],"twitter_card":"summary_large_image","schema":{"@context":"https:\/\/schema.org","@graph":[{"@type":"WebPage","@id":"https:\/\/oblure.com\/sv\/vara-formgivare\/victor-castanera\/","url":"https:\/\/oblure.com\/sv\/vara-formgivare\/victor-castanera\/","name":"Victor Castanera - Oblure","isPartOf":{"@id":"https:\/\/oblure.com\/sv\/#website"},"primaryImageOfPage":{"@id":"https:\/\/oblure.com\/sv\/vara-formgivare\/victor-castanera\/#primaryimage"},"image":{"@id":"https:\/\/oblure.com\/sv\/vara-formgivare\/victor-castanera\/#primaryimage"},"thumbnailUrl":"https:\/\/oblure.com\/wp-content\/uploads\/2023\/06\/victor_castanera.jpg.webp","datePublished":"2023-08-15T12:22:21+00:00","dateModified":"2025-03-10T22:16:40+00:00","breadcrumb":{"@id":"https:\/\/oblure.com\/sv\/vara-formgivare\/victor-castanera\/#breadcrumb"},"inLanguage":"sv-SE","potentialAction":[{"@type":"ReadAction","target":["https:\/\/oblure.com\/sv\/vara-formgivare\/victor-castanera\/"]}]},{"@type":"ImageObject","inLanguage":"sv-SE","@id":"https:\/\/oblure.com\/sv\/vara-formgivare\/victor-castanera\/#primaryimage","url":"https:\/\/oblure.com\/wp-content\/uploads\/2023\/06\/victor_castanera.jpg.webp","contentUrl":"https:\/\/oblure.com\/wp-content\/uploads\/2023\/06\/victor_castanera.jpg.webp"},{"@type":"BreadcrumbList","@id":"https:\/\/oblure.com\/sv\/vara-formgivare\/victor-castanera\/#breadcrumb","itemListElement":[{"@type":"ListItem","position":1,"name":"Alla produkter","item":"https:\/\/oblure.com\/sv\/kollektion\/"},{"@type":"ListItem","position":2,"name":"V\u00e5ra formgivare","item":"https:\/\/oblure.com\/sv\/our-designers\/"},{"@type":"ListItem","position":3,"name":"Victor Castanera"}]},{"@type":"WebSite","@id":"https:\/\/oblure.com\/sv\/#website","url":"https:\/\/oblure.com\/sv\/","name":"Oblure - Alluring lightning","description":"Alluring lightning","publisher":{"@id":"https:\/\/oblure.com\/sv\/#organization"},"potentialAction":[{"@type":"SearchAction","target":{"@type":"EntryPoint","urlTemplate":"https:\/\/oblure.com\/sv\/?s={search_term_string}"},"query-input":{"@type":"PropertyValueSpecification","valueRequired":true,"valueName":"search_term_string"}}],"inLanguage":"sv-SE"},{"@type":"Organization","@id":"https:\/\/oblure.com\/sv\/#organization","name":"Oblure","url":"https:\/\/oblure.com\/sv\/","logo":{"@type":"ImageObject","inLanguage":"sv-SE","@id":"https:\/\/oblure.com\/sv\/#\/schema\/logo\/image\/","url":"https:\/\/oblure.com\/wp-content\/uploads\/2023\/05\/logo_oblure_SWEDEN-1.svg","contentUrl":"https:\/\/oblure.com\/wp-content\/uploads\/2023\/05\/logo_oblure_SWEDEN-1.svg","width":841,"height":595,"caption":"Oblure"},"image":{"@id":"https:\/\/oblure.com\/sv\/#\/schema\/logo\/image\/"}}]}},"_links":{"self":[{"href":"https:\/\/oblure.com\/sv\/wp-json\/wp\/v2\/pages\/20138","targetHints":{"allow":["GET"]}}],"collection":[{"href":"https:\/\/oblure.com\/sv\/wp-json\/wp\/v2\/pages"}],"about":[{"href":"https:\/\/oblure.com\/sv\/wp-json\/wp\/v2\/types\/page"}],"author":[{"embeddable":true,"href":"https:\/\/oblure.com\/sv\/wp-json\/wp\/v2\/users\/1"}],"replies":[{"embeddable":true,"href":"https:\/\/oblure.com\/sv\/wp-json\/wp\/v2\/comments?post=20138"}],"version-history":[{"count":2,"href":"https:\/\/oblure.com\/sv\/wp-json\/wp\/v2\/pages\/20138\/revisions"}],"predecessor-version":[{"id":20974,"href":"https:\/\/oblure.com\/sv\/wp-json\/wp\/v2\/pages\/20138\/revisions\/20974"}],"up":[{"embeddable":true,"href":"https:\/\/oblure.com\/sv\/wp-json\/wp\/v2\/pages\/20140"}],"wp:attachment":[{"href":"https:\/\/oblure.com\/sv\/wp-json\/wp\/v2\/media?parent=20138"}],"curies":[{"name":"wp","href":"https:\/\/api.w.org\/{rel}","templated":true}]}}