{"id":20265,"date":"2023-11-26T11:24:33","date_gmt":"2023-11-26T10:24:33","guid":{"rendered":"https:\/\/oblure.com\/vara-designers\/morten-jonas\/"},"modified":"2025-03-10T23:15:41","modified_gmt":"2025-03-10T22:15:41","slug":"morten-jonas","status":"publish","type":"page","link":"https:\/\/oblure.com\/sv\/vara-formgivare\/morten-jonas\/","title":{"rendered":"Morten &amp; Jonas"},"content":{"rendered":"\t\t<div data-elementor-type=\"wp-page\" data-elementor-id=\"20265\" class=\"elementor elementor-20265 elementor-11753\" data-elementor-post-type=\"page\">\n\t\t\t\t\t\t<section class=\"elementor-section elementor-top-section elementor-element elementor-element-4cd3f95 wd-section-stretch-content elementor-section-full_width elementor-section-height-default elementor-section-height-default\" data-id=\"4cd3f95\" data-element_type=\"section\" data-settings=\"{&quot;background_background&quot;:&quot;classic&quot;}\">\n\t\t\t\t\t\t<div class=\"elementor-container elementor-column-gap-default\">\n\t\t\t\t\t<div class=\"elementor-column elementor-col-50 elementor-top-column elementor-element elementor-element-bc2bae6\" data-id=\"bc2bae6\" data-element_type=\"column\" data-settings=\"{&quot;background_background&quot;:&quot;classic&quot;}\">\n\t\t\t<div class=\"elementor-widget-wrap elementor-element-populated\">\n\t\t\t\t\t\t<div class=\"elementor-element elementor-element-a2444aa full-width-image elementor-widget elementor-widget-wd_image_or_svg\" data-id=\"a2444aa\" data-element_type=\"widget\" data-widget_type=\"wd_image_or_svg.default\">\n\t\t\t\t<div class=\"elementor-widget-container\">\n\t\t\t\t\t\n\t\t<div class=\"wd-image text-left\">\n\t\t\t\t\t\t\t\t<img fetchpriority=\"high\" decoding=\"async\" width=\"1803\" height=\"1803\" src=\"https:\/\/oblure.com\/wp-content\/uploads\/2023\/08\/Morten_Jonas_Oblure_-BW.jpg\" class=\"attachment-full size-full wp-image-10453\" alt=\"\" \/>\t\t\t\t\t<\/div>\n\n\t\t\t\t\t\t<\/div>\n\t\t\t\t<\/div>\n\t\t\t\t\t<\/div>\n\t\t<\/div>\n\t\t\t\t<div class=\"elementor-column elementor-col-50 elementor-top-column elementor-element elementor-element-0e30ce2\" data-id=\"0e30ce2\" data-element_type=\"column\">\n\t\t\t<div class=\"elementor-widget-wrap elementor-element-populated\">\n\t\t\t\t\t\t<div class=\"elementor-element elementor-element-8c55244 designer_page_title elementor-widget elementor-widget-heading\" data-id=\"8c55244\" data-element_type=\"widget\" data-widget_type=\"heading.default\">\n\t\t\t\t<div class=\"elementor-widget-container\">\n\t\t\t\t\t<h1 class=\"elementor-heading-title elementor-size-default\">Morten &amp; Jonas<\/h1>\t\t\t\t<\/div>\n\t\t\t\t<\/div>\n\t\t\t\t<div class=\"elementor-element elementor-element-dc5880b elementor-widget elementor-widget-shortcode\" data-id=\"dc5880b\" data-element_type=\"widget\" data-widget_type=\"shortcode.default\">\n\t\t\t\t<div class=\"elementor-widget-container\">\n\t\t\t\t\t<div class='designer_description_about_designer_page'>MORTEN &amp; JONAS (Norge) \u00e4r en designstudio baserad i Oslo, Norge. Formgivarna Morten och Jonas har arbetat tillsammans som en designduo sedan de tog sin masterexamen i m\u00f6bel- och rumsdesign vid Bergen Academy of art and design 2011. De har sedan starten 2011 deltagit i utst\u00e4llningar och visningar \u00f6ver hela v\u00e4rlden och str\u00e4var efter att skapa objekt och projekt med ett nyfiket f\u00f6rh\u00e5llningss\u00e4tt till uttryck, material och m\u00e4nniskans visuella perception. De drivs av sina m\u00f6ten med m\u00e4nniskor, kultur och form. \"V\u00e5r lilla och enkla filosofi \u00e4r: Vi gillar att tillverka och skapa f\u00f6rem\u00e5l som g\u00f6r m\u00e4nniskor glada. Vi drivs av gl\u00e4djen i att skapa intressanta och vackra f\u00f6rem\u00e5l som f\u00f6rhoppningsvis v\u00e4cker m\u00e4nniskors uppm\u00e4rksamhet p\u00e5 n\u00e5got s\u00e4tt. Att utmana b\u00e5de de fysiska och visuella egenskaperna hos material och industriella tekniker \u00e4r ocks\u00e5 n\u00e5got som vi v\u00e4rdes\u00e4tter.<a href=\"https:\/\/www.morten-jonas.no\/\">\"<\/a><a href=\"https:\/\/www.morten-jonas.no\/\">https:\/\/www.morten-jonas.no\/<\/a><\/div>\t\t<div class=\"elementor-shortcode\"><\/div>\n\t\t\t\t\t\t<\/div>\n\t\t\t\t<\/div>\n\t\t\t\t\t<\/div>\n\t\t<\/div>\n\t\t\t\t\t<\/div>\n\t\t<\/section>\n\t\t\t\t<section class=\"elementor-section elementor-top-section elementor-element elementor-element-207d548 wd-section-stretch elementor-section-full_width elementor-section-height-default elementor-section-height-default\" data-id=\"207d548\" data-element_type=\"section\" data-settings=\"{&quot;background_background&quot;:&quot;classic&quot;}\">\n\t\t\t\t\t\t<div class=\"elementor-container elementor-column-gap-default\">\n\t\t\t\t\t<div class=\"elementor-column elementor-col-100 elementor-top-column elementor-element elementor-element-3aceb42\" data-id=\"3aceb42\" data-element_type=\"column\">\n\t\t\t<div class=\"elementor-widget-wrap elementor-element-populated\">\n\t\t\t\t\t\t<div class=\"elementor-element elementor-element-2d4d206 elementor-widget elementor-widget-heading\" data-id=\"2d4d206\" data-element_type=\"widget\" data-widget_type=\"heading.default\">\n\t\t\t\t<div class=\"elementor-widget-container\">\n\t\t\t\t\t<h2 class=\"elementor-heading-title elementor-size-default\">Produkter av denna formgivare<\/h2>\t\t\t\t<\/div>\n\t\t\t\t<\/div>\n\t\t\t\t\t<\/div>\n\t\t<\/div>\n\t\t\t\t\t<\/div>\n\t\t<\/section>\n\t\t\t\t<section class=\"elementor-section elementor-top-section elementor-element elementor-element-08319ae wd-section-stretch-content elementor-section-full_width elementor-section-height-default elementor-section-height-default\" data-id=\"08319ae\" data-element_type=\"section\" data-settings=\"{&quot;background_background&quot;:&quot;classic&quot;}\">\n\t\t\t\t\t\t<div class=\"elementor-container elementor-column-gap-default\">\n\t\t\t\t\t<div class=\"elementor-column elementor-col-100 elementor-top-column elementor-element elementor-element-a95572d\" data-id=\"a95572d\" data-element_type=\"column\">\n\t\t\t<div class=\"elementor-widget-wrap elementor-element-populated\">\n\t\t\t\t\t\t<div class=\"elementor-element elementor-element-f08be4a product-list-on-designers-page elementor-widget elementor-widget-wd_products\" data-id=\"f08be4a\" data-element_type=\"widget\" data-widget_type=\"wd_products.default\">\n\t\t\t\t<div class=\"elementor-widget-container\">\n\t\t\t\t\t\t\t\t\t\t<div class=\"wd-products-element\">\n\n\t\t\t\n\t\t\t\n\t\t\t\n\t\t\t<div class=\"products elements-grid row wd-products-holder pagination- elements-list align-items-start\" data-paged=\"1\" data-atts=\"{&quot;element_title&quot;:&quot;&quot;,&quot;title_alignment&quot;:&quot;left&quot;,&quot;query_post_type&quot;:&quot;product&quot;,&quot;post_type&quot;:&quot;product&quot;,&quot;include&quot;:null,&quot;taxonomies&quot;:[&quot;90&quot;],&quot;offset&quot;:&quot;&quot;,&quot;orderby&quot;:&quot;&quot;,&quot;query_type&quot;:&quot;OR&quot;,&quot;order&quot;:null,&quot;meta_key&quot;:null,&quot;exclude&quot;:[&quot;17510&quot;],&quot;shop_tools&quot;:null,&quot;hide_out_of_stock&quot;:&quot;no&quot;,&quot;ajax_recently_viewed&quot;:null,&quot;speed&quot;:null,&quot;slides_per_view&quot;:null,&quot;slides_per_view_tablet&quot;:{&quot;size&quot;:&quot;&quot;},&quot;slides_per_view_mobile&quot;:{&quot;size&quot;:&quot;&quot;},&quot;wrap&quot;:null,&quot;autoplay&quot;:null,&quot;center_mode&quot;:null,&quot;hide_pagination_control&quot;:null,&quot;hide_prev_next_buttons&quot;:null,&quot;scroll_per_page&quot;:null,&quot;layout&quot;:&quot;list&quot;,&quot;pagination&quot;:&quot;&quot;,&quot;items_per_page&quot;:20,&quot;spacing&quot;:&quot;0&quot;,&quot;columns&quot;:null,&quot;columns_tablet&quot;:{&quot;size&quot;:&quot;&quot;},&quot;columns_mobile&quot;:{&quot;size&quot;:&quot;&quot;},&quot;products_masonry&quot;:null,&quot;products_different_sizes&quot;:null,&quot;product_quantity&quot;:&quot;disable&quot;,&quot;product_hover&quot;:null,&quot;sale_countdown&quot;:&quot;0&quot;,&quot;stretch_product&quot;:null,&quot;stretch_product_tablet&quot;:0,&quot;stretch_product_mobile&quot;:0,&quot;stock_progress_bar&quot;:&quot;0&quot;,&quot;highlighted_products&quot;:&quot;0&quot;,&quot;products_bordered_grid&quot;:&quot;0&quot;,&quot;products_bordered_grid_style&quot;:null,&quot;products_with_background&quot;:&quot;0&quot;,&quot;products_shadow&quot;:&quot;0&quot;,&quot;products_color_scheme&quot;:&quot;default&quot;,&quot;img_size&quot;:&quot;full&quot;,&quot;img_size_custom&quot;:null,&quot;grid_gallery&quot;:&quot;no&quot;,&quot;grid_gallery_control&quot;:null,&quot;grid_gallery_enable_arrows&quot;:null,&quot;ajax_page&quot;:&quot;&quot;,&quot;force_not_ajax&quot;:&quot;no&quot;,&quot;lazy_loading&quot;:&quot;no&quot;,&quot;scroll_carousel_init&quot;:null,&quot;custom_sizes&quot;:false,&quot;elementor&quot;:true}\" data-source=\"shortcode\" data-columns=\"\" data-grid-gallery=\"\">\n\t\t\n\t\t\n\t\t\t\t\t\t\t\t<div class=\"product-grid-item product product-list-item  col-lg-12 col-md-12 col-12 first  last  tm-no-options type-product post-20280 status-publish instock product_cat-okategoriserad product_tag-standard-sv has-post-thumbnail taxable shipping-taxable product-type-variable has-default-attributes\" data-loop=\"1\" data-id=\"20280\">\n\t\t\t\t\n\t\n\t<div class=\"product-wrapper\">\n\t\t<div class=\"product-element-top wd-quick-shop\">\n\t\t\t<a href=\"https:\/\/oblure.com\/sv\/produkt\/inside\/\" class=\"product-image-link\">\n\t\t\t\t<!-- 1 --><!-- 2 --><!-- 3 --><img decoding=\"async\" width=\"1920\" height=\"1920\" src=\"https:\/\/oblure.com\/wp-content\/uploads\/2023\/09\/inside_black.jpg\" class=\"attachment-full size-full wp-image-19522\" alt=\"Inside\" \/>\t\t\t<\/a>\n\n\t\t\t\t\t\t<div class=\"hover-img\">\n\t\t\t\t<a href=\"https:\/\/oblure.com\/sv\/produkt\/inside\/\">\n\t\t\t\t\t<img decoding=\"async\" width=\"1843\" height=\"1842\" src=\"https:\/\/oblure.com\/wp-content\/uploads\/2023\/09\/inside_product_page_environment.jpg\" class=\"attachment-full size-full wp-image-19828\" alt=\"\" \/>\t\t\t\t<\/a>\n\t\t\t<\/div>\n\t\t\t\n\t\t\t<div class=\"wd-buttons wd-pos-r-t\">\n\t\t\t\t\t\t\t\t\t\t\t\t\t\t\t\t\t\t\t<\/div>\n\t\t<\/div>\n\n\t\t<div class=\"product-list-content wd-scroll\">\n\t\t\t<h3 class=\"wd-entities-title\"><a href=\"https:\/\/oblure.com\/sv\/produkt\/inside\/\">Inside<\/a><\/h3>\t\t\t<div class=\"wd-product-brands-links\"><a href=\"https:\/\/oblure.com\/sv\/kollektion\/?filter_brand=morten-jonas-sv\">Morten &amp; Jonas<\/a><\/div>\t\t\t\t\t\t\t\t\t\n\t\t\t\t\t\t<div class=\"woocommerce-product-details__short-description\">\n\t<p>Inside \u00e4r en delikat glaspendel, imponerande i sig sj\u00e4lv som en solit\u00e4r men verkligen f\u00e4ngslande n\u00e4r det arrangeras i grupp. Pendeln har ett elegant vridet glas som sprider och diffuserar ljuset i ett mjukt och hypnotiserande m\u00f6nster. Utrustad med en integrerad, dimbar COB LED av med fantastiska ljusegenskaper kan Inside skapa den perfekta belysningsniv\u00e5n f\u00f6r att passa vilken st\u00e4mning som helst.<\/p>\n<p>F\u00f6r att garantera ett l\u00e5ngt liv \u00e4r LED-lampan enkelt utbytbar, vilket s\u00e4kerst\u00e4ller att pendeln f\u00f6rblir en ljusspridare i ditt hem under m\u00e5nga \u00e5r fram\u00f6ver. Den handbl\u00e5sta formen g\u00f6r varje lampa unik och sprider ljuset i ett mjukt m\u00f6nster. M\u00f6nstret \u00e4r en f\u00f6rl\u00e4ngning av designen och det som g\u00f6r Inside s\u00e5 speciellt.<\/p>\n<\/div>\n\t\t\t\n\t\t\t\n\t\t\t\n\t\t\t<div class=\"wd-add-btn wd-add-btn-replace\">\n\t\t\t\t\n\t\t\t\t<a href=\"https:\/\/oblure.com\/sv\/produkt\/inside\/\" data-quantity=\"1\" class=\"button product_type_variable add-to-cart-loop\" data-product_id=\"20280\" data-product_sku=\"\" aria-label=\"V\u00e4lj alternativ f\u00f6r \u201dInside\u201d\" rel=\"nofollow\"><span>L\u00e4s mer<\/span><\/a>\t\t\t<\/div>\n\n\t\t\t<span class=\"gtm4wp_productdata\" style=\"display:none; visibility:hidden;\" data-gtm4wp_product_data=\"{&quot;internal_id&quot;:20280,&quot;item_id&quot;:20280,&quot;item_name&quot;:&quot;Inside&quot;,&quot;sku&quot;:20280,&quot;price&quot;:0,&quot;stocklevel&quot;:null,&quot;stockstatus&quot;:&quot;instock&quot;,&quot;google_business_vertical&quot;:&quot;retail&quot;,&quot;item_category&quot;:&quot;Okategoriserad&quot;,&quot;id&quot;:20280,&quot;productlink&quot;:&quot;https:\\\/\\\/oblure.com\\\/sv\\\/produkt\\\/inside\\\/&quot;,&quot;item_list_name&quot;:&quot;General Product List&quot;,&quot;index&quot;:2,&quot;product_type&quot;:&quot;variable&quot;,&quot;item_brand&quot;:&quot;&quot;}\"><\/span>\t\t<\/div>\n\t<\/div>\n<\/div>\n\t\t\n\t\t\t\t<\/div>\n\t\n\t\t\n\t\t\n\t\t\t\t\t<\/div>\n\t\t\n\t\t\t\t\t\t<\/div>\n\t\t\t\t<\/div>\n\t\t\t\t\t<\/div>\n\t\t<\/div>\n\t\t\t\t\t<\/div>\n\t\t<\/section>\n\t\t\t\t<\/div>\n\t\t","protected":false},"excerpt":{"rendered":"<p>Morten &amp; Jonas Produkter av denna formgivare<\/p>\n","protected":false},"author":1,"featured_media":0,"parent":20140,"menu_order":0,"comment_status":"closed","ping_status":"closed","template":"","meta":{"_acf_changed":false,"footnotes":""},"class_list":["post-20265","page","type-page","status-publish","hentry","tm-no-options"],"acf":[],"yoast_head":"<!-- This site is optimized with the Yoast SEO plugin v27.3 - https:\/\/yoast.com\/product\/yoast-seo-wordpress\/ -->\n<title>Morten &amp; Jonas - Oblure<\/title>\n<meta name=\"robots\" content=\"index, follow, max-snippet:-1, max-image-preview:large, max-video-preview:-1\" \/>\n<link rel=\"canonical\" href=\"https:\/\/oblure.com\/sv\/vara-formgivare\/morten-jonas\/\" \/>\n<meta property=\"og:locale\" content=\"sv_SE\" \/>\n<meta property=\"og:type\" content=\"article\" \/>\n<meta property=\"og:title\" content=\"Morten &amp; Jonas - Oblure\" \/>\n<meta property=\"og:description\" content=\"Morten &amp; Jonas Produkter av denna formgivare\" \/>\n<meta property=\"og:url\" content=\"https:\/\/oblure.com\/sv\/vara-formgivare\/morten-jonas\/\" \/>\n<meta property=\"og:site_name\" content=\"Oblure\" \/>\n<meta property=\"article:modified_time\" content=\"2025-03-10T22:15:41+00:00\" \/>\n<meta property=\"og:image\" content=\"https:\/\/oblure.com\/wp-content\/uploads\/2023\/08\/Morten_Jonas_Oblure_-BW.jpg\" \/>\n\t<meta property=\"og:image:width\" content=\"1803\" \/>\n\t<meta property=\"og:image:height\" content=\"1803\" \/>\n\t<meta property=\"og:image:type\" content=\"image\/jpeg\" \/>\n<meta name=\"twitter:card\" content=\"summary_large_image\" \/>\n<script type=\"application\/ld+json\" class=\"yoast-schema-graph\">{\"@context\":\"https:\\\/\\\/schema.org\",\"@graph\":[{\"@type\":\"WebPage\",\"@id\":\"https:\\\/\\\/oblure.com\\\/sv\\\/vara-formgivare\\\/morten-jonas\\\/\",\"url\":\"https:\\\/\\\/oblure.com\\\/sv\\\/vara-formgivare\\\/morten-jonas\\\/\",\"name\":\"Morten &amp; Jonas - Oblure\",\"isPartOf\":{\"@id\":\"https:\\\/\\\/oblure.com\\\/sv\\\/#website\"},\"primaryImageOfPage\":{\"@id\":\"https:\\\/\\\/oblure.com\\\/sv\\\/vara-formgivare\\\/morten-jonas\\\/#primaryimage\"},\"image\":{\"@id\":\"https:\\\/\\\/oblure.com\\\/sv\\\/vara-formgivare\\\/morten-jonas\\\/#primaryimage\"},\"thumbnailUrl\":\"https:\\\/\\\/oblure.com\\\/wp-content\\\/uploads\\\/2023\\\/08\\\/Morten_Jonas_Oblure_-BW.jpg.webp\",\"datePublished\":\"2023-11-26T10:24:33+00:00\",\"dateModified\":\"2025-03-10T22:15:41+00:00\",\"breadcrumb\":{\"@id\":\"https:\\\/\\\/oblure.com\\\/sv\\\/vara-formgivare\\\/morten-jonas\\\/#breadcrumb\"},\"inLanguage\":\"sv-SE\",\"potentialAction\":[{\"@type\":\"ReadAction\",\"target\":[\"https:\\\/\\\/oblure.com\\\/sv\\\/vara-formgivare\\\/morten-jonas\\\/\"]}]},{\"@type\":\"ImageObject\",\"inLanguage\":\"sv-SE\",\"@id\":\"https:\\\/\\\/oblure.com\\\/sv\\\/vara-formgivare\\\/morten-jonas\\\/#primaryimage\",\"url\":\"https:\\\/\\\/oblure.com\\\/wp-content\\\/uploads\\\/2023\\\/08\\\/Morten_Jonas_Oblure_-BW.jpg.webp\",\"contentUrl\":\"https:\\\/\\\/oblure.com\\\/wp-content\\\/uploads\\\/2023\\\/08\\\/Morten_Jonas_Oblure_-BW.jpg.webp\"},{\"@type\":\"BreadcrumbList\",\"@id\":\"https:\\\/\\\/oblure.com\\\/sv\\\/vara-formgivare\\\/morten-jonas\\\/#breadcrumb\",\"itemListElement\":[{\"@type\":\"ListItem\",\"position\":1,\"name\":\"Alla produkter\",\"item\":\"https:\\\/\\\/oblure.com\\\/sv\\\/kollektion\\\/\"},{\"@type\":\"ListItem\",\"position\":2,\"name\":\"V\u00e5ra formgivare\",\"item\":\"https:\\\/\\\/oblure.com\\\/sv\\\/our-designers\\\/\"},{\"@type\":\"ListItem\",\"position\":3,\"name\":\"Morten &amp; Jonas\"}]},{\"@type\":\"WebSite\",\"@id\":\"https:\\\/\\\/oblure.com\\\/sv\\\/#website\",\"url\":\"https:\\\/\\\/oblure.com\\\/sv\\\/\",\"name\":\"Oblure - Alluring lightning\",\"description\":\"Alluring lightning\",\"publisher\":{\"@id\":\"https:\\\/\\\/oblure.com\\\/sv\\\/#organization\"},\"potentialAction\":[{\"@type\":\"SearchAction\",\"target\":{\"@type\":\"EntryPoint\",\"urlTemplate\":\"https:\\\/\\\/oblure.com\\\/sv\\\/?s={search_term_string}\"},\"query-input\":{\"@type\":\"PropertyValueSpecification\",\"valueRequired\":true,\"valueName\":\"search_term_string\"}}],\"inLanguage\":\"sv-SE\"},{\"@type\":\"Organization\",\"@id\":\"https:\\\/\\\/oblure.com\\\/sv\\\/#organization\",\"name\":\"Oblure\",\"url\":\"https:\\\/\\\/oblure.com\\\/sv\\\/\",\"logo\":{\"@type\":\"ImageObject\",\"inLanguage\":\"sv-SE\",\"@id\":\"https:\\\/\\\/oblure.com\\\/sv\\\/#\\\/schema\\\/logo\\\/image\\\/\",\"url\":\"https:\\\/\\\/oblure.com\\\/wp-content\\\/uploads\\\/2023\\\/05\\\/logo_oblure_SWEDEN-1.svg\",\"contentUrl\":\"https:\\\/\\\/oblure.com\\\/wp-content\\\/uploads\\\/2023\\\/05\\\/logo_oblure_SWEDEN-1.svg\",\"width\":841,\"height\":595,\"caption\":\"Oblure\"},\"image\":{\"@id\":\"https:\\\/\\\/oblure.com\\\/sv\\\/#\\\/schema\\\/logo\\\/image\\\/\"}}]}<\/script>\n<!-- \/ Yoast SEO plugin. -->","yoast_head_json":{"title":"Morten &amp; Jonas - Oblure","robots":{"index":"index","follow":"follow","max-snippet":"max-snippet:-1","max-image-preview":"max-image-preview:large","max-video-preview":"max-video-preview:-1"},"canonical":"https:\/\/oblure.com\/sv\/vara-formgivare\/morten-jonas\/","og_locale":"sv_SE","og_type":"article","og_title":"Morten &amp; Jonas - Oblure","og_description":"Morten &amp; Jonas Produkter av denna formgivare","og_url":"https:\/\/oblure.com\/sv\/vara-formgivare\/morten-jonas\/","og_site_name":"Oblure","article_modified_time":"2025-03-10T22:15:41+00:00","og_image":[{"width":1803,"height":1803,"url":"https:\/\/oblure.com\/wp-content\/uploads\/2023\/08\/Morten_Jonas_Oblure_-BW.jpg","type":"image\/jpeg"}],"twitter_card":"summary_large_image","schema":{"@context":"https:\/\/schema.org","@graph":[{"@type":"WebPage","@id":"https:\/\/oblure.com\/sv\/vara-formgivare\/morten-jonas\/","url":"https:\/\/oblure.com\/sv\/vara-formgivare\/morten-jonas\/","name":"Morten &amp; Jonas - Oblure","isPartOf":{"@id":"https:\/\/oblure.com\/sv\/#website"},"primaryImageOfPage":{"@id":"https:\/\/oblure.com\/sv\/vara-formgivare\/morten-jonas\/#primaryimage"},"image":{"@id":"https:\/\/oblure.com\/sv\/vara-formgivare\/morten-jonas\/#primaryimage"},"thumbnailUrl":"https:\/\/oblure.com\/wp-content\/uploads\/2023\/08\/Morten_Jonas_Oblure_-BW.jpg.webp","datePublished":"2023-11-26T10:24:33+00:00","dateModified":"2025-03-10T22:15:41+00:00","breadcrumb":{"@id":"https:\/\/oblure.com\/sv\/vara-formgivare\/morten-jonas\/#breadcrumb"},"inLanguage":"sv-SE","potentialAction":[{"@type":"ReadAction","target":["https:\/\/oblure.com\/sv\/vara-formgivare\/morten-jonas\/"]}]},{"@type":"ImageObject","inLanguage":"sv-SE","@id":"https:\/\/oblure.com\/sv\/vara-formgivare\/morten-jonas\/#primaryimage","url":"https:\/\/oblure.com\/wp-content\/uploads\/2023\/08\/Morten_Jonas_Oblure_-BW.jpg.webp","contentUrl":"https:\/\/oblure.com\/wp-content\/uploads\/2023\/08\/Morten_Jonas_Oblure_-BW.jpg.webp"},{"@type":"BreadcrumbList","@id":"https:\/\/oblure.com\/sv\/vara-formgivare\/morten-jonas\/#breadcrumb","itemListElement":[{"@type":"ListItem","position":1,"name":"Alla produkter","item":"https:\/\/oblure.com\/sv\/kollektion\/"},{"@type":"ListItem","position":2,"name":"V\u00e5ra formgivare","item":"https:\/\/oblure.com\/sv\/our-designers\/"},{"@type":"ListItem","position":3,"name":"Morten &amp; Jonas"}]},{"@type":"WebSite","@id":"https:\/\/oblure.com\/sv\/#website","url":"https:\/\/oblure.com\/sv\/","name":"Oblure - Alluring lightning","description":"Alluring lightning","publisher":{"@id":"https:\/\/oblure.com\/sv\/#organization"},"potentialAction":[{"@type":"SearchAction","target":{"@type":"EntryPoint","urlTemplate":"https:\/\/oblure.com\/sv\/?s={search_term_string}"},"query-input":{"@type":"PropertyValueSpecification","valueRequired":true,"valueName":"search_term_string"}}],"inLanguage":"sv-SE"},{"@type":"Organization","@id":"https:\/\/oblure.com\/sv\/#organization","name":"Oblure","url":"https:\/\/oblure.com\/sv\/","logo":{"@type":"ImageObject","inLanguage":"sv-SE","@id":"https:\/\/oblure.com\/sv\/#\/schema\/logo\/image\/","url":"https:\/\/oblure.com\/wp-content\/uploads\/2023\/05\/logo_oblure_SWEDEN-1.svg","contentUrl":"https:\/\/oblure.com\/wp-content\/uploads\/2023\/05\/logo_oblure_SWEDEN-1.svg","width":841,"height":595,"caption":"Oblure"},"image":{"@id":"https:\/\/oblure.com\/sv\/#\/schema\/logo\/image\/"}}]}},"_links":{"self":[{"href":"https:\/\/oblure.com\/sv\/wp-json\/wp\/v2\/pages\/20265","targetHints":{"allow":["GET"]}}],"collection":[{"href":"https:\/\/oblure.com\/sv\/wp-json\/wp\/v2\/pages"}],"about":[{"href":"https:\/\/oblure.com\/sv\/wp-json\/wp\/v2\/types\/page"}],"author":[{"embeddable":true,"href":"https:\/\/oblure.com\/sv\/wp-json\/wp\/v2\/users\/1"}],"replies":[{"embeddable":true,"href":"https:\/\/oblure.com\/sv\/wp-json\/wp\/v2\/comments?post=20265"}],"version-history":[{"count":2,"href":"https:\/\/oblure.com\/sv\/wp-json\/wp\/v2\/pages\/20265\/revisions"}],"predecessor-version":[{"id":20966,"href":"https:\/\/oblure.com\/sv\/wp-json\/wp\/v2\/pages\/20265\/revisions\/20966"}],"up":[{"embeddable":true,"href":"https:\/\/oblure.com\/sv\/wp-json\/wp\/v2\/pages\/20140"}],"wp:attachment":[{"href":"https:\/\/oblure.com\/sv\/wp-json\/wp\/v2\/media?parent=20265"}],"curies":[{"name":"wp","href":"https:\/\/api.w.org\/{rel}","templated":true}]}}