{"id":20274,"date":"2024-09-15T19:14:44","date_gmt":"2024-09-15T17:14:44","guid":{"rendered":"https:\/\/oblure.com\/product\/insidan\/"},"modified":"2025-06-17T21:19:12","modified_gmt":"2025-06-17T19:19:12","slug":"inside-professional","status":"publish","type":"product","link":"https:\/\/oblure.com\/sv\/produkt\/inside-professional\/","title":{"rendered":"Inside 2.0"},"content":{"rendered":"<p>Inside \u00e4r en delikat glaspendel, imponerande i sig sj\u00e4lv som en solit\u00e4r men verkligen f\u00e4ngslande n\u00e4r det arrangeras i grupp. Pendeln har ett elegant vridet glas som sprider och diffuserar ljuset i ett mjukt och hypnotiserande m\u00f6nster. Utrustad med en integrerad, dimbar COB LED av med fantastiska ljusegenskaper kan Inside skapa den perfekta belysningsniv\u00e5n f\u00f6r att passa vilken st\u00e4mning som helst.<\/p>\n<p>F\u00f6r att garantera ett l\u00e5ngt liv \u00e4r LED-lampan enkelt utbytbar, vilket s\u00e4kerst\u00e4ller att pendeln f\u00f6rblir en ljusspridare i ditt hem under m\u00e5nga \u00e5r fram\u00f6ver. Den handbl\u00e5sta formen g\u00f6r varje lampa unik och sprider ljuset i ett mjukt m\u00f6nster. M\u00f6nstret \u00e4r en f\u00f6rl\u00e4ngning av designen och det som g\u00f6r Inside s\u00e5 speciellt.<\/p>\n","protected":false},"excerpt":{"rendered":"<p>Inside \u00e4r en delikat glaspendel, imponerande i sig sj\u00e4lv som en solit\u00e4r men verkligen f\u00e4ngslande n\u00e4r det arrangeras i grupp. Pendeln har ett elegant vridet glas som sprider och diffuserar ljuset i ett mjukt och hypnotiserande m\u00f6nster. Utrustad med en integrerad, dimbar COB LED av med fantastiska ljusegenskaper kan Inside skapa den perfekta belysningsniv\u00e5n f\u00f6r att passa vilken st\u00e4mning som helst.<\/p>\n<p>F\u00f6r att garantera ett l\u00e5ngt liv \u00e4r LED-lampan enkelt utbytbar, vilket s\u00e4kerst\u00e4ller att pendeln f\u00f6rblir en ljusspridare i ditt hem under m\u00e5nga \u00e5r fram\u00f6ver. Den handbl\u00e5sta formen g\u00f6r varje lampa unik och sprider ljuset i ett mjukt m\u00f6nster. M\u00f6nstret \u00e4r en f\u00f6rl\u00e4ngning av designen och det som g\u00f6r Inside s\u00e5 speciellt.<\/p>\n","protected":false},"featured_media":19914,"template":"","meta":{"_acf_changed":false},"product_brand":[],"product_cat":[173],"product_tag":[180],"class_list":{"0":"post-20274","1":"product","2":"type-product","3":"status-publish","4":"has-post-thumbnail","6":"product_cat-okategoriserad","7":"product_tag-professionell","8":"pa_color-gra","9":"pa_color-miljo","10":"tm-no-options","12":"first","13":"instock","14":"taxable","15":"shipping-taxable","16":"purchasable","17":"product-type-variable","18":"has-default-attributes"},"acf":[],"yoast_head":"<!-- This site is optimized with the Yoast SEO plugin v27.3 - https:\/\/yoast.com\/product\/yoast-seo-wordpress\/ -->\n<title>Inside 2.0 - Oblure<\/title>\n<meta name=\"robots\" content=\"noindex, nofollow\" \/>\n<meta property=\"og:locale\" content=\"sv_SE\" \/>\n<meta property=\"og:type\" content=\"article\" \/>\n<meta property=\"og:title\" content=\"Inside 2.0 - Oblure\" \/>\n<meta property=\"og:description\" content=\"Inside \u00e4r en delikat glaspendel, imponerande i sig sj\u00e4lv som en solit\u00e4r men verkligen f\u00e4ngslande n\u00e4r det arrangeras i grupp. Pendeln har ett elegant vridet glas som sprider och diffuserar ljuset i ett mjukt och hypnotiserande m\u00f6nster. Utrustad med en integrerad, dimbar COB LED av med fantastiska ljusegenskaper kan Inside skapa den perfekta belysningsniv\u00e5n f\u00f6r att passa vilken st\u00e4mning som helst. F\u00f6r att garantera ett l\u00e5ngt liv \u00e4r LED-lampan enkelt utbytbar, vilket s\u00e4kerst\u00e4ller att pendeln f\u00f6rblir en ljusspridare i ditt hem under m\u00e5nga \u00e5r fram\u00f6ver. Den handbl\u00e5sta formen g\u00f6r varje lampa unik och sprider ljuset i ett mjukt m\u00f6nster. M\u00f6nstret \u00e4r en f\u00f6rl\u00e4ngning av designen och det som g\u00f6r Inside s\u00e5 speciellt.\" \/>\n<meta property=\"og:url\" content=\"https:\/\/oblure.com\/sv\/produkt\/inside-professional\/\" \/>\n<meta property=\"og:site_name\" content=\"Oblure\" \/>\n<meta property=\"article:modified_time\" content=\"2025-06-17T19:19:12+00:00\" \/>\n<meta property=\"og:image\" content=\"https:\/\/oblure.com\/wp-content\/uploads\/2024\/09\/inside_product_image_professional_1.png\" \/>\n\t<meta property=\"og:image:width\" content=\"1200\" \/>\n\t<meta property=\"og:image:height\" content=\"1200\" \/>\n\t<meta property=\"og:image:type\" content=\"image\/png\" \/>\n<meta name=\"twitter:card\" content=\"summary_large_image\" \/>\n<meta name=\"twitter:label1\" content=\"Ber\u00e4knad l\u00e4stid\" \/>\n\t<meta name=\"twitter:data1\" content=\"1 minut\" \/>\n<script type=\"application\/ld+json\" class=\"yoast-schema-graph\">{\"@context\":\"https:\\\/\\\/schema.org\",\"@graph\":[{\"@type\":\"WebPage\",\"@id\":\"https:\\\/\\\/oblure.com\\\/sv\\\/produkt\\\/inside-professional\\\/\",\"url\":\"https:\\\/\\\/oblure.com\\\/sv\\\/produkt\\\/inside-professional\\\/\",\"name\":\"Inside 2.0 - Oblure\",\"isPartOf\":{\"@id\":\"https:\\\/\\\/oblure.com\\\/sv\\\/#website\"},\"primaryImageOfPage\":{\"@id\":\"https:\\\/\\\/oblure.com\\\/sv\\\/produkt\\\/inside-professional\\\/#primaryimage\"},\"image\":{\"@id\":\"https:\\\/\\\/oblure.com\\\/sv\\\/produkt\\\/inside-professional\\\/#primaryimage\"},\"thumbnailUrl\":\"https:\\\/\\\/oblure.com\\\/wp-content\\\/uploads\\\/2024\\\/09\\\/inside_product_image_professional_1.png\",\"datePublished\":\"2024-09-15T17:14:44+00:00\",\"dateModified\":\"2025-06-17T19:19:12+00:00\",\"breadcrumb\":{\"@id\":\"https:\\\/\\\/oblure.com\\\/sv\\\/produkt\\\/inside-professional\\\/#breadcrumb\"},\"inLanguage\":\"sv-SE\",\"potentialAction\":[{\"@type\":\"ReadAction\",\"target\":[\"https:\\\/\\\/oblure.com\\\/sv\\\/produkt\\\/inside-professional\\\/\"]}]},{\"@type\":\"ImageObject\",\"inLanguage\":\"sv-SE\",\"@id\":\"https:\\\/\\\/oblure.com\\\/sv\\\/produkt\\\/inside-professional\\\/#primaryimage\",\"url\":\"https:\\\/\\\/oblure.com\\\/wp-content\\\/uploads\\\/2024\\\/09\\\/inside_product_image_professional_1.png\",\"contentUrl\":\"https:\\\/\\\/oblure.com\\\/wp-content\\\/uploads\\\/2024\\\/09\\\/inside_product_image_professional_1.png\",\"width\":1200,\"height\":1200},{\"@type\":\"BreadcrumbList\",\"@id\":\"https:\\\/\\\/oblure.com\\\/sv\\\/produkt\\\/inside-professional\\\/#breadcrumb\",\"itemListElement\":[{\"@type\":\"ListItem\",\"position\":1,\"name\":\"Alla produkter\",\"item\":\"https:\\\/\\\/oblure.com\\\/sv\\\/kollektion\\\/\"},{\"@type\":\"ListItem\",\"position\":2,\"name\":\"Oblures kollektion\",\"item\":\"https:\\\/\\\/oblure.com\\\/sv\\\/kollektion\\\/\"},{\"@type\":\"ListItem\",\"position\":3,\"name\":\"Inside 2.0\"}]},{\"@type\":\"WebSite\",\"@id\":\"https:\\\/\\\/oblure.com\\\/sv\\\/#website\",\"url\":\"https:\\\/\\\/oblure.com\\\/sv\\\/\",\"name\":\"Oblure - Alluring lightning\",\"description\":\"Alluring lightning\",\"publisher\":{\"@id\":\"https:\\\/\\\/oblure.com\\\/sv\\\/#organization\"},\"potentialAction\":[{\"@type\":\"SearchAction\",\"target\":{\"@type\":\"EntryPoint\",\"urlTemplate\":\"https:\\\/\\\/oblure.com\\\/sv\\\/?s={search_term_string}\"},\"query-input\":{\"@type\":\"PropertyValueSpecification\",\"valueRequired\":true,\"valueName\":\"search_term_string\"}}],\"inLanguage\":\"sv-SE\"},{\"@type\":\"Organization\",\"@id\":\"https:\\\/\\\/oblure.com\\\/sv\\\/#organization\",\"name\":\"Oblure\",\"url\":\"https:\\\/\\\/oblure.com\\\/sv\\\/\",\"logo\":{\"@type\":\"ImageObject\",\"inLanguage\":\"sv-SE\",\"@id\":\"https:\\\/\\\/oblure.com\\\/sv\\\/#\\\/schema\\\/logo\\\/image\\\/\",\"url\":\"https:\\\/\\\/oblure.com\\\/wp-content\\\/uploads\\\/2023\\\/05\\\/logo_oblure_SWEDEN-1.svg\",\"contentUrl\":\"https:\\\/\\\/oblure.com\\\/wp-content\\\/uploads\\\/2023\\\/05\\\/logo_oblure_SWEDEN-1.svg\",\"width\":841,\"height\":595,\"caption\":\"Oblure\"},\"image\":{\"@id\":\"https:\\\/\\\/oblure.com\\\/sv\\\/#\\\/schema\\\/logo\\\/image\\\/\"}}]}<\/script>\n<!-- \/ Yoast SEO plugin. -->","yoast_head_json":{"title":"Inside 2.0 - Oblure","robots":{"index":"noindex","follow":"nofollow"},"og_locale":"sv_SE","og_type":"article","og_title":"Inside 2.0 - Oblure","og_description":"Inside \u00e4r en delikat glaspendel, imponerande i sig sj\u00e4lv som en solit\u00e4r men verkligen f\u00e4ngslande n\u00e4r det arrangeras i grupp. Pendeln har ett elegant vridet glas som sprider och diffuserar ljuset i ett mjukt och hypnotiserande m\u00f6nster. Utrustad med en integrerad, dimbar COB LED av med fantastiska ljusegenskaper kan Inside skapa den perfekta belysningsniv\u00e5n f\u00f6r att passa vilken st\u00e4mning som helst. F\u00f6r att garantera ett l\u00e5ngt liv \u00e4r LED-lampan enkelt utbytbar, vilket s\u00e4kerst\u00e4ller att pendeln f\u00f6rblir en ljusspridare i ditt hem under m\u00e5nga \u00e5r fram\u00f6ver. Den handbl\u00e5sta formen g\u00f6r varje lampa unik och sprider ljuset i ett mjukt m\u00f6nster. M\u00f6nstret \u00e4r en f\u00f6rl\u00e4ngning av designen och det som g\u00f6r Inside s\u00e5 speciellt.","og_url":"https:\/\/oblure.com\/sv\/produkt\/inside-professional\/","og_site_name":"Oblure","article_modified_time":"2025-06-17T19:19:12+00:00","og_image":[{"width":1200,"height":1200,"url":"https:\/\/oblure.com\/wp-content\/uploads\/2024\/09\/inside_product_image_professional_1.png","type":"image\/png"}],"twitter_card":"summary_large_image","twitter_misc":{"Ber\u00e4knad l\u00e4stid":"1 minut"},"schema":{"@context":"https:\/\/schema.org","@graph":[{"@type":"WebPage","@id":"https:\/\/oblure.com\/sv\/produkt\/inside-professional\/","url":"https:\/\/oblure.com\/sv\/produkt\/inside-professional\/","name":"Inside 2.0 - Oblure","isPartOf":{"@id":"https:\/\/oblure.com\/sv\/#website"},"primaryImageOfPage":{"@id":"https:\/\/oblure.com\/sv\/produkt\/inside-professional\/#primaryimage"},"image":{"@id":"https:\/\/oblure.com\/sv\/produkt\/inside-professional\/#primaryimage"},"thumbnailUrl":"https:\/\/oblure.com\/wp-content\/uploads\/2024\/09\/inside_product_image_professional_1.png","datePublished":"2024-09-15T17:14:44+00:00","dateModified":"2025-06-17T19:19:12+00:00","breadcrumb":{"@id":"https:\/\/oblure.com\/sv\/produkt\/inside-professional\/#breadcrumb"},"inLanguage":"sv-SE","potentialAction":[{"@type":"ReadAction","target":["https:\/\/oblure.com\/sv\/produkt\/inside-professional\/"]}]},{"@type":"ImageObject","inLanguage":"sv-SE","@id":"https:\/\/oblure.com\/sv\/produkt\/inside-professional\/#primaryimage","url":"https:\/\/oblure.com\/wp-content\/uploads\/2024\/09\/inside_product_image_professional_1.png","contentUrl":"https:\/\/oblure.com\/wp-content\/uploads\/2024\/09\/inside_product_image_professional_1.png","width":1200,"height":1200},{"@type":"BreadcrumbList","@id":"https:\/\/oblure.com\/sv\/produkt\/inside-professional\/#breadcrumb","itemListElement":[{"@type":"ListItem","position":1,"name":"Alla produkter","item":"https:\/\/oblure.com\/sv\/kollektion\/"},{"@type":"ListItem","position":2,"name":"Oblures kollektion","item":"https:\/\/oblure.com\/sv\/kollektion\/"},{"@type":"ListItem","position":3,"name":"Inside 2.0"}]},{"@type":"WebSite","@id":"https:\/\/oblure.com\/sv\/#website","url":"https:\/\/oblure.com\/sv\/","name":"Oblure - Alluring lightning","description":"Alluring lightning","publisher":{"@id":"https:\/\/oblure.com\/sv\/#organization"},"potentialAction":[{"@type":"SearchAction","target":{"@type":"EntryPoint","urlTemplate":"https:\/\/oblure.com\/sv\/?s={search_term_string}"},"query-input":{"@type":"PropertyValueSpecification","valueRequired":true,"valueName":"search_term_string"}}],"inLanguage":"sv-SE"},{"@type":"Organization","@id":"https:\/\/oblure.com\/sv\/#organization","name":"Oblure","url":"https:\/\/oblure.com\/sv\/","logo":{"@type":"ImageObject","inLanguage":"sv-SE","@id":"https:\/\/oblure.com\/sv\/#\/schema\/logo\/image\/","url":"https:\/\/oblure.com\/wp-content\/uploads\/2023\/05\/logo_oblure_SWEDEN-1.svg","contentUrl":"https:\/\/oblure.com\/wp-content\/uploads\/2023\/05\/logo_oblure_SWEDEN-1.svg","width":841,"height":595,"caption":"Oblure"},"image":{"@id":"https:\/\/oblure.com\/sv\/#\/schema\/logo\/image\/"}}]}},"_links":{"self":[{"href":"https:\/\/oblure.com\/sv\/wp-json\/wp\/v2\/product\/20274","targetHints":{"allow":["GET"]}}],"collection":[{"href":"https:\/\/oblure.com\/sv\/wp-json\/wp\/v2\/product"}],"about":[{"href":"https:\/\/oblure.com\/sv\/wp-json\/wp\/v2\/types\/product"}],"version-history":[{"count":2,"href":"https:\/\/oblure.com\/sv\/wp-json\/wp\/v2\/product\/20274\/revisions"}],"predecessor-version":[{"id":21995,"href":"https:\/\/oblure.com\/sv\/wp-json\/wp\/v2\/product\/20274\/revisions\/21995"}],"wp:featuredmedia":[{"embeddable":true,"href":"https:\/\/oblure.com\/sv\/wp-json\/wp\/v2\/media\/19914"}],"wp:attachment":[{"href":"https:\/\/oblure.com\/sv\/wp-json\/wp\/v2\/media?parent=20274"}],"wp:term":[{"taxonomy":"product_brand","embeddable":true,"href":"https:\/\/oblure.com\/sv\/wp-json\/wp\/v2\/product_brand?post=20274"},{"taxonomy":"product_cat","embeddable":true,"href":"https:\/\/oblure.com\/sv\/wp-json\/wp\/v2\/product_cat?post=20274"},{"taxonomy":"product_tag","embeddable":true,"href":"https:\/\/oblure.com\/sv\/wp-json\/wp\/v2\/product_tag?post=20274"}],"curies":[{"name":"wp","href":"https:\/\/api.w.org\/{rel}","templated":true}]}}