{"id":20295,"date":"2023-08-18T11:33:58","date_gmt":"2023-08-18T09:33:58","guid":{"rendered":"https:\/\/oblure.com\/product\/lightbone-golvlampa\/"},"modified":"2025-12-19T10:50:20","modified_gmt":"2025-12-19T09:50:20","slug":"lightbone-floor-lamp","status":"publish","type":"product","link":"https:\/\/oblure.com\/sv\/produkt\/lightbone-floor-lamp\/","title":{"rendered":"Lightbone Floor Lamp"},"content":{"rendered":"<p>Lightbone Floor Lamp fr\u00e5n Oblure \u00e4r en exklusiv golvlampa i massiv ek med tre glober i opalglas. Inspirerad av bambuns naturliga former kombinerar den naturmaterial med skandinavisk design och skapar en skulptural k\u00e4nsla i rummet. <\/p>\n<p>Ljusstyrkan i de tre globerna regleras enkelt med en dimmer i m\u00e4ssing, placerad p\u00e5 lampans topp, vilket g\u00f6r det m\u00f6jligt att v\u00e4xla mellan mjukt st\u00e4mningsljus och funktionell belysning. Detta g\u00f6r Lightbone Floor Lamp till en m\u00e5ngsidig designlampa f\u00f6r b\u00e5de vardagsrum, sovrum och hotellmilj\u00f6er. <\/p>\n<p>Behandlad med linoljebets f\u00f6r att framh\u00e4va ekens naturliga \u00e5dring. Eftersom varje exemplar tillverkas med naturliga material och traditionella metoder \u00e4r varje lampa unik \u2013 ett tidl\u00f6st statement piece inom skandinavisk belysning. <\/p>\n","protected":false},"excerpt":{"rendered":"<p>Lightbone Floor Lamp best\u00e5r av fyra sektioner tillverkade i massiv ek vilka s\u00f6ml\u00f6st binds samman av glober i opalglas.<\/p>\n<p>Materialvalen harmonierar med en design inspirerad av hur bambu v\u00e4xer, vilket ger lampan en naturlig och organisk framtoning.<\/p>\n<p>Ljusstyrkan i de tre globerna kan enkelt justeras med hj\u00e4lp av en dimmer i m\u00e4ssing, strategiskt placerad p\u00e5 lampans topp, vilket g\u00f6r det m\u00f6jligt att anpassa ljuset med en l\u00e4tt fingerr\u00f6relse.<\/p>\n<p>P\u00e5 s\u00e5 vis kan ljuset enkelt anpassas f\u00f6r olika milj\u00f6er och st\u00e4mningar.<\/p>\n<p>Lightbone \u00e4r behandlad med f\u00e4rgad linoljebets f\u00f6r att framh\u00e4va och bevara ekens naturliga lyster.<\/p>\n<p>Observera att mindre f\u00e4rgvariationer kan f\u00f6rekomma eftersom naturliga material anv\u00e4nds och traditionella metoder med linoljebehandling till\u00e4mpas. Varje lampa \u00e4r d\u00e4rf\u00f6r unik.<\/p>\n","protected":false},"featured_media":19489,"template":"","meta":{"_acf_changed":false},"product_brand":[],"product_cat":[173],"product_tag":[181],"class_list":{"0":"post-20295","1":"product","2":"type-product","3":"status-publish","4":"has-post-thumbnail","6":"product_cat-okategoriserad","7":"product_tag-standard-sv","8":"pa_color-bla","9":"pa_color-ek","10":"pa_color-miljo","11":"pa_color-black-sv","12":"tm-no-options","14":"first","15":"instock","16":"taxable","17":"shipping-taxable","18":"purchasable","19":"product-type-variable","20":"has-default-attributes"},"acf":[],"yoast_head":"<!-- This site is optimized with the Yoast SEO plugin v27.3 - https:\/\/yoast.com\/product\/yoast-seo-wordpress\/ -->\n<title>Lightbone Floor Lamp \u2013 exklusiv skandinavisk golvlampa i ek och opalglas fr\u00e5n Oblure<\/title>\n<meta name=\"description\" content=\"Lightbone Floor Lamp fr\u00e5n Oblure \u2013 en exklusiv golvlampa i massiv ek och opalglas. Dimbar designlampa f\u00f6r vardagsrum, sovrum och hotellmilj\u00f6.\" \/>\n<meta name=\"robots\" content=\"index, follow, max-snippet:-1, max-image-preview:large, max-video-preview:-1\" \/>\n<link rel=\"canonical\" href=\"https:\/\/oblure.com\/sv\/produkt\/lightbone-floor-lamp\/\" \/>\n<meta property=\"og:locale\" content=\"sv_SE\" \/>\n<meta property=\"og:type\" content=\"article\" \/>\n<meta property=\"og:title\" content=\"Lightbone Floor Lamp \u2013 exklusiv skandinavisk golvlampa i ek och opalglas fr\u00e5n Oblure\" \/>\n<meta property=\"og:description\" content=\"Lightbone Floor Lamp fr\u00e5n Oblure \u2013 en exklusiv golvlampa i massiv ek och opalglas. Dimbar designlampa f\u00f6r vardagsrum, sovrum och hotellmilj\u00f6.\" \/>\n<meta property=\"og:url\" content=\"https:\/\/oblure.com\/sv\/produkt\/lightbone-floor-lamp\/\" \/>\n<meta property=\"og:site_name\" content=\"Oblure\" \/>\n<meta property=\"article:modified_time\" content=\"2025-12-19T09:50:20+00:00\" \/>\n<meta property=\"og:image\" content=\"https:\/\/oblure.com\/wp-content\/uploads\/2023\/08\/lightbone_bla.jpg\" \/>\n\t<meta property=\"og:image:width\" content=\"1920\" \/>\n\t<meta property=\"og:image:height\" content=\"1920\" \/>\n\t<meta property=\"og:image:type\" content=\"image\/jpeg\" \/>\n<meta name=\"twitter:card\" content=\"summary_large_image\" \/>\n<meta name=\"twitter:label1\" content=\"Ber\u00e4knad l\u00e4stid\" \/>\n\t<meta name=\"twitter:data1\" content=\"1 minut\" \/>\n<script type=\"application\/ld+json\" class=\"yoast-schema-graph\">{\"@context\":\"https:\\\/\\\/schema.org\",\"@graph\":[{\"@type\":\"WebPage\",\"@id\":\"https:\\\/\\\/oblure.com\\\/sv\\\/produkt\\\/lightbone-floor-lamp\\\/\",\"url\":\"https:\\\/\\\/oblure.com\\\/sv\\\/produkt\\\/lightbone-floor-lamp\\\/\",\"name\":\"Lightbone Floor Lamp \u2013 exklusiv skandinavisk golvlampa i ek och opalglas fr\u00e5n Oblure\",\"isPartOf\":{\"@id\":\"https:\\\/\\\/oblure.com\\\/sv\\\/#website\"},\"primaryImageOfPage\":{\"@id\":\"https:\\\/\\\/oblure.com\\\/sv\\\/produkt\\\/lightbone-floor-lamp\\\/#primaryimage\"},\"image\":{\"@id\":\"https:\\\/\\\/oblure.com\\\/sv\\\/produkt\\\/lightbone-floor-lamp\\\/#primaryimage\"},\"thumbnailUrl\":\"https:\\\/\\\/oblure.com\\\/wp-content\\\/uploads\\\/2023\\\/08\\\/lightbone_bla.jpg\",\"datePublished\":\"2023-08-18T09:33:58+00:00\",\"dateModified\":\"2025-12-19T09:50:20+00:00\",\"description\":\"Lightbone Floor Lamp fr\u00e5n Oblure \u2013 en exklusiv golvlampa i massiv ek och opalglas. Dimbar designlampa f\u00f6r vardagsrum, sovrum och hotellmilj\u00f6.\",\"breadcrumb\":{\"@id\":\"https:\\\/\\\/oblure.com\\\/sv\\\/produkt\\\/lightbone-floor-lamp\\\/#breadcrumb\"},\"inLanguage\":\"sv-SE\",\"potentialAction\":[{\"@type\":\"ReadAction\",\"target\":[\"https:\\\/\\\/oblure.com\\\/sv\\\/produkt\\\/lightbone-floor-lamp\\\/\"]}]},{\"@type\":\"ImageObject\",\"inLanguage\":\"sv-SE\",\"@id\":\"https:\\\/\\\/oblure.com\\\/sv\\\/produkt\\\/lightbone-floor-lamp\\\/#primaryimage\",\"url\":\"https:\\\/\\\/oblure.com\\\/wp-content\\\/uploads\\\/2023\\\/08\\\/lightbone_bla.jpg\",\"contentUrl\":\"https:\\\/\\\/oblure.com\\\/wp-content\\\/uploads\\\/2023\\\/08\\\/lightbone_bla.jpg\",\"width\":1920,\"height\":1920},{\"@type\":\"BreadcrumbList\",\"@id\":\"https:\\\/\\\/oblure.com\\\/sv\\\/produkt\\\/lightbone-floor-lamp\\\/#breadcrumb\",\"itemListElement\":[{\"@type\":\"ListItem\",\"position\":1,\"name\":\"Alla produkter\",\"item\":\"https:\\\/\\\/oblure.com\\\/sv\\\/kollektion\\\/\"},{\"@type\":\"ListItem\",\"position\":2,\"name\":\"Oblures kollektion\",\"item\":\"https:\\\/\\\/oblure.com\\\/sv\\\/kollektion\\\/\"},{\"@type\":\"ListItem\",\"position\":3,\"name\":\"Lightbone Floor Lamp\"}]},{\"@type\":\"WebSite\",\"@id\":\"https:\\\/\\\/oblure.com\\\/sv\\\/#website\",\"url\":\"https:\\\/\\\/oblure.com\\\/sv\\\/\",\"name\":\"Oblure - Alluring lightning\",\"description\":\"Alluring lightning\",\"publisher\":{\"@id\":\"https:\\\/\\\/oblure.com\\\/sv\\\/#organization\"},\"potentialAction\":[{\"@type\":\"SearchAction\",\"target\":{\"@type\":\"EntryPoint\",\"urlTemplate\":\"https:\\\/\\\/oblure.com\\\/sv\\\/?s={search_term_string}\"},\"query-input\":{\"@type\":\"PropertyValueSpecification\",\"valueRequired\":true,\"valueName\":\"search_term_string\"}}],\"inLanguage\":\"sv-SE\"},{\"@type\":\"Organization\",\"@id\":\"https:\\\/\\\/oblure.com\\\/sv\\\/#organization\",\"name\":\"Oblure\",\"url\":\"https:\\\/\\\/oblure.com\\\/sv\\\/\",\"logo\":{\"@type\":\"ImageObject\",\"inLanguage\":\"sv-SE\",\"@id\":\"https:\\\/\\\/oblure.com\\\/sv\\\/#\\\/schema\\\/logo\\\/image\\\/\",\"url\":\"https:\\\/\\\/oblure.com\\\/wp-content\\\/uploads\\\/2023\\\/05\\\/logo_oblure_SWEDEN-1.svg\",\"contentUrl\":\"https:\\\/\\\/oblure.com\\\/wp-content\\\/uploads\\\/2023\\\/05\\\/logo_oblure_SWEDEN-1.svg\",\"width\":841,\"height\":595,\"caption\":\"Oblure\"},\"image\":{\"@id\":\"https:\\\/\\\/oblure.com\\\/sv\\\/#\\\/schema\\\/logo\\\/image\\\/\"}}]}<\/script>\n<!-- \/ Yoast SEO plugin. -->","yoast_head_json":{"title":"Lightbone Floor Lamp \u2013 exklusiv skandinavisk golvlampa i ek och opalglas fr\u00e5n Oblure","description":"Lightbone Floor Lamp fr\u00e5n Oblure \u2013 en exklusiv golvlampa i massiv ek och opalglas. Dimbar designlampa f\u00f6r vardagsrum, sovrum och hotellmilj\u00f6.","robots":{"index":"index","follow":"follow","max-snippet":"max-snippet:-1","max-image-preview":"max-image-preview:large","max-video-preview":"max-video-preview:-1"},"canonical":"https:\/\/oblure.com\/sv\/produkt\/lightbone-floor-lamp\/","og_locale":"sv_SE","og_type":"article","og_title":"Lightbone Floor Lamp \u2013 exklusiv skandinavisk golvlampa i ek och opalglas fr\u00e5n Oblure","og_description":"Lightbone Floor Lamp fr\u00e5n Oblure \u2013 en exklusiv golvlampa i massiv ek och opalglas. Dimbar designlampa f\u00f6r vardagsrum, sovrum och hotellmilj\u00f6.","og_url":"https:\/\/oblure.com\/sv\/produkt\/lightbone-floor-lamp\/","og_site_name":"Oblure","article_modified_time":"2025-12-19T09:50:20+00:00","og_image":[{"width":1920,"height":1920,"url":"https:\/\/oblure.com\/wp-content\/uploads\/2023\/08\/lightbone_bla.jpg","type":"image\/jpeg"}],"twitter_card":"summary_large_image","twitter_misc":{"Ber\u00e4knad l\u00e4stid":"1 minut"},"schema":{"@context":"https:\/\/schema.org","@graph":[{"@type":"WebPage","@id":"https:\/\/oblure.com\/sv\/produkt\/lightbone-floor-lamp\/","url":"https:\/\/oblure.com\/sv\/produkt\/lightbone-floor-lamp\/","name":"Lightbone Floor Lamp \u2013 exklusiv skandinavisk golvlampa i ek och opalglas fr\u00e5n Oblure","isPartOf":{"@id":"https:\/\/oblure.com\/sv\/#website"},"primaryImageOfPage":{"@id":"https:\/\/oblure.com\/sv\/produkt\/lightbone-floor-lamp\/#primaryimage"},"image":{"@id":"https:\/\/oblure.com\/sv\/produkt\/lightbone-floor-lamp\/#primaryimage"},"thumbnailUrl":"https:\/\/oblure.com\/wp-content\/uploads\/2023\/08\/lightbone_bla.jpg","datePublished":"2023-08-18T09:33:58+00:00","dateModified":"2025-12-19T09:50:20+00:00","description":"Lightbone Floor Lamp fr\u00e5n Oblure \u2013 en exklusiv golvlampa i massiv ek och opalglas. Dimbar designlampa f\u00f6r vardagsrum, sovrum och hotellmilj\u00f6.","breadcrumb":{"@id":"https:\/\/oblure.com\/sv\/produkt\/lightbone-floor-lamp\/#breadcrumb"},"inLanguage":"sv-SE","potentialAction":[{"@type":"ReadAction","target":["https:\/\/oblure.com\/sv\/produkt\/lightbone-floor-lamp\/"]}]},{"@type":"ImageObject","inLanguage":"sv-SE","@id":"https:\/\/oblure.com\/sv\/produkt\/lightbone-floor-lamp\/#primaryimage","url":"https:\/\/oblure.com\/wp-content\/uploads\/2023\/08\/lightbone_bla.jpg","contentUrl":"https:\/\/oblure.com\/wp-content\/uploads\/2023\/08\/lightbone_bla.jpg","width":1920,"height":1920},{"@type":"BreadcrumbList","@id":"https:\/\/oblure.com\/sv\/produkt\/lightbone-floor-lamp\/#breadcrumb","itemListElement":[{"@type":"ListItem","position":1,"name":"Alla produkter","item":"https:\/\/oblure.com\/sv\/kollektion\/"},{"@type":"ListItem","position":2,"name":"Oblures kollektion","item":"https:\/\/oblure.com\/sv\/kollektion\/"},{"@type":"ListItem","position":3,"name":"Lightbone Floor Lamp"}]},{"@type":"WebSite","@id":"https:\/\/oblure.com\/sv\/#website","url":"https:\/\/oblure.com\/sv\/","name":"Oblure - Alluring lightning","description":"Alluring lightning","publisher":{"@id":"https:\/\/oblure.com\/sv\/#organization"},"potentialAction":[{"@type":"SearchAction","target":{"@type":"EntryPoint","urlTemplate":"https:\/\/oblure.com\/sv\/?s={search_term_string}"},"query-input":{"@type":"PropertyValueSpecification","valueRequired":true,"valueName":"search_term_string"}}],"inLanguage":"sv-SE"},{"@type":"Organization","@id":"https:\/\/oblure.com\/sv\/#organization","name":"Oblure","url":"https:\/\/oblure.com\/sv\/","logo":{"@type":"ImageObject","inLanguage":"sv-SE","@id":"https:\/\/oblure.com\/sv\/#\/schema\/logo\/image\/","url":"https:\/\/oblure.com\/wp-content\/uploads\/2023\/05\/logo_oblure_SWEDEN-1.svg","contentUrl":"https:\/\/oblure.com\/wp-content\/uploads\/2023\/05\/logo_oblure_SWEDEN-1.svg","width":841,"height":595,"caption":"Oblure"},"image":{"@id":"https:\/\/oblure.com\/sv\/#\/schema\/logo\/image\/"}}]}},"_links":{"self":[{"href":"https:\/\/oblure.com\/sv\/wp-json\/wp\/v2\/product\/20295","targetHints":{"allow":["GET"]}}],"collection":[{"href":"https:\/\/oblure.com\/sv\/wp-json\/wp\/v2\/product"}],"about":[{"href":"https:\/\/oblure.com\/sv\/wp-json\/wp\/v2\/types\/product"}],"version-history":[{"count":4,"href":"https:\/\/oblure.com\/sv\/wp-json\/wp\/v2\/product\/20295\/revisions"}],"predecessor-version":[{"id":22753,"href":"https:\/\/oblure.com\/sv\/wp-json\/wp\/v2\/product\/20295\/revisions\/22753"}],"wp:featuredmedia":[{"embeddable":true,"href":"https:\/\/oblure.com\/sv\/wp-json\/wp\/v2\/media\/19489"}],"wp:attachment":[{"href":"https:\/\/oblure.com\/sv\/wp-json\/wp\/v2\/media?parent=20295"}],"wp:term":[{"taxonomy":"product_brand","embeddable":true,"href":"https:\/\/oblure.com\/sv\/wp-json\/wp\/v2\/product_brand?post=20295"},{"taxonomy":"product_cat","embeddable":true,"href":"https:\/\/oblure.com\/sv\/wp-json\/wp\/v2\/product_cat?post=20295"},{"taxonomy":"product_tag","embeddable":true,"href":"https:\/\/oblure.com\/sv\/wp-json\/wp\/v2\/product_tag?post=20295"}],"curies":[{"name":"wp","href":"https:\/\/api.w.org\/{rel}","templated":true}]}}