{"id":20329,"date":"2023-05-30T12:03:48","date_gmt":"2023-05-30T10:03:48","guid":{"rendered":"https:\/\/oblure.com\/product\/bagformad-cirkel-76\/"},"modified":"2025-12-19T10:05:24","modified_gmt":"2025-12-19T09:05:24","slug":"arch-circle-76","status":"publish","type":"product","link":"https:\/\/oblure.com\/sv\/produkt\/arch-circle-76\/","title":{"rendered":"Arch Circle 76"},"content":{"rendered":"<p>Arch Circle 76 fr\u00e5n Oblure \u00e4r en exklusiv designlampa och pendellampa som snabbt blivit en favorit inom skandinavisk belysning. Inspirerad av arkitekturens klassiska b\u00e5gar \u2013 en symbol f\u00f6r styrka, balans och elegans \u2013 f\u00f6renar lampan tidl\u00f6s form med modern funktionalitet. <\/p>\n<p>Med sina sex symmetriskt placerade ljusk\u00e4llor sprider Arch Circle 76 ett mjukt och balanserat ljus. Den h\u00e4ngs upp i tre tunna metalltr\u00e5dar som g\u00f6r att lampan framst\u00e5r som n\u00e4stan viktl\u00f6s, och den sm\u00e4lter in i rummet med subtil elegans. <\/p>\n<p>Perfekt som taklampa f\u00f6r vardagsrum eller sovrum, som matbordslampa eller som ett i\u00f6gonfallande statement piece i en offentlig milj\u00f6. F\u00f6r en personlig pr\u00e4gel kan lampan best\u00e4llas i valfri RAL- eller NCS-kul\u00f6r. Uppt\u00e4ck Oblures kollektion av skandinaviska designlampor d\u00e4r estetik m\u00f6ter funktion <\/p>\n","protected":false},"excerpt":{"rendered":"<p>Den nylanserade Arch blev snabbt en favorit och det dr\u00f6jde inte l\u00e4nge innan flera konstellationer efterfr\u00e5gades. De arkitektoniska b\u00e5garna \u00e4r fortfarande grunden i konstruktion och design men nu i en ny kl\u00e4dsel och estetik.  &#8221;Vi ser denna medlem som en f\u00f6rl\u00e4ngning och med detta bidrag har Arch\u00b4s nu blivit en familj.<\/p>\n<p>Upph\u00e4ngd i tre tunna metalltr\u00e5dar framst\u00e5r lampan som n\u00e4stintill viktl\u00f6s vilket g\u00f6r att den inte upptar f\u00f6r mycket av rymden i rummet.<\/p>\n","protected":false},"featured_media":19492,"template":"","meta":{"_acf_changed":false},"product_brand":[],"product_cat":[173],"product_tag":[181],"class_list":{"0":"post-20329","1":"product","2":"type-product","3":"status-publish","4":"has-post-thumbnail","6":"product_cat-okategoriserad","7":"product_tag-standard-sv","8":"pa_color-bla","9":"pa_color-miljo","10":"pa_color-black-sv","11":"pa_color-custom-color-sv","12":"pa_color-nude-sv","13":"pa_color-white-sv","14":"tm-has-options","16":"first","17":"instock","18":"taxable","19":"shipping-taxable","20":"purchasable","21":"product-type-variable","22":"has-default-attributes"},"acf":[],"yoast_head":"<!-- This site is optimized with the Yoast SEO plugin v27.3 - https:\/\/yoast.com\/product\/yoast-seo-wordpress\/ -->\n<title>Arch Circle 76 Pendellampa fr\u00e5n Oblure<\/title>\n<meta name=\"description\" content=\"Arch Circle 76 fr\u00e5n Oblure \u2013 en exklusiv designerpendellampa inspirerad av arkitektur och skandinavisk design. Perfekt som matbordslampa eller taklampa i vardagsrum.\" \/>\n<meta name=\"robots\" content=\"index, follow, max-snippet:-1, max-image-preview:large, max-video-preview:-1\" \/>\n<link rel=\"canonical\" href=\"https:\/\/oblure.com\/sv\/produkt\/arch-circle-76\/\" \/>\n<meta property=\"og:locale\" content=\"sv_SE\" \/>\n<meta property=\"og:type\" content=\"article\" \/>\n<meta property=\"og:title\" content=\"Arch Circle 76 Pendellampa fr\u00e5n Oblure\" \/>\n<meta property=\"og:description\" content=\"Arch Circle 76 fr\u00e5n Oblure \u2013 en exklusiv designerpendellampa inspirerad av arkitektur och skandinavisk design. Perfekt som matbordslampa eller taklampa i vardagsrum.\" \/>\n<meta property=\"og:url\" content=\"https:\/\/oblure.com\/sv\/produkt\/arch-circle-76\/\" \/>\n<meta property=\"og:site_name\" content=\"Oblure\" \/>\n<meta property=\"article:modified_time\" content=\"2025-12-19T09:05:24+00:00\" \/>\n<meta property=\"og:image\" content=\"https:\/\/oblure.com\/wp-content\/uploads\/2023\/05\/arch_circle_svart.jpg\" \/>\n\t<meta property=\"og:image:width\" content=\"1920\" \/>\n\t<meta property=\"og:image:height\" content=\"1920\" \/>\n\t<meta property=\"og:image:type\" content=\"image\/jpeg\" \/>\n<meta name=\"twitter:card\" content=\"summary_large_image\" \/>\n<meta name=\"twitter:label1\" content=\"Ber\u00e4knad l\u00e4stid\" \/>\n\t<meta name=\"twitter:data1\" content=\"1 minut\" \/>\n<script type=\"application\/ld+json\" class=\"yoast-schema-graph\">{\"@context\":\"https:\\\/\\\/schema.org\",\"@graph\":[{\"@type\":\"WebPage\",\"@id\":\"https:\\\/\\\/oblure.com\\\/sv\\\/produkt\\\/arch-circle-76\\\/\",\"url\":\"https:\\\/\\\/oblure.com\\\/sv\\\/produkt\\\/arch-circle-76\\\/\",\"name\":\"Arch Circle 76 Pendellampa fr\u00e5n Oblure\",\"isPartOf\":{\"@id\":\"https:\\\/\\\/oblure.com\\\/sv\\\/#website\"},\"primaryImageOfPage\":{\"@id\":\"https:\\\/\\\/oblure.com\\\/sv\\\/produkt\\\/arch-circle-76\\\/#primaryimage\"},\"image\":{\"@id\":\"https:\\\/\\\/oblure.com\\\/sv\\\/produkt\\\/arch-circle-76\\\/#primaryimage\"},\"thumbnailUrl\":\"https:\\\/\\\/oblure.com\\\/wp-content\\\/uploads\\\/2023\\\/05\\\/arch_circle_svart.jpg\",\"datePublished\":\"2023-05-30T10:03:48+00:00\",\"dateModified\":\"2025-12-19T09:05:24+00:00\",\"description\":\"Arch Circle 76 fr\u00e5n Oblure \u2013 en exklusiv designerpendellampa inspirerad av arkitektur och skandinavisk design. Perfekt som matbordslampa eller taklampa i vardagsrum.\",\"breadcrumb\":{\"@id\":\"https:\\\/\\\/oblure.com\\\/sv\\\/produkt\\\/arch-circle-76\\\/#breadcrumb\"},\"inLanguage\":\"sv-SE\",\"potentialAction\":[{\"@type\":\"ReadAction\",\"target\":[\"https:\\\/\\\/oblure.com\\\/sv\\\/produkt\\\/arch-circle-76\\\/\"]}]},{\"@type\":\"ImageObject\",\"inLanguage\":\"sv-SE\",\"@id\":\"https:\\\/\\\/oblure.com\\\/sv\\\/produkt\\\/arch-circle-76\\\/#primaryimage\",\"url\":\"https:\\\/\\\/oblure.com\\\/wp-content\\\/uploads\\\/2023\\\/05\\\/arch_circle_svart.jpg\",\"contentUrl\":\"https:\\\/\\\/oblure.com\\\/wp-content\\\/uploads\\\/2023\\\/05\\\/arch_circle_svart.jpg\",\"width\":1920,\"height\":1920},{\"@type\":\"BreadcrumbList\",\"@id\":\"https:\\\/\\\/oblure.com\\\/sv\\\/produkt\\\/arch-circle-76\\\/#breadcrumb\",\"itemListElement\":[{\"@type\":\"ListItem\",\"position\":1,\"name\":\"Alla produkter\",\"item\":\"https:\\\/\\\/oblure.com\\\/sv\\\/kollektion\\\/\"},{\"@type\":\"ListItem\",\"position\":2,\"name\":\"Oblures kollektion\",\"item\":\"https:\\\/\\\/oblure.com\\\/sv\\\/kollektion\\\/\"},{\"@type\":\"ListItem\",\"position\":3,\"name\":\"Arch Circle 76\"}]},{\"@type\":\"WebSite\",\"@id\":\"https:\\\/\\\/oblure.com\\\/sv\\\/#website\",\"url\":\"https:\\\/\\\/oblure.com\\\/sv\\\/\",\"name\":\"Oblure - Alluring lightning\",\"description\":\"Alluring lightning\",\"publisher\":{\"@id\":\"https:\\\/\\\/oblure.com\\\/sv\\\/#organization\"},\"potentialAction\":[{\"@type\":\"SearchAction\",\"target\":{\"@type\":\"EntryPoint\",\"urlTemplate\":\"https:\\\/\\\/oblure.com\\\/sv\\\/?s={search_term_string}\"},\"query-input\":{\"@type\":\"PropertyValueSpecification\",\"valueRequired\":true,\"valueName\":\"search_term_string\"}}],\"inLanguage\":\"sv-SE\"},{\"@type\":\"Organization\",\"@id\":\"https:\\\/\\\/oblure.com\\\/sv\\\/#organization\",\"name\":\"Oblure\",\"url\":\"https:\\\/\\\/oblure.com\\\/sv\\\/\",\"logo\":{\"@type\":\"ImageObject\",\"inLanguage\":\"sv-SE\",\"@id\":\"https:\\\/\\\/oblure.com\\\/sv\\\/#\\\/schema\\\/logo\\\/image\\\/\",\"url\":\"https:\\\/\\\/oblure.com\\\/wp-content\\\/uploads\\\/2023\\\/05\\\/logo_oblure_SWEDEN-1.svg\",\"contentUrl\":\"https:\\\/\\\/oblure.com\\\/wp-content\\\/uploads\\\/2023\\\/05\\\/logo_oblure_SWEDEN-1.svg\",\"width\":841,\"height\":595,\"caption\":\"Oblure\"},\"image\":{\"@id\":\"https:\\\/\\\/oblure.com\\\/sv\\\/#\\\/schema\\\/logo\\\/image\\\/\"}}]}<\/script>\n<!-- \/ Yoast SEO plugin. -->","yoast_head_json":{"title":"Arch Circle 76 Pendellampa fr\u00e5n Oblure","description":"Arch Circle 76 fr\u00e5n Oblure \u2013 en exklusiv designerpendellampa inspirerad av arkitektur och skandinavisk design. Perfekt som matbordslampa eller taklampa i vardagsrum.","robots":{"index":"index","follow":"follow","max-snippet":"max-snippet:-1","max-image-preview":"max-image-preview:large","max-video-preview":"max-video-preview:-1"},"canonical":"https:\/\/oblure.com\/sv\/produkt\/arch-circle-76\/","og_locale":"sv_SE","og_type":"article","og_title":"Arch Circle 76 Pendellampa fr\u00e5n Oblure","og_description":"Arch Circle 76 fr\u00e5n Oblure \u2013 en exklusiv designerpendellampa inspirerad av arkitektur och skandinavisk design. Perfekt som matbordslampa eller taklampa i vardagsrum.","og_url":"https:\/\/oblure.com\/sv\/produkt\/arch-circle-76\/","og_site_name":"Oblure","article_modified_time":"2025-12-19T09:05:24+00:00","og_image":[{"width":1920,"height":1920,"url":"https:\/\/oblure.com\/wp-content\/uploads\/2023\/05\/arch_circle_svart.jpg","type":"image\/jpeg"}],"twitter_card":"summary_large_image","twitter_misc":{"Ber\u00e4knad l\u00e4stid":"1 minut"},"schema":{"@context":"https:\/\/schema.org","@graph":[{"@type":"WebPage","@id":"https:\/\/oblure.com\/sv\/produkt\/arch-circle-76\/","url":"https:\/\/oblure.com\/sv\/produkt\/arch-circle-76\/","name":"Arch Circle 76 Pendellampa fr\u00e5n Oblure","isPartOf":{"@id":"https:\/\/oblure.com\/sv\/#website"},"primaryImageOfPage":{"@id":"https:\/\/oblure.com\/sv\/produkt\/arch-circle-76\/#primaryimage"},"image":{"@id":"https:\/\/oblure.com\/sv\/produkt\/arch-circle-76\/#primaryimage"},"thumbnailUrl":"https:\/\/oblure.com\/wp-content\/uploads\/2023\/05\/arch_circle_svart.jpg","datePublished":"2023-05-30T10:03:48+00:00","dateModified":"2025-12-19T09:05:24+00:00","description":"Arch Circle 76 fr\u00e5n Oblure \u2013 en exklusiv designerpendellampa inspirerad av arkitektur och skandinavisk design. Perfekt som matbordslampa eller taklampa i vardagsrum.","breadcrumb":{"@id":"https:\/\/oblure.com\/sv\/produkt\/arch-circle-76\/#breadcrumb"},"inLanguage":"sv-SE","potentialAction":[{"@type":"ReadAction","target":["https:\/\/oblure.com\/sv\/produkt\/arch-circle-76\/"]}]},{"@type":"ImageObject","inLanguage":"sv-SE","@id":"https:\/\/oblure.com\/sv\/produkt\/arch-circle-76\/#primaryimage","url":"https:\/\/oblure.com\/wp-content\/uploads\/2023\/05\/arch_circle_svart.jpg","contentUrl":"https:\/\/oblure.com\/wp-content\/uploads\/2023\/05\/arch_circle_svart.jpg","width":1920,"height":1920},{"@type":"BreadcrumbList","@id":"https:\/\/oblure.com\/sv\/produkt\/arch-circle-76\/#breadcrumb","itemListElement":[{"@type":"ListItem","position":1,"name":"Alla produkter","item":"https:\/\/oblure.com\/sv\/kollektion\/"},{"@type":"ListItem","position":2,"name":"Oblures kollektion","item":"https:\/\/oblure.com\/sv\/kollektion\/"},{"@type":"ListItem","position":3,"name":"Arch Circle 76"}]},{"@type":"WebSite","@id":"https:\/\/oblure.com\/sv\/#website","url":"https:\/\/oblure.com\/sv\/","name":"Oblure - Alluring lightning","description":"Alluring lightning","publisher":{"@id":"https:\/\/oblure.com\/sv\/#organization"},"potentialAction":[{"@type":"SearchAction","target":{"@type":"EntryPoint","urlTemplate":"https:\/\/oblure.com\/sv\/?s={search_term_string}"},"query-input":{"@type":"PropertyValueSpecification","valueRequired":true,"valueName":"search_term_string"}}],"inLanguage":"sv-SE"},{"@type":"Organization","@id":"https:\/\/oblure.com\/sv\/#organization","name":"Oblure","url":"https:\/\/oblure.com\/sv\/","logo":{"@type":"ImageObject","inLanguage":"sv-SE","@id":"https:\/\/oblure.com\/sv\/#\/schema\/logo\/image\/","url":"https:\/\/oblure.com\/wp-content\/uploads\/2023\/05\/logo_oblure_SWEDEN-1.svg","contentUrl":"https:\/\/oblure.com\/wp-content\/uploads\/2023\/05\/logo_oblure_SWEDEN-1.svg","width":841,"height":595,"caption":"Oblure"},"image":{"@id":"https:\/\/oblure.com\/sv\/#\/schema\/logo\/image\/"}}]}},"_links":{"self":[{"href":"https:\/\/oblure.com\/sv\/wp-json\/wp\/v2\/product\/20329","targetHints":{"allow":["GET"]}}],"collection":[{"href":"https:\/\/oblure.com\/sv\/wp-json\/wp\/v2\/product"}],"about":[{"href":"https:\/\/oblure.com\/sv\/wp-json\/wp\/v2\/types\/product"}],"version-history":[{"count":6,"href":"https:\/\/oblure.com\/sv\/wp-json\/wp\/v2\/product\/20329\/revisions"}],"predecessor-version":[{"id":22749,"href":"https:\/\/oblure.com\/sv\/wp-json\/wp\/v2\/product\/20329\/revisions\/22749"}],"wp:featuredmedia":[{"embeddable":true,"href":"https:\/\/oblure.com\/sv\/wp-json\/wp\/v2\/media\/19492"}],"wp:attachment":[{"href":"https:\/\/oblure.com\/sv\/wp-json\/wp\/v2\/media?parent=20329"}],"wp:term":[{"taxonomy":"product_brand","embeddable":true,"href":"https:\/\/oblure.com\/sv\/wp-json\/wp\/v2\/product_brand?post=20329"},{"taxonomy":"product_cat","embeddable":true,"href":"https:\/\/oblure.com\/sv\/wp-json\/wp\/v2\/product_cat?post=20329"},{"taxonomy":"product_tag","embeddable":true,"href":"https:\/\/oblure.com\/sv\/wp-json\/wp\/v2\/product_tag?post=20329"}],"curies":[{"name":"wp","href":"https:\/\/api.w.org\/{rel}","templated":true}]}}