{"id":20336,"date":"2023-07-16T10:22:39","date_gmt":"2023-07-16T08:22:39","guid":{"rendered":"https:\/\/oblure.com\/product\/trappbordslampa\/"},"modified":"2025-03-10T20:53:01","modified_gmt":"2025-03-10T19:53:01","slug":"stair-table-lamp","status":"publish","type":"product","link":"https:\/\/oblure.com\/sv\/produkt\/stair-table-lamp\/","title":{"rendered":"Stair Table Lamp"},"content":{"rendered":"<p>Stair \u00e4r lika elegant som den \u00e4r lekfull och samtidigt en m\u00e5ngsidig bordslampa, utformad f\u00f6r att passa i en m\u00e4ngd olika milj\u00f6er. F\u00f6rutom sin huvudsakliga funktion som ljusk\u00e4lla \u00e4r Stair utrustad med tv\u00e5 integrerade USB-C-portar, vilket m\u00f6jligg\u00f6r smidig laddning av dina enheter. Oavsett om den placeras p\u00e5 ett skrivbord, nattduksbord eller en bokhylla, \u00e4r Stair inte bara stilfull belysning utan \u00e4ven en praktisk l\u00f6sning f\u00f6r att h\u00e5lla dina enheter laddade \u2013 en perfekt balans mellan funktion och estetik.     <\/p>\n","protected":false},"excerpt":{"rendered":"<p>Stair \u00e4r lika elegant som den \u00e4r lekfull och samtidigt en m\u00e5ngsidig bordslampa, utformad f\u00f6r att passa i en m\u00e4ngd olika milj\u00f6er. F\u00f6rutom sin huvudsakliga funktion som ljusk\u00e4lla \u00e4r Stair utrustad med tv\u00e5 integrerade USB-C-portar, vilket m\u00f6jligg\u00f6r smidig laddning av dina enheter. Oavsett om den placeras p\u00e5 ett skrivbord, nattduksbord eller en bokhylla, \u00e4r Stair inte bara stilfull belysning utan \u00e4ven en praktisk l\u00f6sning f\u00f6r att h\u00e5lla dina enheter laddade \u2013 en perfekt balans mellan funktion och estetik.     <\/p>\n","protected":false},"featured_media":19797,"template":"","meta":{"_acf_changed":false},"product_brand":[],"product_cat":[173],"product_tag":[181],"class_list":{"0":"post-20336","1":"product","2":"type-product","3":"status-publish","4":"has-post-thumbnail","6":"product_cat-okategoriserad","7":"product_tag-standard-sv","8":"pa_color-miljo","9":"pa_color-deep-red-sv","10":"pa_color-mellow-yellow-sv","11":"pa_color-velvet-black-sv","12":"tm-no-options","14":"first","15":"instock","16":"taxable","17":"shipping-taxable","18":"purchasable","19":"product-type-variable","20":"has-default-attributes"},"acf":[],"yoast_head":"<!-- This site is optimized with the Yoast SEO plugin v27.3 - https:\/\/yoast.com\/product\/yoast-seo-wordpress\/ -->\n<title>Stair Table Lamp - Oblure<\/title>\n<meta name=\"description\" content=\"Bordslampan Stair fr\u00e5n Oblure har en unik st\u00e5ldesign inspirerad av trappor och inkluderar en multifunktionell USB-port. Designad av Notchi Architects.\" \/>\n<meta name=\"robots\" content=\"index, follow, max-snippet:-1, max-image-preview:large, max-video-preview:-1\" \/>\n<link rel=\"canonical\" href=\"https:\/\/oblure.com\/sv\/produkt\/stair-table-lamp\/\" \/>\n<meta property=\"og:locale\" content=\"sv_SE\" \/>\n<meta property=\"og:type\" content=\"article\" \/>\n<meta property=\"og:title\" content=\"Stair Table Lamp - Oblure\" \/>\n<meta property=\"og:description\" content=\"Bordslampan Stair fr\u00e5n Oblure har en unik st\u00e5ldesign inspirerad av trappor och inkluderar en multifunktionell USB-port. Designad av Notchi Architects.\" \/>\n<meta property=\"og:url\" content=\"https:\/\/oblure.com\/sv\/produkt\/stair-table-lamp\/\" \/>\n<meta property=\"og:site_name\" content=\"Oblure\" \/>\n<meta property=\"article:modified_time\" content=\"2025-03-10T19:53:01+00:00\" \/>\n<meta property=\"og:image\" content=\"https:\/\/oblure.com\/wp-content\/uploads\/2024\/01\/stair_table_lamp_product_page_swatch_yellow.jpg.webp\" \/>\n\t<meta property=\"og:image:width\" content=\"1920\" \/>\n\t<meta property=\"og:image:height\" content=\"1920\" \/>\n\t<meta property=\"og:image:type\" content=\"image\/jpeg\" \/>\n<meta name=\"twitter:card\" content=\"summary_large_image\" \/>\n<meta name=\"twitter:label1\" content=\"Ber\u00e4knad l\u00e4stid\" \/>\n\t<meta name=\"twitter:data1\" content=\"1 minut\" \/>\n<script type=\"application\/ld+json\" class=\"yoast-schema-graph\">{\"@context\":\"https:\\\/\\\/schema.org\",\"@graph\":[{\"@type\":\"WebPage\",\"@id\":\"https:\\\/\\\/oblure.com\\\/sv\\\/produkt\\\/stair-table-lamp\\\/\",\"url\":\"https:\\\/\\\/oblure.com\\\/sv\\\/produkt\\\/stair-table-lamp\\\/\",\"name\":\"Stair Table Lamp - Oblure\",\"isPartOf\":{\"@id\":\"https:\\\/\\\/oblure.com\\\/sv\\\/#website\"},\"primaryImageOfPage\":{\"@id\":\"https:\\\/\\\/oblure.com\\\/sv\\\/produkt\\\/stair-table-lamp\\\/#primaryimage\"},\"image\":{\"@id\":\"https:\\\/\\\/oblure.com\\\/sv\\\/produkt\\\/stair-table-lamp\\\/#primaryimage\"},\"thumbnailUrl\":\"https:\\\/\\\/oblure.com\\\/wp-content\\\/uploads\\\/2024\\\/01\\\/stair_table_lamp_product_page_swatch_yellow.jpg\",\"datePublished\":\"2023-07-16T08:22:39+00:00\",\"dateModified\":\"2025-03-10T19:53:01+00:00\",\"description\":\"Bordslampan Stair fr\u00e5n Oblure har en unik st\u00e5ldesign inspirerad av trappor och inkluderar en multifunktionell USB-port. Designad av Notchi Architects.\",\"breadcrumb\":{\"@id\":\"https:\\\/\\\/oblure.com\\\/sv\\\/produkt\\\/stair-table-lamp\\\/#breadcrumb\"},\"inLanguage\":\"sv-SE\",\"potentialAction\":[{\"@type\":\"ReadAction\",\"target\":[\"https:\\\/\\\/oblure.com\\\/sv\\\/produkt\\\/stair-table-lamp\\\/\"]}]},{\"@type\":\"ImageObject\",\"inLanguage\":\"sv-SE\",\"@id\":\"https:\\\/\\\/oblure.com\\\/sv\\\/produkt\\\/stair-table-lamp\\\/#primaryimage\",\"url\":\"https:\\\/\\\/oblure.com\\\/wp-content\\\/uploads\\\/2024\\\/01\\\/stair_table_lamp_product_page_swatch_yellow.jpg\",\"contentUrl\":\"https:\\\/\\\/oblure.com\\\/wp-content\\\/uploads\\\/2024\\\/01\\\/stair_table_lamp_product_page_swatch_yellow.jpg\",\"width\":1920,\"height\":1920},{\"@type\":\"BreadcrumbList\",\"@id\":\"https:\\\/\\\/oblure.com\\\/sv\\\/produkt\\\/stair-table-lamp\\\/#breadcrumb\",\"itemListElement\":[{\"@type\":\"ListItem\",\"position\":1,\"name\":\"Alla produkter\",\"item\":\"https:\\\/\\\/oblure.com\\\/sv\\\/kollektion\\\/\"},{\"@type\":\"ListItem\",\"position\":2,\"name\":\"Oblures kollektion\",\"item\":\"https:\\\/\\\/oblure.com\\\/sv\\\/kollektion\\\/\"},{\"@type\":\"ListItem\",\"position\":3,\"name\":\"Stair Table Lamp\"}]},{\"@type\":\"WebSite\",\"@id\":\"https:\\\/\\\/oblure.com\\\/sv\\\/#website\",\"url\":\"https:\\\/\\\/oblure.com\\\/sv\\\/\",\"name\":\"Oblure - Alluring lightning\",\"description\":\"Alluring lightning\",\"publisher\":{\"@id\":\"https:\\\/\\\/oblure.com\\\/sv\\\/#organization\"},\"potentialAction\":[{\"@type\":\"SearchAction\",\"target\":{\"@type\":\"EntryPoint\",\"urlTemplate\":\"https:\\\/\\\/oblure.com\\\/sv\\\/?s={search_term_string}\"},\"query-input\":{\"@type\":\"PropertyValueSpecification\",\"valueRequired\":true,\"valueName\":\"search_term_string\"}}],\"inLanguage\":\"sv-SE\"},{\"@type\":\"Organization\",\"@id\":\"https:\\\/\\\/oblure.com\\\/sv\\\/#organization\",\"name\":\"Oblure\",\"url\":\"https:\\\/\\\/oblure.com\\\/sv\\\/\",\"logo\":{\"@type\":\"ImageObject\",\"inLanguage\":\"sv-SE\",\"@id\":\"https:\\\/\\\/oblure.com\\\/sv\\\/#\\\/schema\\\/logo\\\/image\\\/\",\"url\":\"https:\\\/\\\/oblure.com\\\/wp-content\\\/uploads\\\/2023\\\/05\\\/logo_oblure_SWEDEN-1.svg\",\"contentUrl\":\"https:\\\/\\\/oblure.com\\\/wp-content\\\/uploads\\\/2023\\\/05\\\/logo_oblure_SWEDEN-1.svg\",\"width\":841,\"height\":595,\"caption\":\"Oblure\"},\"image\":{\"@id\":\"https:\\\/\\\/oblure.com\\\/sv\\\/#\\\/schema\\\/logo\\\/image\\\/\"}}]}<\/script>\n<!-- \/ Yoast SEO plugin. -->","yoast_head_json":{"title":"Stair Table Lamp - Oblure","description":"Bordslampan Stair fr\u00e5n Oblure har en unik st\u00e5ldesign inspirerad av trappor och inkluderar en multifunktionell USB-port. Designad av Notchi Architects.","robots":{"index":"index","follow":"follow","max-snippet":"max-snippet:-1","max-image-preview":"max-image-preview:large","max-video-preview":"max-video-preview:-1"},"canonical":"https:\/\/oblure.com\/sv\/produkt\/stair-table-lamp\/","og_locale":"sv_SE","og_type":"article","og_title":"Stair Table Lamp - Oblure","og_description":"Bordslampan Stair fr\u00e5n Oblure har en unik st\u00e5ldesign inspirerad av trappor och inkluderar en multifunktionell USB-port. Designad av Notchi Architects.","og_url":"https:\/\/oblure.com\/sv\/produkt\/stair-table-lamp\/","og_site_name":"Oblure","article_modified_time":"2025-03-10T19:53:01+00:00","og_image":[{"width":1920,"height":1920,"url":"https:\/\/oblure.com\/wp-content\/uploads\/2024\/01\/stair_table_lamp_product_page_swatch_yellow.jpg.webp","type":"image\/jpeg"}],"twitter_card":"summary_large_image","twitter_misc":{"Ber\u00e4knad l\u00e4stid":"1 minut"},"schema":{"@context":"https:\/\/schema.org","@graph":[{"@type":"WebPage","@id":"https:\/\/oblure.com\/sv\/produkt\/stair-table-lamp\/","url":"https:\/\/oblure.com\/sv\/produkt\/stair-table-lamp\/","name":"Stair Table Lamp - Oblure","isPartOf":{"@id":"https:\/\/oblure.com\/sv\/#website"},"primaryImageOfPage":{"@id":"https:\/\/oblure.com\/sv\/produkt\/stair-table-lamp\/#primaryimage"},"image":{"@id":"https:\/\/oblure.com\/sv\/produkt\/stair-table-lamp\/#primaryimage"},"thumbnailUrl":"https:\/\/oblure.com\/wp-content\/uploads\/2024\/01\/stair_table_lamp_product_page_swatch_yellow.jpg","datePublished":"2023-07-16T08:22:39+00:00","dateModified":"2025-03-10T19:53:01+00:00","description":"Bordslampan Stair fr\u00e5n Oblure har en unik st\u00e5ldesign inspirerad av trappor och inkluderar en multifunktionell USB-port. Designad av Notchi Architects.","breadcrumb":{"@id":"https:\/\/oblure.com\/sv\/produkt\/stair-table-lamp\/#breadcrumb"},"inLanguage":"sv-SE","potentialAction":[{"@type":"ReadAction","target":["https:\/\/oblure.com\/sv\/produkt\/stair-table-lamp\/"]}]},{"@type":"ImageObject","inLanguage":"sv-SE","@id":"https:\/\/oblure.com\/sv\/produkt\/stair-table-lamp\/#primaryimage","url":"https:\/\/oblure.com\/wp-content\/uploads\/2024\/01\/stair_table_lamp_product_page_swatch_yellow.jpg","contentUrl":"https:\/\/oblure.com\/wp-content\/uploads\/2024\/01\/stair_table_lamp_product_page_swatch_yellow.jpg","width":1920,"height":1920},{"@type":"BreadcrumbList","@id":"https:\/\/oblure.com\/sv\/produkt\/stair-table-lamp\/#breadcrumb","itemListElement":[{"@type":"ListItem","position":1,"name":"Alla produkter","item":"https:\/\/oblure.com\/sv\/kollektion\/"},{"@type":"ListItem","position":2,"name":"Oblures kollektion","item":"https:\/\/oblure.com\/sv\/kollektion\/"},{"@type":"ListItem","position":3,"name":"Stair Table Lamp"}]},{"@type":"WebSite","@id":"https:\/\/oblure.com\/sv\/#website","url":"https:\/\/oblure.com\/sv\/","name":"Oblure - Alluring lightning","description":"Alluring lightning","publisher":{"@id":"https:\/\/oblure.com\/sv\/#organization"},"potentialAction":[{"@type":"SearchAction","target":{"@type":"EntryPoint","urlTemplate":"https:\/\/oblure.com\/sv\/?s={search_term_string}"},"query-input":{"@type":"PropertyValueSpecification","valueRequired":true,"valueName":"search_term_string"}}],"inLanguage":"sv-SE"},{"@type":"Organization","@id":"https:\/\/oblure.com\/sv\/#organization","name":"Oblure","url":"https:\/\/oblure.com\/sv\/","logo":{"@type":"ImageObject","inLanguage":"sv-SE","@id":"https:\/\/oblure.com\/sv\/#\/schema\/logo\/image\/","url":"https:\/\/oblure.com\/wp-content\/uploads\/2023\/05\/logo_oblure_SWEDEN-1.svg","contentUrl":"https:\/\/oblure.com\/wp-content\/uploads\/2023\/05\/logo_oblure_SWEDEN-1.svg","width":841,"height":595,"caption":"Oblure"},"image":{"@id":"https:\/\/oblure.com\/sv\/#\/schema\/logo\/image\/"}}]}},"_links":{"self":[{"href":"https:\/\/oblure.com\/sv\/wp-json\/wp\/v2\/product\/20336","targetHints":{"allow":["GET"]}}],"collection":[{"href":"https:\/\/oblure.com\/sv\/wp-json\/wp\/v2\/product"}],"about":[{"href":"https:\/\/oblure.com\/sv\/wp-json\/wp\/v2\/types\/product"}],"version-history":[{"count":2,"href":"https:\/\/oblure.com\/sv\/wp-json\/wp\/v2\/product\/20336\/revisions"}],"predecessor-version":[{"id":20910,"href":"https:\/\/oblure.com\/sv\/wp-json\/wp\/v2\/product\/20336\/revisions\/20910"}],"wp:featuredmedia":[{"embeddable":true,"href":"https:\/\/oblure.com\/sv\/wp-json\/wp\/v2\/media\/19797"}],"wp:attachment":[{"href":"https:\/\/oblure.com\/sv\/wp-json\/wp\/v2\/media?parent=20336"}],"wp:term":[{"taxonomy":"product_brand","embeddable":true,"href":"https:\/\/oblure.com\/sv\/wp-json\/wp\/v2\/product_brand?post=20336"},{"taxonomy":"product_cat","embeddable":true,"href":"https:\/\/oblure.com\/sv\/wp-json\/wp\/v2\/product_cat?post=20336"},{"taxonomy":"product_tag","embeddable":true,"href":"https:\/\/oblure.com\/sv\/wp-json\/wp\/v2\/product_tag?post=20336"}],"curies":[{"name":"wp","href":"https:\/\/api.w.org\/{rel}","templated":true}]}}