{"id":20345,"date":"2023-10-05T20:40:57","date_gmt":"2023-10-05T18:40:57","guid":{"rendered":"https:\/\/oblure.com\/product\/blockkedja-23\/"},"modified":"2026-05-06T08:40:12","modified_gmt":"2026-05-06T06:40:12","slug":"blockchain-23","status":"publish","type":"product","link":"https:\/\/oblure.com\/sv\/produkt\/blockchain-23\/","title":{"rendered":"Blockchain 23"},"content":{"rendered":"<p>BLOCKCHAIN 23 Pendant \u00e4r en modern designpendel som best\u00e5r av sammanl\u00e4nkade aluminiumkuber som ger rummet en distinkt, arkitektonisk n\u00e4rvaro. Som LED-pendellampa ger den en j\u00e4mn och behaglig belysning fr\u00e5n tolv integrerade ljusk\u00e4llor &#8211; perfekt ovanf\u00f6r ett matbord, en k\u00f6ks\u00f6, i vardagsrum eller p\u00e5 kontor. <\/p>\n<p>Den dynamiska formationen skapar ett grafiskt ljusm\u00f6nster med ett livligt samspel mellan ljus och skugga, vilket f\u00e5r armaturen att se ut att sv\u00e4va. Utbytbara LED-paneler och ett 300 cm l\u00e5ngt kabel-\/vajerupph\u00e4ng ger l\u00e5ng livsl\u00e4ngd, enkelt underh\u00e5ll och flexibelt fall \u00e4ven i h\u00f6ga, \u00f6ppna utrymmen &#8211; d\u00e4r energieffektiv LED-teknik f\u00f6renar form och funktion f\u00f6r h\u00e5llbar vardagsbelysning. <\/p>\n","protected":false},"excerpt":{"rendered":"<p data-start=\"120\" data-end=\"368\">Blockchain System \u00e4r ett skulpturalt belysningsf\u00f6rem\u00e5l som best\u00e5r av kuber i extruderad aluminium, till synes arrangerade i slumpm\u00e4ssig ordning. Men i detta skenbara kaos finns en exakt teknik &#8211; varje millimeter \u00e4r utr\u00e4knad f\u00f6r att skapa en sl\u00e5ende silhuett. En enda kub, som om den f\u00e4rdades genom tid och rum, bildar en sekvens av positioner f\u00f6r betraktaren. Varannan kub \u00e4r upplyst med en specialtillverkad LED-panel, utformad f\u00f6r att kasta ett enhetligt ljus p\u00e5 ytan nedanf\u00f6r. Kuberna, som tycks sv\u00e4va i luften, skapar ett dynamiskt samspel mellan ljus och skugga.    <\/p>\n<p>Blockchain System finns i olika l\u00e4ngder, fr\u00e5n 1200 mm upp till 3000 mm i en kontinuerlig linje, och expanderar i setkonfigurationer fr\u00e5n 11 till 17, 23 och slutligen 29 kuber.<\/p>\n<p>Konstruerad och handtillverkad i Sverige, lokalt i G\u00f6teborgsomr\u00e5det p\u00e5 den svenska v\u00e4stkusten.<\/p>\n","protected":false},"featured_media":19897,"template":"","meta":{"_acf_changed":false},"product_brand":[],"product_cat":[173],"product_tag":[181],"class_list":{"0":"post-20345","1":"product","2":"type-product","3":"status-publish","4":"has-post-thumbnail","6":"product_cat-okategoriserad","7":"product_tag-standard-sv","8":"pa_color-miljo","9":"pa_color-aluminium-sv","10":"pa_color-black-sv","11":"pa_color-white-sv","12":"tm-no-options","14":"first","15":"instock","16":"taxable","17":"shipping-taxable","18":"purchasable","19":"product-type-variable","20":"has-default-attributes"},"acf":[],"yoast_head":"<!-- This site is optimized with the Yoast SEO plugin v27.3 - https:\/\/yoast.com\/product\/yoast-seo-wordpress\/ -->\n<title>Blockchain 23 %sep%% Modern dimbar LED-designlampa fr\u00e5n Oblure<\/title>\n<meta name=\"description\" content=\"BLOCKCHAIN 23 - modern LED-pendellampa i aluminiumkuber. 12 ljuspunkter, utbytbara paneler och 300 cm upph\u00e4ngning f\u00f6r h\u00f6ga, \u00f6ppna rum.\" \/>\n<meta name=\"robots\" content=\"index, follow, max-snippet:-1, max-image-preview:large, max-video-preview:-1\" \/>\n<link rel=\"canonical\" href=\"https:\/\/oblure.com\/sv\/produkt\/blockchain-23\/\" \/>\n<meta property=\"og:locale\" content=\"sv_SE\" \/>\n<meta property=\"og:type\" content=\"article\" \/>\n<meta property=\"og:title\" content=\"Blockchain 23 %sep%% Modern dimbar LED-designlampa fr\u00e5n Oblure\" \/>\n<meta property=\"og:description\" content=\"BLOCKCHAIN 23 - modern LED-pendellampa i aluminiumkuber. 12 ljuspunkter, utbytbara paneler och 300 cm upph\u00e4ngning f\u00f6r h\u00f6ga, \u00f6ppna rum.\" \/>\n<meta property=\"og:url\" content=\"https:\/\/oblure.com\/sv\/produkt\/blockchain-23\/\" \/>\n<meta property=\"og:site_name\" content=\"Oblure\" \/>\n<meta property=\"article:modified_time\" content=\"2026-05-06T06:40:12+00:00\" \/>\n<meta property=\"og:image\" content=\"https:\/\/oblure.com\/wp-content\/uploads\/2023\/10\/blockchain_23_product_image_white.jpg\" \/>\n\t<meta property=\"og:image:width\" content=\"1920\" \/>\n\t<meta property=\"og:image:height\" content=\"1920\" \/>\n\t<meta property=\"og:image:type\" content=\"image\/jpeg\" \/>\n<meta name=\"twitter:card\" content=\"summary_large_image\" \/>\n<meta name=\"twitter:label1\" content=\"Ber\u00e4knad l\u00e4stid\" \/>\n\t<meta name=\"twitter:data1\" content=\"1 minut\" \/>\n<script type=\"application\/ld+json\" class=\"yoast-schema-graph\">{\"@context\":\"https:\\\/\\\/schema.org\",\"@graph\":[{\"@type\":\"WebPage\",\"@id\":\"https:\\\/\\\/oblure.com\\\/sv\\\/produkt\\\/blockchain-23\\\/\",\"url\":\"https:\\\/\\\/oblure.com\\\/sv\\\/produkt\\\/blockchain-23\\\/\",\"name\":\"Blockchain 23 %sep%% Modern dimbar LED-designlampa fr\u00e5n Oblure\",\"isPartOf\":{\"@id\":\"https:\\\/\\\/oblure.com\\\/sv\\\/#website\"},\"primaryImageOfPage\":{\"@id\":\"https:\\\/\\\/oblure.com\\\/sv\\\/produkt\\\/blockchain-23\\\/#primaryimage\"},\"image\":{\"@id\":\"https:\\\/\\\/oblure.com\\\/sv\\\/produkt\\\/blockchain-23\\\/#primaryimage\"},\"thumbnailUrl\":\"https:\\\/\\\/oblure.com\\\/wp-content\\\/uploads\\\/2023\\\/10\\\/blockchain_23_product_image_white.jpg\",\"datePublished\":\"2023-10-05T18:40:57+00:00\",\"dateModified\":\"2026-05-06T06:40:12+00:00\",\"description\":\"BLOCKCHAIN 23 - modern LED-pendellampa i aluminiumkuber. 12 ljuspunkter, utbytbara paneler och 300 cm upph\u00e4ngning f\u00f6r h\u00f6ga, \u00f6ppna rum.\",\"breadcrumb\":{\"@id\":\"https:\\\/\\\/oblure.com\\\/sv\\\/produkt\\\/blockchain-23\\\/#breadcrumb\"},\"inLanguage\":\"sv-SE\",\"potentialAction\":[{\"@type\":\"ReadAction\",\"target\":[\"https:\\\/\\\/oblure.com\\\/sv\\\/produkt\\\/blockchain-23\\\/\"]}]},{\"@type\":\"ImageObject\",\"inLanguage\":\"sv-SE\",\"@id\":\"https:\\\/\\\/oblure.com\\\/sv\\\/produkt\\\/blockchain-23\\\/#primaryimage\",\"url\":\"https:\\\/\\\/oblure.com\\\/wp-content\\\/uploads\\\/2023\\\/10\\\/blockchain_23_product_image_white.jpg\",\"contentUrl\":\"https:\\\/\\\/oblure.com\\\/wp-content\\\/uploads\\\/2023\\\/10\\\/blockchain_23_product_image_white.jpg\",\"width\":1920,\"height\":1920},{\"@type\":\"BreadcrumbList\",\"@id\":\"https:\\\/\\\/oblure.com\\\/sv\\\/produkt\\\/blockchain-23\\\/#breadcrumb\",\"itemListElement\":[{\"@type\":\"ListItem\",\"position\":1,\"name\":\"Alla produkter\",\"item\":\"https:\\\/\\\/oblure.com\\\/sv\\\/kollektion\\\/\"},{\"@type\":\"ListItem\",\"position\":2,\"name\":\"Oblures kollektion\",\"item\":\"https:\\\/\\\/oblure.com\\\/sv\\\/kollektion\\\/\"},{\"@type\":\"ListItem\",\"position\":3,\"name\":\"Blockchain 23\"}]},{\"@type\":\"WebSite\",\"@id\":\"https:\\\/\\\/oblure.com\\\/sv\\\/#website\",\"url\":\"https:\\\/\\\/oblure.com\\\/sv\\\/\",\"name\":\"Oblure - Alluring lightning\",\"description\":\"Alluring lightning\",\"publisher\":{\"@id\":\"https:\\\/\\\/oblure.com\\\/sv\\\/#organization\"},\"potentialAction\":[{\"@type\":\"SearchAction\",\"target\":{\"@type\":\"EntryPoint\",\"urlTemplate\":\"https:\\\/\\\/oblure.com\\\/sv\\\/?s={search_term_string}\"},\"query-input\":{\"@type\":\"PropertyValueSpecification\",\"valueRequired\":true,\"valueName\":\"search_term_string\"}}],\"inLanguage\":\"sv-SE\"},{\"@type\":\"Organization\",\"@id\":\"https:\\\/\\\/oblure.com\\\/sv\\\/#organization\",\"name\":\"Oblure\",\"url\":\"https:\\\/\\\/oblure.com\\\/sv\\\/\",\"logo\":{\"@type\":\"ImageObject\",\"inLanguage\":\"sv-SE\",\"@id\":\"https:\\\/\\\/oblure.com\\\/sv\\\/#\\\/schema\\\/logo\\\/image\\\/\",\"url\":\"https:\\\/\\\/oblure.com\\\/wp-content\\\/uploads\\\/2023\\\/05\\\/logo_oblure_SWEDEN-1.svg\",\"contentUrl\":\"https:\\\/\\\/oblure.com\\\/wp-content\\\/uploads\\\/2023\\\/05\\\/logo_oblure_SWEDEN-1.svg\",\"width\":841,\"height\":595,\"caption\":\"Oblure\"},\"image\":{\"@id\":\"https:\\\/\\\/oblure.com\\\/sv\\\/#\\\/schema\\\/logo\\\/image\\\/\"}}]}<\/script>\n<!-- \/ Yoast SEO plugin. -->","yoast_head_json":{"title":"Blockchain 23 %sep%% Modern dimbar LED-designlampa fr\u00e5n Oblure","description":"BLOCKCHAIN 23 - modern LED-pendellampa i aluminiumkuber. 12 ljuspunkter, utbytbara paneler och 300 cm upph\u00e4ngning f\u00f6r h\u00f6ga, \u00f6ppna rum.","robots":{"index":"index","follow":"follow","max-snippet":"max-snippet:-1","max-image-preview":"max-image-preview:large","max-video-preview":"max-video-preview:-1"},"canonical":"https:\/\/oblure.com\/sv\/produkt\/blockchain-23\/","og_locale":"sv_SE","og_type":"article","og_title":"Blockchain 23 %sep%% Modern dimbar LED-designlampa fr\u00e5n Oblure","og_description":"BLOCKCHAIN 23 - modern LED-pendellampa i aluminiumkuber. 12 ljuspunkter, utbytbara paneler och 300 cm upph\u00e4ngning f\u00f6r h\u00f6ga, \u00f6ppna rum.","og_url":"https:\/\/oblure.com\/sv\/produkt\/blockchain-23\/","og_site_name":"Oblure","article_modified_time":"2026-05-06T06:40:12+00:00","og_image":[{"width":1920,"height":1920,"url":"https:\/\/oblure.com\/wp-content\/uploads\/2023\/10\/blockchain_23_product_image_white.jpg","type":"image\/jpeg"}],"twitter_card":"summary_large_image","twitter_misc":{"Ber\u00e4knad l\u00e4stid":"1 minut"},"schema":{"@context":"https:\/\/schema.org","@graph":[{"@type":"WebPage","@id":"https:\/\/oblure.com\/sv\/produkt\/blockchain-23\/","url":"https:\/\/oblure.com\/sv\/produkt\/blockchain-23\/","name":"Blockchain 23 %sep%% Modern dimbar LED-designlampa fr\u00e5n Oblure","isPartOf":{"@id":"https:\/\/oblure.com\/sv\/#website"},"primaryImageOfPage":{"@id":"https:\/\/oblure.com\/sv\/produkt\/blockchain-23\/#primaryimage"},"image":{"@id":"https:\/\/oblure.com\/sv\/produkt\/blockchain-23\/#primaryimage"},"thumbnailUrl":"https:\/\/oblure.com\/wp-content\/uploads\/2023\/10\/blockchain_23_product_image_white.jpg","datePublished":"2023-10-05T18:40:57+00:00","dateModified":"2026-05-06T06:40:12+00:00","description":"BLOCKCHAIN 23 - modern LED-pendellampa i aluminiumkuber. 12 ljuspunkter, utbytbara paneler och 300 cm upph\u00e4ngning f\u00f6r h\u00f6ga, \u00f6ppna rum.","breadcrumb":{"@id":"https:\/\/oblure.com\/sv\/produkt\/blockchain-23\/#breadcrumb"},"inLanguage":"sv-SE","potentialAction":[{"@type":"ReadAction","target":["https:\/\/oblure.com\/sv\/produkt\/blockchain-23\/"]}]},{"@type":"ImageObject","inLanguage":"sv-SE","@id":"https:\/\/oblure.com\/sv\/produkt\/blockchain-23\/#primaryimage","url":"https:\/\/oblure.com\/wp-content\/uploads\/2023\/10\/blockchain_23_product_image_white.jpg","contentUrl":"https:\/\/oblure.com\/wp-content\/uploads\/2023\/10\/blockchain_23_product_image_white.jpg","width":1920,"height":1920},{"@type":"BreadcrumbList","@id":"https:\/\/oblure.com\/sv\/produkt\/blockchain-23\/#breadcrumb","itemListElement":[{"@type":"ListItem","position":1,"name":"Alla produkter","item":"https:\/\/oblure.com\/sv\/kollektion\/"},{"@type":"ListItem","position":2,"name":"Oblures kollektion","item":"https:\/\/oblure.com\/sv\/kollektion\/"},{"@type":"ListItem","position":3,"name":"Blockchain 23"}]},{"@type":"WebSite","@id":"https:\/\/oblure.com\/sv\/#website","url":"https:\/\/oblure.com\/sv\/","name":"Oblure - Alluring lightning","description":"Alluring lightning","publisher":{"@id":"https:\/\/oblure.com\/sv\/#organization"},"potentialAction":[{"@type":"SearchAction","target":{"@type":"EntryPoint","urlTemplate":"https:\/\/oblure.com\/sv\/?s={search_term_string}"},"query-input":{"@type":"PropertyValueSpecification","valueRequired":true,"valueName":"search_term_string"}}],"inLanguage":"sv-SE"},{"@type":"Organization","@id":"https:\/\/oblure.com\/sv\/#organization","name":"Oblure","url":"https:\/\/oblure.com\/sv\/","logo":{"@type":"ImageObject","inLanguage":"sv-SE","@id":"https:\/\/oblure.com\/sv\/#\/schema\/logo\/image\/","url":"https:\/\/oblure.com\/wp-content\/uploads\/2023\/05\/logo_oblure_SWEDEN-1.svg","contentUrl":"https:\/\/oblure.com\/wp-content\/uploads\/2023\/05\/logo_oblure_SWEDEN-1.svg","width":841,"height":595,"caption":"Oblure"},"image":{"@id":"https:\/\/oblure.com\/sv\/#\/schema\/logo\/image\/"}}]}},"_links":{"self":[{"href":"https:\/\/oblure.com\/sv\/wp-json\/wp\/v2\/product\/20345","targetHints":{"allow":["GET"]}}],"collection":[{"href":"https:\/\/oblure.com\/sv\/wp-json\/wp\/v2\/product"}],"about":[{"href":"https:\/\/oblure.com\/sv\/wp-json\/wp\/v2\/types\/product"}],"version-history":[{"count":2,"href":"https:\/\/oblure.com\/sv\/wp-json\/wp\/v2\/product\/20345\/revisions"}],"predecessor-version":[{"id":23112,"href":"https:\/\/oblure.com\/sv\/wp-json\/wp\/v2\/product\/20345\/revisions\/23112"}],"wp:featuredmedia":[{"embeddable":true,"href":"https:\/\/oblure.com\/sv\/wp-json\/wp\/v2\/media\/19897"}],"wp:attachment":[{"href":"https:\/\/oblure.com\/sv\/wp-json\/wp\/v2\/media?parent=20345"}],"wp:term":[{"taxonomy":"product_brand","embeddable":true,"href":"https:\/\/oblure.com\/sv\/wp-json\/wp\/v2\/product_brand?post=20345"},{"taxonomy":"product_cat","embeddable":true,"href":"https:\/\/oblure.com\/sv\/wp-json\/wp\/v2\/product_cat?post=20345"},{"taxonomy":"product_tag","embeddable":true,"href":"https:\/\/oblure.com\/sv\/wp-json\/wp\/v2\/product_tag?post=20345"}],"curies":[{"name":"wp","href":"https:\/\/api.w.org\/{rel}","templated":true}]}}