{"id":20359,"date":"2024-01-15T14:38:26","date_gmt":"2024-01-15T13:38:26","guid":{"rendered":"https:\/\/oblure.com\/product\/lightbone-pendel-medium\/"},"modified":"2025-12-19T11:02:12","modified_gmt":"2025-12-19T10:02:12","slug":"lightbone-pendant-medium","status":"publish","type":"product","link":"https:\/\/oblure.com\/sv\/produkt\/lightbone-pendant-medium\/","title":{"rendered":"Lightbone Pendant Medium"},"content":{"rendered":"<p>Lightbone Pendant Medium fr\u00e5n Oblure \u00e4r en skandinavisk pendellampa i massiv ek och opalglas, skapad f\u00f6r att f\u00f6rena exklusiv design med funktionell belysning. Med sina dubbla ljusk\u00e4llor \u2013 en glob i opalglas som sprider mjukt accentljus och en spotlight med avancerad bl\u00e4ndningskontroll \u2013 levererar lampan b\u00e5de st\u00e4mningsfull och praktisk belysning. <\/p>\n<p>Den fungerar lika bra som k\u00f6ks\u00f6-belysning, matsalslampa eller vardagsrumslampa som i hotell- och restaurangmilj\u00f6er d\u00e4r man vill kombinera atmosf\u00e4r med funktion. Med extern dimmer kan ljuset enkelt anpassas f\u00f6r olika behov och milj\u00f6er. <\/p>\n<p>Varje exemplar \u00e4r unikt tack vare behandling med linoljebets som framh\u00e4ver ekens naturliga \u00e5dring. Med sina proportioner (53,6 cm h\u00f6g, 9,5 cm bred) \u00e4r Lightbone Pendant Medium en modern taklampa i tr\u00e4 och glas som blir ett naturligt statement piece i interi\u00f6ren. <\/p>\n","protected":false},"excerpt":{"rendered":"<p>Fr\u00e5n golv till tak. &#8221;Bone&#8221; syftar p\u00e5 den specifika l\u00e4nk d\u00e4r det sf\u00e4riska opalglaset &#8221;Light&#8221; f\u00f6renar de massiva ekdelarna. Tydligt accentljus fr\u00e5n det opala glaset och allm\u00e4nt eller riktat ljus nedanf\u00f6r med h\u00f6g ljuskomfort. En sofistikerad symbios av arkitektonisk design och teknik som harmoniserar b\u00e5de estetik och funktionalitet.<\/p>\n<p>Vinnare av utm\u00e4rkelsen &#8221;Lighting of the Year 2023&#8221; av FORM Magazine. Lightbone \u00e4r designad av Fredrik F\u00e4rg och Emma Blanche och visades f\u00f6r f\u00f6rsta g\u00e5ngen som en del av &#8221;Armour Mon Amour-utst\u00e4llningen&#8221; under Milan Design Week 2017.<br \/>\nLightbone var d\u00e5 i textil, upp till 3 meter h\u00f6g och inspirerades av en resa till Japan och dess bambuskog. LighBone finns i linoljef\u00e4rgerna Black oak, Blue oak och Natural oak. Den kan \u00e4ven f\u00e5s i andra f\u00e4rger p\u00e5 beg\u00e4ran.<\/p>\n","protected":false},"featured_media":19584,"template":"","meta":{"_acf_changed":false},"product_brand":[],"product_cat":[173],"product_tag":[181],"class_list":{"0":"post-20359","1":"product","2":"type-product","3":"status-publish","4":"has-post-thumbnail","6":"product_cat-okategoriserad","7":"product_tag-standard-sv","8":"pa_color-bla","9":"pa_color-miljo","10":"pa_color-black-sv","11":"pa_color-natural-oak-sv","12":"tm-no-options","14":"first","15":"instock","16":"taxable","17":"shipping-taxable","18":"purchasable","19":"product-type-variable","20":"has-default-attributes"},"acf":[],"yoast_head":"<!-- This site is optimized with the Yoast SEO plugin v27.3 - https:\/\/yoast.com\/product\/yoast-seo-wordpress\/ -->\n<title>Lightbone Pendant Medium \u2013 skandinavisk pendellampa i ek och opalglas fr\u00e5n Oblure<\/title>\n<meta name=\"description\" content=\"Lightbone Pendant Medium \u2013 en skandinavisk pendellampa i massiv ek och opalglas med dubbla ljusk\u00e4llor. Perfekt f\u00f6r k\u00f6ks\u00f6, matsal och vardagsrum.\" \/>\n<meta name=\"robots\" content=\"index, follow, max-snippet:-1, max-image-preview:large, max-video-preview:-1\" \/>\n<link rel=\"canonical\" href=\"https:\/\/oblure.com\/sv\/produkt\/lightbone-pendant-medium\/\" \/>\n<meta property=\"og:locale\" content=\"sv_SE\" \/>\n<meta property=\"og:type\" content=\"article\" \/>\n<meta property=\"og:title\" content=\"Lightbone Pendant Medium \u2013 skandinavisk pendellampa i ek och opalglas fr\u00e5n Oblure\" \/>\n<meta property=\"og:description\" content=\"Lightbone Pendant Medium \u2013 en skandinavisk pendellampa i massiv ek och opalglas med dubbla ljusk\u00e4llor. Perfekt f\u00f6r k\u00f6ks\u00f6, matsal och vardagsrum.\" \/>\n<meta property=\"og:url\" content=\"https:\/\/oblure.com\/sv\/produkt\/lightbone-pendant-medium\/\" \/>\n<meta property=\"og:site_name\" content=\"Oblure\" \/>\n<meta property=\"article:modified_time\" content=\"2025-12-19T10:02:12+00:00\" \/>\n<meta property=\"og:image\" content=\"https:\/\/oblure.com\/wp-content\/uploads\/2024\/01\/Oblure_Lightbone_Pendant_M_Black.jpg\" \/>\n\t<meta property=\"og:image:width\" content=\"1920\" \/>\n\t<meta property=\"og:image:height\" content=\"1920\" \/>\n\t<meta property=\"og:image:type\" content=\"image\/jpeg\" \/>\n<meta name=\"twitter:card\" content=\"summary_large_image\" \/>\n<meta name=\"twitter:label1\" content=\"Ber\u00e4knad l\u00e4stid\" \/>\n\t<meta name=\"twitter:data1\" content=\"1 minut\" \/>\n<script type=\"application\/ld+json\" class=\"yoast-schema-graph\">{\"@context\":\"https:\\\/\\\/schema.org\",\"@graph\":[{\"@type\":\"WebPage\",\"@id\":\"https:\\\/\\\/oblure.com\\\/sv\\\/produkt\\\/lightbone-pendant-medium\\\/\",\"url\":\"https:\\\/\\\/oblure.com\\\/sv\\\/produkt\\\/lightbone-pendant-medium\\\/\",\"name\":\"Lightbone Pendant Medium \u2013 skandinavisk pendellampa i ek och opalglas fr\u00e5n Oblure\",\"isPartOf\":{\"@id\":\"https:\\\/\\\/oblure.com\\\/sv\\\/#website\"},\"primaryImageOfPage\":{\"@id\":\"https:\\\/\\\/oblure.com\\\/sv\\\/produkt\\\/lightbone-pendant-medium\\\/#primaryimage\"},\"image\":{\"@id\":\"https:\\\/\\\/oblure.com\\\/sv\\\/produkt\\\/lightbone-pendant-medium\\\/#primaryimage\"},\"thumbnailUrl\":\"https:\\\/\\\/oblure.com\\\/wp-content\\\/uploads\\\/2024\\\/01\\\/Oblure_Lightbone_Pendant_M_Black.jpg\",\"datePublished\":\"2024-01-15T13:38:26+00:00\",\"dateModified\":\"2025-12-19T10:02:12+00:00\",\"description\":\"Lightbone Pendant Medium \u2013 en skandinavisk pendellampa i massiv ek och opalglas med dubbla ljusk\u00e4llor. Perfekt f\u00f6r k\u00f6ks\u00f6, matsal och vardagsrum.\",\"breadcrumb\":{\"@id\":\"https:\\\/\\\/oblure.com\\\/sv\\\/produkt\\\/lightbone-pendant-medium\\\/#breadcrumb\"},\"inLanguage\":\"sv-SE\",\"potentialAction\":[{\"@type\":\"ReadAction\",\"target\":[\"https:\\\/\\\/oblure.com\\\/sv\\\/produkt\\\/lightbone-pendant-medium\\\/\"]}]},{\"@type\":\"ImageObject\",\"inLanguage\":\"sv-SE\",\"@id\":\"https:\\\/\\\/oblure.com\\\/sv\\\/produkt\\\/lightbone-pendant-medium\\\/#primaryimage\",\"url\":\"https:\\\/\\\/oblure.com\\\/wp-content\\\/uploads\\\/2024\\\/01\\\/Oblure_Lightbone_Pendant_M_Black.jpg\",\"contentUrl\":\"https:\\\/\\\/oblure.com\\\/wp-content\\\/uploads\\\/2024\\\/01\\\/Oblure_Lightbone_Pendant_M_Black.jpg\",\"width\":1920,\"height\":1920},{\"@type\":\"BreadcrumbList\",\"@id\":\"https:\\\/\\\/oblure.com\\\/sv\\\/produkt\\\/lightbone-pendant-medium\\\/#breadcrumb\",\"itemListElement\":[{\"@type\":\"ListItem\",\"position\":1,\"name\":\"Alla produkter\",\"item\":\"https:\\\/\\\/oblure.com\\\/sv\\\/kollektion\\\/\"},{\"@type\":\"ListItem\",\"position\":2,\"name\":\"Oblures kollektion\",\"item\":\"https:\\\/\\\/oblure.com\\\/sv\\\/kollektion\\\/\"},{\"@type\":\"ListItem\",\"position\":3,\"name\":\"Lightbone Pendant Medium\"}]},{\"@type\":\"WebSite\",\"@id\":\"https:\\\/\\\/oblure.com\\\/sv\\\/#website\",\"url\":\"https:\\\/\\\/oblure.com\\\/sv\\\/\",\"name\":\"Oblure - Alluring lightning\",\"description\":\"Alluring lightning\",\"publisher\":{\"@id\":\"https:\\\/\\\/oblure.com\\\/sv\\\/#organization\"},\"potentialAction\":[{\"@type\":\"SearchAction\",\"target\":{\"@type\":\"EntryPoint\",\"urlTemplate\":\"https:\\\/\\\/oblure.com\\\/sv\\\/?s={search_term_string}\"},\"query-input\":{\"@type\":\"PropertyValueSpecification\",\"valueRequired\":true,\"valueName\":\"search_term_string\"}}],\"inLanguage\":\"sv-SE\"},{\"@type\":\"Organization\",\"@id\":\"https:\\\/\\\/oblure.com\\\/sv\\\/#organization\",\"name\":\"Oblure\",\"url\":\"https:\\\/\\\/oblure.com\\\/sv\\\/\",\"logo\":{\"@type\":\"ImageObject\",\"inLanguage\":\"sv-SE\",\"@id\":\"https:\\\/\\\/oblure.com\\\/sv\\\/#\\\/schema\\\/logo\\\/image\\\/\",\"url\":\"https:\\\/\\\/oblure.com\\\/wp-content\\\/uploads\\\/2023\\\/05\\\/logo_oblure_SWEDEN-1.svg\",\"contentUrl\":\"https:\\\/\\\/oblure.com\\\/wp-content\\\/uploads\\\/2023\\\/05\\\/logo_oblure_SWEDEN-1.svg\",\"width\":841,\"height\":595,\"caption\":\"Oblure\"},\"image\":{\"@id\":\"https:\\\/\\\/oblure.com\\\/sv\\\/#\\\/schema\\\/logo\\\/image\\\/\"}}]}<\/script>\n<!-- \/ Yoast SEO plugin. -->","yoast_head_json":{"title":"Lightbone Pendant Medium \u2013 skandinavisk pendellampa i ek och opalglas fr\u00e5n Oblure","description":"Lightbone Pendant Medium \u2013 en skandinavisk pendellampa i massiv ek och opalglas med dubbla ljusk\u00e4llor. Perfekt f\u00f6r k\u00f6ks\u00f6, matsal och vardagsrum.","robots":{"index":"index","follow":"follow","max-snippet":"max-snippet:-1","max-image-preview":"max-image-preview:large","max-video-preview":"max-video-preview:-1"},"canonical":"https:\/\/oblure.com\/sv\/produkt\/lightbone-pendant-medium\/","og_locale":"sv_SE","og_type":"article","og_title":"Lightbone Pendant Medium \u2013 skandinavisk pendellampa i ek och opalglas fr\u00e5n Oblure","og_description":"Lightbone Pendant Medium \u2013 en skandinavisk pendellampa i massiv ek och opalglas med dubbla ljusk\u00e4llor. Perfekt f\u00f6r k\u00f6ks\u00f6, matsal och vardagsrum.","og_url":"https:\/\/oblure.com\/sv\/produkt\/lightbone-pendant-medium\/","og_site_name":"Oblure","article_modified_time":"2025-12-19T10:02:12+00:00","og_image":[{"width":1920,"height":1920,"url":"https:\/\/oblure.com\/wp-content\/uploads\/2024\/01\/Oblure_Lightbone_Pendant_M_Black.jpg","type":"image\/jpeg"}],"twitter_card":"summary_large_image","twitter_misc":{"Ber\u00e4knad l\u00e4stid":"1 minut"},"schema":{"@context":"https:\/\/schema.org","@graph":[{"@type":"WebPage","@id":"https:\/\/oblure.com\/sv\/produkt\/lightbone-pendant-medium\/","url":"https:\/\/oblure.com\/sv\/produkt\/lightbone-pendant-medium\/","name":"Lightbone Pendant Medium \u2013 skandinavisk pendellampa i ek och opalglas fr\u00e5n Oblure","isPartOf":{"@id":"https:\/\/oblure.com\/sv\/#website"},"primaryImageOfPage":{"@id":"https:\/\/oblure.com\/sv\/produkt\/lightbone-pendant-medium\/#primaryimage"},"image":{"@id":"https:\/\/oblure.com\/sv\/produkt\/lightbone-pendant-medium\/#primaryimage"},"thumbnailUrl":"https:\/\/oblure.com\/wp-content\/uploads\/2024\/01\/Oblure_Lightbone_Pendant_M_Black.jpg","datePublished":"2024-01-15T13:38:26+00:00","dateModified":"2025-12-19T10:02:12+00:00","description":"Lightbone Pendant Medium \u2013 en skandinavisk pendellampa i massiv ek och opalglas med dubbla ljusk\u00e4llor. Perfekt f\u00f6r k\u00f6ks\u00f6, matsal och vardagsrum.","breadcrumb":{"@id":"https:\/\/oblure.com\/sv\/produkt\/lightbone-pendant-medium\/#breadcrumb"},"inLanguage":"sv-SE","potentialAction":[{"@type":"ReadAction","target":["https:\/\/oblure.com\/sv\/produkt\/lightbone-pendant-medium\/"]}]},{"@type":"ImageObject","inLanguage":"sv-SE","@id":"https:\/\/oblure.com\/sv\/produkt\/lightbone-pendant-medium\/#primaryimage","url":"https:\/\/oblure.com\/wp-content\/uploads\/2024\/01\/Oblure_Lightbone_Pendant_M_Black.jpg","contentUrl":"https:\/\/oblure.com\/wp-content\/uploads\/2024\/01\/Oblure_Lightbone_Pendant_M_Black.jpg","width":1920,"height":1920},{"@type":"BreadcrumbList","@id":"https:\/\/oblure.com\/sv\/produkt\/lightbone-pendant-medium\/#breadcrumb","itemListElement":[{"@type":"ListItem","position":1,"name":"Alla produkter","item":"https:\/\/oblure.com\/sv\/kollektion\/"},{"@type":"ListItem","position":2,"name":"Oblures kollektion","item":"https:\/\/oblure.com\/sv\/kollektion\/"},{"@type":"ListItem","position":3,"name":"Lightbone Pendant Medium"}]},{"@type":"WebSite","@id":"https:\/\/oblure.com\/sv\/#website","url":"https:\/\/oblure.com\/sv\/","name":"Oblure - Alluring lightning","description":"Alluring lightning","publisher":{"@id":"https:\/\/oblure.com\/sv\/#organization"},"potentialAction":[{"@type":"SearchAction","target":{"@type":"EntryPoint","urlTemplate":"https:\/\/oblure.com\/sv\/?s={search_term_string}"},"query-input":{"@type":"PropertyValueSpecification","valueRequired":true,"valueName":"search_term_string"}}],"inLanguage":"sv-SE"},{"@type":"Organization","@id":"https:\/\/oblure.com\/sv\/#organization","name":"Oblure","url":"https:\/\/oblure.com\/sv\/","logo":{"@type":"ImageObject","inLanguage":"sv-SE","@id":"https:\/\/oblure.com\/sv\/#\/schema\/logo\/image\/","url":"https:\/\/oblure.com\/wp-content\/uploads\/2023\/05\/logo_oblure_SWEDEN-1.svg","contentUrl":"https:\/\/oblure.com\/wp-content\/uploads\/2023\/05\/logo_oblure_SWEDEN-1.svg","width":841,"height":595,"caption":"Oblure"},"image":{"@id":"https:\/\/oblure.com\/sv\/#\/schema\/logo\/image\/"}}]}},"_links":{"self":[{"href":"https:\/\/oblure.com\/sv\/wp-json\/wp\/v2\/product\/20359","targetHints":{"allow":["GET"]}}],"collection":[{"href":"https:\/\/oblure.com\/sv\/wp-json\/wp\/v2\/product"}],"about":[{"href":"https:\/\/oblure.com\/sv\/wp-json\/wp\/v2\/types\/product"}],"version-history":[{"count":2,"href":"https:\/\/oblure.com\/sv\/wp-json\/wp\/v2\/product\/20359\/revisions"}],"predecessor-version":[{"id":22756,"href":"https:\/\/oblure.com\/sv\/wp-json\/wp\/v2\/product\/20359\/revisions\/22756"}],"wp:featuredmedia":[{"embeddable":true,"href":"https:\/\/oblure.com\/sv\/wp-json\/wp\/v2\/media\/19584"}],"wp:attachment":[{"href":"https:\/\/oblure.com\/sv\/wp-json\/wp\/v2\/media?parent=20359"}],"wp:term":[{"taxonomy":"product_brand","embeddable":true,"href":"https:\/\/oblure.com\/sv\/wp-json\/wp\/v2\/product_brand?post=20359"},{"taxonomy":"product_cat","embeddable":true,"href":"https:\/\/oblure.com\/sv\/wp-json\/wp\/v2\/product_cat?post=20359"},{"taxonomy":"product_tag","embeddable":true,"href":"https:\/\/oblure.com\/sv\/wp-json\/wp\/v2\/product_tag?post=20359"}],"curies":[{"name":"wp","href":"https:\/\/api.w.org\/{rel}","templated":true}]}}