{"id":20379,"date":"2024-01-15T16:14:10","date_gmt":"2024-01-15T15:14:10","guid":{"rendered":"https:\/\/oblure.com\/product\/bagcirkel-98\/"},"modified":"2026-03-10T21:04:21","modified_gmt":"2026-03-10T20:04:21","slug":"arch-circle-98","status":"publish","type":"product","link":"https:\/\/oblure.com\/sv\/produkt\/arch-circle-98\/","title":{"rendered":"Arch Circle 98"},"content":{"rendered":"<p>Arch Circle 98 fr\u00e5n Oblure \u00e4r en skulptural designlampa och pendellampa med tolv symmetriskt placerade ljusk\u00e4llor som skapar en j\u00e4mn och balanserad ljusupplevelse. Inspirerad av det ikoniska valvet \u2013 ett tidl\u00f6st arkitekturelement som st\u00e5r f\u00f6r styrka och elegans \u2013 blir Arch en hyllning till b\u00e5de arkitektonisk belysning och skandinavisk minimalism. <\/p>\n<p>Den eleganta taklampan h\u00e4nger i tre tunna metalltr\u00e5dar och framst\u00e5r som n\u00e4stan viktl\u00f6s, vilket g\u00f6r att den sm\u00e4lter in utan att ta \u00f6ver rummet. Ljusk\u00e4llorna \u00e4r utbytbara, vilket g\u00f6r det enkelt att anpassa f\u00e4rgtemperatur och spridning efter milj\u00f6 och behov. <\/p>\n<p>Perfekt som taklampa f\u00f6r vardagsrum eller sovrum, som matbordslampa i hemmet eller \u00f6ver ett st\u00f6rre konferensbord. Arch Circle 98 fungerar lika bra som en funktionell armatur som en exklusiv statement piece. Armaturen kan best\u00e4llas i valfri RAL- eller NCS-kul\u00f6r f\u00f6r en personlig pr\u00e4gel. <\/p>\n<p>Arch Circle 98 finns i alla RAL- och NCS-f\u00e4rger och kan anpassas f\u00f6r att passa din interi\u00f6r. Uppt\u00e4ck hela Oblures kollektion av skandinaviska lampor och modern belysning &#8211; d\u00e4r minimalism m\u00f6ter tidl\u00f6s design. <\/p>\n","protected":false},"excerpt":{"rendered":"<p>Den nylanserade Arch blev snabbt en favorit och det dr\u00f6jde inte l\u00e4nge innan flera konstellationer efterfr\u00e5gades. De arkitektoniska b\u00e5garna \u00e4r fortfarande grunden i konstruktion och design men nu i en ny kl\u00e4dsel och estetik.  &#8221;Vi ser denna medlem som en f\u00f6rl\u00e4ngning och med detta bidrag har Arch\u00b4s nu blivit en familj.<\/p>\n<p>Upph\u00e4ngd i tre tunna metalltr\u00e5dar framst\u00e5r lampan som n\u00e4stintill viktl\u00f6s vilket g\u00f6r att den inte upptar f\u00f6r mycket av rymden i rummet.<\/p>\n","protected":false},"featured_media":19608,"template":"","meta":{"_acf_changed":false},"product_brand":[],"product_cat":[173],"product_tag":[181],"class_list":{"0":"post-20379","1":"product","2":"type-product","3":"status-publish","4":"has-post-thumbnail","6":"product_cat-okategoriserad","7":"product_tag-standard-sv","8":"pa_color-bla","9":"pa_color-miljo","10":"pa_color-black-sv","11":"pa_color-custom-color-sv","12":"pa_color-nude-sv","13":"pa_color-white-sv","14":"tm-has-options","16":"first","17":"instock","18":"taxable","19":"shipping-taxable","20":"purchasable","21":"product-type-variable","22":"has-default-attributes"},"acf":[],"yoast_head":"<!-- This site is optimized with the Yoast SEO plugin v27.3 - https:\/\/yoast.com\/product\/yoast-seo-wordpress\/ -->\n<title>Arch Circle 98 - Pendellampa fr\u00e5n Oblure<\/title>\n<meta name=\"description\" content=\"Arch Circle 98 \u2013 en exklusiv designlampa fr\u00e5n Oblure. Skandinavisk pendellampa inspirerad av arkitektur, perfekt f\u00f6r vardagsrum och matbord.\" \/>\n<meta name=\"robots\" content=\"index, follow, max-snippet:-1, max-image-preview:large, max-video-preview:-1\" \/>\n<link rel=\"canonical\" href=\"https:\/\/oblure.com\/sv\/produkt\/arch-circle-98\/\" \/>\n<meta property=\"og:locale\" content=\"sv_SE\" \/>\n<meta property=\"og:type\" content=\"article\" \/>\n<meta property=\"og:title\" content=\"Arch Circle 98 - Pendellampa fr\u00e5n Oblure\" \/>\n<meta property=\"og:description\" content=\"Arch Circle 98 \u2013 en exklusiv designlampa fr\u00e5n Oblure. Skandinavisk pendellampa inspirerad av arkitektur, perfekt f\u00f6r vardagsrum och matbord.\" \/>\n<meta property=\"og:url\" content=\"https:\/\/oblure.com\/sv\/produkt\/arch-circle-98\/\" \/>\n<meta property=\"og:site_name\" content=\"Oblure\" \/>\n<meta property=\"article:modified_time\" content=\"2026-03-10T20:04:21+00:00\" \/>\n<meta property=\"og:image\" content=\"https:\/\/oblure.com\/wp-content\/uploads\/2024\/01\/arch_circle_98_bla.jpg\" \/>\n\t<meta property=\"og:image:width\" content=\"1920\" \/>\n\t<meta property=\"og:image:height\" content=\"1920\" \/>\n\t<meta property=\"og:image:type\" content=\"image\/jpeg\" \/>\n<meta name=\"twitter:card\" content=\"summary_large_image\" \/>\n<meta name=\"twitter:label1\" content=\"Ber\u00e4knad l\u00e4stid\" \/>\n\t<meta name=\"twitter:data1\" content=\"1 minut\" \/>\n<script type=\"application\/ld+json\" class=\"yoast-schema-graph\">{\"@context\":\"https:\\\/\\\/schema.org\",\"@graph\":[{\"@type\":\"WebPage\",\"@id\":\"https:\\\/\\\/oblure.com\\\/sv\\\/produkt\\\/arch-circle-98\\\/\",\"url\":\"https:\\\/\\\/oblure.com\\\/sv\\\/produkt\\\/arch-circle-98\\\/\",\"name\":\"Arch Circle 98 - Pendellampa fr\u00e5n Oblure\",\"isPartOf\":{\"@id\":\"https:\\\/\\\/oblure.com\\\/sv\\\/#website\"},\"primaryImageOfPage\":{\"@id\":\"https:\\\/\\\/oblure.com\\\/sv\\\/produkt\\\/arch-circle-98\\\/#primaryimage\"},\"image\":{\"@id\":\"https:\\\/\\\/oblure.com\\\/sv\\\/produkt\\\/arch-circle-98\\\/#primaryimage\"},\"thumbnailUrl\":\"https:\\\/\\\/oblure.com\\\/wp-content\\\/uploads\\\/2024\\\/01\\\/arch_circle_98_bla.jpg\",\"datePublished\":\"2024-01-15T15:14:10+00:00\",\"dateModified\":\"2026-03-10T20:04:21+00:00\",\"description\":\"Arch Circle 98 \u2013 en exklusiv designlampa fr\u00e5n Oblure. Skandinavisk pendellampa inspirerad av arkitektur, perfekt f\u00f6r vardagsrum och matbord.\",\"breadcrumb\":{\"@id\":\"https:\\\/\\\/oblure.com\\\/sv\\\/produkt\\\/arch-circle-98\\\/#breadcrumb\"},\"inLanguage\":\"sv-SE\",\"potentialAction\":[{\"@type\":\"ReadAction\",\"target\":[\"https:\\\/\\\/oblure.com\\\/sv\\\/produkt\\\/arch-circle-98\\\/\"]}]},{\"@type\":\"ImageObject\",\"inLanguage\":\"sv-SE\",\"@id\":\"https:\\\/\\\/oblure.com\\\/sv\\\/produkt\\\/arch-circle-98\\\/#primaryimage\",\"url\":\"https:\\\/\\\/oblure.com\\\/wp-content\\\/uploads\\\/2024\\\/01\\\/arch_circle_98_bla.jpg\",\"contentUrl\":\"https:\\\/\\\/oblure.com\\\/wp-content\\\/uploads\\\/2024\\\/01\\\/arch_circle_98_bla.jpg\",\"width\":1920,\"height\":1920},{\"@type\":\"BreadcrumbList\",\"@id\":\"https:\\\/\\\/oblure.com\\\/sv\\\/produkt\\\/arch-circle-98\\\/#breadcrumb\",\"itemListElement\":[{\"@type\":\"ListItem\",\"position\":1,\"name\":\"Alla produkter\",\"item\":\"https:\\\/\\\/oblure.com\\\/sv\\\/kollektion\\\/\"},{\"@type\":\"ListItem\",\"position\":2,\"name\":\"Oblures kollektion\",\"item\":\"https:\\\/\\\/oblure.com\\\/sv\\\/kollektion\\\/\"},{\"@type\":\"ListItem\",\"position\":3,\"name\":\"Arch Circle 98\"}]},{\"@type\":\"WebSite\",\"@id\":\"https:\\\/\\\/oblure.com\\\/sv\\\/#website\",\"url\":\"https:\\\/\\\/oblure.com\\\/sv\\\/\",\"name\":\"Oblure - Alluring lightning\",\"description\":\"Alluring lightning\",\"publisher\":{\"@id\":\"https:\\\/\\\/oblure.com\\\/sv\\\/#organization\"},\"potentialAction\":[{\"@type\":\"SearchAction\",\"target\":{\"@type\":\"EntryPoint\",\"urlTemplate\":\"https:\\\/\\\/oblure.com\\\/sv\\\/?s={search_term_string}\"},\"query-input\":{\"@type\":\"PropertyValueSpecification\",\"valueRequired\":true,\"valueName\":\"search_term_string\"}}],\"inLanguage\":\"sv-SE\"},{\"@type\":\"Organization\",\"@id\":\"https:\\\/\\\/oblure.com\\\/sv\\\/#organization\",\"name\":\"Oblure\",\"url\":\"https:\\\/\\\/oblure.com\\\/sv\\\/\",\"logo\":{\"@type\":\"ImageObject\",\"inLanguage\":\"sv-SE\",\"@id\":\"https:\\\/\\\/oblure.com\\\/sv\\\/#\\\/schema\\\/logo\\\/image\\\/\",\"url\":\"https:\\\/\\\/oblure.com\\\/wp-content\\\/uploads\\\/2023\\\/05\\\/logo_oblure_SWEDEN-1.svg\",\"contentUrl\":\"https:\\\/\\\/oblure.com\\\/wp-content\\\/uploads\\\/2023\\\/05\\\/logo_oblure_SWEDEN-1.svg\",\"width\":841,\"height\":595,\"caption\":\"Oblure\"},\"image\":{\"@id\":\"https:\\\/\\\/oblure.com\\\/sv\\\/#\\\/schema\\\/logo\\\/image\\\/\"}}]}<\/script>\n<!-- \/ Yoast SEO plugin. -->","yoast_head_json":{"title":"Arch Circle 98 - Pendellampa fr\u00e5n Oblure","description":"Arch Circle 98 \u2013 en exklusiv designlampa fr\u00e5n Oblure. Skandinavisk pendellampa inspirerad av arkitektur, perfekt f\u00f6r vardagsrum och matbord.","robots":{"index":"index","follow":"follow","max-snippet":"max-snippet:-1","max-image-preview":"max-image-preview:large","max-video-preview":"max-video-preview:-1"},"canonical":"https:\/\/oblure.com\/sv\/produkt\/arch-circle-98\/","og_locale":"sv_SE","og_type":"article","og_title":"Arch Circle 98 - Pendellampa fr\u00e5n Oblure","og_description":"Arch Circle 98 \u2013 en exklusiv designlampa fr\u00e5n Oblure. Skandinavisk pendellampa inspirerad av arkitektur, perfekt f\u00f6r vardagsrum och matbord.","og_url":"https:\/\/oblure.com\/sv\/produkt\/arch-circle-98\/","og_site_name":"Oblure","article_modified_time":"2026-03-10T20:04:21+00:00","og_image":[{"width":1920,"height":1920,"url":"https:\/\/oblure.com\/wp-content\/uploads\/2024\/01\/arch_circle_98_bla.jpg","type":"image\/jpeg"}],"twitter_card":"summary_large_image","twitter_misc":{"Ber\u00e4knad l\u00e4stid":"1 minut"},"schema":{"@context":"https:\/\/schema.org","@graph":[{"@type":"WebPage","@id":"https:\/\/oblure.com\/sv\/produkt\/arch-circle-98\/","url":"https:\/\/oblure.com\/sv\/produkt\/arch-circle-98\/","name":"Arch Circle 98 - Pendellampa fr\u00e5n Oblure","isPartOf":{"@id":"https:\/\/oblure.com\/sv\/#website"},"primaryImageOfPage":{"@id":"https:\/\/oblure.com\/sv\/produkt\/arch-circle-98\/#primaryimage"},"image":{"@id":"https:\/\/oblure.com\/sv\/produkt\/arch-circle-98\/#primaryimage"},"thumbnailUrl":"https:\/\/oblure.com\/wp-content\/uploads\/2024\/01\/arch_circle_98_bla.jpg","datePublished":"2024-01-15T15:14:10+00:00","dateModified":"2026-03-10T20:04:21+00:00","description":"Arch Circle 98 \u2013 en exklusiv designlampa fr\u00e5n Oblure. Skandinavisk pendellampa inspirerad av arkitektur, perfekt f\u00f6r vardagsrum och matbord.","breadcrumb":{"@id":"https:\/\/oblure.com\/sv\/produkt\/arch-circle-98\/#breadcrumb"},"inLanguage":"sv-SE","potentialAction":[{"@type":"ReadAction","target":["https:\/\/oblure.com\/sv\/produkt\/arch-circle-98\/"]}]},{"@type":"ImageObject","inLanguage":"sv-SE","@id":"https:\/\/oblure.com\/sv\/produkt\/arch-circle-98\/#primaryimage","url":"https:\/\/oblure.com\/wp-content\/uploads\/2024\/01\/arch_circle_98_bla.jpg","contentUrl":"https:\/\/oblure.com\/wp-content\/uploads\/2024\/01\/arch_circle_98_bla.jpg","width":1920,"height":1920},{"@type":"BreadcrumbList","@id":"https:\/\/oblure.com\/sv\/produkt\/arch-circle-98\/#breadcrumb","itemListElement":[{"@type":"ListItem","position":1,"name":"Alla produkter","item":"https:\/\/oblure.com\/sv\/kollektion\/"},{"@type":"ListItem","position":2,"name":"Oblures kollektion","item":"https:\/\/oblure.com\/sv\/kollektion\/"},{"@type":"ListItem","position":3,"name":"Arch Circle 98"}]},{"@type":"WebSite","@id":"https:\/\/oblure.com\/sv\/#website","url":"https:\/\/oblure.com\/sv\/","name":"Oblure - Alluring lightning","description":"Alluring lightning","publisher":{"@id":"https:\/\/oblure.com\/sv\/#organization"},"potentialAction":[{"@type":"SearchAction","target":{"@type":"EntryPoint","urlTemplate":"https:\/\/oblure.com\/sv\/?s={search_term_string}"},"query-input":{"@type":"PropertyValueSpecification","valueRequired":true,"valueName":"search_term_string"}}],"inLanguage":"sv-SE"},{"@type":"Organization","@id":"https:\/\/oblure.com\/sv\/#organization","name":"Oblure","url":"https:\/\/oblure.com\/sv\/","logo":{"@type":"ImageObject","inLanguage":"sv-SE","@id":"https:\/\/oblure.com\/sv\/#\/schema\/logo\/image\/","url":"https:\/\/oblure.com\/wp-content\/uploads\/2023\/05\/logo_oblure_SWEDEN-1.svg","contentUrl":"https:\/\/oblure.com\/wp-content\/uploads\/2023\/05\/logo_oblure_SWEDEN-1.svg","width":841,"height":595,"caption":"Oblure"},"image":{"@id":"https:\/\/oblure.com\/sv\/#\/schema\/logo\/image\/"}}]}},"_links":{"self":[{"href":"https:\/\/oblure.com\/sv\/wp-json\/wp\/v2\/product\/20379","targetHints":{"allow":["GET"]}}],"collection":[{"href":"https:\/\/oblure.com\/sv\/wp-json\/wp\/v2\/product"}],"about":[{"href":"https:\/\/oblure.com\/sv\/wp-json\/wp\/v2\/types\/product"}],"version-history":[{"count":7,"href":"https:\/\/oblure.com\/sv\/wp-json\/wp\/v2\/product\/20379\/revisions"}],"predecessor-version":[{"id":22748,"href":"https:\/\/oblure.com\/sv\/wp-json\/wp\/v2\/product\/20379\/revisions\/22748"}],"wp:featuredmedia":[{"embeddable":true,"href":"https:\/\/oblure.com\/sv\/wp-json\/wp\/v2\/media\/19608"}],"wp:attachment":[{"href":"https:\/\/oblure.com\/sv\/wp-json\/wp\/v2\/media?parent=20379"}],"wp:term":[{"taxonomy":"product_brand","embeddable":true,"href":"https:\/\/oblure.com\/sv\/wp-json\/wp\/v2\/product_brand?post=20379"},{"taxonomy":"product_cat","embeddable":true,"href":"https:\/\/oblure.com\/sv\/wp-json\/wp\/v2\/product_cat?post=20379"},{"taxonomy":"product_tag","embeddable":true,"href":"https:\/\/oblure.com\/sv\/wp-json\/wp\/v2\/product_tag?post=20379"}],"curies":[{"name":"wp","href":"https:\/\/api.w.org\/{rel}","templated":true}]}}