{"id":20386,"date":"2024-01-16T16:17:53","date_gmt":"2024-01-16T15:17:53","guid":{"rendered":"https:\/\/oblure.com\/product\/notic-hangsmycke\/"},"modified":"2025-06-17T20:23:07","modified_gmt":"2025-06-17T18:23:07","slug":"notic-pendant","status":"publish","type":"product","link":"https:\/\/oblure.com\/sv\/produkt\/notic-pendant\/","title":{"rendered":"Notic Pendant"},"content":{"rendered":"<p>Notic \u00e4r en hyllning till klassiska arkitektoniska element. Den grafiska metallsk\u00e4rmen omfamnar glasets komplexa geometri och sprider ljuset p\u00e5 ett hypnotiskt s\u00e4tt. Lampan har ett fokuserat ned\u00e5triktat ljus kombinerat med en mild belysning genom sk\u00e4rmen. Med sin likhet med en hypnotisk pendel kan betraktaren till och med hitta n\u00e5got inom sig sj\u00e4lv.<\/p>\n<p>Tanken bakom lampan var att skapa en fokuspunkt i ett tredimensionellt rum. Ett rum beh\u00f6ver virtuella linjer och riktningar f\u00f6r att v\u00e4gleda bes\u00f6karen, men ocks\u00e5 f\u00f6r att skapa en definierad rumslighet. M\u00f6nstret fungerar inte bara som ett designelement och ett s\u00e4tt att sprida ljuset, den skarpa kontrasten drar ocks\u00e5 till sig omedelbar uppm\u00e4rksamhet.<\/p>\n","protected":false},"excerpt":{"rendered":"<p>Notic \u00e4r en hyllning till klassiska arkitektoniska element. Den grafiska metallsk\u00e4rmen omfamnar glasets komplexa geometri och sprider ljuset p\u00e5 ett hypnotiskt s\u00e4tt. Lampan har ett fokuserat ned\u00e5triktat ljus kombinerat med en mild belysning genom sk\u00e4rmen. Med sin likhet med en hypnotisk pendel kan betraktaren till och med hitta n\u00e5got inom sig sj\u00e4lv.<\/p>\n<p>Tanken bakom lampan var att skapa en fokuspunkt i ett tredimensionellt rum. Ett rum beh\u00f6ver virtuella linjer och riktningar f\u00f6r att v\u00e4gleda bes\u00f6karen, men ocks\u00e5 f\u00f6r att skapa en definierad rumslighet. M\u00f6nstret fungerar inte bara som ett designelement och ett s\u00e4tt att sprida ljuset, den skarpa kontrasten drar ocks\u00e5 till sig omedelbar uppm\u00e4rksamhet.<\/p>\n","protected":false},"featured_media":19617,"template":"","meta":{"_acf_changed":false},"product_brand":[],"product_cat":[173],"product_tag":[181],"class_list":{"0":"post-20386","1":"product","2":"type-product","3":"status-publish","4":"has-post-thumbnail","6":"product_cat-okategoriserad","7":"product_tag-standard-sv","8":"pa_color-black-sv","9":"tm-no-options","11":"first","12":"instock","13":"taxable","14":"shipping-taxable","15":"purchasable","16":"product-type-variable","17":"has-default-attributes"},"acf":[],"yoast_head":"<!-- This site is optimized with the Yoast SEO plugin v27.3 - https:\/\/yoast.com\/product\/yoast-seo-wordpress\/ -->\n<title>Notic Pendant - Oblure<\/title>\n<meta name=\"description\" content=\"Notic pendel har en metallsk\u00e4rm med ett grafiskt m\u00f6nster, fokuserad ned\u00e5triktad belysning med ett mjukt sken genom sk\u00e4rmen. Designad av Notchi Architects.\" \/>\n<meta name=\"robots\" content=\"index, follow, max-snippet:-1, max-image-preview:large, max-video-preview:-1\" \/>\n<link rel=\"canonical\" href=\"https:\/\/oblure.com\/sv\/produkt\/notic-pendant\/\" \/>\n<meta property=\"og:locale\" content=\"sv_SE\" \/>\n<meta property=\"og:type\" content=\"article\" \/>\n<meta property=\"og:title\" content=\"Notic Pendant - Oblure\" \/>\n<meta property=\"og:description\" content=\"Notic pendel har en metallsk\u00e4rm med ett grafiskt m\u00f6nster, fokuserad ned\u00e5triktad belysning med ett mjukt sken genom sk\u00e4rmen. Designad av Notchi Architects.\" \/>\n<meta property=\"og:url\" content=\"https:\/\/oblure.com\/sv\/produkt\/notic-pendant\/\" \/>\n<meta property=\"og:site_name\" content=\"Oblure\" \/>\n<meta property=\"article:modified_time\" content=\"2025-06-17T18:23:07+00:00\" \/>\n<meta property=\"og:image\" content=\"https:\/\/oblure.com\/wp-content\/uploads\/2024\/01\/notic_pendant_produktbild-kopiera_2.jpg\" \/>\n\t<meta property=\"og:image:width\" content=\"1920\" \/>\n\t<meta property=\"og:image:height\" content=\"1920\" \/>\n\t<meta property=\"og:image:type\" content=\"image\/jpeg\" \/>\n<meta name=\"twitter:card\" content=\"summary_large_image\" \/>\n<meta name=\"twitter:label1\" content=\"Ber\u00e4knad l\u00e4stid\" \/>\n\t<meta name=\"twitter:data1\" content=\"1 minut\" \/>\n<script type=\"application\/ld+json\" class=\"yoast-schema-graph\">{\"@context\":\"https:\\\/\\\/schema.org\",\"@graph\":[{\"@type\":\"WebPage\",\"@id\":\"https:\\\/\\\/oblure.com\\\/sv\\\/produkt\\\/notic-pendant\\\/\",\"url\":\"https:\\\/\\\/oblure.com\\\/sv\\\/produkt\\\/notic-pendant\\\/\",\"name\":\"Notic Pendant - Oblure\",\"isPartOf\":{\"@id\":\"https:\\\/\\\/oblure.com\\\/sv\\\/#website\"},\"primaryImageOfPage\":{\"@id\":\"https:\\\/\\\/oblure.com\\\/sv\\\/produkt\\\/notic-pendant\\\/#primaryimage\"},\"image\":{\"@id\":\"https:\\\/\\\/oblure.com\\\/sv\\\/produkt\\\/notic-pendant\\\/#primaryimage\"},\"thumbnailUrl\":\"https:\\\/\\\/oblure.com\\\/wp-content\\\/uploads\\\/2024\\\/01\\\/notic_pendant_produktbild-kopiera_2.jpg\",\"datePublished\":\"2024-01-16T15:17:53+00:00\",\"dateModified\":\"2025-06-17T18:23:07+00:00\",\"description\":\"Notic pendel har en metallsk\u00e4rm med ett grafiskt m\u00f6nster, fokuserad ned\u00e5triktad belysning med ett mjukt sken genom sk\u00e4rmen. Designad av Notchi Architects.\",\"breadcrumb\":{\"@id\":\"https:\\\/\\\/oblure.com\\\/sv\\\/produkt\\\/notic-pendant\\\/#breadcrumb\"},\"inLanguage\":\"sv-SE\",\"potentialAction\":[{\"@type\":\"ReadAction\",\"target\":[\"https:\\\/\\\/oblure.com\\\/sv\\\/produkt\\\/notic-pendant\\\/\"]}]},{\"@type\":\"ImageObject\",\"inLanguage\":\"sv-SE\",\"@id\":\"https:\\\/\\\/oblure.com\\\/sv\\\/produkt\\\/notic-pendant\\\/#primaryimage\",\"url\":\"https:\\\/\\\/oblure.com\\\/wp-content\\\/uploads\\\/2024\\\/01\\\/notic_pendant_produktbild-kopiera_2.jpg\",\"contentUrl\":\"https:\\\/\\\/oblure.com\\\/wp-content\\\/uploads\\\/2024\\\/01\\\/notic_pendant_produktbild-kopiera_2.jpg\",\"width\":1920,\"height\":1920},{\"@type\":\"BreadcrumbList\",\"@id\":\"https:\\\/\\\/oblure.com\\\/sv\\\/produkt\\\/notic-pendant\\\/#breadcrumb\",\"itemListElement\":[{\"@type\":\"ListItem\",\"position\":1,\"name\":\"Alla produkter\",\"item\":\"https:\\\/\\\/oblure.com\\\/sv\\\/kollektion\\\/\"},{\"@type\":\"ListItem\",\"position\":2,\"name\":\"Oblures kollektion\",\"item\":\"https:\\\/\\\/oblure.com\\\/sv\\\/kollektion\\\/\"},{\"@type\":\"ListItem\",\"position\":3,\"name\":\"Notic Pendant\"}]},{\"@type\":\"WebSite\",\"@id\":\"https:\\\/\\\/oblure.com\\\/sv\\\/#website\",\"url\":\"https:\\\/\\\/oblure.com\\\/sv\\\/\",\"name\":\"Oblure - Alluring lightning\",\"description\":\"Alluring lightning\",\"publisher\":{\"@id\":\"https:\\\/\\\/oblure.com\\\/sv\\\/#organization\"},\"potentialAction\":[{\"@type\":\"SearchAction\",\"target\":{\"@type\":\"EntryPoint\",\"urlTemplate\":\"https:\\\/\\\/oblure.com\\\/sv\\\/?s={search_term_string}\"},\"query-input\":{\"@type\":\"PropertyValueSpecification\",\"valueRequired\":true,\"valueName\":\"search_term_string\"}}],\"inLanguage\":\"sv-SE\"},{\"@type\":\"Organization\",\"@id\":\"https:\\\/\\\/oblure.com\\\/sv\\\/#organization\",\"name\":\"Oblure\",\"url\":\"https:\\\/\\\/oblure.com\\\/sv\\\/\",\"logo\":{\"@type\":\"ImageObject\",\"inLanguage\":\"sv-SE\",\"@id\":\"https:\\\/\\\/oblure.com\\\/sv\\\/#\\\/schema\\\/logo\\\/image\\\/\",\"url\":\"https:\\\/\\\/oblure.com\\\/wp-content\\\/uploads\\\/2023\\\/05\\\/logo_oblure_SWEDEN-1.svg\",\"contentUrl\":\"https:\\\/\\\/oblure.com\\\/wp-content\\\/uploads\\\/2023\\\/05\\\/logo_oblure_SWEDEN-1.svg\",\"width\":841,\"height\":595,\"caption\":\"Oblure\"},\"image\":{\"@id\":\"https:\\\/\\\/oblure.com\\\/sv\\\/#\\\/schema\\\/logo\\\/image\\\/\"}}]}<\/script>\n<!-- \/ Yoast SEO plugin. -->","yoast_head_json":{"title":"Notic Pendant - Oblure","description":"Notic pendel har en metallsk\u00e4rm med ett grafiskt m\u00f6nster, fokuserad ned\u00e5triktad belysning med ett mjukt sken genom sk\u00e4rmen. Designad av Notchi Architects.","robots":{"index":"index","follow":"follow","max-snippet":"max-snippet:-1","max-image-preview":"max-image-preview:large","max-video-preview":"max-video-preview:-1"},"canonical":"https:\/\/oblure.com\/sv\/produkt\/notic-pendant\/","og_locale":"sv_SE","og_type":"article","og_title":"Notic Pendant - Oblure","og_description":"Notic pendel har en metallsk\u00e4rm med ett grafiskt m\u00f6nster, fokuserad ned\u00e5triktad belysning med ett mjukt sken genom sk\u00e4rmen. Designad av Notchi Architects.","og_url":"https:\/\/oblure.com\/sv\/produkt\/notic-pendant\/","og_site_name":"Oblure","article_modified_time":"2025-06-17T18:23:07+00:00","og_image":[{"width":1920,"height":1920,"url":"https:\/\/oblure.com\/wp-content\/uploads\/2024\/01\/notic_pendant_produktbild-kopiera_2.jpg","type":"image\/jpeg"}],"twitter_card":"summary_large_image","twitter_misc":{"Ber\u00e4knad l\u00e4stid":"1 minut"},"schema":{"@context":"https:\/\/schema.org","@graph":[{"@type":"WebPage","@id":"https:\/\/oblure.com\/sv\/produkt\/notic-pendant\/","url":"https:\/\/oblure.com\/sv\/produkt\/notic-pendant\/","name":"Notic Pendant - Oblure","isPartOf":{"@id":"https:\/\/oblure.com\/sv\/#website"},"primaryImageOfPage":{"@id":"https:\/\/oblure.com\/sv\/produkt\/notic-pendant\/#primaryimage"},"image":{"@id":"https:\/\/oblure.com\/sv\/produkt\/notic-pendant\/#primaryimage"},"thumbnailUrl":"https:\/\/oblure.com\/wp-content\/uploads\/2024\/01\/notic_pendant_produktbild-kopiera_2.jpg","datePublished":"2024-01-16T15:17:53+00:00","dateModified":"2025-06-17T18:23:07+00:00","description":"Notic pendel har en metallsk\u00e4rm med ett grafiskt m\u00f6nster, fokuserad ned\u00e5triktad belysning med ett mjukt sken genom sk\u00e4rmen. Designad av Notchi Architects.","breadcrumb":{"@id":"https:\/\/oblure.com\/sv\/produkt\/notic-pendant\/#breadcrumb"},"inLanguage":"sv-SE","potentialAction":[{"@type":"ReadAction","target":["https:\/\/oblure.com\/sv\/produkt\/notic-pendant\/"]}]},{"@type":"ImageObject","inLanguage":"sv-SE","@id":"https:\/\/oblure.com\/sv\/produkt\/notic-pendant\/#primaryimage","url":"https:\/\/oblure.com\/wp-content\/uploads\/2024\/01\/notic_pendant_produktbild-kopiera_2.jpg","contentUrl":"https:\/\/oblure.com\/wp-content\/uploads\/2024\/01\/notic_pendant_produktbild-kopiera_2.jpg","width":1920,"height":1920},{"@type":"BreadcrumbList","@id":"https:\/\/oblure.com\/sv\/produkt\/notic-pendant\/#breadcrumb","itemListElement":[{"@type":"ListItem","position":1,"name":"Alla produkter","item":"https:\/\/oblure.com\/sv\/kollektion\/"},{"@type":"ListItem","position":2,"name":"Oblures kollektion","item":"https:\/\/oblure.com\/sv\/kollektion\/"},{"@type":"ListItem","position":3,"name":"Notic Pendant"}]},{"@type":"WebSite","@id":"https:\/\/oblure.com\/sv\/#website","url":"https:\/\/oblure.com\/sv\/","name":"Oblure - Alluring lightning","description":"Alluring lightning","publisher":{"@id":"https:\/\/oblure.com\/sv\/#organization"},"potentialAction":[{"@type":"SearchAction","target":{"@type":"EntryPoint","urlTemplate":"https:\/\/oblure.com\/sv\/?s={search_term_string}"},"query-input":{"@type":"PropertyValueSpecification","valueRequired":true,"valueName":"search_term_string"}}],"inLanguage":"sv-SE"},{"@type":"Organization","@id":"https:\/\/oblure.com\/sv\/#organization","name":"Oblure","url":"https:\/\/oblure.com\/sv\/","logo":{"@type":"ImageObject","inLanguage":"sv-SE","@id":"https:\/\/oblure.com\/sv\/#\/schema\/logo\/image\/","url":"https:\/\/oblure.com\/wp-content\/uploads\/2023\/05\/logo_oblure_SWEDEN-1.svg","contentUrl":"https:\/\/oblure.com\/wp-content\/uploads\/2023\/05\/logo_oblure_SWEDEN-1.svg","width":841,"height":595,"caption":"Oblure"},"image":{"@id":"https:\/\/oblure.com\/sv\/#\/schema\/logo\/image\/"}}]}},"_links":{"self":[{"href":"https:\/\/oblure.com\/sv\/wp-json\/wp\/v2\/product\/20386","targetHints":{"allow":["GET"]}}],"collection":[{"href":"https:\/\/oblure.com\/sv\/wp-json\/wp\/v2\/product"}],"about":[{"href":"https:\/\/oblure.com\/sv\/wp-json\/wp\/v2\/types\/product"}],"version-history":[{"count":1,"href":"https:\/\/oblure.com\/sv\/wp-json\/wp\/v2\/product\/20386\/revisions"}],"predecessor-version":[{"id":21982,"href":"https:\/\/oblure.com\/sv\/wp-json\/wp\/v2\/product\/20386\/revisions\/21982"}],"wp:featuredmedia":[{"embeddable":true,"href":"https:\/\/oblure.com\/sv\/wp-json\/wp\/v2\/media\/19617"}],"wp:attachment":[{"href":"https:\/\/oblure.com\/sv\/wp-json\/wp\/v2\/media?parent=20386"}],"wp:term":[{"taxonomy":"product_brand","embeddable":true,"href":"https:\/\/oblure.com\/sv\/wp-json\/wp\/v2\/product_brand?post=20386"},{"taxonomy":"product_cat","embeddable":true,"href":"https:\/\/oblure.com\/sv\/wp-json\/wp\/v2\/product_cat?post=20386"},{"taxonomy":"product_tag","embeddable":true,"href":"https:\/\/oblure.com\/sv\/wp-json\/wp\/v2\/product_tag?post=20386"}],"curies":[{"name":"wp","href":"https:\/\/api.w.org\/{rel}","templated":true}]}}