{"id":20388,"date":"2024-02-23T12:31:38","date_gmt":"2024-02-23T11:31:38","guid":{"rendered":"https:\/\/oblure.com\/product\/supervag\/"},"modified":"2025-03-10T20:59:41","modified_gmt":"2025-03-10T19:59:41","slug":"superwave","status":"publish","type":"product","link":"https:\/\/oblure.com\/sv\/produkt\/superwave\/","title":{"rendered":"Superwave"},"content":{"rendered":"<p>Superwave \u00e4r inspirerad av sk\u00f6nheten hos det st\u00e4ndigt f\u00f6r\u00e4nderliga havet, \u00f6versatt till en stilren och f\u00f6rfinad geometri. Den v\u00e5gformade diffusorn \u00e4r inte bara visuellt sl\u00e5ende, utan \u00e4ven utformad f\u00f6r att leverera optimal ned\u00e5triktad ljusf\u00f6rdelning samtidigt som den garanterar \u00f6verl\u00e4gsen bl\u00e4ndningskomfort. Samtidigt fyller det upp\u00e5triktade ljusk\u00e4llan taket med ett mjukt, st\u00e4mningsfullt sken, vilket skapar en k\u00e4nsla av rymd som kan f\u00f6rvandla och lyfta \u00e4ven mindre rum.<\/p>\n<p>De vajrar som h\u00e5ller upp armaturen \u00e4r noggrant designade f\u00f6r att vara b\u00e5de funktionella och visuellt tilltalande, vilket ytterligare bidrar till dess sofistikerade estetik. Oavsett om den lyser upp ett matbord eller f\u00f6rh\u00f6jer en kontorsmilj\u00f6, g\u00f6r Superwave ett starkt intryck genom att s\u00f6ml\u00f6st kombinera sl\u00e5ende design med praktisk funktionalitet.<\/p>\n<p>Superwave finns i fyra standardf\u00e4rger, men erbjuder ocks\u00e5 obegr\u00e4nsade anpassningsm\u00f6jligheter. F\u00f6r en verkligen skr\u00e4ddarsydd upplevelse kan pendeln best\u00e4llas i vilken f\u00e4rg som helst, vilket g\u00f6r det m\u00f6jligt att integrera den perfekt med just din vision.  <\/p>\n","protected":false},"excerpt":{"rendered":"<p>&#8221;Super High Comfort&#8221; n\u00e5r nya h\u00f6jder med v\u00e5ra unika v\u00e5gformade lameller med bl\u00e4ndningsreducering i flera riktningar. Armaturen representerar arkitektonisk innovation, en subtil v\u00e5gformad skulptur av f\u00e4rg, form och ljus. Elegant estetik sm\u00e4lter s\u00f6ml\u00f6st in i alla milj\u00f6er och ger en elegant touch Chassi och ljusmotor kan enkelt separeras f\u00f6r enkel installation, underh\u00e5ll och l\u00e5ngsiktig h\u00e5llbarhet Anpassa f\u00e4rg utan krav p\u00e5 antal.<\/p>\n","protected":false},"featured_media":19813,"template":"","meta":{"_acf_changed":false},"product_brand":[],"product_cat":[173],"product_tag":[181],"class_list":{"0":"post-20388","1":"product","2":"type-product","3":"status-publish","4":"has-post-thumbnail","6":"product_cat-okategoriserad","7":"product_tag-standard-sv","8":"pa_color-miljo","9":"pa_color-white-sv","10":"tm-no-options","12":"first","13":"instock","14":"taxable","15":"shipping-taxable","16":"purchasable","17":"product-type-variable","18":"has-default-attributes"},"acf":[],"yoast_head":"<!-- This site is optimized with the Yoast SEO plugin v27.3 - https:\/\/yoast.com\/product\/yoast-seo-wordpress\/ -->\n<title>Superwave - Oblure<\/title>\n<meta name=\"description\" content=\"Superwave Pendant har en v\u00e5gformad design som kombinerar f\u00e4rg, form och ljus, med lameller i flera riktningar f\u00f6r optimal komfort. Designad av Notchi Architects f\u00f6r Oblure.\" \/>\n<meta name=\"robots\" content=\"index, follow, max-snippet:-1, max-image-preview:large, max-video-preview:-1\" \/>\n<link rel=\"canonical\" href=\"https:\/\/oblure.com\/sv\/produkt\/superwave\/\" \/>\n<meta property=\"og:locale\" content=\"sv_SE\" \/>\n<meta property=\"og:type\" content=\"article\" \/>\n<meta property=\"og:title\" content=\"Superwave - Oblure\" \/>\n<meta property=\"og:description\" content=\"Superwave Pendant har en v\u00e5gformad design som kombinerar f\u00e4rg, form och ljus, med lameller i flera riktningar f\u00f6r optimal komfort. Designad av Notchi Architects f\u00f6r Oblure.\" \/>\n<meta property=\"og:url\" content=\"https:\/\/oblure.com\/sv\/produkt\/superwave\/\" \/>\n<meta property=\"og:site_name\" content=\"Oblure\" \/>\n<meta property=\"article:modified_time\" content=\"2025-03-10T19:59:41+00:00\" \/>\n<meta property=\"og:image\" content=\"https:\/\/oblure.com\/wp-content\/uploads\/2024\/02\/superwave_product_image.jpg.webp\" \/>\n\t<meta property=\"og:image:width\" content=\"1920\" \/>\n\t<meta property=\"og:image:height\" content=\"1920\" \/>\n\t<meta property=\"og:image:type\" content=\"image\/jpeg\" \/>\n<meta name=\"twitter:card\" content=\"summary_large_image\" \/>\n<meta name=\"twitter:label1\" content=\"Ber\u00e4knad l\u00e4stid\" \/>\n\t<meta name=\"twitter:data1\" content=\"1 minut\" \/>\n<script type=\"application\/ld+json\" class=\"yoast-schema-graph\">{\"@context\":\"https:\\\/\\\/schema.org\",\"@graph\":[{\"@type\":\"WebPage\",\"@id\":\"https:\\\/\\\/oblure.com\\\/sv\\\/produkt\\\/superwave\\\/\",\"url\":\"https:\\\/\\\/oblure.com\\\/sv\\\/produkt\\\/superwave\\\/\",\"name\":\"Superwave - Oblure\",\"isPartOf\":{\"@id\":\"https:\\\/\\\/oblure.com\\\/sv\\\/#website\"},\"primaryImageOfPage\":{\"@id\":\"https:\\\/\\\/oblure.com\\\/sv\\\/produkt\\\/superwave\\\/#primaryimage\"},\"image\":{\"@id\":\"https:\\\/\\\/oblure.com\\\/sv\\\/produkt\\\/superwave\\\/#primaryimage\"},\"thumbnailUrl\":\"https:\\\/\\\/oblure.com\\\/wp-content\\\/uploads\\\/2024\\\/02\\\/superwave_product_image.jpg\",\"datePublished\":\"2024-02-23T11:31:38+00:00\",\"dateModified\":\"2025-03-10T19:59:41+00:00\",\"description\":\"Superwave Pendant har en v\u00e5gformad design som kombinerar f\u00e4rg, form och ljus, med lameller i flera riktningar f\u00f6r optimal komfort. Designad av Notchi Architects f\u00f6r Oblure.\",\"breadcrumb\":{\"@id\":\"https:\\\/\\\/oblure.com\\\/sv\\\/produkt\\\/superwave\\\/#breadcrumb\"},\"inLanguage\":\"sv-SE\",\"potentialAction\":[{\"@type\":\"ReadAction\",\"target\":[\"https:\\\/\\\/oblure.com\\\/sv\\\/produkt\\\/superwave\\\/\"]}]},{\"@type\":\"ImageObject\",\"inLanguage\":\"sv-SE\",\"@id\":\"https:\\\/\\\/oblure.com\\\/sv\\\/produkt\\\/superwave\\\/#primaryimage\",\"url\":\"https:\\\/\\\/oblure.com\\\/wp-content\\\/uploads\\\/2024\\\/02\\\/superwave_product_image.jpg\",\"contentUrl\":\"https:\\\/\\\/oblure.com\\\/wp-content\\\/uploads\\\/2024\\\/02\\\/superwave_product_image.jpg\",\"width\":1920,\"height\":1920,\"caption\":\"Superwave\"},{\"@type\":\"BreadcrumbList\",\"@id\":\"https:\\\/\\\/oblure.com\\\/sv\\\/produkt\\\/superwave\\\/#breadcrumb\",\"itemListElement\":[{\"@type\":\"ListItem\",\"position\":1,\"name\":\"Alla produkter\",\"item\":\"https:\\\/\\\/oblure.com\\\/sv\\\/kollektion\\\/\"},{\"@type\":\"ListItem\",\"position\":2,\"name\":\"Oblures kollektion\",\"item\":\"https:\\\/\\\/oblure.com\\\/sv\\\/kollektion\\\/\"},{\"@type\":\"ListItem\",\"position\":3,\"name\":\"Superwave\"}]},{\"@type\":\"WebSite\",\"@id\":\"https:\\\/\\\/oblure.com\\\/sv\\\/#website\",\"url\":\"https:\\\/\\\/oblure.com\\\/sv\\\/\",\"name\":\"Oblure - Alluring lightning\",\"description\":\"Alluring lightning\",\"publisher\":{\"@id\":\"https:\\\/\\\/oblure.com\\\/sv\\\/#organization\"},\"potentialAction\":[{\"@type\":\"SearchAction\",\"target\":{\"@type\":\"EntryPoint\",\"urlTemplate\":\"https:\\\/\\\/oblure.com\\\/sv\\\/?s={search_term_string}\"},\"query-input\":{\"@type\":\"PropertyValueSpecification\",\"valueRequired\":true,\"valueName\":\"search_term_string\"}}],\"inLanguage\":\"sv-SE\"},{\"@type\":\"Organization\",\"@id\":\"https:\\\/\\\/oblure.com\\\/sv\\\/#organization\",\"name\":\"Oblure\",\"url\":\"https:\\\/\\\/oblure.com\\\/sv\\\/\",\"logo\":{\"@type\":\"ImageObject\",\"inLanguage\":\"sv-SE\",\"@id\":\"https:\\\/\\\/oblure.com\\\/sv\\\/#\\\/schema\\\/logo\\\/image\\\/\",\"url\":\"https:\\\/\\\/oblure.com\\\/wp-content\\\/uploads\\\/2023\\\/05\\\/logo_oblure_SWEDEN-1.svg\",\"contentUrl\":\"https:\\\/\\\/oblure.com\\\/wp-content\\\/uploads\\\/2023\\\/05\\\/logo_oblure_SWEDEN-1.svg\",\"width\":841,\"height\":595,\"caption\":\"Oblure\"},\"image\":{\"@id\":\"https:\\\/\\\/oblure.com\\\/sv\\\/#\\\/schema\\\/logo\\\/image\\\/\"}}]}<\/script>\n<!-- \/ Yoast SEO plugin. -->","yoast_head_json":{"title":"Superwave - Oblure","description":"Superwave Pendant har en v\u00e5gformad design som kombinerar f\u00e4rg, form och ljus, med lameller i flera riktningar f\u00f6r optimal komfort. Designad av Notchi Architects f\u00f6r Oblure.","robots":{"index":"index","follow":"follow","max-snippet":"max-snippet:-1","max-image-preview":"max-image-preview:large","max-video-preview":"max-video-preview:-1"},"canonical":"https:\/\/oblure.com\/sv\/produkt\/superwave\/","og_locale":"sv_SE","og_type":"article","og_title":"Superwave - Oblure","og_description":"Superwave Pendant har en v\u00e5gformad design som kombinerar f\u00e4rg, form och ljus, med lameller i flera riktningar f\u00f6r optimal komfort. Designad av Notchi Architects f\u00f6r Oblure.","og_url":"https:\/\/oblure.com\/sv\/produkt\/superwave\/","og_site_name":"Oblure","article_modified_time":"2025-03-10T19:59:41+00:00","og_image":[{"width":1920,"height":1920,"url":"https:\/\/oblure.com\/wp-content\/uploads\/2024\/02\/superwave_product_image.jpg.webp","type":"image\/jpeg"}],"twitter_card":"summary_large_image","twitter_misc":{"Ber\u00e4knad l\u00e4stid":"1 minut"},"schema":{"@context":"https:\/\/schema.org","@graph":[{"@type":"WebPage","@id":"https:\/\/oblure.com\/sv\/produkt\/superwave\/","url":"https:\/\/oblure.com\/sv\/produkt\/superwave\/","name":"Superwave - Oblure","isPartOf":{"@id":"https:\/\/oblure.com\/sv\/#website"},"primaryImageOfPage":{"@id":"https:\/\/oblure.com\/sv\/produkt\/superwave\/#primaryimage"},"image":{"@id":"https:\/\/oblure.com\/sv\/produkt\/superwave\/#primaryimage"},"thumbnailUrl":"https:\/\/oblure.com\/wp-content\/uploads\/2024\/02\/superwave_product_image.jpg","datePublished":"2024-02-23T11:31:38+00:00","dateModified":"2025-03-10T19:59:41+00:00","description":"Superwave Pendant har en v\u00e5gformad design som kombinerar f\u00e4rg, form och ljus, med lameller i flera riktningar f\u00f6r optimal komfort. Designad av Notchi Architects f\u00f6r Oblure.","breadcrumb":{"@id":"https:\/\/oblure.com\/sv\/produkt\/superwave\/#breadcrumb"},"inLanguage":"sv-SE","potentialAction":[{"@type":"ReadAction","target":["https:\/\/oblure.com\/sv\/produkt\/superwave\/"]}]},{"@type":"ImageObject","inLanguage":"sv-SE","@id":"https:\/\/oblure.com\/sv\/produkt\/superwave\/#primaryimage","url":"https:\/\/oblure.com\/wp-content\/uploads\/2024\/02\/superwave_product_image.jpg","contentUrl":"https:\/\/oblure.com\/wp-content\/uploads\/2024\/02\/superwave_product_image.jpg","width":1920,"height":1920,"caption":"Superwave"},{"@type":"BreadcrumbList","@id":"https:\/\/oblure.com\/sv\/produkt\/superwave\/#breadcrumb","itemListElement":[{"@type":"ListItem","position":1,"name":"Alla produkter","item":"https:\/\/oblure.com\/sv\/kollektion\/"},{"@type":"ListItem","position":2,"name":"Oblures kollektion","item":"https:\/\/oblure.com\/sv\/kollektion\/"},{"@type":"ListItem","position":3,"name":"Superwave"}]},{"@type":"WebSite","@id":"https:\/\/oblure.com\/sv\/#website","url":"https:\/\/oblure.com\/sv\/","name":"Oblure - Alluring lightning","description":"Alluring lightning","publisher":{"@id":"https:\/\/oblure.com\/sv\/#organization"},"potentialAction":[{"@type":"SearchAction","target":{"@type":"EntryPoint","urlTemplate":"https:\/\/oblure.com\/sv\/?s={search_term_string}"},"query-input":{"@type":"PropertyValueSpecification","valueRequired":true,"valueName":"search_term_string"}}],"inLanguage":"sv-SE"},{"@type":"Organization","@id":"https:\/\/oblure.com\/sv\/#organization","name":"Oblure","url":"https:\/\/oblure.com\/sv\/","logo":{"@type":"ImageObject","inLanguage":"sv-SE","@id":"https:\/\/oblure.com\/sv\/#\/schema\/logo\/image\/","url":"https:\/\/oblure.com\/wp-content\/uploads\/2023\/05\/logo_oblure_SWEDEN-1.svg","contentUrl":"https:\/\/oblure.com\/wp-content\/uploads\/2023\/05\/logo_oblure_SWEDEN-1.svg","width":841,"height":595,"caption":"Oblure"},"image":{"@id":"https:\/\/oblure.com\/sv\/#\/schema\/logo\/image\/"}}]}},"_links":{"self":[{"href":"https:\/\/oblure.com\/sv\/wp-json\/wp\/v2\/product\/20388","targetHints":{"allow":["GET"]}}],"collection":[{"href":"https:\/\/oblure.com\/sv\/wp-json\/wp\/v2\/product"}],"about":[{"href":"https:\/\/oblure.com\/sv\/wp-json\/wp\/v2\/types\/product"}],"version-history":[{"count":1,"href":"https:\/\/oblure.com\/sv\/wp-json\/wp\/v2\/product\/20388\/revisions"}],"predecessor-version":[{"id":20911,"href":"https:\/\/oblure.com\/sv\/wp-json\/wp\/v2\/product\/20388\/revisions\/20911"}],"wp:featuredmedia":[{"embeddable":true,"href":"https:\/\/oblure.com\/sv\/wp-json\/wp\/v2\/media\/19813"}],"wp:attachment":[{"href":"https:\/\/oblure.com\/sv\/wp-json\/wp\/v2\/media?parent=20388"}],"wp:term":[{"taxonomy":"product_brand","embeddable":true,"href":"https:\/\/oblure.com\/sv\/wp-json\/wp\/v2\/product_brand?post=20388"},{"taxonomy":"product_cat","embeddable":true,"href":"https:\/\/oblure.com\/sv\/wp-json\/wp\/v2\/product_cat?post=20388"},{"taxonomy":"product_tag","embeddable":true,"href":"https:\/\/oblure.com\/sv\/wp-json\/wp\/v2\/product_tag?post=20388"}],"curies":[{"name":"wp","href":"https:\/\/api.w.org\/{rel}","templated":true}]}}