{"id":20394,"date":"2024-05-19T10:55:49","date_gmt":"2024-05-19T08:55:49","guid":{"rendered":"https:\/\/oblure.com\/product\/bagcirkel-98-2\/"},"modified":"2025-06-05T21:07:02","modified_gmt":"2025-06-05T19:07:02","slug":"arch-circle-98-professional","status":"publish","type":"product","link":"https:\/\/oblure.com\/sv\/produkt\/arch-circle-98-professional\/","title":{"rendered":"Arch Circle 98"},"content":{"rendered":"<p>Den nylanserade Arch blev snabbt en favorit och det dr\u00f6jde inte l\u00e4nge innan flera konstellationer efterfr\u00e5gades. De arkitektoniska b\u00e5garna \u00e4r fortfarande grunden i konstruktion och design men nu i en ny kl\u00e4dsel och estetik. &#8221;Vi ser denna medlem som en f\u00f6rl\u00e4ngning och med detta bidrag har Arch\u00b4s nu blivit en familj.<\/p>\n<p>Med &#8221;The Arch Circle&#8221; sluts cirkeln i dess r\u00e4tta bem\u00e4rkelse.<\/p>\n<p>&nbsp;<\/p>\n","protected":false},"excerpt":{"rendered":"<p>Arch Circle 98 \u00e4r ett modernt alternativ till ljuskronan, perfekt f\u00f6r stora utrymmen som lounger, m\u00f6tesrum och lobbyer. Dess arkitektoniska b\u00e5gform och minimalistiska design skapar en sl\u00e5ende visuell effekt. Den \u00e4r tillverkad av st\u00e5l och finns i f\u00e4rgerna nude, svart, bl\u00e5 och vit, med m\u00f6jlighet till anpassade f\u00e4rger. Arch Circle 98 \u00e4r en del av lampserien Arch.     <em>Med &#8221;The Arch Circle&#8221; sluts cirkeln i dess r\u00e4tta bem\u00e4rkelse.<\/em><\/p>\n","protected":false},"featured_media":19844,"template":"","meta":{"_acf_changed":false},"product_brand":[],"product_cat":[173],"product_tag":[180],"class_list":{"0":"post-20394","1":"product","2":"type-product","3":"status-publish","4":"has-post-thumbnail","6":"product_cat-okategoriserad","7":"product_tag-professionell","8":"pa_color-bla","9":"pa_color-miljo","10":"pa_color-black-sv","11":"pa_color-custom-color-sv","12":"pa_color-nude-sv","13":"pa_color-white-sv","14":"tm-has-options","16":"first","17":"instock","18":"taxable","19":"shipping-taxable","20":"purchasable","21":"product-type-variable","22":"has-default-attributes"},"acf":[],"yoast_head":"<!-- This site is optimized with the Yoast SEO plugin v27.3 - https:\/\/yoast.com\/product\/yoast-seo-wordpress\/ -->\n<title>Arch Circle 98 - Oblure<\/title>\n<meta name=\"robots\" content=\"noindex, nofollow\" \/>\n<meta property=\"og:locale\" content=\"sv_SE\" \/>\n<meta property=\"og:type\" content=\"article\" \/>\n<meta property=\"og:title\" content=\"Arch Circle 98 - Oblure\" \/>\n<meta property=\"og:description\" content=\"Arch Circle 98 \u00e4r ett modernt alternativ till ljuskronan, perfekt f\u00f6r stora utrymmen som lounger, m\u00f6tesrum och lobbyer. Dess arkitektoniska b\u00e5gform och minimalistiska design skapar en sl\u00e5ende visuell effekt. Den \u00e4r tillverkad av st\u00e5l och finns i f\u00e4rgerna nude, svart, bl\u00e5 och vit, med m\u00f6jlighet till anpassade f\u00e4rger. Arch Circle 98 \u00e4r en del av lampserien Arch.   Med &quot;The Arch Circle&quot; sluts cirkeln i dess r\u00e4tta bem\u00e4rkelse.\" \/>\n<meta property=\"og:url\" content=\"https:\/\/oblure.com\/sv\/produkt\/arch-circle-98-professional\/\" \/>\n<meta property=\"og:site_name\" content=\"Oblure\" \/>\n<meta property=\"article:modified_time\" content=\"2025-06-05T19:07:02+00:00\" \/>\n<meta property=\"og:image\" content=\"https:\/\/oblure.com\/wp-content\/uploads\/2024\/05\/arch_circle_98_switched_off.png\" \/>\n\t<meta property=\"og:image:width\" content=\"1920\" \/>\n\t<meta property=\"og:image:height\" content=\"1920\" \/>\n\t<meta property=\"og:image:type\" content=\"image\/png\" \/>\n<meta name=\"twitter:card\" content=\"summary_large_image\" \/>\n<meta name=\"twitter:label1\" content=\"Ber\u00e4knad l\u00e4stid\" \/>\n\t<meta name=\"twitter:data1\" content=\"1 minut\" \/>\n<script type=\"application\/ld+json\" class=\"yoast-schema-graph\">{\"@context\":\"https:\\\/\\\/schema.org\",\"@graph\":[{\"@type\":\"WebPage\",\"@id\":\"https:\\\/\\\/oblure.com\\\/sv\\\/produkt\\\/arch-circle-98-professional\\\/\",\"url\":\"https:\\\/\\\/oblure.com\\\/sv\\\/produkt\\\/arch-circle-98-professional\\\/\",\"name\":\"Arch Circle 98 - Oblure\",\"isPartOf\":{\"@id\":\"https:\\\/\\\/oblure.com\\\/sv\\\/#website\"},\"primaryImageOfPage\":{\"@id\":\"https:\\\/\\\/oblure.com\\\/sv\\\/produkt\\\/arch-circle-98-professional\\\/#primaryimage\"},\"image\":{\"@id\":\"https:\\\/\\\/oblure.com\\\/sv\\\/produkt\\\/arch-circle-98-professional\\\/#primaryimage\"},\"thumbnailUrl\":\"https:\\\/\\\/oblure.com\\\/wp-content\\\/uploads\\\/2024\\\/05\\\/arch_circle_98_switched_off.png\",\"datePublished\":\"2024-05-19T08:55:49+00:00\",\"dateModified\":\"2025-06-05T19:07:02+00:00\",\"breadcrumb\":{\"@id\":\"https:\\\/\\\/oblure.com\\\/sv\\\/produkt\\\/arch-circle-98-professional\\\/#breadcrumb\"},\"inLanguage\":\"sv-SE\",\"potentialAction\":[{\"@type\":\"ReadAction\",\"target\":[\"https:\\\/\\\/oblure.com\\\/sv\\\/produkt\\\/arch-circle-98-professional\\\/\"]}]},{\"@type\":\"ImageObject\",\"inLanguage\":\"sv-SE\",\"@id\":\"https:\\\/\\\/oblure.com\\\/sv\\\/produkt\\\/arch-circle-98-professional\\\/#primaryimage\",\"url\":\"https:\\\/\\\/oblure.com\\\/wp-content\\\/uploads\\\/2024\\\/05\\\/arch_circle_98_switched_off.png\",\"contentUrl\":\"https:\\\/\\\/oblure.com\\\/wp-content\\\/uploads\\\/2024\\\/05\\\/arch_circle_98_switched_off.png\",\"width\":1920,\"height\":1920},{\"@type\":\"BreadcrumbList\",\"@id\":\"https:\\\/\\\/oblure.com\\\/sv\\\/produkt\\\/arch-circle-98-professional\\\/#breadcrumb\",\"itemListElement\":[{\"@type\":\"ListItem\",\"position\":1,\"name\":\"Alla produkter\",\"item\":\"https:\\\/\\\/oblure.com\\\/sv\\\/kollektion\\\/\"},{\"@type\":\"ListItem\",\"position\":2,\"name\":\"Oblures kollektion\",\"item\":\"https:\\\/\\\/oblure.com\\\/sv\\\/kollektion\\\/\"},{\"@type\":\"ListItem\",\"position\":3,\"name\":\"Arch Circle 98\"}]},{\"@type\":\"WebSite\",\"@id\":\"https:\\\/\\\/oblure.com\\\/sv\\\/#website\",\"url\":\"https:\\\/\\\/oblure.com\\\/sv\\\/\",\"name\":\"Oblure - Alluring lightning\",\"description\":\"Alluring lightning\",\"publisher\":{\"@id\":\"https:\\\/\\\/oblure.com\\\/sv\\\/#organization\"},\"potentialAction\":[{\"@type\":\"SearchAction\",\"target\":{\"@type\":\"EntryPoint\",\"urlTemplate\":\"https:\\\/\\\/oblure.com\\\/sv\\\/?s={search_term_string}\"},\"query-input\":{\"@type\":\"PropertyValueSpecification\",\"valueRequired\":true,\"valueName\":\"search_term_string\"}}],\"inLanguage\":\"sv-SE\"},{\"@type\":\"Organization\",\"@id\":\"https:\\\/\\\/oblure.com\\\/sv\\\/#organization\",\"name\":\"Oblure\",\"url\":\"https:\\\/\\\/oblure.com\\\/sv\\\/\",\"logo\":{\"@type\":\"ImageObject\",\"inLanguage\":\"sv-SE\",\"@id\":\"https:\\\/\\\/oblure.com\\\/sv\\\/#\\\/schema\\\/logo\\\/image\\\/\",\"url\":\"https:\\\/\\\/oblure.com\\\/wp-content\\\/uploads\\\/2023\\\/05\\\/logo_oblure_SWEDEN-1.svg\",\"contentUrl\":\"https:\\\/\\\/oblure.com\\\/wp-content\\\/uploads\\\/2023\\\/05\\\/logo_oblure_SWEDEN-1.svg\",\"width\":841,\"height\":595,\"caption\":\"Oblure\"},\"image\":{\"@id\":\"https:\\\/\\\/oblure.com\\\/sv\\\/#\\\/schema\\\/logo\\\/image\\\/\"}}]}<\/script>\n<!-- \/ Yoast SEO plugin. -->","yoast_head_json":{"title":"Arch Circle 98 - Oblure","robots":{"index":"noindex","follow":"nofollow"},"og_locale":"sv_SE","og_type":"article","og_title":"Arch Circle 98 - Oblure","og_description":"Arch Circle 98 \u00e4r ett modernt alternativ till ljuskronan, perfekt f\u00f6r stora utrymmen som lounger, m\u00f6tesrum och lobbyer. Dess arkitektoniska b\u00e5gform och minimalistiska design skapar en sl\u00e5ende visuell effekt. Den \u00e4r tillverkad av st\u00e5l och finns i f\u00e4rgerna nude, svart, bl\u00e5 och vit, med m\u00f6jlighet till anpassade f\u00e4rger. Arch Circle 98 \u00e4r en del av lampserien Arch.   Med \"The Arch Circle\" sluts cirkeln i dess r\u00e4tta bem\u00e4rkelse.","og_url":"https:\/\/oblure.com\/sv\/produkt\/arch-circle-98-professional\/","og_site_name":"Oblure","article_modified_time":"2025-06-05T19:07:02+00:00","og_image":[{"width":1920,"height":1920,"url":"https:\/\/oblure.com\/wp-content\/uploads\/2024\/05\/arch_circle_98_switched_off.png","type":"image\/png"}],"twitter_card":"summary_large_image","twitter_misc":{"Ber\u00e4knad l\u00e4stid":"1 minut"},"schema":{"@context":"https:\/\/schema.org","@graph":[{"@type":"WebPage","@id":"https:\/\/oblure.com\/sv\/produkt\/arch-circle-98-professional\/","url":"https:\/\/oblure.com\/sv\/produkt\/arch-circle-98-professional\/","name":"Arch Circle 98 - Oblure","isPartOf":{"@id":"https:\/\/oblure.com\/sv\/#website"},"primaryImageOfPage":{"@id":"https:\/\/oblure.com\/sv\/produkt\/arch-circle-98-professional\/#primaryimage"},"image":{"@id":"https:\/\/oblure.com\/sv\/produkt\/arch-circle-98-professional\/#primaryimage"},"thumbnailUrl":"https:\/\/oblure.com\/wp-content\/uploads\/2024\/05\/arch_circle_98_switched_off.png","datePublished":"2024-05-19T08:55:49+00:00","dateModified":"2025-06-05T19:07:02+00:00","breadcrumb":{"@id":"https:\/\/oblure.com\/sv\/produkt\/arch-circle-98-professional\/#breadcrumb"},"inLanguage":"sv-SE","potentialAction":[{"@type":"ReadAction","target":["https:\/\/oblure.com\/sv\/produkt\/arch-circle-98-professional\/"]}]},{"@type":"ImageObject","inLanguage":"sv-SE","@id":"https:\/\/oblure.com\/sv\/produkt\/arch-circle-98-professional\/#primaryimage","url":"https:\/\/oblure.com\/wp-content\/uploads\/2024\/05\/arch_circle_98_switched_off.png","contentUrl":"https:\/\/oblure.com\/wp-content\/uploads\/2024\/05\/arch_circle_98_switched_off.png","width":1920,"height":1920},{"@type":"BreadcrumbList","@id":"https:\/\/oblure.com\/sv\/produkt\/arch-circle-98-professional\/#breadcrumb","itemListElement":[{"@type":"ListItem","position":1,"name":"Alla produkter","item":"https:\/\/oblure.com\/sv\/kollektion\/"},{"@type":"ListItem","position":2,"name":"Oblures kollektion","item":"https:\/\/oblure.com\/sv\/kollektion\/"},{"@type":"ListItem","position":3,"name":"Arch Circle 98"}]},{"@type":"WebSite","@id":"https:\/\/oblure.com\/sv\/#website","url":"https:\/\/oblure.com\/sv\/","name":"Oblure - Alluring lightning","description":"Alluring lightning","publisher":{"@id":"https:\/\/oblure.com\/sv\/#organization"},"potentialAction":[{"@type":"SearchAction","target":{"@type":"EntryPoint","urlTemplate":"https:\/\/oblure.com\/sv\/?s={search_term_string}"},"query-input":{"@type":"PropertyValueSpecification","valueRequired":true,"valueName":"search_term_string"}}],"inLanguage":"sv-SE"},{"@type":"Organization","@id":"https:\/\/oblure.com\/sv\/#organization","name":"Oblure","url":"https:\/\/oblure.com\/sv\/","logo":{"@type":"ImageObject","inLanguage":"sv-SE","@id":"https:\/\/oblure.com\/sv\/#\/schema\/logo\/image\/","url":"https:\/\/oblure.com\/wp-content\/uploads\/2023\/05\/logo_oblure_SWEDEN-1.svg","contentUrl":"https:\/\/oblure.com\/wp-content\/uploads\/2023\/05\/logo_oblure_SWEDEN-1.svg","width":841,"height":595,"caption":"Oblure"},"image":{"@id":"https:\/\/oblure.com\/sv\/#\/schema\/logo\/image\/"}}]}},"_links":{"self":[{"href":"https:\/\/oblure.com\/sv\/wp-json\/wp\/v2\/product\/20394","targetHints":{"allow":["GET"]}}],"collection":[{"href":"https:\/\/oblure.com\/sv\/wp-json\/wp\/v2\/product"}],"about":[{"href":"https:\/\/oblure.com\/sv\/wp-json\/wp\/v2\/types\/product"}],"version-history":[{"count":2,"href":"https:\/\/oblure.com\/sv\/wp-json\/wp\/v2\/product\/20394\/revisions"}],"predecessor-version":[{"id":21907,"href":"https:\/\/oblure.com\/sv\/wp-json\/wp\/v2\/product\/20394\/revisions\/21907"}],"wp:featuredmedia":[{"embeddable":true,"href":"https:\/\/oblure.com\/sv\/wp-json\/wp\/v2\/media\/19844"}],"wp:attachment":[{"href":"https:\/\/oblure.com\/sv\/wp-json\/wp\/v2\/media?parent=20394"}],"wp:term":[{"taxonomy":"product_brand","embeddable":true,"href":"https:\/\/oblure.com\/sv\/wp-json\/wp\/v2\/product_brand?post=20394"},{"taxonomy":"product_cat","embeddable":true,"href":"https:\/\/oblure.com\/sv\/wp-json\/wp\/v2\/product_cat?post=20394"},{"taxonomy":"product_tag","embeddable":true,"href":"https:\/\/oblure.com\/sv\/wp-json\/wp\/v2\/product_tag?post=20394"}],"curies":[{"name":"wp","href":"https:\/\/api.w.org\/{rel}","templated":true}]}}