{"id":20401,"date":"2024-08-01T14:06:14","date_gmt":"2024-08-01T12:06:14","guid":{"rendered":"https:\/\/oblure.com\/product\/arch-single\/"},"modified":"2026-02-25T17:12:55","modified_gmt":"2026-02-25T16:12:55","slug":"arch-single","status":"publish","type":"product","link":"https:\/\/oblure.com\/sv\/produkt\/arch-single\/","title":{"rendered":"Arch Single"},"content":{"rendered":"<p>Arch Single fr\u00e5n Oblure \u00e4r en elegant pendellampa i st\u00e5l, utrustad med tv\u00e5 downlights med GU10-sockel som ger ett riktat och behagligt ljus. De justerbara upph\u00e4ngningsdetaljerna i st\u00e5ltr\u00e5d, tillsammans med en kromad baldakin och transparent sladd, g\u00f6r lampan b\u00e5de stilren och funktionell. <\/p>\n<p>Med sin skulpturala b\u00e5gform \u2013 inspirerad av arkitekturens tidl\u00f6sa valv \u2013 blir Arch Single en modern taklampa som passar perfekt som k\u00f6kslampa, matbordslampa eller som belysning i vardagsrum, caf\u00e9er och kontor. <\/p>\n<p>Som en del av Arch-kollektionen f\u00f6renar Arch Single skandinavisk design med arkitektonisk inspiration. Uppt\u00e4ck Oblures kollektion av designlampor och skapa en personlig atmosf\u00e4r i ditt hem eller projekt. <\/p>\n","protected":false},"excerpt":{"rendered":"<p>Pendel i st\u00e5l med 2 st downlights med GU10-sockel. Justerbara upph\u00e4ngningsdetaljer i st\u00e5ltr\u00e5d med baldakin i kromfinish och transparent sladd<\/p>\n","protected":false},"featured_media":19860,"template":"","meta":{"_acf_changed":false},"product_brand":[],"product_cat":[173],"product_tag":[181],"class_list":{"0":"post-20401","1":"product","2":"type-product","3":"status-publish","4":"has-post-thumbnail","6":"product_cat-okategoriserad","7":"product_tag-standard-sv","8":"pa_color-bla","9":"pa_color-miljo","10":"pa_color-black-sv","11":"pa_color-custom-color-sv","12":"pa_color-nude-sv","13":"pa_color-white-sv","14":"tm-has-options","16":"first","17":"instock","18":"taxable","19":"shipping-taxable","20":"purchasable","21":"product-type-variable","22":"has-default-attributes"},"acf":[],"yoast_head":"<!-- This site is optimized with the Yoast SEO plugin v27.3 - https:\/\/yoast.com\/product\/yoast-seo-wordpress\/ -->\n<title>Arch Single \u2013 skandinavisk pendellampa i st\u00e5l med tv\u00e5 downlights fr\u00e5n Oblure<\/title>\n<meta name=\"description\" content=\"Arch Single fr\u00e5n Oblure \u2013 en skandinavisk designlampa i st\u00e5l med tv\u00e5 downlights. Perfekt som k\u00f6kslampa, matbordslampa eller taklampa i vardagsrum.\" \/>\n<meta name=\"robots\" content=\"index, follow, max-snippet:-1, max-image-preview:large, max-video-preview:-1\" \/>\n<link rel=\"canonical\" href=\"https:\/\/oblure.com\/sv\/produkt\/arch-single\/\" \/>\n<meta property=\"og:locale\" content=\"sv_SE\" \/>\n<meta property=\"og:type\" content=\"article\" \/>\n<meta property=\"og:title\" content=\"Arch Single \u2013 skandinavisk pendellampa i st\u00e5l med tv\u00e5 downlights fr\u00e5n Oblure\" \/>\n<meta property=\"og:description\" content=\"Arch Single fr\u00e5n Oblure \u2013 en skandinavisk designlampa i st\u00e5l med tv\u00e5 downlights. Perfekt som k\u00f6kslampa, matbordslampa eller taklampa i vardagsrum.\" \/>\n<meta property=\"og:url\" content=\"https:\/\/oblure.com\/sv\/produkt\/arch-single\/\" \/>\n<meta property=\"og:site_name\" content=\"Oblure\" \/>\n<meta property=\"article:modified_time\" content=\"2026-02-25T16:12:55+00:00\" \/>\n<meta property=\"og:image\" content=\"https:\/\/oblure.com\/wp-content\/uploads\/2024\/08\/arch_pendant_single_product_image_white.jpg\" \/>\n\t<meta property=\"og:image:width\" content=\"1920\" \/>\n\t<meta property=\"og:image:height\" content=\"1920\" \/>\n\t<meta property=\"og:image:type\" content=\"image\/jpeg\" \/>\n<meta name=\"twitter:card\" content=\"summary_large_image\" \/>\n<meta name=\"twitter:label1\" content=\"Ber\u00e4knad l\u00e4stid\" \/>\n\t<meta name=\"twitter:data1\" content=\"1 minut\" \/>\n<script type=\"application\/ld+json\" class=\"yoast-schema-graph\">{\"@context\":\"https:\\\/\\\/schema.org\",\"@graph\":[{\"@type\":\"WebPage\",\"@id\":\"https:\\\/\\\/oblure.com\\\/sv\\\/produkt\\\/arch-single\\\/\",\"url\":\"https:\\\/\\\/oblure.com\\\/sv\\\/produkt\\\/arch-single\\\/\",\"name\":\"Arch Single \u2013 skandinavisk pendellampa i st\u00e5l med tv\u00e5 downlights fr\u00e5n Oblure\",\"isPartOf\":{\"@id\":\"https:\\\/\\\/oblure.com\\\/sv\\\/#website\"},\"primaryImageOfPage\":{\"@id\":\"https:\\\/\\\/oblure.com\\\/sv\\\/produkt\\\/arch-single\\\/#primaryimage\"},\"image\":{\"@id\":\"https:\\\/\\\/oblure.com\\\/sv\\\/produkt\\\/arch-single\\\/#primaryimage\"},\"thumbnailUrl\":\"https:\\\/\\\/oblure.com\\\/wp-content\\\/uploads\\\/2024\\\/08\\\/arch_pendant_single_product_image_white.jpg\",\"datePublished\":\"2024-08-01T12:06:14+00:00\",\"dateModified\":\"2026-02-25T16:12:55+00:00\",\"description\":\"Arch Single fr\u00e5n Oblure \u2013 en skandinavisk designlampa i st\u00e5l med tv\u00e5 downlights. Perfekt som k\u00f6kslampa, matbordslampa eller taklampa i vardagsrum.\",\"breadcrumb\":{\"@id\":\"https:\\\/\\\/oblure.com\\\/sv\\\/produkt\\\/arch-single\\\/#breadcrumb\"},\"inLanguage\":\"sv-SE\",\"potentialAction\":[{\"@type\":\"ReadAction\",\"target\":[\"https:\\\/\\\/oblure.com\\\/sv\\\/produkt\\\/arch-single\\\/\"]}]},{\"@type\":\"ImageObject\",\"inLanguage\":\"sv-SE\",\"@id\":\"https:\\\/\\\/oblure.com\\\/sv\\\/produkt\\\/arch-single\\\/#primaryimage\",\"url\":\"https:\\\/\\\/oblure.com\\\/wp-content\\\/uploads\\\/2024\\\/08\\\/arch_pendant_single_product_image_white.jpg\",\"contentUrl\":\"https:\\\/\\\/oblure.com\\\/wp-content\\\/uploads\\\/2024\\\/08\\\/arch_pendant_single_product_image_white.jpg\",\"width\":1920,\"height\":1920},{\"@type\":\"BreadcrumbList\",\"@id\":\"https:\\\/\\\/oblure.com\\\/sv\\\/produkt\\\/arch-single\\\/#breadcrumb\",\"itemListElement\":[{\"@type\":\"ListItem\",\"position\":1,\"name\":\"Alla produkter\",\"item\":\"https:\\\/\\\/oblure.com\\\/sv\\\/kollektion\\\/\"},{\"@type\":\"ListItem\",\"position\":2,\"name\":\"Oblures kollektion\",\"item\":\"https:\\\/\\\/oblure.com\\\/sv\\\/kollektion\\\/\"},{\"@type\":\"ListItem\",\"position\":3,\"name\":\"Arch Single\"}]},{\"@type\":\"WebSite\",\"@id\":\"https:\\\/\\\/oblure.com\\\/sv\\\/#website\",\"url\":\"https:\\\/\\\/oblure.com\\\/sv\\\/\",\"name\":\"Oblure - Alluring lightning\",\"description\":\"Alluring lightning\",\"publisher\":{\"@id\":\"https:\\\/\\\/oblure.com\\\/sv\\\/#organization\"},\"potentialAction\":[{\"@type\":\"SearchAction\",\"target\":{\"@type\":\"EntryPoint\",\"urlTemplate\":\"https:\\\/\\\/oblure.com\\\/sv\\\/?s={search_term_string}\"},\"query-input\":{\"@type\":\"PropertyValueSpecification\",\"valueRequired\":true,\"valueName\":\"search_term_string\"}}],\"inLanguage\":\"sv-SE\"},{\"@type\":\"Organization\",\"@id\":\"https:\\\/\\\/oblure.com\\\/sv\\\/#organization\",\"name\":\"Oblure\",\"url\":\"https:\\\/\\\/oblure.com\\\/sv\\\/\",\"logo\":{\"@type\":\"ImageObject\",\"inLanguage\":\"sv-SE\",\"@id\":\"https:\\\/\\\/oblure.com\\\/sv\\\/#\\\/schema\\\/logo\\\/image\\\/\",\"url\":\"https:\\\/\\\/oblure.com\\\/wp-content\\\/uploads\\\/2023\\\/05\\\/logo_oblure_SWEDEN-1.svg\",\"contentUrl\":\"https:\\\/\\\/oblure.com\\\/wp-content\\\/uploads\\\/2023\\\/05\\\/logo_oblure_SWEDEN-1.svg\",\"width\":841,\"height\":595,\"caption\":\"Oblure\"},\"image\":{\"@id\":\"https:\\\/\\\/oblure.com\\\/sv\\\/#\\\/schema\\\/logo\\\/image\\\/\"}}]}<\/script>\n<!-- \/ Yoast SEO plugin. -->","yoast_head_json":{"title":"Arch Single \u2013 skandinavisk pendellampa i st\u00e5l med tv\u00e5 downlights fr\u00e5n Oblure","description":"Arch Single fr\u00e5n Oblure \u2013 en skandinavisk designlampa i st\u00e5l med tv\u00e5 downlights. Perfekt som k\u00f6kslampa, matbordslampa eller taklampa i vardagsrum.","robots":{"index":"index","follow":"follow","max-snippet":"max-snippet:-1","max-image-preview":"max-image-preview:large","max-video-preview":"max-video-preview:-1"},"canonical":"https:\/\/oblure.com\/sv\/produkt\/arch-single\/","og_locale":"sv_SE","og_type":"article","og_title":"Arch Single \u2013 skandinavisk pendellampa i st\u00e5l med tv\u00e5 downlights fr\u00e5n Oblure","og_description":"Arch Single fr\u00e5n Oblure \u2013 en skandinavisk designlampa i st\u00e5l med tv\u00e5 downlights. Perfekt som k\u00f6kslampa, matbordslampa eller taklampa i vardagsrum.","og_url":"https:\/\/oblure.com\/sv\/produkt\/arch-single\/","og_site_name":"Oblure","article_modified_time":"2026-02-25T16:12:55+00:00","og_image":[{"width":1920,"height":1920,"url":"https:\/\/oblure.com\/wp-content\/uploads\/2024\/08\/arch_pendant_single_product_image_white.jpg","type":"image\/jpeg"}],"twitter_card":"summary_large_image","twitter_misc":{"Ber\u00e4knad l\u00e4stid":"1 minut"},"schema":{"@context":"https:\/\/schema.org","@graph":[{"@type":"WebPage","@id":"https:\/\/oblure.com\/sv\/produkt\/arch-single\/","url":"https:\/\/oblure.com\/sv\/produkt\/arch-single\/","name":"Arch Single \u2013 skandinavisk pendellampa i st\u00e5l med tv\u00e5 downlights fr\u00e5n Oblure","isPartOf":{"@id":"https:\/\/oblure.com\/sv\/#website"},"primaryImageOfPage":{"@id":"https:\/\/oblure.com\/sv\/produkt\/arch-single\/#primaryimage"},"image":{"@id":"https:\/\/oblure.com\/sv\/produkt\/arch-single\/#primaryimage"},"thumbnailUrl":"https:\/\/oblure.com\/wp-content\/uploads\/2024\/08\/arch_pendant_single_product_image_white.jpg","datePublished":"2024-08-01T12:06:14+00:00","dateModified":"2026-02-25T16:12:55+00:00","description":"Arch Single fr\u00e5n Oblure \u2013 en skandinavisk designlampa i st\u00e5l med tv\u00e5 downlights. Perfekt som k\u00f6kslampa, matbordslampa eller taklampa i vardagsrum.","breadcrumb":{"@id":"https:\/\/oblure.com\/sv\/produkt\/arch-single\/#breadcrumb"},"inLanguage":"sv-SE","potentialAction":[{"@type":"ReadAction","target":["https:\/\/oblure.com\/sv\/produkt\/arch-single\/"]}]},{"@type":"ImageObject","inLanguage":"sv-SE","@id":"https:\/\/oblure.com\/sv\/produkt\/arch-single\/#primaryimage","url":"https:\/\/oblure.com\/wp-content\/uploads\/2024\/08\/arch_pendant_single_product_image_white.jpg","contentUrl":"https:\/\/oblure.com\/wp-content\/uploads\/2024\/08\/arch_pendant_single_product_image_white.jpg","width":1920,"height":1920},{"@type":"BreadcrumbList","@id":"https:\/\/oblure.com\/sv\/produkt\/arch-single\/#breadcrumb","itemListElement":[{"@type":"ListItem","position":1,"name":"Alla produkter","item":"https:\/\/oblure.com\/sv\/kollektion\/"},{"@type":"ListItem","position":2,"name":"Oblures kollektion","item":"https:\/\/oblure.com\/sv\/kollektion\/"},{"@type":"ListItem","position":3,"name":"Arch Single"}]},{"@type":"WebSite","@id":"https:\/\/oblure.com\/sv\/#website","url":"https:\/\/oblure.com\/sv\/","name":"Oblure - Alluring lightning","description":"Alluring lightning","publisher":{"@id":"https:\/\/oblure.com\/sv\/#organization"},"potentialAction":[{"@type":"SearchAction","target":{"@type":"EntryPoint","urlTemplate":"https:\/\/oblure.com\/sv\/?s={search_term_string}"},"query-input":{"@type":"PropertyValueSpecification","valueRequired":true,"valueName":"search_term_string"}}],"inLanguage":"sv-SE"},{"@type":"Organization","@id":"https:\/\/oblure.com\/sv\/#organization","name":"Oblure","url":"https:\/\/oblure.com\/sv\/","logo":{"@type":"ImageObject","inLanguage":"sv-SE","@id":"https:\/\/oblure.com\/sv\/#\/schema\/logo\/image\/","url":"https:\/\/oblure.com\/wp-content\/uploads\/2023\/05\/logo_oblure_SWEDEN-1.svg","contentUrl":"https:\/\/oblure.com\/wp-content\/uploads\/2023\/05\/logo_oblure_SWEDEN-1.svg","width":841,"height":595,"caption":"Oblure"},"image":{"@id":"https:\/\/oblure.com\/sv\/#\/schema\/logo\/image\/"}}]}},"_links":{"self":[{"href":"https:\/\/oblure.com\/sv\/wp-json\/wp\/v2\/product\/20401","targetHints":{"allow":["GET"]}}],"collection":[{"href":"https:\/\/oblure.com\/sv\/wp-json\/wp\/v2\/product"}],"about":[{"href":"https:\/\/oblure.com\/sv\/wp-json\/wp\/v2\/types\/product"}],"version-history":[{"count":1,"href":"https:\/\/oblure.com\/sv\/wp-json\/wp\/v2\/product\/20401\/revisions"}],"predecessor-version":[{"id":22752,"href":"https:\/\/oblure.com\/sv\/wp-json\/wp\/v2\/product\/20401\/revisions\/22752"}],"wp:featuredmedia":[{"embeddable":true,"href":"https:\/\/oblure.com\/sv\/wp-json\/wp\/v2\/media\/19860"}],"wp:attachment":[{"href":"https:\/\/oblure.com\/sv\/wp-json\/wp\/v2\/media?parent=20401"}],"wp:term":[{"taxonomy":"product_brand","embeddable":true,"href":"https:\/\/oblure.com\/sv\/wp-json\/wp\/v2\/product_brand?post=20401"},{"taxonomy":"product_cat","embeddable":true,"href":"https:\/\/oblure.com\/sv\/wp-json\/wp\/v2\/product_cat?post=20401"},{"taxonomy":"product_tag","embeddable":true,"href":"https:\/\/oblure.com\/sv\/wp-json\/wp\/v2\/product_tag?post=20401"}],"curies":[{"name":"wp","href":"https:\/\/api.w.org\/{rel}","templated":true}]}}