{"id":20408,"date":"2024-08-01T12:09:00","date_gmt":"2024-08-01T10:09:00","guid":{"rendered":"https:\/\/oblure.com\/product\/arch-triplette\/"},"modified":"2025-12-19T10:15:11","modified_gmt":"2025-12-19T09:15:11","slug":"arch-triplette","status":"publish","type":"product","link":"https:\/\/oblure.com\/sv\/produkt\/arch-triplette\/","title":{"rendered":"Arch triplette"},"content":{"rendered":"<p>Arch Triplette fr\u00e5n Oblure \u00e4r en exklusiv designlampa och pendellampa med fyra symmetriskt placerade ljusk\u00e4llor som skapar en mjuk och balanserad ljusupplevelse. Inspirerad av det ikoniska valvet \u2013 ett arkitekturelement som i \u00e5rhundraden symboliserat styrka och elegans \u2013 f\u00f6renar Arch-kollektionen klassisk arkitektur med skandinavisk belysningsdesign. <\/p>\n<p>Den eleganta taklampan h\u00e4nger i tv\u00e5 tunna metalltr\u00e5dar som g\u00f6r att den upplevs n\u00e4stan viktl\u00f6s, samtidigt som dess skulpturala form ger rummet ett modernt uttryck. Ljusk\u00e4llorna \u00e4r utbytbara, vilket g\u00f6r det m\u00f6jligt att anpassa b\u00e5de f\u00e4rgtemperatur och spridningsvinkel efter behov. <\/p>\n<p>Arch Triplette fungerar lika bra som matbordslampa, k\u00f6kslampa eller konferensbelysning och kan med f\u00f6rdel kombineras med andra armaturer i Arch-familjen. Lampan kan best\u00e4llas i flera f\u00e4rger eller helt anpassas i valfri RAL- eller NCS-kul\u00f6r <\/p>\n","protected":false},"excerpt":{"rendered":"<p>Arch Triplette fr\u00e5n Oblure \u2013 en exklusiv pendellampa med fyra ljusk\u00e4llor. Skandinavisk designlampa f\u00f6r matbord, k\u00f6k och konferensrum. <\/p>\n","protected":false},"featured_media":19852,"template":"","meta":{"_acf_changed":false},"product_brand":[],"product_cat":[173],"product_tag":[181],"class_list":{"0":"post-20408","1":"product","2":"type-product","3":"status-publish","4":"has-post-thumbnail","6":"product_cat-okategoriserad","7":"product_tag-standard-sv","8":"pa_color-bla","9":"pa_color-miljo","10":"pa_color-black-sv","11":"pa_color-custom-color-sv","12":"pa_color-nude-sv","13":"pa_color-white-sv","14":"tm-has-options","16":"first","17":"instock","18":"taxable","19":"shipping-taxable","20":"purchasable","21":"product-type-variable","22":"has-default-attributes"},"acf":[],"yoast_head":"<!-- This site is optimized with the Yoast SEO plugin v27.3 - https:\/\/yoast.com\/product\/yoast-seo-wordpress\/ -->\n<title>Arch Triplette \u2013 skandinavisk pendellampa med fyra ljusk\u00e4llor fr\u00e5n Oblure<\/title>\n<meta name=\"description\" content=\"Arch Triplette fr\u00e5n Oblure - skandinavisk designad pendellampa med 4 GU10 downlights. Perfekt f\u00f6r matbord, k\u00f6ks\u00f6ar, vardagsrum och kontor.\" \/>\n<meta name=\"robots\" content=\"index, follow, max-snippet:-1, max-image-preview:large, max-video-preview:-1\" \/>\n<link rel=\"canonical\" href=\"https:\/\/oblure.com\/sv\/produkt\/arch-triplette\/\" \/>\n<meta property=\"og:locale\" content=\"sv_SE\" \/>\n<meta property=\"og:type\" content=\"article\" \/>\n<meta property=\"og:title\" content=\"Arch Triplette \u2013 skandinavisk pendellampa med fyra ljusk\u00e4llor fr\u00e5n Oblure\" \/>\n<meta property=\"og:description\" content=\"Arch Triplette fr\u00e5n Oblure - skandinavisk designad pendellampa med 4 GU10 downlights. Perfekt f\u00f6r matbord, k\u00f6ks\u00f6ar, vardagsrum och kontor.\" \/>\n<meta property=\"og:url\" content=\"https:\/\/oblure.com\/sv\/produkt\/arch-triplette\/\" \/>\n<meta property=\"og:site_name\" content=\"Oblure\" \/>\n<meta property=\"article:modified_time\" content=\"2025-12-19T09:15:11+00:00\" \/>\n<meta property=\"og:image\" content=\"https:\/\/oblure.com\/wp-content\/uploads\/2024\/08\/arch_triplette_product_image_nude.jpg\" \/>\n\t<meta property=\"og:image:width\" content=\"1920\" \/>\n\t<meta property=\"og:image:height\" content=\"1920\" \/>\n\t<meta property=\"og:image:type\" content=\"image\/jpeg\" \/>\n<meta name=\"twitter:card\" content=\"summary_large_image\" \/>\n<meta name=\"twitter:label1\" content=\"Ber\u00e4knad l\u00e4stid\" \/>\n\t<meta name=\"twitter:data1\" content=\"1 minut\" \/>\n<script type=\"application\/ld+json\" class=\"yoast-schema-graph\">{\"@context\":\"https:\\\/\\\/schema.org\",\"@graph\":[{\"@type\":\"WebPage\",\"@id\":\"https:\\\/\\\/oblure.com\\\/sv\\\/produkt\\\/arch-triplette\\\/\",\"url\":\"https:\\\/\\\/oblure.com\\\/sv\\\/produkt\\\/arch-triplette\\\/\",\"name\":\"Arch Triplette \u2013 skandinavisk pendellampa med fyra ljusk\u00e4llor fr\u00e5n Oblure\",\"isPartOf\":{\"@id\":\"https:\\\/\\\/oblure.com\\\/sv\\\/#website\"},\"primaryImageOfPage\":{\"@id\":\"https:\\\/\\\/oblure.com\\\/sv\\\/produkt\\\/arch-triplette\\\/#primaryimage\"},\"image\":{\"@id\":\"https:\\\/\\\/oblure.com\\\/sv\\\/produkt\\\/arch-triplette\\\/#primaryimage\"},\"thumbnailUrl\":\"https:\\\/\\\/oblure.com\\\/wp-content\\\/uploads\\\/2024\\\/08\\\/arch_triplette_product_image_nude.jpg\",\"datePublished\":\"2024-08-01T10:09:00+00:00\",\"dateModified\":\"2025-12-19T09:15:11+00:00\",\"description\":\"Arch Triplette fr\u00e5n Oblure - skandinavisk designad pendellampa med 4 GU10 downlights. Perfekt f\u00f6r matbord, k\u00f6ks\u00f6ar, vardagsrum och kontor.\",\"breadcrumb\":{\"@id\":\"https:\\\/\\\/oblure.com\\\/sv\\\/produkt\\\/arch-triplette\\\/#breadcrumb\"},\"inLanguage\":\"sv-SE\",\"potentialAction\":[{\"@type\":\"ReadAction\",\"target\":[\"https:\\\/\\\/oblure.com\\\/sv\\\/produkt\\\/arch-triplette\\\/\"]}]},{\"@type\":\"ImageObject\",\"inLanguage\":\"sv-SE\",\"@id\":\"https:\\\/\\\/oblure.com\\\/sv\\\/produkt\\\/arch-triplette\\\/#primaryimage\",\"url\":\"https:\\\/\\\/oblure.com\\\/wp-content\\\/uploads\\\/2024\\\/08\\\/arch_triplette_product_image_nude.jpg\",\"contentUrl\":\"https:\\\/\\\/oblure.com\\\/wp-content\\\/uploads\\\/2024\\\/08\\\/arch_triplette_product_image_nude.jpg\",\"width\":1920,\"height\":1920},{\"@type\":\"BreadcrumbList\",\"@id\":\"https:\\\/\\\/oblure.com\\\/sv\\\/produkt\\\/arch-triplette\\\/#breadcrumb\",\"itemListElement\":[{\"@type\":\"ListItem\",\"position\":1,\"name\":\"Alla produkter\",\"item\":\"https:\\\/\\\/oblure.com\\\/sv\\\/kollektion\\\/\"},{\"@type\":\"ListItem\",\"position\":2,\"name\":\"Oblures kollektion\",\"item\":\"https:\\\/\\\/oblure.com\\\/sv\\\/kollektion\\\/\"},{\"@type\":\"ListItem\",\"position\":3,\"name\":\"Arch triplette\"}]},{\"@type\":\"WebSite\",\"@id\":\"https:\\\/\\\/oblure.com\\\/sv\\\/#website\",\"url\":\"https:\\\/\\\/oblure.com\\\/sv\\\/\",\"name\":\"Oblure - Alluring lightning\",\"description\":\"Alluring lightning\",\"publisher\":{\"@id\":\"https:\\\/\\\/oblure.com\\\/sv\\\/#organization\"},\"potentialAction\":[{\"@type\":\"SearchAction\",\"target\":{\"@type\":\"EntryPoint\",\"urlTemplate\":\"https:\\\/\\\/oblure.com\\\/sv\\\/?s={search_term_string}\"},\"query-input\":{\"@type\":\"PropertyValueSpecification\",\"valueRequired\":true,\"valueName\":\"search_term_string\"}}],\"inLanguage\":\"sv-SE\"},{\"@type\":\"Organization\",\"@id\":\"https:\\\/\\\/oblure.com\\\/sv\\\/#organization\",\"name\":\"Oblure\",\"url\":\"https:\\\/\\\/oblure.com\\\/sv\\\/\",\"logo\":{\"@type\":\"ImageObject\",\"inLanguage\":\"sv-SE\",\"@id\":\"https:\\\/\\\/oblure.com\\\/sv\\\/#\\\/schema\\\/logo\\\/image\\\/\",\"url\":\"https:\\\/\\\/oblure.com\\\/wp-content\\\/uploads\\\/2023\\\/05\\\/logo_oblure_SWEDEN-1.svg\",\"contentUrl\":\"https:\\\/\\\/oblure.com\\\/wp-content\\\/uploads\\\/2023\\\/05\\\/logo_oblure_SWEDEN-1.svg\",\"width\":841,\"height\":595,\"caption\":\"Oblure\"},\"image\":{\"@id\":\"https:\\\/\\\/oblure.com\\\/sv\\\/#\\\/schema\\\/logo\\\/image\\\/\"}}]}<\/script>\n<!-- \/ Yoast SEO plugin. -->","yoast_head_json":{"title":"Arch Triplette \u2013 skandinavisk pendellampa med fyra ljusk\u00e4llor fr\u00e5n Oblure","description":"Arch Triplette fr\u00e5n Oblure - skandinavisk designad pendellampa med 4 GU10 downlights. Perfekt f\u00f6r matbord, k\u00f6ks\u00f6ar, vardagsrum och kontor.","robots":{"index":"index","follow":"follow","max-snippet":"max-snippet:-1","max-image-preview":"max-image-preview:large","max-video-preview":"max-video-preview:-1"},"canonical":"https:\/\/oblure.com\/sv\/produkt\/arch-triplette\/","og_locale":"sv_SE","og_type":"article","og_title":"Arch Triplette \u2013 skandinavisk pendellampa med fyra ljusk\u00e4llor fr\u00e5n Oblure","og_description":"Arch Triplette fr\u00e5n Oblure - skandinavisk designad pendellampa med 4 GU10 downlights. Perfekt f\u00f6r matbord, k\u00f6ks\u00f6ar, vardagsrum och kontor.","og_url":"https:\/\/oblure.com\/sv\/produkt\/arch-triplette\/","og_site_name":"Oblure","article_modified_time":"2025-12-19T09:15:11+00:00","og_image":[{"width":1920,"height":1920,"url":"https:\/\/oblure.com\/wp-content\/uploads\/2024\/08\/arch_triplette_product_image_nude.jpg","type":"image\/jpeg"}],"twitter_card":"summary_large_image","twitter_misc":{"Ber\u00e4knad l\u00e4stid":"1 minut"},"schema":{"@context":"https:\/\/schema.org","@graph":[{"@type":"WebPage","@id":"https:\/\/oblure.com\/sv\/produkt\/arch-triplette\/","url":"https:\/\/oblure.com\/sv\/produkt\/arch-triplette\/","name":"Arch Triplette \u2013 skandinavisk pendellampa med fyra ljusk\u00e4llor fr\u00e5n Oblure","isPartOf":{"@id":"https:\/\/oblure.com\/sv\/#website"},"primaryImageOfPage":{"@id":"https:\/\/oblure.com\/sv\/produkt\/arch-triplette\/#primaryimage"},"image":{"@id":"https:\/\/oblure.com\/sv\/produkt\/arch-triplette\/#primaryimage"},"thumbnailUrl":"https:\/\/oblure.com\/wp-content\/uploads\/2024\/08\/arch_triplette_product_image_nude.jpg","datePublished":"2024-08-01T10:09:00+00:00","dateModified":"2025-12-19T09:15:11+00:00","description":"Arch Triplette fr\u00e5n Oblure - skandinavisk designad pendellampa med 4 GU10 downlights. Perfekt f\u00f6r matbord, k\u00f6ks\u00f6ar, vardagsrum och kontor.","breadcrumb":{"@id":"https:\/\/oblure.com\/sv\/produkt\/arch-triplette\/#breadcrumb"},"inLanguage":"sv-SE","potentialAction":[{"@type":"ReadAction","target":["https:\/\/oblure.com\/sv\/produkt\/arch-triplette\/"]}]},{"@type":"ImageObject","inLanguage":"sv-SE","@id":"https:\/\/oblure.com\/sv\/produkt\/arch-triplette\/#primaryimage","url":"https:\/\/oblure.com\/wp-content\/uploads\/2024\/08\/arch_triplette_product_image_nude.jpg","contentUrl":"https:\/\/oblure.com\/wp-content\/uploads\/2024\/08\/arch_triplette_product_image_nude.jpg","width":1920,"height":1920},{"@type":"BreadcrumbList","@id":"https:\/\/oblure.com\/sv\/produkt\/arch-triplette\/#breadcrumb","itemListElement":[{"@type":"ListItem","position":1,"name":"Alla produkter","item":"https:\/\/oblure.com\/sv\/kollektion\/"},{"@type":"ListItem","position":2,"name":"Oblures kollektion","item":"https:\/\/oblure.com\/sv\/kollektion\/"},{"@type":"ListItem","position":3,"name":"Arch triplette"}]},{"@type":"WebSite","@id":"https:\/\/oblure.com\/sv\/#website","url":"https:\/\/oblure.com\/sv\/","name":"Oblure - Alluring lightning","description":"Alluring lightning","publisher":{"@id":"https:\/\/oblure.com\/sv\/#organization"},"potentialAction":[{"@type":"SearchAction","target":{"@type":"EntryPoint","urlTemplate":"https:\/\/oblure.com\/sv\/?s={search_term_string}"},"query-input":{"@type":"PropertyValueSpecification","valueRequired":true,"valueName":"search_term_string"}}],"inLanguage":"sv-SE"},{"@type":"Organization","@id":"https:\/\/oblure.com\/sv\/#organization","name":"Oblure","url":"https:\/\/oblure.com\/sv\/","logo":{"@type":"ImageObject","inLanguage":"sv-SE","@id":"https:\/\/oblure.com\/sv\/#\/schema\/logo\/image\/","url":"https:\/\/oblure.com\/wp-content\/uploads\/2023\/05\/logo_oblure_SWEDEN-1.svg","contentUrl":"https:\/\/oblure.com\/wp-content\/uploads\/2023\/05\/logo_oblure_SWEDEN-1.svg","width":841,"height":595,"caption":"Oblure"},"image":{"@id":"https:\/\/oblure.com\/sv\/#\/schema\/logo\/image\/"}}]}},"_links":{"self":[{"href":"https:\/\/oblure.com\/sv\/wp-json\/wp\/v2\/product\/20408","targetHints":{"allow":["GET"]}}],"collection":[{"href":"https:\/\/oblure.com\/sv\/wp-json\/wp\/v2\/product"}],"about":[{"href":"https:\/\/oblure.com\/sv\/wp-json\/wp\/v2\/types\/product"}],"version-history":[{"count":2,"href":"https:\/\/oblure.com\/sv\/wp-json\/wp\/v2\/product\/20408\/revisions"}],"predecessor-version":[{"id":22751,"href":"https:\/\/oblure.com\/sv\/wp-json\/wp\/v2\/product\/20408\/revisions\/22751"}],"wp:featuredmedia":[{"embeddable":true,"href":"https:\/\/oblure.com\/sv\/wp-json\/wp\/v2\/media\/19852"}],"wp:attachment":[{"href":"https:\/\/oblure.com\/sv\/wp-json\/wp\/v2\/media?parent=20408"}],"wp:term":[{"taxonomy":"product_brand","embeddable":true,"href":"https:\/\/oblure.com\/sv\/wp-json\/wp\/v2\/product_brand?post=20408"},{"taxonomy":"product_cat","embeddable":true,"href":"https:\/\/oblure.com\/sv\/wp-json\/wp\/v2\/product_cat?post=20408"},{"taxonomy":"product_tag","embeddable":true,"href":"https:\/\/oblure.com\/sv\/wp-json\/wp\/v2\/product_tag?post=20408"}],"curies":[{"name":"wp","href":"https:\/\/api.w.org\/{rel}","templated":true}]}}