{"id":20425,"date":"2023-09-05T17:13:10","date_gmt":"2023-09-05T15:13:10","guid":{"rendered":"https:\/\/oblure.com\/product\/blockkedja-29\/"},"modified":"2025-03-10T20:46:54","modified_gmt":"2025-03-10T19:46:54","slug":"blockchain-29","status":"publish","type":"product","link":"https:\/\/oblure.com\/sv\/produkt\/blockchain-29\/","title":{"rendered":"Blockchain 29"},"content":{"rendered":"<p>Blockchain 29 best\u00e5r av en serie sammanfogade aluminiumkuber, arrangerade i en till synes slumpm\u00e4ssig sekvens. Designen f\u00f6rmedlar k\u00e4nslan av en enda kub som r\u00f6r sig genom tid och rum, med dess olika positioner frusna i tiden.<\/p>\n<p>Varannan kub \u00e4r utrustad med en inbyggd LED vilket ger 15 ljuspunkter och v\u00e4l distribuerat, j\u00e4mnt ljus. Resultatet \u00e4r en elegant och abstrakt armatur som tycks sv\u00e4va fritt i luften, d\u00e4r form och funktion m\u00f6ts i en modern och f\u00e4ngslande design.<\/p>\n<p>LED-panelerna \u00e4r utbytbara och kabel och vajrar \u00e4r hela 300 cm f\u00f6r nedpendling \u00e4ven i spati\u00f6sa rum.    <\/p>\n","protected":false},"excerpt":{"rendered":"<p>Blockchain 29 best\u00e5r av en serie sammanfogade aluminiumkuber, arrangerade i en till synes slumpm\u00e4ssig sekvens. Designen f\u00f6rmedlar k\u00e4nslan av en enda kub som r\u00f6r sig genom tid och rum, med dess olika positioner frusna i tiden. Varannan kub \u00e4r utrustad med en inbyggd LED vilket ger 15 ljuspunkter och v\u00e4l distribuerat, j\u00e4mnt ljus. Resultatet \u00e4r en elegant och abstrakt armatur som tycks sv\u00e4va fritt i luften, d\u00e4r form och funktion m\u00f6ts i en modern och f\u00e4ngslande design. LED-panelerna \u00e4r utbytbara och kabel och vajrar \u00e4r hela 300 cm f\u00f6r nedpendling \u00e4ven i spati\u00f6sa rum.    <\/p>\n","protected":false},"featured_media":19896,"template":"","meta":{"_acf_changed":false},"product_brand":[],"product_cat":[173],"product_tag":[181],"class_list":{"0":"post-20425","1":"product","2":"type-product","3":"status-publish","4":"has-post-thumbnail","6":"product_cat-okategoriserad","7":"product_tag-standard-sv","8":"pa_color-aluminium-sv","9":"pa_color-miljo","10":"pa_color-black-sv","11":"pa_color-white-sv","12":"tm-no-options","14":"first","15":"instock","16":"taxable","17":"shipping-taxable","18":"purchasable","19":"product-type-variable","20":"has-default-attributes"},"acf":[],"yoast_head":"<!-- This site is optimized with the Yoast SEO plugin v27.3 - https:\/\/yoast.com\/product\/yoast-seo-wordpress\/ -->\n<title>Blockchain 29 - Oblure<\/title>\n<meta name=\"description\" content=\"Blockchain 29 best\u00e5r av extruderade aluminiumkuber i en slumpm\u00e4ssig layout som representerar en kubs r\u00f6relse genom tid och rum. Designad av Markus Johansson.\" \/>\n<meta name=\"robots\" content=\"index, follow, max-snippet:-1, max-image-preview:large, max-video-preview:-1\" \/>\n<link rel=\"canonical\" href=\"https:\/\/oblure.com\/sv\/produkt\/blockchain-29\/\" \/>\n<meta property=\"og:locale\" content=\"sv_SE\" \/>\n<meta property=\"og:type\" content=\"article\" \/>\n<meta property=\"og:title\" content=\"Blockchain 29 - Oblure\" \/>\n<meta property=\"og:description\" content=\"Blockchain 29 best\u00e5r av extruderade aluminiumkuber i en slumpm\u00e4ssig layout som representerar en kubs r\u00f6relse genom tid och rum. Designad av Markus Johansson.\" \/>\n<meta property=\"og:url\" content=\"https:\/\/oblure.com\/sv\/produkt\/blockchain-29\/\" \/>\n<meta property=\"og:site_name\" content=\"Oblure\" \/>\n<meta property=\"article:modified_time\" content=\"2025-03-10T19:46:54+00:00\" \/>\n<meta property=\"og:image\" content=\"https:\/\/oblure.com\/wp-content\/uploads\/2023\/09\/blockchain_29_product_image_black_sept_2024.jpg.webp\" \/>\n\t<meta property=\"og:image:width\" content=\"1920\" \/>\n\t<meta property=\"og:image:height\" content=\"1920\" \/>\n\t<meta property=\"og:image:type\" content=\"image\/jpeg\" \/>\n<meta name=\"twitter:card\" content=\"summary_large_image\" \/>\n<meta name=\"twitter:label1\" content=\"Ber\u00e4knad l\u00e4stid\" \/>\n\t<meta name=\"twitter:data1\" content=\"1 minut\" \/>\n<script type=\"application\/ld+json\" class=\"yoast-schema-graph\">{\"@context\":\"https:\\\/\\\/schema.org\",\"@graph\":[{\"@type\":\"WebPage\",\"@id\":\"https:\\\/\\\/oblure.com\\\/sv\\\/produkt\\\/blockchain-29\\\/\",\"url\":\"https:\\\/\\\/oblure.com\\\/sv\\\/produkt\\\/blockchain-29\\\/\",\"name\":\"Blockchain 29 - Oblure\",\"isPartOf\":{\"@id\":\"https:\\\/\\\/oblure.com\\\/sv\\\/#website\"},\"primaryImageOfPage\":{\"@id\":\"https:\\\/\\\/oblure.com\\\/sv\\\/produkt\\\/blockchain-29\\\/#primaryimage\"},\"image\":{\"@id\":\"https:\\\/\\\/oblure.com\\\/sv\\\/produkt\\\/blockchain-29\\\/#primaryimage\"},\"thumbnailUrl\":\"https:\\\/\\\/oblure.com\\\/wp-content\\\/uploads\\\/2023\\\/09\\\/blockchain_29_product_image_black_sept_2024.jpg\",\"datePublished\":\"2023-09-05T15:13:10+00:00\",\"dateModified\":\"2025-03-10T19:46:54+00:00\",\"description\":\"Blockchain 29 best\u00e5r av extruderade aluminiumkuber i en slumpm\u00e4ssig layout som representerar en kubs r\u00f6relse genom tid och rum. Designad av Markus Johansson.\",\"breadcrumb\":{\"@id\":\"https:\\\/\\\/oblure.com\\\/sv\\\/produkt\\\/blockchain-29\\\/#breadcrumb\"},\"inLanguage\":\"sv-SE\",\"potentialAction\":[{\"@type\":\"ReadAction\",\"target\":[\"https:\\\/\\\/oblure.com\\\/sv\\\/produkt\\\/blockchain-29\\\/\"]}]},{\"@type\":\"ImageObject\",\"inLanguage\":\"sv-SE\",\"@id\":\"https:\\\/\\\/oblure.com\\\/sv\\\/produkt\\\/blockchain-29\\\/#primaryimage\",\"url\":\"https:\\\/\\\/oblure.com\\\/wp-content\\\/uploads\\\/2023\\\/09\\\/blockchain_29_product_image_black_sept_2024.jpg\",\"contentUrl\":\"https:\\\/\\\/oblure.com\\\/wp-content\\\/uploads\\\/2023\\\/09\\\/blockchain_29_product_image_black_sept_2024.jpg\",\"width\":1920,\"height\":1920},{\"@type\":\"BreadcrumbList\",\"@id\":\"https:\\\/\\\/oblure.com\\\/sv\\\/produkt\\\/blockchain-29\\\/#breadcrumb\",\"itemListElement\":[{\"@type\":\"ListItem\",\"position\":1,\"name\":\"Alla produkter\",\"item\":\"https:\\\/\\\/oblure.com\\\/sv\\\/kollektion\\\/\"},{\"@type\":\"ListItem\",\"position\":2,\"name\":\"Oblures kollektion\",\"item\":\"https:\\\/\\\/oblure.com\\\/sv\\\/kollektion\\\/\"},{\"@type\":\"ListItem\",\"position\":3,\"name\":\"Blockchain 29\"}]},{\"@type\":\"WebSite\",\"@id\":\"https:\\\/\\\/oblure.com\\\/sv\\\/#website\",\"url\":\"https:\\\/\\\/oblure.com\\\/sv\\\/\",\"name\":\"Oblure - Alluring lightning\",\"description\":\"Alluring lightning\",\"publisher\":{\"@id\":\"https:\\\/\\\/oblure.com\\\/sv\\\/#organization\"},\"potentialAction\":[{\"@type\":\"SearchAction\",\"target\":{\"@type\":\"EntryPoint\",\"urlTemplate\":\"https:\\\/\\\/oblure.com\\\/sv\\\/?s={search_term_string}\"},\"query-input\":{\"@type\":\"PropertyValueSpecification\",\"valueRequired\":true,\"valueName\":\"search_term_string\"}}],\"inLanguage\":\"sv-SE\"},{\"@type\":\"Organization\",\"@id\":\"https:\\\/\\\/oblure.com\\\/sv\\\/#organization\",\"name\":\"Oblure\",\"url\":\"https:\\\/\\\/oblure.com\\\/sv\\\/\",\"logo\":{\"@type\":\"ImageObject\",\"inLanguage\":\"sv-SE\",\"@id\":\"https:\\\/\\\/oblure.com\\\/sv\\\/#\\\/schema\\\/logo\\\/image\\\/\",\"url\":\"https:\\\/\\\/oblure.com\\\/wp-content\\\/uploads\\\/2023\\\/05\\\/logo_oblure_SWEDEN-1.svg\",\"contentUrl\":\"https:\\\/\\\/oblure.com\\\/wp-content\\\/uploads\\\/2023\\\/05\\\/logo_oblure_SWEDEN-1.svg\",\"width\":841,\"height\":595,\"caption\":\"Oblure\"},\"image\":{\"@id\":\"https:\\\/\\\/oblure.com\\\/sv\\\/#\\\/schema\\\/logo\\\/image\\\/\"}}]}<\/script>\n<!-- \/ Yoast SEO plugin. -->","yoast_head_json":{"title":"Blockchain 29 - Oblure","description":"Blockchain 29 best\u00e5r av extruderade aluminiumkuber i en slumpm\u00e4ssig layout som representerar en kubs r\u00f6relse genom tid och rum. Designad av Markus Johansson.","robots":{"index":"index","follow":"follow","max-snippet":"max-snippet:-1","max-image-preview":"max-image-preview:large","max-video-preview":"max-video-preview:-1"},"canonical":"https:\/\/oblure.com\/sv\/produkt\/blockchain-29\/","og_locale":"sv_SE","og_type":"article","og_title":"Blockchain 29 - Oblure","og_description":"Blockchain 29 best\u00e5r av extruderade aluminiumkuber i en slumpm\u00e4ssig layout som representerar en kubs r\u00f6relse genom tid och rum. Designad av Markus Johansson.","og_url":"https:\/\/oblure.com\/sv\/produkt\/blockchain-29\/","og_site_name":"Oblure","article_modified_time":"2025-03-10T19:46:54+00:00","og_image":[{"width":1920,"height":1920,"url":"https:\/\/oblure.com\/wp-content\/uploads\/2023\/09\/blockchain_29_product_image_black_sept_2024.jpg.webp","type":"image\/jpeg"}],"twitter_card":"summary_large_image","twitter_misc":{"Ber\u00e4knad l\u00e4stid":"1 minut"},"schema":{"@context":"https:\/\/schema.org","@graph":[{"@type":"WebPage","@id":"https:\/\/oblure.com\/sv\/produkt\/blockchain-29\/","url":"https:\/\/oblure.com\/sv\/produkt\/blockchain-29\/","name":"Blockchain 29 - Oblure","isPartOf":{"@id":"https:\/\/oblure.com\/sv\/#website"},"primaryImageOfPage":{"@id":"https:\/\/oblure.com\/sv\/produkt\/blockchain-29\/#primaryimage"},"image":{"@id":"https:\/\/oblure.com\/sv\/produkt\/blockchain-29\/#primaryimage"},"thumbnailUrl":"https:\/\/oblure.com\/wp-content\/uploads\/2023\/09\/blockchain_29_product_image_black_sept_2024.jpg","datePublished":"2023-09-05T15:13:10+00:00","dateModified":"2025-03-10T19:46:54+00:00","description":"Blockchain 29 best\u00e5r av extruderade aluminiumkuber i en slumpm\u00e4ssig layout som representerar en kubs r\u00f6relse genom tid och rum. Designad av Markus Johansson.","breadcrumb":{"@id":"https:\/\/oblure.com\/sv\/produkt\/blockchain-29\/#breadcrumb"},"inLanguage":"sv-SE","potentialAction":[{"@type":"ReadAction","target":["https:\/\/oblure.com\/sv\/produkt\/blockchain-29\/"]}]},{"@type":"ImageObject","inLanguage":"sv-SE","@id":"https:\/\/oblure.com\/sv\/produkt\/blockchain-29\/#primaryimage","url":"https:\/\/oblure.com\/wp-content\/uploads\/2023\/09\/blockchain_29_product_image_black_sept_2024.jpg","contentUrl":"https:\/\/oblure.com\/wp-content\/uploads\/2023\/09\/blockchain_29_product_image_black_sept_2024.jpg","width":1920,"height":1920},{"@type":"BreadcrumbList","@id":"https:\/\/oblure.com\/sv\/produkt\/blockchain-29\/#breadcrumb","itemListElement":[{"@type":"ListItem","position":1,"name":"Alla produkter","item":"https:\/\/oblure.com\/sv\/kollektion\/"},{"@type":"ListItem","position":2,"name":"Oblures kollektion","item":"https:\/\/oblure.com\/sv\/kollektion\/"},{"@type":"ListItem","position":3,"name":"Blockchain 29"}]},{"@type":"WebSite","@id":"https:\/\/oblure.com\/sv\/#website","url":"https:\/\/oblure.com\/sv\/","name":"Oblure - Alluring lightning","description":"Alluring lightning","publisher":{"@id":"https:\/\/oblure.com\/sv\/#organization"},"potentialAction":[{"@type":"SearchAction","target":{"@type":"EntryPoint","urlTemplate":"https:\/\/oblure.com\/sv\/?s={search_term_string}"},"query-input":{"@type":"PropertyValueSpecification","valueRequired":true,"valueName":"search_term_string"}}],"inLanguage":"sv-SE"},{"@type":"Organization","@id":"https:\/\/oblure.com\/sv\/#organization","name":"Oblure","url":"https:\/\/oblure.com\/sv\/","logo":{"@type":"ImageObject","inLanguage":"sv-SE","@id":"https:\/\/oblure.com\/sv\/#\/schema\/logo\/image\/","url":"https:\/\/oblure.com\/wp-content\/uploads\/2023\/05\/logo_oblure_SWEDEN-1.svg","contentUrl":"https:\/\/oblure.com\/wp-content\/uploads\/2023\/05\/logo_oblure_SWEDEN-1.svg","width":841,"height":595,"caption":"Oblure"},"image":{"@id":"https:\/\/oblure.com\/sv\/#\/schema\/logo\/image\/"}}]}},"_links":{"self":[{"href":"https:\/\/oblure.com\/sv\/wp-json\/wp\/v2\/product\/20425","targetHints":{"allow":["GET"]}}],"collection":[{"href":"https:\/\/oblure.com\/sv\/wp-json\/wp\/v2\/product"}],"about":[{"href":"https:\/\/oblure.com\/sv\/wp-json\/wp\/v2\/types\/product"}],"version-history":[{"count":1,"href":"https:\/\/oblure.com\/sv\/wp-json\/wp\/v2\/product\/20425\/revisions"}],"predecessor-version":[{"id":20904,"href":"https:\/\/oblure.com\/sv\/wp-json\/wp\/v2\/product\/20425\/revisions\/20904"}],"wp:featuredmedia":[{"embeddable":true,"href":"https:\/\/oblure.com\/sv\/wp-json\/wp\/v2\/media\/19896"}],"wp:attachment":[{"href":"https:\/\/oblure.com\/sv\/wp-json\/wp\/v2\/media?parent=20425"}],"wp:term":[{"taxonomy":"product_brand","embeddable":true,"href":"https:\/\/oblure.com\/sv\/wp-json\/wp\/v2\/product_brand?post=20425"},{"taxonomy":"product_cat","embeddable":true,"href":"https:\/\/oblure.com\/sv\/wp-json\/wp\/v2\/product_cat?post=20425"},{"taxonomy":"product_tag","embeddable":true,"href":"https:\/\/oblure.com\/sv\/wp-json\/wp\/v2\/product_tag?post=20425"}],"curies":[{"name":"wp","href":"https:\/\/api.w.org\/{rel}","templated":true}]}}