{"id":20436,"date":"2023-09-05T16:32:39","date_gmt":"2023-09-05T14:32:39","guid":{"rendered":"https:\/\/oblure.com\/product\/mondo-triplette\/"},"modified":"2025-03-10T20:31:24","modified_gmt":"2025-03-10T19:31:24","slug":"mondo-triplette","status":"publish","type":"product","link":"https:\/\/oblure.com\/sv\/produkt\/mondo-triplette\/","title":{"rendered":"Mondo Triplette"},"content":{"rendered":"<p>Mondo Triplette \u00e4r best\u00e5r av tre Mondo Pendant, elegant upph\u00e4ngda fr\u00e5n en gemensam takplatta f\u00f6r en stilren och smidig takinstallation. Som namnet antyder h\u00e4mtar Mondo Pendant inspiration fr\u00e5n planeterna och deras r\u00f6relser. De r\u00f6rliga sk\u00e4rmar m\u00f6jligg\u00f6r inte bara justerbar belysning utan inbjuder \u00e4ven till lekfull interaktion, vilket f\u00f6r\u00e4ndrar b\u00e5de lampans utseende och ljusets riktning.<\/p>\n<p>Tillverkad av st\u00e5l och opalglas med en elegant svart finish kombinerar Mondo Pendant modern estetik med himmelsk elegans, vilket g\u00f6r den till ett i\u00f6gonfallande och m\u00e5ngsidigt tillskott till alla milj\u00f6er. Armaturen \u00e4r f\u00f6rsedd med E27 socklar f\u00f6r att enkelt kunna anpassa ljusk\u00e4llans styrka och f\u00e4rgtemperatur.   <\/p>\n","protected":false},"excerpt":{"rendered":"<p>Mondo Triplette \u00e4r en konfiguration av tre Mondo pendel och en taksk\u00e4rm. Lampan har en klassisk sj\u00e4l men samtida ambitioner.  Den kombinerar en fysisk bild av en planet med ett abstrakt originalitetsbegrepp som programmeras av betraktaren. M\u00f6jligheten att interagera med lampan erbjuder anv\u00e4ndaren en o\u00e4ndlig dialog.<\/p>\n<p>De \u00f6verlappande m\u00f6nstren kontrollerar den lysande effekten genom r\u00f6relsen hos de metalliska nyanserna. Antonio Facco har skapat en sofistikerad lampa som bjuder in anv\u00e4ndaren att bli en meddesigner.<\/p>\n","protected":false},"featured_media":19507,"template":"","meta":{"_acf_changed":false},"product_brand":[],"product_cat":[173],"product_tag":[181],"class_list":{"0":"post-20436","1":"product","2":"type-product","3":"status-publish","4":"has-post-thumbnail","6":"product_cat-okategoriserad","7":"product_tag-standard-sv","8":"pa_color-miljo","9":"pa_color-black-sv","10":"tm-no-options","12":"first","13":"instock","14":"taxable","15":"shipping-taxable","16":"purchasable","17":"product-type-variable","18":"has-default-attributes"},"acf":[],"yoast_head":"<!-- This site is optimized with the Yoast SEO plugin v27.3 - https:\/\/yoast.com\/product\/yoast-seo-wordpress\/ -->\n<title>Mondo Triplette - Oblure<\/title>\n<meta name=\"robots\" content=\"index, follow, max-snippet:-1, max-image-preview:large, max-video-preview:-1\" \/>\n<link rel=\"canonical\" href=\"https:\/\/oblure.com\/sv\/produkt\/mondo-triplette\/\" \/>\n<meta property=\"og:locale\" content=\"sv_SE\" \/>\n<meta property=\"og:type\" content=\"article\" \/>\n<meta property=\"og:title\" content=\"Mondo Triplette - Oblure\" \/>\n<meta property=\"og:description\" content=\"Mondo Triplette \u00e4r en konfiguration av tre Mondo pendel och en taksk\u00e4rm. Lampan har en klassisk sj\u00e4l men samtida ambitioner. Den kombinerar en fysisk bild av en planet med ett abstrakt originalitetsbegrepp som programmeras av betraktaren. M\u00f6jligheten att interagera med lampan erbjuder anv\u00e4ndaren en o\u00e4ndlig dialog. De \u00f6verlappande m\u00f6nstren kontrollerar den lysande effekten genom r\u00f6relsen hos de metalliska nyanserna. Antonio Facco har skapat en sofistikerad lampa som bjuder in anv\u00e4ndaren att bli en meddesigner.\" \/>\n<meta property=\"og:url\" content=\"https:\/\/oblure.com\/sv\/produkt\/mondo-triplette\/\" \/>\n<meta property=\"og:site_name\" content=\"Oblure\" \/>\n<meta property=\"article:modified_time\" content=\"2025-03-10T19:31:24+00:00\" \/>\n<meta property=\"og:image\" content=\"https:\/\/oblure.com\/wp-content\/uploads\/2023\/09\/mondo_tripplette_black.jpg.webp\" \/>\n\t<meta property=\"og:image:width\" content=\"1920\" \/>\n\t<meta property=\"og:image:height\" content=\"1920\" \/>\n\t<meta property=\"og:image:type\" content=\"image\/jpeg\" \/>\n<meta name=\"twitter:card\" content=\"summary_large_image\" \/>\n<meta name=\"twitter:label1\" content=\"Ber\u00e4knad l\u00e4stid\" \/>\n\t<meta name=\"twitter:data1\" content=\"1 minut\" \/>\n<script type=\"application\/ld+json\" class=\"yoast-schema-graph\">{\"@context\":\"https:\\\/\\\/schema.org\",\"@graph\":[{\"@type\":\"WebPage\",\"@id\":\"https:\\\/\\\/oblure.com\\\/sv\\\/produkt\\\/mondo-triplette\\\/\",\"url\":\"https:\\\/\\\/oblure.com\\\/sv\\\/produkt\\\/mondo-triplette\\\/\",\"name\":\"Mondo Triplette - Oblure\",\"isPartOf\":{\"@id\":\"https:\\\/\\\/oblure.com\\\/sv\\\/#website\"},\"primaryImageOfPage\":{\"@id\":\"https:\\\/\\\/oblure.com\\\/sv\\\/produkt\\\/mondo-triplette\\\/#primaryimage\"},\"image\":{\"@id\":\"https:\\\/\\\/oblure.com\\\/sv\\\/produkt\\\/mondo-triplette\\\/#primaryimage\"},\"thumbnailUrl\":\"https:\\\/\\\/oblure.com\\\/wp-content\\\/uploads\\\/2023\\\/09\\\/mondo_tripplette_black.jpg\",\"datePublished\":\"2023-09-05T14:32:39+00:00\",\"dateModified\":\"2025-03-10T19:31:24+00:00\",\"breadcrumb\":{\"@id\":\"https:\\\/\\\/oblure.com\\\/sv\\\/produkt\\\/mondo-triplette\\\/#breadcrumb\"},\"inLanguage\":\"sv-SE\",\"potentialAction\":[{\"@type\":\"ReadAction\",\"target\":[\"https:\\\/\\\/oblure.com\\\/sv\\\/produkt\\\/mondo-triplette\\\/\"]}]},{\"@type\":\"ImageObject\",\"inLanguage\":\"sv-SE\",\"@id\":\"https:\\\/\\\/oblure.com\\\/sv\\\/produkt\\\/mondo-triplette\\\/#primaryimage\",\"url\":\"https:\\\/\\\/oblure.com\\\/wp-content\\\/uploads\\\/2023\\\/09\\\/mondo_tripplette_black.jpg\",\"contentUrl\":\"https:\\\/\\\/oblure.com\\\/wp-content\\\/uploads\\\/2023\\\/09\\\/mondo_tripplette_black.jpg\",\"width\":1920,\"height\":1920},{\"@type\":\"BreadcrumbList\",\"@id\":\"https:\\\/\\\/oblure.com\\\/sv\\\/produkt\\\/mondo-triplette\\\/#breadcrumb\",\"itemListElement\":[{\"@type\":\"ListItem\",\"position\":1,\"name\":\"Alla produkter\",\"item\":\"https:\\\/\\\/oblure.com\\\/sv\\\/kollektion\\\/\"},{\"@type\":\"ListItem\",\"position\":2,\"name\":\"Oblures kollektion\",\"item\":\"https:\\\/\\\/oblure.com\\\/sv\\\/kollektion\\\/\"},{\"@type\":\"ListItem\",\"position\":3,\"name\":\"Mondo Triplette\"}]},{\"@type\":\"WebSite\",\"@id\":\"https:\\\/\\\/oblure.com\\\/sv\\\/#website\",\"url\":\"https:\\\/\\\/oblure.com\\\/sv\\\/\",\"name\":\"Oblure - Alluring lightning\",\"description\":\"Alluring lightning\",\"publisher\":{\"@id\":\"https:\\\/\\\/oblure.com\\\/sv\\\/#organization\"},\"potentialAction\":[{\"@type\":\"SearchAction\",\"target\":{\"@type\":\"EntryPoint\",\"urlTemplate\":\"https:\\\/\\\/oblure.com\\\/sv\\\/?s={search_term_string}\"},\"query-input\":{\"@type\":\"PropertyValueSpecification\",\"valueRequired\":true,\"valueName\":\"search_term_string\"}}],\"inLanguage\":\"sv-SE\"},{\"@type\":\"Organization\",\"@id\":\"https:\\\/\\\/oblure.com\\\/sv\\\/#organization\",\"name\":\"Oblure\",\"url\":\"https:\\\/\\\/oblure.com\\\/sv\\\/\",\"logo\":{\"@type\":\"ImageObject\",\"inLanguage\":\"sv-SE\",\"@id\":\"https:\\\/\\\/oblure.com\\\/sv\\\/#\\\/schema\\\/logo\\\/image\\\/\",\"url\":\"https:\\\/\\\/oblure.com\\\/wp-content\\\/uploads\\\/2023\\\/05\\\/logo_oblure_SWEDEN-1.svg\",\"contentUrl\":\"https:\\\/\\\/oblure.com\\\/wp-content\\\/uploads\\\/2023\\\/05\\\/logo_oblure_SWEDEN-1.svg\",\"width\":841,\"height\":595,\"caption\":\"Oblure\"},\"image\":{\"@id\":\"https:\\\/\\\/oblure.com\\\/sv\\\/#\\\/schema\\\/logo\\\/image\\\/\"}}]}<\/script>\n<!-- \/ Yoast SEO plugin. -->","yoast_head_json":{"title":"Mondo Triplette - Oblure","robots":{"index":"index","follow":"follow","max-snippet":"max-snippet:-1","max-image-preview":"max-image-preview:large","max-video-preview":"max-video-preview:-1"},"canonical":"https:\/\/oblure.com\/sv\/produkt\/mondo-triplette\/","og_locale":"sv_SE","og_type":"article","og_title":"Mondo Triplette - Oblure","og_description":"Mondo Triplette \u00e4r en konfiguration av tre Mondo pendel och en taksk\u00e4rm. Lampan har en klassisk sj\u00e4l men samtida ambitioner. Den kombinerar en fysisk bild av en planet med ett abstrakt originalitetsbegrepp som programmeras av betraktaren. M\u00f6jligheten att interagera med lampan erbjuder anv\u00e4ndaren en o\u00e4ndlig dialog. De \u00f6verlappande m\u00f6nstren kontrollerar den lysande effekten genom r\u00f6relsen hos de metalliska nyanserna. Antonio Facco har skapat en sofistikerad lampa som bjuder in anv\u00e4ndaren att bli en meddesigner.","og_url":"https:\/\/oblure.com\/sv\/produkt\/mondo-triplette\/","og_site_name":"Oblure","article_modified_time":"2025-03-10T19:31:24+00:00","og_image":[{"width":1920,"height":1920,"url":"https:\/\/oblure.com\/wp-content\/uploads\/2023\/09\/mondo_tripplette_black.jpg.webp","type":"image\/jpeg"}],"twitter_card":"summary_large_image","twitter_misc":{"Ber\u00e4knad l\u00e4stid":"1 minut"},"schema":{"@context":"https:\/\/schema.org","@graph":[{"@type":"WebPage","@id":"https:\/\/oblure.com\/sv\/produkt\/mondo-triplette\/","url":"https:\/\/oblure.com\/sv\/produkt\/mondo-triplette\/","name":"Mondo Triplette - Oblure","isPartOf":{"@id":"https:\/\/oblure.com\/sv\/#website"},"primaryImageOfPage":{"@id":"https:\/\/oblure.com\/sv\/produkt\/mondo-triplette\/#primaryimage"},"image":{"@id":"https:\/\/oblure.com\/sv\/produkt\/mondo-triplette\/#primaryimage"},"thumbnailUrl":"https:\/\/oblure.com\/wp-content\/uploads\/2023\/09\/mondo_tripplette_black.jpg","datePublished":"2023-09-05T14:32:39+00:00","dateModified":"2025-03-10T19:31:24+00:00","breadcrumb":{"@id":"https:\/\/oblure.com\/sv\/produkt\/mondo-triplette\/#breadcrumb"},"inLanguage":"sv-SE","potentialAction":[{"@type":"ReadAction","target":["https:\/\/oblure.com\/sv\/produkt\/mondo-triplette\/"]}]},{"@type":"ImageObject","inLanguage":"sv-SE","@id":"https:\/\/oblure.com\/sv\/produkt\/mondo-triplette\/#primaryimage","url":"https:\/\/oblure.com\/wp-content\/uploads\/2023\/09\/mondo_tripplette_black.jpg","contentUrl":"https:\/\/oblure.com\/wp-content\/uploads\/2023\/09\/mondo_tripplette_black.jpg","width":1920,"height":1920},{"@type":"BreadcrumbList","@id":"https:\/\/oblure.com\/sv\/produkt\/mondo-triplette\/#breadcrumb","itemListElement":[{"@type":"ListItem","position":1,"name":"Alla produkter","item":"https:\/\/oblure.com\/sv\/kollektion\/"},{"@type":"ListItem","position":2,"name":"Oblures kollektion","item":"https:\/\/oblure.com\/sv\/kollektion\/"},{"@type":"ListItem","position":3,"name":"Mondo Triplette"}]},{"@type":"WebSite","@id":"https:\/\/oblure.com\/sv\/#website","url":"https:\/\/oblure.com\/sv\/","name":"Oblure - Alluring lightning","description":"Alluring lightning","publisher":{"@id":"https:\/\/oblure.com\/sv\/#organization"},"potentialAction":[{"@type":"SearchAction","target":{"@type":"EntryPoint","urlTemplate":"https:\/\/oblure.com\/sv\/?s={search_term_string}"},"query-input":{"@type":"PropertyValueSpecification","valueRequired":true,"valueName":"search_term_string"}}],"inLanguage":"sv-SE"},{"@type":"Organization","@id":"https:\/\/oblure.com\/sv\/#organization","name":"Oblure","url":"https:\/\/oblure.com\/sv\/","logo":{"@type":"ImageObject","inLanguage":"sv-SE","@id":"https:\/\/oblure.com\/sv\/#\/schema\/logo\/image\/","url":"https:\/\/oblure.com\/wp-content\/uploads\/2023\/05\/logo_oblure_SWEDEN-1.svg","contentUrl":"https:\/\/oblure.com\/wp-content\/uploads\/2023\/05\/logo_oblure_SWEDEN-1.svg","width":841,"height":595,"caption":"Oblure"},"image":{"@id":"https:\/\/oblure.com\/sv\/#\/schema\/logo\/image\/"}}]}},"_links":{"self":[{"href":"https:\/\/oblure.com\/sv\/wp-json\/wp\/v2\/product\/20436","targetHints":{"allow":["GET"]}}],"collection":[{"href":"https:\/\/oblure.com\/sv\/wp-json\/wp\/v2\/product"}],"about":[{"href":"https:\/\/oblure.com\/sv\/wp-json\/wp\/v2\/types\/product"}],"version-history":[{"count":1,"href":"https:\/\/oblure.com\/sv\/wp-json\/wp\/v2\/product\/20436\/revisions"}],"predecessor-version":[{"id":20893,"href":"https:\/\/oblure.com\/sv\/wp-json\/wp\/v2\/product\/20436\/revisions\/20893"}],"wp:featuredmedia":[{"embeddable":true,"href":"https:\/\/oblure.com\/sv\/wp-json\/wp\/v2\/media\/19507"}],"wp:attachment":[{"href":"https:\/\/oblure.com\/sv\/wp-json\/wp\/v2\/media?parent=20436"}],"wp:term":[{"taxonomy":"product_brand","embeddable":true,"href":"https:\/\/oblure.com\/sv\/wp-json\/wp\/v2\/product_brand?post=20436"},{"taxonomy":"product_cat","embeddable":true,"href":"https:\/\/oblure.com\/sv\/wp-json\/wp\/v2\/product_cat?post=20436"},{"taxonomy":"product_tag","embeddable":true,"href":"https:\/\/oblure.com\/sv\/wp-json\/wp\/v2\/product_tag?post=20436"}],"curies":[{"name":"wp","href":"https:\/\/api.w.org\/{rel}","templated":true}]}}