{"id":20442,"date":"2023-09-05T16:07:34","date_gmt":"2023-09-05T14:07:34","guid":{"rendered":"https:\/\/oblure.com\/product\/cirrata\/"},"modified":"2025-03-10T22:16:10","modified_gmt":"2025-03-10T21:16:10","slug":"cirrata","status":"publish","type":"product","link":"https:\/\/oblure.com\/sv\/produkt\/cirrata\/","title":{"rendered":"Cirrata"},"content":{"rendered":"<p>Cirrata \u00e4r en f\u00f6runderlig skapelse som imponerar med sina tretton symmetriska armar vilka tillsammans b\u00e4r upp lampans vikt. Trots sin l\u00e4tta och n\u00e4stan fragila utstr\u00e5lning \u00e4r Cirratas konstruktion i aluminium lika enkel som robust.<\/p>\n<p>Dolt i lampans topp sitter en integrerad LED som l\u00e5ter ljuset mjukt strilar fram mellan armarna och skapar en f\u00e4ngslande dekorativ effekt. Inspirerad av den djuphavslevande bl\u00e4ckfisken Cirrata g\u00f6r lampan sk\u00e4l f\u00f6r sitt namn genom sin flytande, organiska form och sofistikerade design.<\/p>\n<p>Med sin unika estetik f\u00f6rmedlar den en k\u00e4nsla av undervattensmagi och f\u00f6rh\u00f6jer atmosf\u00e4ren i varje rum den placeras i.  <\/p>\n","protected":false},"excerpt":{"rendered":"<p>Cirrata \u00e4r en f\u00f6runderlig skapelse som imponerar med sina tretton symmetriska armar vilka tillsammans b\u00e4r upp lampans vikt. Trots sin l\u00e4tta och n\u00e4stan fragila utstr\u00e5lning \u00e4r Cirratas konstruktion i aluminium lika enkel som robust. Dolt i lampans topp sitter en integrerad LED som l\u00e5ter ljuset mjukt strilar fram mellan armarna och skapar en f\u00e4ngslande dekorativ effekt. Inspirerad av den djuphavslevande bl\u00e4ckfisken Cirrata g\u00f6r lampan sk\u00e4l f\u00f6r sitt namn genom sin flytande, organiska form och sofistikerade design. Med sin unika estetik f\u00f6rmedlar den en k\u00e4nsla av undervattensmagi och f\u00f6rh\u00f6jer atmosf\u00e4ren i varje rum den placeras i.  <\/p>\n","protected":false},"featured_media":19504,"template":"","meta":{"_acf_changed":false},"product_brand":[],"product_cat":[173],"product_tag":[181],"class_list":{"0":"post-20442","1":"product","2":"type-product","3":"status-publish","4":"has-post-thumbnail","6":"product_cat-okategoriserad","7":"product_tag-standard-sv","8":"pa_color-gra","9":"pa_color-miljo","10":"pa_color-white-sv","11":"tm-no-options","13":"first","14":"instock","15":"taxable","16":"shipping-taxable","17":"purchasable","18":"product-type-variable","19":"has-default-attributes"},"acf":[],"yoast_head":"<!-- This site is optimized with the Yoast SEO plugin v27.3 - https:\/\/yoast.com\/product\/yoast-seo-wordpress\/ -->\n<title>Cirrata - Oblure<\/title>\n<meta name=\"description\" content=\"Cirrata utmanar konventionella uppfattningar om aluminium med sin gl\u00f6dande design i havets m\u00f6rker. Designad av Markus Johansson.\" \/>\n<meta name=\"robots\" content=\"index, follow, max-snippet:-1, max-image-preview:large, max-video-preview:-1\" \/>\n<link rel=\"canonical\" href=\"https:\/\/oblure.com\/sv\/produkt\/cirrata\/\" \/>\n<meta property=\"og:locale\" content=\"sv_SE\" \/>\n<meta property=\"og:type\" content=\"article\" \/>\n<meta property=\"og:title\" content=\"Cirrata - Oblure\" \/>\n<meta property=\"og:description\" content=\"Cirrata utmanar konventionella uppfattningar om aluminium med sin gl\u00f6dande design i havets m\u00f6rker. Designad av Markus Johansson.\" \/>\n<meta property=\"og:url\" content=\"https:\/\/oblure.com\/sv\/produkt\/cirrata\/\" \/>\n<meta property=\"og:site_name\" content=\"Oblure\" \/>\n<meta property=\"article:modified_time\" content=\"2025-03-10T21:16:10+00:00\" \/>\n<meta property=\"og:image\" content=\"https:\/\/oblure.com\/wp-content\/uploads\/2023\/09\/cirrata_grey.jpg.webp\" \/>\n\t<meta property=\"og:image:width\" content=\"1920\" \/>\n\t<meta property=\"og:image:height\" content=\"1920\" \/>\n\t<meta property=\"og:image:type\" content=\"image\/jpeg\" \/>\n<meta name=\"twitter:card\" content=\"summary_large_image\" \/>\n<meta name=\"twitter:label1\" content=\"Ber\u00e4knad l\u00e4stid\" \/>\n\t<meta name=\"twitter:data1\" content=\"1 minut\" \/>\n<script type=\"application\/ld+json\" class=\"yoast-schema-graph\">{\"@context\":\"https:\\\/\\\/schema.org\",\"@graph\":[{\"@type\":\"WebPage\",\"@id\":\"https:\\\/\\\/oblure.com\\\/sv\\\/produkt\\\/cirrata\\\/\",\"url\":\"https:\\\/\\\/oblure.com\\\/sv\\\/produkt\\\/cirrata\\\/\",\"name\":\"Cirrata - Oblure\",\"isPartOf\":{\"@id\":\"https:\\\/\\\/oblure.com\\\/sv\\\/#website\"},\"primaryImageOfPage\":{\"@id\":\"https:\\\/\\\/oblure.com\\\/sv\\\/produkt\\\/cirrata\\\/#primaryimage\"},\"image\":{\"@id\":\"https:\\\/\\\/oblure.com\\\/sv\\\/produkt\\\/cirrata\\\/#primaryimage\"},\"thumbnailUrl\":\"https:\\\/\\\/oblure.com\\\/wp-content\\\/uploads\\\/2023\\\/09\\\/cirrata_grey.jpg\",\"datePublished\":\"2023-09-05T14:07:34+00:00\",\"dateModified\":\"2025-03-10T21:16:10+00:00\",\"description\":\"Cirrata utmanar konventionella uppfattningar om aluminium med sin gl\u00f6dande design i havets m\u00f6rker. Designad av Markus Johansson.\",\"breadcrumb\":{\"@id\":\"https:\\\/\\\/oblure.com\\\/sv\\\/produkt\\\/cirrata\\\/#breadcrumb\"},\"inLanguage\":\"sv-SE\",\"potentialAction\":[{\"@type\":\"ReadAction\",\"target\":[\"https:\\\/\\\/oblure.com\\\/sv\\\/produkt\\\/cirrata\\\/\"]}]},{\"@type\":\"ImageObject\",\"inLanguage\":\"sv-SE\",\"@id\":\"https:\\\/\\\/oblure.com\\\/sv\\\/produkt\\\/cirrata\\\/#primaryimage\",\"url\":\"https:\\\/\\\/oblure.com\\\/wp-content\\\/uploads\\\/2023\\\/09\\\/cirrata_grey.jpg\",\"contentUrl\":\"https:\\\/\\\/oblure.com\\\/wp-content\\\/uploads\\\/2023\\\/09\\\/cirrata_grey.jpg\",\"width\":1920,\"height\":1920},{\"@type\":\"BreadcrumbList\",\"@id\":\"https:\\\/\\\/oblure.com\\\/sv\\\/produkt\\\/cirrata\\\/#breadcrumb\",\"itemListElement\":[{\"@type\":\"ListItem\",\"position\":1,\"name\":\"Alla produkter\",\"item\":\"https:\\\/\\\/oblure.com\\\/sv\\\/kollektion\\\/\"},{\"@type\":\"ListItem\",\"position\":2,\"name\":\"Oblures kollektion\",\"item\":\"https:\\\/\\\/oblure.com\\\/sv\\\/kollektion\\\/\"},{\"@type\":\"ListItem\",\"position\":3,\"name\":\"Cirrata\"}]},{\"@type\":\"WebSite\",\"@id\":\"https:\\\/\\\/oblure.com\\\/sv\\\/#website\",\"url\":\"https:\\\/\\\/oblure.com\\\/sv\\\/\",\"name\":\"Oblure - Alluring lightning\",\"description\":\"Alluring lightning\",\"publisher\":{\"@id\":\"https:\\\/\\\/oblure.com\\\/sv\\\/#organization\"},\"potentialAction\":[{\"@type\":\"SearchAction\",\"target\":{\"@type\":\"EntryPoint\",\"urlTemplate\":\"https:\\\/\\\/oblure.com\\\/sv\\\/?s={search_term_string}\"},\"query-input\":{\"@type\":\"PropertyValueSpecification\",\"valueRequired\":true,\"valueName\":\"search_term_string\"}}],\"inLanguage\":\"sv-SE\"},{\"@type\":\"Organization\",\"@id\":\"https:\\\/\\\/oblure.com\\\/sv\\\/#organization\",\"name\":\"Oblure\",\"url\":\"https:\\\/\\\/oblure.com\\\/sv\\\/\",\"logo\":{\"@type\":\"ImageObject\",\"inLanguage\":\"sv-SE\",\"@id\":\"https:\\\/\\\/oblure.com\\\/sv\\\/#\\\/schema\\\/logo\\\/image\\\/\",\"url\":\"https:\\\/\\\/oblure.com\\\/wp-content\\\/uploads\\\/2023\\\/05\\\/logo_oblure_SWEDEN-1.svg\",\"contentUrl\":\"https:\\\/\\\/oblure.com\\\/wp-content\\\/uploads\\\/2023\\\/05\\\/logo_oblure_SWEDEN-1.svg\",\"width\":841,\"height\":595,\"caption\":\"Oblure\"},\"image\":{\"@id\":\"https:\\\/\\\/oblure.com\\\/sv\\\/#\\\/schema\\\/logo\\\/image\\\/\"}}]}<\/script>\n<!-- \/ Yoast SEO plugin. -->","yoast_head_json":{"title":"Cirrata - Oblure","description":"Cirrata utmanar konventionella uppfattningar om aluminium med sin gl\u00f6dande design i havets m\u00f6rker. Designad av Markus Johansson.","robots":{"index":"index","follow":"follow","max-snippet":"max-snippet:-1","max-image-preview":"max-image-preview:large","max-video-preview":"max-video-preview:-1"},"canonical":"https:\/\/oblure.com\/sv\/produkt\/cirrata\/","og_locale":"sv_SE","og_type":"article","og_title":"Cirrata - Oblure","og_description":"Cirrata utmanar konventionella uppfattningar om aluminium med sin gl\u00f6dande design i havets m\u00f6rker. Designad av Markus Johansson.","og_url":"https:\/\/oblure.com\/sv\/produkt\/cirrata\/","og_site_name":"Oblure","article_modified_time":"2025-03-10T21:16:10+00:00","og_image":[{"width":1920,"height":1920,"url":"https:\/\/oblure.com\/wp-content\/uploads\/2023\/09\/cirrata_grey.jpg.webp","type":"image\/jpeg"}],"twitter_card":"summary_large_image","twitter_misc":{"Ber\u00e4knad l\u00e4stid":"1 minut"},"schema":{"@context":"https:\/\/schema.org","@graph":[{"@type":"WebPage","@id":"https:\/\/oblure.com\/sv\/produkt\/cirrata\/","url":"https:\/\/oblure.com\/sv\/produkt\/cirrata\/","name":"Cirrata - Oblure","isPartOf":{"@id":"https:\/\/oblure.com\/sv\/#website"},"primaryImageOfPage":{"@id":"https:\/\/oblure.com\/sv\/produkt\/cirrata\/#primaryimage"},"image":{"@id":"https:\/\/oblure.com\/sv\/produkt\/cirrata\/#primaryimage"},"thumbnailUrl":"https:\/\/oblure.com\/wp-content\/uploads\/2023\/09\/cirrata_grey.jpg","datePublished":"2023-09-05T14:07:34+00:00","dateModified":"2025-03-10T21:16:10+00:00","description":"Cirrata utmanar konventionella uppfattningar om aluminium med sin gl\u00f6dande design i havets m\u00f6rker. Designad av Markus Johansson.","breadcrumb":{"@id":"https:\/\/oblure.com\/sv\/produkt\/cirrata\/#breadcrumb"},"inLanguage":"sv-SE","potentialAction":[{"@type":"ReadAction","target":["https:\/\/oblure.com\/sv\/produkt\/cirrata\/"]}]},{"@type":"ImageObject","inLanguage":"sv-SE","@id":"https:\/\/oblure.com\/sv\/produkt\/cirrata\/#primaryimage","url":"https:\/\/oblure.com\/wp-content\/uploads\/2023\/09\/cirrata_grey.jpg","contentUrl":"https:\/\/oblure.com\/wp-content\/uploads\/2023\/09\/cirrata_grey.jpg","width":1920,"height":1920},{"@type":"BreadcrumbList","@id":"https:\/\/oblure.com\/sv\/produkt\/cirrata\/#breadcrumb","itemListElement":[{"@type":"ListItem","position":1,"name":"Alla produkter","item":"https:\/\/oblure.com\/sv\/kollektion\/"},{"@type":"ListItem","position":2,"name":"Oblures kollektion","item":"https:\/\/oblure.com\/sv\/kollektion\/"},{"@type":"ListItem","position":3,"name":"Cirrata"}]},{"@type":"WebSite","@id":"https:\/\/oblure.com\/sv\/#website","url":"https:\/\/oblure.com\/sv\/","name":"Oblure - Alluring lightning","description":"Alluring lightning","publisher":{"@id":"https:\/\/oblure.com\/sv\/#organization"},"potentialAction":[{"@type":"SearchAction","target":{"@type":"EntryPoint","urlTemplate":"https:\/\/oblure.com\/sv\/?s={search_term_string}"},"query-input":{"@type":"PropertyValueSpecification","valueRequired":true,"valueName":"search_term_string"}}],"inLanguage":"sv-SE"},{"@type":"Organization","@id":"https:\/\/oblure.com\/sv\/#organization","name":"Oblure","url":"https:\/\/oblure.com\/sv\/","logo":{"@type":"ImageObject","inLanguage":"sv-SE","@id":"https:\/\/oblure.com\/sv\/#\/schema\/logo\/image\/","url":"https:\/\/oblure.com\/wp-content\/uploads\/2023\/05\/logo_oblure_SWEDEN-1.svg","contentUrl":"https:\/\/oblure.com\/wp-content\/uploads\/2023\/05\/logo_oblure_SWEDEN-1.svg","width":841,"height":595,"caption":"Oblure"},"image":{"@id":"https:\/\/oblure.com\/sv\/#\/schema\/logo\/image\/"}}]}},"_links":{"self":[{"href":"https:\/\/oblure.com\/sv\/wp-json\/wp\/v2\/product\/20442","targetHints":{"allow":["GET"]}}],"collection":[{"href":"https:\/\/oblure.com\/sv\/wp-json\/wp\/v2\/product"}],"about":[{"href":"https:\/\/oblure.com\/sv\/wp-json\/wp\/v2\/types\/product"}],"version-history":[{"count":2,"href":"https:\/\/oblure.com\/sv\/wp-json\/wp\/v2\/product\/20442\/revisions"}],"predecessor-version":[{"id":20931,"href":"https:\/\/oblure.com\/sv\/wp-json\/wp\/v2\/product\/20442\/revisions\/20931"}],"wp:featuredmedia":[{"embeddable":true,"href":"https:\/\/oblure.com\/sv\/wp-json\/wp\/v2\/media\/19504"}],"wp:attachment":[{"href":"https:\/\/oblure.com\/sv\/wp-json\/wp\/v2\/media?parent=20442"}],"wp:term":[{"taxonomy":"product_brand","embeddable":true,"href":"https:\/\/oblure.com\/sv\/wp-json\/wp\/v2\/product_brand?post=20442"},{"taxonomy":"product_cat","embeddable":true,"href":"https:\/\/oblure.com\/sv\/wp-json\/wp\/v2\/product_cat?post=20442"},{"taxonomy":"product_tag","embeddable":true,"href":"https:\/\/oblure.com\/sv\/wp-json\/wp\/v2\/product_tag?post=20442"}],"curies":[{"name":"wp","href":"https:\/\/api.w.org\/{rel}","templated":true}]}}