{"id":20449,"date":"2023-08-18T14:07:03","date_gmt":"2023-08-18T12:07:03","guid":{"rendered":"https:\/\/oblure.com\/product\/trapeze-triplette\/"},"modified":"2025-12-19T14:04:27","modified_gmt":"2025-12-19T13:04:27","slug":"trapeze-triplette","status":"publish","type":"product","link":"https:\/\/oblure.com\/sv\/produkt\/trapeze-triplette\/","title":{"rendered":"Trapeze Triplette"},"content":{"rendered":"<p>Trapeze Triplette fr\u00e5n Oblure \u00e4r en skandinavisk designerpendel som kombinerar lekfull form med modern funktion. Lampan best\u00e5r av sex halvm\u00e5neformade sk\u00e4rmar i par, d\u00e4r varje sk\u00e4rm kan roteras 360 grader f\u00f6r att skapa b\u00e5de upp\u00e5triktad och ned\u00e5triktad belysning. <\/p>\n<p>Med sin flexibla konstruktion \u00e4r Trapeze Triplette en modern taklampa som passar perfekt som k\u00f6ks\u00f6-belysning, matsalslampa, eller som en vardagsrumslampa som blir rummets blickf\u00e5ng. Tack vare E14-sockel kan lampan anv\u00e4ndas med olika ljusk\u00e4llor, vilket ger m\u00f6jlighet att anpassa b\u00e5de ljusstyrka och f\u00e4rgtemperatur. <\/p>\n<p>Inspirerad av trapetskonstn\u00e4rernas r\u00f6relser p\u00e5 cirkusen ger lampan en unik och dynamisk design \u2013 ett konstn\u00e4rligt inslag i s\u00e5v\u00e4l privata hem som restauranger, hotell och kontorsmilj\u00f6er.<\/p>\n","protected":false},"excerpt":{"rendered":"<p>Trapeze Triplette \u00e4r en sann artist, en luftakrobat som kombinerar elegans och stil. Fast i en enda pose med o\u00e4ndliga m\u00f6jligheter. Varje sk\u00e4rm kan riktas 360 grader, vilket g\u00f6r att anv\u00e4ndaren kan kombinera upp\u00e5t- och ned\u00e5triktat ljus samtidigt. Ett lekfullt och dj\u00e4rvt inslag som ocks\u00e5 \u00e4r pragmatiskt och praktiskt i sin anv\u00e4ndning.<\/p>\n<p>Trapeze finns i tre versioner. Den enkla pendeln med tv\u00e5 nyanser, &#8221;tripletten&#8221; med sex nyanser eller &#8221;kvartetten&#8221; med \u00e5tta nyanser. Alla dessa armaturer g\u00f6r det m\u00f6jligt att justera och rikta ljuset dit det beh\u00f6vs.<\/p>\n","protected":false},"featured_media":19534,"template":"","meta":{"_acf_changed":false},"product_brand":[],"product_cat":[173],"product_tag":[181],"class_list":{"0":"post-20449","1":"product","2":"type-product","3":"status-publish","4":"has-post-thumbnail","6":"product_cat-okategoriserad","7":"product_tag-standard-sv","8":"pa_color-miljo","9":"pa_color-black-sv","10":"tm-no-options","12":"first","13":"instock","14":"taxable","15":"shipping-taxable","16":"purchasable","17":"product-type-variable","18":"has-default-attributes"},"acf":[],"yoast_head":"<!-- This site is optimized with the Yoast SEO plugin v27.3 - https:\/\/yoast.com\/product\/yoast-seo-wordpress\/ -->\n<title>Trapeze Triplette \u2013 skandinavisk pendellampa med sex roterbara sk\u00e4rmar fr\u00e5n Oblure<\/title>\n<meta name=\"description\" content=\"Trapeze Triplette fr\u00e5n Oblure \u2013 en skandinavisk designerpendel med sex roterbara sk\u00e4rmar. Flexibel belysning f\u00f6r k\u00f6ks\u00f6, matbord och vardagsrum.\" \/>\n<meta name=\"robots\" content=\"index, follow, max-snippet:-1, max-image-preview:large, max-video-preview:-1\" \/>\n<link rel=\"canonical\" href=\"https:\/\/oblure.com\/sv\/produkt\/trapeze-triplette\/\" \/>\n<meta property=\"og:locale\" content=\"sv_SE\" \/>\n<meta property=\"og:type\" content=\"article\" \/>\n<meta property=\"og:title\" content=\"Trapeze Triplette \u2013 skandinavisk pendellampa med sex roterbara sk\u00e4rmar fr\u00e5n Oblure\" \/>\n<meta property=\"og:description\" content=\"Trapeze Triplette fr\u00e5n Oblure \u2013 en skandinavisk designerpendel med sex roterbara sk\u00e4rmar. Flexibel belysning f\u00f6r k\u00f6ks\u00f6, matbord och vardagsrum.\" \/>\n<meta property=\"og:url\" content=\"https:\/\/oblure.com\/sv\/produkt\/trapeze-triplette\/\" \/>\n<meta property=\"og:site_name\" content=\"Oblure\" \/>\n<meta property=\"article:modified_time\" content=\"2025-12-19T13:04:27+00:00\" \/>\n<meta property=\"og:image\" content=\"https:\/\/oblure.com\/wp-content\/uploads\/2023\/08\/trapeze-tripplette-black.jpg\" \/>\n\t<meta property=\"og:image:width\" content=\"1920\" \/>\n\t<meta property=\"og:image:height\" content=\"1920\" \/>\n\t<meta property=\"og:image:type\" content=\"image\/jpeg\" \/>\n<meta name=\"twitter:card\" content=\"summary_large_image\" \/>\n<meta name=\"twitter:label1\" content=\"Ber\u00e4knad l\u00e4stid\" \/>\n\t<meta name=\"twitter:data1\" content=\"1 minut\" \/>\n<script type=\"application\/ld+json\" class=\"yoast-schema-graph\">{\"@context\":\"https:\\\/\\\/schema.org\",\"@graph\":[{\"@type\":\"WebPage\",\"@id\":\"https:\\\/\\\/oblure.com\\\/sv\\\/produkt\\\/trapeze-triplette\\\/\",\"url\":\"https:\\\/\\\/oblure.com\\\/sv\\\/produkt\\\/trapeze-triplette\\\/\",\"name\":\"Trapeze Triplette \u2013 skandinavisk pendellampa med sex roterbara sk\u00e4rmar fr\u00e5n Oblure\",\"isPartOf\":{\"@id\":\"https:\\\/\\\/oblure.com\\\/sv\\\/#website\"},\"primaryImageOfPage\":{\"@id\":\"https:\\\/\\\/oblure.com\\\/sv\\\/produkt\\\/trapeze-triplette\\\/#primaryimage\"},\"image\":{\"@id\":\"https:\\\/\\\/oblure.com\\\/sv\\\/produkt\\\/trapeze-triplette\\\/#primaryimage\"},\"thumbnailUrl\":\"https:\\\/\\\/oblure.com\\\/wp-content\\\/uploads\\\/2023\\\/08\\\/trapeze-tripplette-black.jpg\",\"datePublished\":\"2023-08-18T12:07:03+00:00\",\"dateModified\":\"2025-12-19T13:04:27+00:00\",\"description\":\"Trapeze Triplette fr\u00e5n Oblure \u2013 en skandinavisk designerpendel med sex roterbara sk\u00e4rmar. Flexibel belysning f\u00f6r k\u00f6ks\u00f6, matbord och vardagsrum.\",\"breadcrumb\":{\"@id\":\"https:\\\/\\\/oblure.com\\\/sv\\\/produkt\\\/trapeze-triplette\\\/#breadcrumb\"},\"inLanguage\":\"sv-SE\",\"potentialAction\":[{\"@type\":\"ReadAction\",\"target\":[\"https:\\\/\\\/oblure.com\\\/sv\\\/produkt\\\/trapeze-triplette\\\/\"]}]},{\"@type\":\"ImageObject\",\"inLanguage\":\"sv-SE\",\"@id\":\"https:\\\/\\\/oblure.com\\\/sv\\\/produkt\\\/trapeze-triplette\\\/#primaryimage\",\"url\":\"https:\\\/\\\/oblure.com\\\/wp-content\\\/uploads\\\/2023\\\/08\\\/trapeze-tripplette-black.jpg\",\"contentUrl\":\"https:\\\/\\\/oblure.com\\\/wp-content\\\/uploads\\\/2023\\\/08\\\/trapeze-tripplette-black.jpg\",\"width\":1920,\"height\":1920},{\"@type\":\"BreadcrumbList\",\"@id\":\"https:\\\/\\\/oblure.com\\\/sv\\\/produkt\\\/trapeze-triplette\\\/#breadcrumb\",\"itemListElement\":[{\"@type\":\"ListItem\",\"position\":1,\"name\":\"Alla produkter\",\"item\":\"https:\\\/\\\/oblure.com\\\/sv\\\/kollektion\\\/\"},{\"@type\":\"ListItem\",\"position\":2,\"name\":\"Oblures kollektion\",\"item\":\"https:\\\/\\\/oblure.com\\\/sv\\\/kollektion\\\/\"},{\"@type\":\"ListItem\",\"position\":3,\"name\":\"Trapeze Triplette\"}]},{\"@type\":\"WebSite\",\"@id\":\"https:\\\/\\\/oblure.com\\\/sv\\\/#website\",\"url\":\"https:\\\/\\\/oblure.com\\\/sv\\\/\",\"name\":\"Oblure - Alluring lightning\",\"description\":\"Alluring lightning\",\"publisher\":{\"@id\":\"https:\\\/\\\/oblure.com\\\/sv\\\/#organization\"},\"potentialAction\":[{\"@type\":\"SearchAction\",\"target\":{\"@type\":\"EntryPoint\",\"urlTemplate\":\"https:\\\/\\\/oblure.com\\\/sv\\\/?s={search_term_string}\"},\"query-input\":{\"@type\":\"PropertyValueSpecification\",\"valueRequired\":true,\"valueName\":\"search_term_string\"}}],\"inLanguage\":\"sv-SE\"},{\"@type\":\"Organization\",\"@id\":\"https:\\\/\\\/oblure.com\\\/sv\\\/#organization\",\"name\":\"Oblure\",\"url\":\"https:\\\/\\\/oblure.com\\\/sv\\\/\",\"logo\":{\"@type\":\"ImageObject\",\"inLanguage\":\"sv-SE\",\"@id\":\"https:\\\/\\\/oblure.com\\\/sv\\\/#\\\/schema\\\/logo\\\/image\\\/\",\"url\":\"https:\\\/\\\/oblure.com\\\/wp-content\\\/uploads\\\/2023\\\/05\\\/logo_oblure_SWEDEN-1.svg\",\"contentUrl\":\"https:\\\/\\\/oblure.com\\\/wp-content\\\/uploads\\\/2023\\\/05\\\/logo_oblure_SWEDEN-1.svg\",\"width\":841,\"height\":595,\"caption\":\"Oblure\"},\"image\":{\"@id\":\"https:\\\/\\\/oblure.com\\\/sv\\\/#\\\/schema\\\/logo\\\/image\\\/\"}}]}<\/script>\n<!-- \/ Yoast SEO plugin. -->","yoast_head_json":{"title":"Trapeze Triplette \u2013 skandinavisk pendellampa med sex roterbara sk\u00e4rmar fr\u00e5n Oblure","description":"Trapeze Triplette fr\u00e5n Oblure \u2013 en skandinavisk designerpendel med sex roterbara sk\u00e4rmar. Flexibel belysning f\u00f6r k\u00f6ks\u00f6, matbord och vardagsrum.","robots":{"index":"index","follow":"follow","max-snippet":"max-snippet:-1","max-image-preview":"max-image-preview:large","max-video-preview":"max-video-preview:-1"},"canonical":"https:\/\/oblure.com\/sv\/produkt\/trapeze-triplette\/","og_locale":"sv_SE","og_type":"article","og_title":"Trapeze Triplette \u2013 skandinavisk pendellampa med sex roterbara sk\u00e4rmar fr\u00e5n Oblure","og_description":"Trapeze Triplette fr\u00e5n Oblure \u2013 en skandinavisk designerpendel med sex roterbara sk\u00e4rmar. Flexibel belysning f\u00f6r k\u00f6ks\u00f6, matbord och vardagsrum.","og_url":"https:\/\/oblure.com\/sv\/produkt\/trapeze-triplette\/","og_site_name":"Oblure","article_modified_time":"2025-12-19T13:04:27+00:00","og_image":[{"width":1920,"height":1920,"url":"https:\/\/oblure.com\/wp-content\/uploads\/2023\/08\/trapeze-tripplette-black.jpg","type":"image\/jpeg"}],"twitter_card":"summary_large_image","twitter_misc":{"Ber\u00e4knad l\u00e4stid":"1 minut"},"schema":{"@context":"https:\/\/schema.org","@graph":[{"@type":"WebPage","@id":"https:\/\/oblure.com\/sv\/produkt\/trapeze-triplette\/","url":"https:\/\/oblure.com\/sv\/produkt\/trapeze-triplette\/","name":"Trapeze Triplette \u2013 skandinavisk pendellampa med sex roterbara sk\u00e4rmar fr\u00e5n Oblure","isPartOf":{"@id":"https:\/\/oblure.com\/sv\/#website"},"primaryImageOfPage":{"@id":"https:\/\/oblure.com\/sv\/produkt\/trapeze-triplette\/#primaryimage"},"image":{"@id":"https:\/\/oblure.com\/sv\/produkt\/trapeze-triplette\/#primaryimage"},"thumbnailUrl":"https:\/\/oblure.com\/wp-content\/uploads\/2023\/08\/trapeze-tripplette-black.jpg","datePublished":"2023-08-18T12:07:03+00:00","dateModified":"2025-12-19T13:04:27+00:00","description":"Trapeze Triplette fr\u00e5n Oblure \u2013 en skandinavisk designerpendel med sex roterbara sk\u00e4rmar. Flexibel belysning f\u00f6r k\u00f6ks\u00f6, matbord och vardagsrum.","breadcrumb":{"@id":"https:\/\/oblure.com\/sv\/produkt\/trapeze-triplette\/#breadcrumb"},"inLanguage":"sv-SE","potentialAction":[{"@type":"ReadAction","target":["https:\/\/oblure.com\/sv\/produkt\/trapeze-triplette\/"]}]},{"@type":"ImageObject","inLanguage":"sv-SE","@id":"https:\/\/oblure.com\/sv\/produkt\/trapeze-triplette\/#primaryimage","url":"https:\/\/oblure.com\/wp-content\/uploads\/2023\/08\/trapeze-tripplette-black.jpg","contentUrl":"https:\/\/oblure.com\/wp-content\/uploads\/2023\/08\/trapeze-tripplette-black.jpg","width":1920,"height":1920},{"@type":"BreadcrumbList","@id":"https:\/\/oblure.com\/sv\/produkt\/trapeze-triplette\/#breadcrumb","itemListElement":[{"@type":"ListItem","position":1,"name":"Alla produkter","item":"https:\/\/oblure.com\/sv\/kollektion\/"},{"@type":"ListItem","position":2,"name":"Oblures kollektion","item":"https:\/\/oblure.com\/sv\/kollektion\/"},{"@type":"ListItem","position":3,"name":"Trapeze Triplette"}]},{"@type":"WebSite","@id":"https:\/\/oblure.com\/sv\/#website","url":"https:\/\/oblure.com\/sv\/","name":"Oblure - Alluring lightning","description":"Alluring lightning","publisher":{"@id":"https:\/\/oblure.com\/sv\/#organization"},"potentialAction":[{"@type":"SearchAction","target":{"@type":"EntryPoint","urlTemplate":"https:\/\/oblure.com\/sv\/?s={search_term_string}"},"query-input":{"@type":"PropertyValueSpecification","valueRequired":true,"valueName":"search_term_string"}}],"inLanguage":"sv-SE"},{"@type":"Organization","@id":"https:\/\/oblure.com\/sv\/#organization","name":"Oblure","url":"https:\/\/oblure.com\/sv\/","logo":{"@type":"ImageObject","inLanguage":"sv-SE","@id":"https:\/\/oblure.com\/sv\/#\/schema\/logo\/image\/","url":"https:\/\/oblure.com\/wp-content\/uploads\/2023\/05\/logo_oblure_SWEDEN-1.svg","contentUrl":"https:\/\/oblure.com\/wp-content\/uploads\/2023\/05\/logo_oblure_SWEDEN-1.svg","width":841,"height":595,"caption":"Oblure"},"image":{"@id":"https:\/\/oblure.com\/sv\/#\/schema\/logo\/image\/"}}]}},"_links":{"self":[{"href":"https:\/\/oblure.com\/sv\/wp-json\/wp\/v2\/product\/20449","targetHints":{"allow":["GET"]}}],"collection":[{"href":"https:\/\/oblure.com\/sv\/wp-json\/wp\/v2\/product"}],"about":[{"href":"https:\/\/oblure.com\/sv\/wp-json\/wp\/v2\/types\/product"}],"version-history":[{"count":2,"href":"https:\/\/oblure.com\/sv\/wp-json\/wp\/v2\/product\/20449\/revisions"}],"predecessor-version":[{"id":22761,"href":"https:\/\/oblure.com\/sv\/wp-json\/wp\/v2\/product\/20449\/revisions\/22761"}],"wp:featuredmedia":[{"embeddable":true,"href":"https:\/\/oblure.com\/sv\/wp-json\/wp\/v2\/media\/19534"}],"wp:attachment":[{"href":"https:\/\/oblure.com\/sv\/wp-json\/wp\/v2\/media?parent=20449"}],"wp:term":[{"taxonomy":"product_brand","embeddable":true,"href":"https:\/\/oblure.com\/sv\/wp-json\/wp\/v2\/product_brand?post=20449"},{"taxonomy":"product_cat","embeddable":true,"href":"https:\/\/oblure.com\/sv\/wp-json\/wp\/v2\/product_cat?post=20449"},{"taxonomy":"product_tag","embeddable":true,"href":"https:\/\/oblure.com\/sv\/wp-json\/wp\/v2\/product_tag?post=20449"}],"curies":[{"name":"wp","href":"https:\/\/api.w.org\/{rel}","templated":true}]}}