{"id":20451,"date":"2023-08-17T19:06:49","date_gmt":"2023-08-17T17:06:49","guid":{"rendered":"https:\/\/oblure.com\/product\/arch-straight\/"},"modified":"2025-12-19T10:09:38","modified_gmt":"2025-12-19T09:09:38","slug":"arch-straight","status":"publish","type":"product","link":"https:\/\/oblure.com\/sv\/produkt\/arch-straight\/","title":{"rendered":"Arch Straight"},"content":{"rendered":"<p>Arch Straight fr\u00e5n Oblure \u00e4r en exklusiv designlampa och pendellampa med sju symmetriskt placerade ljusk\u00e4llor som sprider ett balanserat och harmoniskt ljus. Inspirerad av arkitekturens klassiska valv \u2013 en tidl\u00f6s symbol f\u00f6r styrka, stabilitet och elegans \u2013 f\u00f6renar lampan skandinavisk minimalism med modern funktionalitet. <\/p>\n<p>Med sin avl\u00e5nga form \u00e4r Arch Straight en m\u00e5ngsidig taklampa som passar lika bra som matbordslampa, k\u00f6kslampa eller som elegant belysning i vardagsrum och kontorsmilj\u00f6er. Upph\u00e4ngd i tunna metalltr\u00e5dar upplevs lampan som n\u00e4stan viktl\u00f6s och adderar ett skulpturalt uttryck till interi\u00f6ren.<\/p>\n<p>Arch-kollektionen erbjuder en hel familj av skandinaviska designlampor, d\u00e4r estetik och funktion m\u00f6ts i perfekt balans. <\/p>\n","protected":false},"excerpt":{"rendered":"<p>Arch Straight \u00e4r en skulptural pendel med sju symmetriskt placerade ljusk\u00e4llor vilka tillsammans skapar en j\u00e4mn och balanserad ljusupplevelse. Formen \u00e4r inspirerad av \u201dvalvet\u201d &#8211; ett av arkitekturens mest ikoniska och tidl\u00f6sa element vilket genom historien har symboliserat styrka, stabilitet och elegans. Arch-kollektionen f\u00e5ngar denna klassiska estetik och f\u00f6renar den med modern funktionalitet, vilket resulterar i en perfekt balans mellan form och funktion.<\/p>\n<p>Upph\u00e4ngd i tv\u00e5 tunna metalltr\u00e5dar framst\u00e5r lampan som n\u00e4stintill viktl\u00f6s vilket g\u00f6r att den inte upptar f\u00f6r mycket av rymden i rummet. Ljusk\u00e4llorna \u00e4r utbytbara f\u00f6r att m\u00f6jligg\u00f6ra \u00f6nskad f\u00e4rgtemperatur och spridningsvinkel, vilket g\u00f6r armaturen anpassningsbar till skiftande milj\u00f6er. Tack vare denna m\u00e5ngsidighet passar Arch Straight som pendel \u00f6ver ett matbord, en k\u00f6ksb\u00e4nk eller \u00f6ver konferensbordet. F\u00f6r att passa in hos dig g\u00e5r Arch att f\u00e5 i valfri RAL- eller NCS-kul\u00f6r.   <\/p>\n","protected":false},"featured_media":19706,"template":"","meta":{"_acf_changed":false},"product_brand":[],"product_cat":[173],"product_tag":[181],"class_list":{"0":"post-20451","1":"product","2":"type-product","3":"status-publish","4":"has-post-thumbnail","6":"product_cat-okategoriserad","7":"product_tag-standard-sv","8":"pa_color-bla","9":"pa_color-miljo","10":"pa_color-black-sv","11":"pa_color-custom-color-sv","12":"pa_color-nude-sv","13":"pa_color-white-sv","14":"tm-has-options","16":"first","17":"instock","18":"taxable","19":"shipping-taxable","20":"purchasable","21":"product-type-variable","22":"has-default-attributes"},"acf":[],"yoast_head":"<!-- This site is optimized with the Yoast SEO plugin v27.3 - https:\/\/yoast.com\/product\/yoast-seo-wordpress\/ -->\n<title>Arch Straight Pendellampa fr\u00e5n Oblure<\/title>\n<meta name=\"description\" content=\"Arch Straight fr\u00e5n Oblure \u2013 en exklusiv designlampa med sju ljusk\u00e4llor. Skandinavisk pendellampa f\u00f6r matbord, vardagsrum och kontorsmilj\u00f6.\" \/>\n<meta name=\"robots\" content=\"index, follow, max-snippet:-1, max-image-preview:large, max-video-preview:-1\" \/>\n<link rel=\"canonical\" href=\"https:\/\/oblure.com\/sv\/produkt\/arch-straight\/\" \/>\n<meta property=\"og:locale\" content=\"sv_SE\" \/>\n<meta property=\"og:type\" content=\"article\" \/>\n<meta property=\"og:title\" content=\"Arch Straight Pendellampa fr\u00e5n Oblure\" \/>\n<meta property=\"og:description\" content=\"Arch Straight fr\u00e5n Oblure \u2013 en exklusiv designlampa med sju ljusk\u00e4llor. Skandinavisk pendellampa f\u00f6r matbord, vardagsrum och kontorsmilj\u00f6.\" \/>\n<meta property=\"og:url\" content=\"https:\/\/oblure.com\/sv\/produkt\/arch-straight\/\" \/>\n<meta property=\"og:site_name\" content=\"Oblure\" \/>\n<meta property=\"article:modified_time\" content=\"2025-12-19T09:09:38+00:00\" \/>\n<meta property=\"og:image\" content=\"https:\/\/oblure.com\/wp-content\/uploads\/2024\/02\/arch_straight_swatch_blue.jpg\" \/>\n\t<meta property=\"og:image:width\" content=\"1920\" \/>\n\t<meta property=\"og:image:height\" content=\"1920\" \/>\n\t<meta property=\"og:image:type\" content=\"image\/jpeg\" \/>\n<meta name=\"twitter:card\" content=\"summary_large_image\" \/>\n<meta name=\"twitter:label1\" content=\"Ber\u00e4knad l\u00e4stid\" \/>\n\t<meta name=\"twitter:data1\" content=\"1 minut\" \/>\n<script type=\"application\/ld+json\" class=\"yoast-schema-graph\">{\"@context\":\"https:\\\/\\\/schema.org\",\"@graph\":[{\"@type\":\"WebPage\",\"@id\":\"https:\\\/\\\/oblure.com\\\/sv\\\/produkt\\\/arch-straight\\\/\",\"url\":\"https:\\\/\\\/oblure.com\\\/sv\\\/produkt\\\/arch-straight\\\/\",\"name\":\"Arch Straight Pendellampa fr\u00e5n Oblure\",\"isPartOf\":{\"@id\":\"https:\\\/\\\/oblure.com\\\/sv\\\/#website\"},\"primaryImageOfPage\":{\"@id\":\"https:\\\/\\\/oblure.com\\\/sv\\\/produkt\\\/arch-straight\\\/#primaryimage\"},\"image\":{\"@id\":\"https:\\\/\\\/oblure.com\\\/sv\\\/produkt\\\/arch-straight\\\/#primaryimage\"},\"thumbnailUrl\":\"https:\\\/\\\/oblure.com\\\/wp-content\\\/uploads\\\/2024\\\/02\\\/arch_straight_swatch_blue.jpg\",\"datePublished\":\"2023-08-17T17:06:49+00:00\",\"dateModified\":\"2025-12-19T09:09:38+00:00\",\"description\":\"Arch Straight fr\u00e5n Oblure \u2013 en exklusiv designlampa med sju ljusk\u00e4llor. Skandinavisk pendellampa f\u00f6r matbord, vardagsrum och kontorsmilj\u00f6.\",\"breadcrumb\":{\"@id\":\"https:\\\/\\\/oblure.com\\\/sv\\\/produkt\\\/arch-straight\\\/#breadcrumb\"},\"inLanguage\":\"sv-SE\",\"potentialAction\":[{\"@type\":\"ReadAction\",\"target\":[\"https:\\\/\\\/oblure.com\\\/sv\\\/produkt\\\/arch-straight\\\/\"]}]},{\"@type\":\"ImageObject\",\"inLanguage\":\"sv-SE\",\"@id\":\"https:\\\/\\\/oblure.com\\\/sv\\\/produkt\\\/arch-straight\\\/#primaryimage\",\"url\":\"https:\\\/\\\/oblure.com\\\/wp-content\\\/uploads\\\/2024\\\/02\\\/arch_straight_swatch_blue.jpg\",\"contentUrl\":\"https:\\\/\\\/oblure.com\\\/wp-content\\\/uploads\\\/2024\\\/02\\\/arch_straight_swatch_blue.jpg\",\"width\":1920,\"height\":1920},{\"@type\":\"BreadcrumbList\",\"@id\":\"https:\\\/\\\/oblure.com\\\/sv\\\/produkt\\\/arch-straight\\\/#breadcrumb\",\"itemListElement\":[{\"@type\":\"ListItem\",\"position\":1,\"name\":\"Alla produkter\",\"item\":\"https:\\\/\\\/oblure.com\\\/sv\\\/kollektion\\\/\"},{\"@type\":\"ListItem\",\"position\":2,\"name\":\"Oblures kollektion\",\"item\":\"https:\\\/\\\/oblure.com\\\/sv\\\/kollektion\\\/\"},{\"@type\":\"ListItem\",\"position\":3,\"name\":\"Arch Straight\"}]},{\"@type\":\"WebSite\",\"@id\":\"https:\\\/\\\/oblure.com\\\/sv\\\/#website\",\"url\":\"https:\\\/\\\/oblure.com\\\/sv\\\/\",\"name\":\"Oblure - Alluring lightning\",\"description\":\"Alluring lightning\",\"publisher\":{\"@id\":\"https:\\\/\\\/oblure.com\\\/sv\\\/#organization\"},\"potentialAction\":[{\"@type\":\"SearchAction\",\"target\":{\"@type\":\"EntryPoint\",\"urlTemplate\":\"https:\\\/\\\/oblure.com\\\/sv\\\/?s={search_term_string}\"},\"query-input\":{\"@type\":\"PropertyValueSpecification\",\"valueRequired\":true,\"valueName\":\"search_term_string\"}}],\"inLanguage\":\"sv-SE\"},{\"@type\":\"Organization\",\"@id\":\"https:\\\/\\\/oblure.com\\\/sv\\\/#organization\",\"name\":\"Oblure\",\"url\":\"https:\\\/\\\/oblure.com\\\/sv\\\/\",\"logo\":{\"@type\":\"ImageObject\",\"inLanguage\":\"sv-SE\",\"@id\":\"https:\\\/\\\/oblure.com\\\/sv\\\/#\\\/schema\\\/logo\\\/image\\\/\",\"url\":\"https:\\\/\\\/oblure.com\\\/wp-content\\\/uploads\\\/2023\\\/05\\\/logo_oblure_SWEDEN-1.svg\",\"contentUrl\":\"https:\\\/\\\/oblure.com\\\/wp-content\\\/uploads\\\/2023\\\/05\\\/logo_oblure_SWEDEN-1.svg\",\"width\":841,\"height\":595,\"caption\":\"Oblure\"},\"image\":{\"@id\":\"https:\\\/\\\/oblure.com\\\/sv\\\/#\\\/schema\\\/logo\\\/image\\\/\"}}]}<\/script>\n<!-- \/ Yoast SEO plugin. -->","yoast_head_json":{"title":"Arch Straight Pendellampa fr\u00e5n Oblure","description":"Arch Straight fr\u00e5n Oblure \u2013 en exklusiv designlampa med sju ljusk\u00e4llor. Skandinavisk pendellampa f\u00f6r matbord, vardagsrum och kontorsmilj\u00f6.","robots":{"index":"index","follow":"follow","max-snippet":"max-snippet:-1","max-image-preview":"max-image-preview:large","max-video-preview":"max-video-preview:-1"},"canonical":"https:\/\/oblure.com\/sv\/produkt\/arch-straight\/","og_locale":"sv_SE","og_type":"article","og_title":"Arch Straight Pendellampa fr\u00e5n Oblure","og_description":"Arch Straight fr\u00e5n Oblure \u2013 en exklusiv designlampa med sju ljusk\u00e4llor. Skandinavisk pendellampa f\u00f6r matbord, vardagsrum och kontorsmilj\u00f6.","og_url":"https:\/\/oblure.com\/sv\/produkt\/arch-straight\/","og_site_name":"Oblure","article_modified_time":"2025-12-19T09:09:38+00:00","og_image":[{"width":1920,"height":1920,"url":"https:\/\/oblure.com\/wp-content\/uploads\/2024\/02\/arch_straight_swatch_blue.jpg","type":"image\/jpeg"}],"twitter_card":"summary_large_image","twitter_misc":{"Ber\u00e4knad l\u00e4stid":"1 minut"},"schema":{"@context":"https:\/\/schema.org","@graph":[{"@type":"WebPage","@id":"https:\/\/oblure.com\/sv\/produkt\/arch-straight\/","url":"https:\/\/oblure.com\/sv\/produkt\/arch-straight\/","name":"Arch Straight Pendellampa fr\u00e5n Oblure","isPartOf":{"@id":"https:\/\/oblure.com\/sv\/#website"},"primaryImageOfPage":{"@id":"https:\/\/oblure.com\/sv\/produkt\/arch-straight\/#primaryimage"},"image":{"@id":"https:\/\/oblure.com\/sv\/produkt\/arch-straight\/#primaryimage"},"thumbnailUrl":"https:\/\/oblure.com\/wp-content\/uploads\/2024\/02\/arch_straight_swatch_blue.jpg","datePublished":"2023-08-17T17:06:49+00:00","dateModified":"2025-12-19T09:09:38+00:00","description":"Arch Straight fr\u00e5n Oblure \u2013 en exklusiv designlampa med sju ljusk\u00e4llor. Skandinavisk pendellampa f\u00f6r matbord, vardagsrum och kontorsmilj\u00f6.","breadcrumb":{"@id":"https:\/\/oblure.com\/sv\/produkt\/arch-straight\/#breadcrumb"},"inLanguage":"sv-SE","potentialAction":[{"@type":"ReadAction","target":["https:\/\/oblure.com\/sv\/produkt\/arch-straight\/"]}]},{"@type":"ImageObject","inLanguage":"sv-SE","@id":"https:\/\/oblure.com\/sv\/produkt\/arch-straight\/#primaryimage","url":"https:\/\/oblure.com\/wp-content\/uploads\/2024\/02\/arch_straight_swatch_blue.jpg","contentUrl":"https:\/\/oblure.com\/wp-content\/uploads\/2024\/02\/arch_straight_swatch_blue.jpg","width":1920,"height":1920},{"@type":"BreadcrumbList","@id":"https:\/\/oblure.com\/sv\/produkt\/arch-straight\/#breadcrumb","itemListElement":[{"@type":"ListItem","position":1,"name":"Alla produkter","item":"https:\/\/oblure.com\/sv\/kollektion\/"},{"@type":"ListItem","position":2,"name":"Oblures kollektion","item":"https:\/\/oblure.com\/sv\/kollektion\/"},{"@type":"ListItem","position":3,"name":"Arch Straight"}]},{"@type":"WebSite","@id":"https:\/\/oblure.com\/sv\/#website","url":"https:\/\/oblure.com\/sv\/","name":"Oblure - Alluring lightning","description":"Alluring lightning","publisher":{"@id":"https:\/\/oblure.com\/sv\/#organization"},"potentialAction":[{"@type":"SearchAction","target":{"@type":"EntryPoint","urlTemplate":"https:\/\/oblure.com\/sv\/?s={search_term_string}"},"query-input":{"@type":"PropertyValueSpecification","valueRequired":true,"valueName":"search_term_string"}}],"inLanguage":"sv-SE"},{"@type":"Organization","@id":"https:\/\/oblure.com\/sv\/#organization","name":"Oblure","url":"https:\/\/oblure.com\/sv\/","logo":{"@type":"ImageObject","inLanguage":"sv-SE","@id":"https:\/\/oblure.com\/sv\/#\/schema\/logo\/image\/","url":"https:\/\/oblure.com\/wp-content\/uploads\/2023\/05\/logo_oblure_SWEDEN-1.svg","contentUrl":"https:\/\/oblure.com\/wp-content\/uploads\/2023\/05\/logo_oblure_SWEDEN-1.svg","width":841,"height":595,"caption":"Oblure"},"image":{"@id":"https:\/\/oblure.com\/sv\/#\/schema\/logo\/image\/"}}]}},"_links":{"self":[{"href":"https:\/\/oblure.com\/sv\/wp-json\/wp\/v2\/product\/20451","targetHints":{"allow":["GET"]}}],"collection":[{"href":"https:\/\/oblure.com\/sv\/wp-json\/wp\/v2\/product"}],"about":[{"href":"https:\/\/oblure.com\/sv\/wp-json\/wp\/v2\/types\/product"}],"version-history":[{"count":2,"href":"https:\/\/oblure.com\/sv\/wp-json\/wp\/v2\/product\/20451\/revisions"}],"predecessor-version":[{"id":22750,"href":"https:\/\/oblure.com\/sv\/wp-json\/wp\/v2\/product\/20451\/revisions\/22750"}],"wp:featuredmedia":[{"embeddable":true,"href":"https:\/\/oblure.com\/sv\/wp-json\/wp\/v2\/media\/19706"}],"wp:attachment":[{"href":"https:\/\/oblure.com\/sv\/wp-json\/wp\/v2\/media?parent=20451"}],"wp:term":[{"taxonomy":"product_brand","embeddable":true,"href":"https:\/\/oblure.com\/sv\/wp-json\/wp\/v2\/product_brand?post=20451"},{"taxonomy":"product_cat","embeddable":true,"href":"https:\/\/oblure.com\/sv\/wp-json\/wp\/v2\/product_cat?post=20451"},{"taxonomy":"product_tag","embeddable":true,"href":"https:\/\/oblure.com\/sv\/wp-json\/wp\/v2\/product_tag?post=20451"}],"curies":[{"name":"wp","href":"https:\/\/api.w.org\/{rel}","templated":true}]}}