{"id":20458,"date":"2023-08-18T13:57:36","date_gmt":"2023-08-18T11:57:36","guid":{"rendered":"https:\/\/oblure.com\/product\/trapeze-singel\/"},"modified":"2025-03-10T17:15:27","modified_gmt":"2025-03-10T16:15:27","slug":"trapeze-single","status":"publish","type":"product","link":"https:\/\/oblure.com\/sv\/produkt\/trapeze-single\/","title":{"rendered":"Trapeze Single"},"content":{"rendered":"<p>Trapeze Single best\u00e5r av tv\u00e5 halvm\u00e5neformade sk\u00e4rmar, monterade i par. Varje sk\u00e4rm kan roteras 360 grader, vilket m\u00f6jligg\u00f6r en kombination av b\u00e5de upp\u00e5triktat och ned\u00e5triktat ljus. Lampan har f\u00e5tt b\u00e5de sitt namn och utseende fr\u00e5n cirkusens v\u00e4rd och hur de skickliga trapetskonstn\u00e4rerna r\u00f6r sig med l\u00e4tthet och s\u00e4kerhet h\u00f6gt upp i luften. M\u00f6jligheten att vrida sk\u00e4rmarna g\u00f6r pendeln lekfull utan att tumma p\u00e5 funktionaliteten.<\/p>\n<p>Dess dj\u00e4rva men pragmatiska design g\u00f6r den idealisk f\u00f6r varierande milj\u00f6er och ljusarrangemang. Med en E14-standardfattning st\u00f6der pendeln olika ljusk\u00e4llor, vilket ger ett brett utbud av ljusstyrka och f\u00e4rgtemperaturer f\u00f6r att passa alla milj\u00f6er och st\u00e4mningar perfekt.   <\/p>\n","protected":false},"excerpt":{"rendered":"<p>Trapeze Single best\u00e5r av tv\u00e5 halvm\u00e5neformade sk\u00e4rmar, monterade i par. Varje sk\u00e4rm kan roteras 360 grader, vilket m\u00f6jligg\u00f6r en kombination av b\u00e5de upp\u00e5triktat och ned\u00e5triktat ljus. Lampan har f\u00e5tt b\u00e5de sitt namn och utseende fr\u00e5n cirkusens v\u00e4rd och hur de skickliga trapetskonstn\u00e4rerna r\u00f6r sig med l\u00e4tthet och s\u00e4kerhet h\u00f6gt upp i luften.<\/p>\n<p>M\u00f6jligheten att vrida sk\u00e4rmarna g\u00f6r pendeln lekfull utan att tumma p\u00e5 funktionaliteten. Dess dj\u00e4rva men pragmatiska design g\u00f6r den idealisk f\u00f6r varierande milj\u00f6er och ljusarrangemang. Med en E14-standardfattning st\u00f6der pendeln olika ljusk\u00e4llor, vilket ger ett brett utbud av ljusstyrka och f\u00e4rgtemperaturer f\u00f6r att passa alla milj\u00f6er och st\u00e4mningar perfekt.   <\/p>\n","protected":false},"featured_media":19495,"template":"","meta":{"_acf_changed":false},"product_brand":[],"product_cat":[173],"product_tag":[181],"class_list":{"0":"post-20458","1":"product","2":"type-product","3":"status-publish","4":"has-post-thumbnail","6":"product_cat-okategoriserad","7":"product_tag-standard-sv","8":"pa_color-miljo","9":"pa_color-black-sv","10":"tm-no-options","12":"first","13":"instock","14":"taxable","15":"shipping-taxable","16":"purchasable","17":"product-type-variable","18":"has-default-attributes"},"acf":[],"yoast_head":"<!-- This site is optimized with the Yoast SEO plugin v27.3 - https:\/\/yoast.com\/product\/yoast-seo-wordpress\/ -->\n<title>Trapeze Single - Oblure<\/title>\n<meta name=\"description\" content=\"Trapeze Single \u00e4r en taklampa som \u00e4r uppdelad i tv\u00e5 delar, vilket g\u00f6r att den kan roteras och rikta ljuset i motsatta riktningar. Designad av Jette Scheib\" \/>\n<meta name=\"robots\" content=\"index, follow, max-snippet:-1, max-image-preview:large, max-video-preview:-1\" \/>\n<link rel=\"canonical\" href=\"https:\/\/oblure.com\/sv\/produkt\/trapeze-single\/\" \/>\n<meta property=\"og:locale\" content=\"sv_SE\" \/>\n<meta property=\"og:type\" content=\"article\" \/>\n<meta property=\"og:title\" content=\"Trapeze Single - Oblure\" \/>\n<meta property=\"og:description\" content=\"Trapeze Single \u00e4r en taklampa som \u00e4r uppdelad i tv\u00e5 delar, vilket g\u00f6r att den kan roteras och rikta ljuset i motsatta riktningar. Designad av Jette Scheib\" \/>\n<meta property=\"og:url\" content=\"https:\/\/oblure.com\/sv\/produkt\/trapeze-single\/\" \/>\n<meta property=\"og:site_name\" content=\"Oblure\" \/>\n<meta property=\"article:modified_time\" content=\"2025-03-10T16:15:27+00:00\" \/>\n<meta property=\"og:image\" content=\"https:\/\/oblure.com\/wp-content\/uploads\/2023\/08\/trapeze_single_black.jpg.webp\" \/>\n\t<meta property=\"og:image:width\" content=\"1920\" \/>\n\t<meta property=\"og:image:height\" content=\"1920\" \/>\n\t<meta property=\"og:image:type\" content=\"image\/jpeg\" \/>\n<meta name=\"twitter:card\" content=\"summary_large_image\" \/>\n<meta name=\"twitter:label1\" content=\"Ber\u00e4knad l\u00e4stid\" \/>\n\t<meta name=\"twitter:data1\" content=\"1 minut\" \/>\n<script type=\"application\/ld+json\" class=\"yoast-schema-graph\">{\"@context\":\"https:\\\/\\\/schema.org\",\"@graph\":[{\"@type\":\"WebPage\",\"@id\":\"https:\\\/\\\/oblure.com\\\/sv\\\/produkt\\\/trapeze-single\\\/\",\"url\":\"https:\\\/\\\/oblure.com\\\/sv\\\/produkt\\\/trapeze-single\\\/\",\"name\":\"Trapeze Single - Oblure\",\"isPartOf\":{\"@id\":\"https:\\\/\\\/oblure.com\\\/sv\\\/#website\"},\"primaryImageOfPage\":{\"@id\":\"https:\\\/\\\/oblure.com\\\/sv\\\/produkt\\\/trapeze-single\\\/#primaryimage\"},\"image\":{\"@id\":\"https:\\\/\\\/oblure.com\\\/sv\\\/produkt\\\/trapeze-single\\\/#primaryimage\"},\"thumbnailUrl\":\"https:\\\/\\\/oblure.com\\\/wp-content\\\/uploads\\\/2023\\\/08\\\/trapeze_single_black.jpg\",\"datePublished\":\"2023-08-18T11:57:36+00:00\",\"dateModified\":\"2025-03-10T16:15:27+00:00\",\"description\":\"Trapeze Single \u00e4r en taklampa som \u00e4r uppdelad i tv\u00e5 delar, vilket g\u00f6r att den kan roteras och rikta ljuset i motsatta riktningar. Designad av Jette Scheib\",\"breadcrumb\":{\"@id\":\"https:\\\/\\\/oblure.com\\\/sv\\\/produkt\\\/trapeze-single\\\/#breadcrumb\"},\"inLanguage\":\"sv-SE\",\"potentialAction\":[{\"@type\":\"ReadAction\",\"target\":[\"https:\\\/\\\/oblure.com\\\/sv\\\/produkt\\\/trapeze-single\\\/\"]}]},{\"@type\":\"ImageObject\",\"inLanguage\":\"sv-SE\",\"@id\":\"https:\\\/\\\/oblure.com\\\/sv\\\/produkt\\\/trapeze-single\\\/#primaryimage\",\"url\":\"https:\\\/\\\/oblure.com\\\/wp-content\\\/uploads\\\/2023\\\/08\\\/trapeze_single_black.jpg\",\"contentUrl\":\"https:\\\/\\\/oblure.com\\\/wp-content\\\/uploads\\\/2023\\\/08\\\/trapeze_single_black.jpg\",\"width\":1920,\"height\":1920},{\"@type\":\"BreadcrumbList\",\"@id\":\"https:\\\/\\\/oblure.com\\\/sv\\\/produkt\\\/trapeze-single\\\/#breadcrumb\",\"itemListElement\":[{\"@type\":\"ListItem\",\"position\":1,\"name\":\"Alla produkter\",\"item\":\"https:\\\/\\\/oblure.com\\\/sv\\\/kollektion\\\/\"},{\"@type\":\"ListItem\",\"position\":2,\"name\":\"Oblures kollektion\",\"item\":\"https:\\\/\\\/oblure.com\\\/sv\\\/kollektion\\\/\"},{\"@type\":\"ListItem\",\"position\":3,\"name\":\"Trapeze Single\"}]},{\"@type\":\"WebSite\",\"@id\":\"https:\\\/\\\/oblure.com\\\/sv\\\/#website\",\"url\":\"https:\\\/\\\/oblure.com\\\/sv\\\/\",\"name\":\"Oblure - Alluring lightning\",\"description\":\"Alluring lightning\",\"publisher\":{\"@id\":\"https:\\\/\\\/oblure.com\\\/sv\\\/#organization\"},\"potentialAction\":[{\"@type\":\"SearchAction\",\"target\":{\"@type\":\"EntryPoint\",\"urlTemplate\":\"https:\\\/\\\/oblure.com\\\/sv\\\/?s={search_term_string}\"},\"query-input\":{\"@type\":\"PropertyValueSpecification\",\"valueRequired\":true,\"valueName\":\"search_term_string\"}}],\"inLanguage\":\"sv-SE\"},{\"@type\":\"Organization\",\"@id\":\"https:\\\/\\\/oblure.com\\\/sv\\\/#organization\",\"name\":\"Oblure\",\"url\":\"https:\\\/\\\/oblure.com\\\/sv\\\/\",\"logo\":{\"@type\":\"ImageObject\",\"inLanguage\":\"sv-SE\",\"@id\":\"https:\\\/\\\/oblure.com\\\/sv\\\/#\\\/schema\\\/logo\\\/image\\\/\",\"url\":\"https:\\\/\\\/oblure.com\\\/wp-content\\\/uploads\\\/2023\\\/05\\\/logo_oblure_SWEDEN-1.svg\",\"contentUrl\":\"https:\\\/\\\/oblure.com\\\/wp-content\\\/uploads\\\/2023\\\/05\\\/logo_oblure_SWEDEN-1.svg\",\"width\":841,\"height\":595,\"caption\":\"Oblure\"},\"image\":{\"@id\":\"https:\\\/\\\/oblure.com\\\/sv\\\/#\\\/schema\\\/logo\\\/image\\\/\"}}]}<\/script>\n<!-- \/ Yoast SEO plugin. -->","yoast_head_json":{"title":"Trapeze Single - Oblure","description":"Trapeze Single \u00e4r en taklampa som \u00e4r uppdelad i tv\u00e5 delar, vilket g\u00f6r att den kan roteras och rikta ljuset i motsatta riktningar. Designad av Jette Scheib","robots":{"index":"index","follow":"follow","max-snippet":"max-snippet:-1","max-image-preview":"max-image-preview:large","max-video-preview":"max-video-preview:-1"},"canonical":"https:\/\/oblure.com\/sv\/produkt\/trapeze-single\/","og_locale":"sv_SE","og_type":"article","og_title":"Trapeze Single - Oblure","og_description":"Trapeze Single \u00e4r en taklampa som \u00e4r uppdelad i tv\u00e5 delar, vilket g\u00f6r att den kan roteras och rikta ljuset i motsatta riktningar. Designad av Jette Scheib","og_url":"https:\/\/oblure.com\/sv\/produkt\/trapeze-single\/","og_site_name":"Oblure","article_modified_time":"2025-03-10T16:15:27+00:00","og_image":[{"width":1920,"height":1920,"url":"https:\/\/oblure.com\/wp-content\/uploads\/2023\/08\/trapeze_single_black.jpg.webp","type":"image\/jpeg"}],"twitter_card":"summary_large_image","twitter_misc":{"Ber\u00e4knad l\u00e4stid":"1 minut"},"schema":{"@context":"https:\/\/schema.org","@graph":[{"@type":"WebPage","@id":"https:\/\/oblure.com\/sv\/produkt\/trapeze-single\/","url":"https:\/\/oblure.com\/sv\/produkt\/trapeze-single\/","name":"Trapeze Single - Oblure","isPartOf":{"@id":"https:\/\/oblure.com\/sv\/#website"},"primaryImageOfPage":{"@id":"https:\/\/oblure.com\/sv\/produkt\/trapeze-single\/#primaryimage"},"image":{"@id":"https:\/\/oblure.com\/sv\/produkt\/trapeze-single\/#primaryimage"},"thumbnailUrl":"https:\/\/oblure.com\/wp-content\/uploads\/2023\/08\/trapeze_single_black.jpg","datePublished":"2023-08-18T11:57:36+00:00","dateModified":"2025-03-10T16:15:27+00:00","description":"Trapeze Single \u00e4r en taklampa som \u00e4r uppdelad i tv\u00e5 delar, vilket g\u00f6r att den kan roteras och rikta ljuset i motsatta riktningar. Designad av Jette Scheib","breadcrumb":{"@id":"https:\/\/oblure.com\/sv\/produkt\/trapeze-single\/#breadcrumb"},"inLanguage":"sv-SE","potentialAction":[{"@type":"ReadAction","target":["https:\/\/oblure.com\/sv\/produkt\/trapeze-single\/"]}]},{"@type":"ImageObject","inLanguage":"sv-SE","@id":"https:\/\/oblure.com\/sv\/produkt\/trapeze-single\/#primaryimage","url":"https:\/\/oblure.com\/wp-content\/uploads\/2023\/08\/trapeze_single_black.jpg","contentUrl":"https:\/\/oblure.com\/wp-content\/uploads\/2023\/08\/trapeze_single_black.jpg","width":1920,"height":1920},{"@type":"BreadcrumbList","@id":"https:\/\/oblure.com\/sv\/produkt\/trapeze-single\/#breadcrumb","itemListElement":[{"@type":"ListItem","position":1,"name":"Alla produkter","item":"https:\/\/oblure.com\/sv\/kollektion\/"},{"@type":"ListItem","position":2,"name":"Oblures kollektion","item":"https:\/\/oblure.com\/sv\/kollektion\/"},{"@type":"ListItem","position":3,"name":"Trapeze Single"}]},{"@type":"WebSite","@id":"https:\/\/oblure.com\/sv\/#website","url":"https:\/\/oblure.com\/sv\/","name":"Oblure - Alluring lightning","description":"Alluring lightning","publisher":{"@id":"https:\/\/oblure.com\/sv\/#organization"},"potentialAction":[{"@type":"SearchAction","target":{"@type":"EntryPoint","urlTemplate":"https:\/\/oblure.com\/sv\/?s={search_term_string}"},"query-input":{"@type":"PropertyValueSpecification","valueRequired":true,"valueName":"search_term_string"}}],"inLanguage":"sv-SE"},{"@type":"Organization","@id":"https:\/\/oblure.com\/sv\/#organization","name":"Oblure","url":"https:\/\/oblure.com\/sv\/","logo":{"@type":"ImageObject","inLanguage":"sv-SE","@id":"https:\/\/oblure.com\/sv\/#\/schema\/logo\/image\/","url":"https:\/\/oblure.com\/wp-content\/uploads\/2023\/05\/logo_oblure_SWEDEN-1.svg","contentUrl":"https:\/\/oblure.com\/wp-content\/uploads\/2023\/05\/logo_oblure_SWEDEN-1.svg","width":841,"height":595,"caption":"Oblure"},"image":{"@id":"https:\/\/oblure.com\/sv\/#\/schema\/logo\/image\/"}}]}},"_links":{"self":[{"href":"https:\/\/oblure.com\/sv\/wp-json\/wp\/v2\/product\/20458","targetHints":{"allow":["GET"]}}],"collection":[{"href":"https:\/\/oblure.com\/sv\/wp-json\/wp\/v2\/product"}],"about":[{"href":"https:\/\/oblure.com\/sv\/wp-json\/wp\/v2\/types\/product"}],"version-history":[{"count":1,"href":"https:\/\/oblure.com\/sv\/wp-json\/wp\/v2\/product\/20458\/revisions"}],"predecessor-version":[{"id":20887,"href":"https:\/\/oblure.com\/sv\/wp-json\/wp\/v2\/product\/20458\/revisions\/20887"}],"wp:featuredmedia":[{"embeddable":true,"href":"https:\/\/oblure.com\/sv\/wp-json\/wp\/v2\/media\/19495"}],"wp:attachment":[{"href":"https:\/\/oblure.com\/sv\/wp-json\/wp\/v2\/media?parent=20458"}],"wp:term":[{"taxonomy":"product_brand","embeddable":true,"href":"https:\/\/oblure.com\/sv\/wp-json\/wp\/v2\/product_brand?post=20458"},{"taxonomy":"product_cat","embeddable":true,"href":"https:\/\/oblure.com\/sv\/wp-json\/wp\/v2\/product_cat?post=20458"},{"taxonomy":"product_tag","embeddable":true,"href":"https:\/\/oblure.com\/sv\/wp-json\/wp\/v2\/product_tag?post=20458"}],"curies":[{"name":"wp","href":"https:\/\/api.w.org\/{rel}","templated":true}]}}