{"id":20492,"date":"2024-02-15T19:30:26","date_gmt":"2024-02-15T18:30:26","guid":{"rendered":"https:\/\/oblure.com\/product\/trappbordslampa-2\/"},"modified":"2025-06-05T21:04:49","modified_gmt":"2025-06-05T19:04:49","slug":"stair-table-lamp-professional","status":"publish","type":"product","link":"https:\/\/oblure.com\/sv\/produkt\/stair-table-lamp-professional\/","title":{"rendered":"Stair Table Lamp"},"content":{"rendered":"<p>STAIR h\u00e4mtar inspiration fr\u00e5n den grundl\u00e4ggande geometrin hos ett massivt trappblock. Sf\u00e4ren skapar nyfikenhet samtidigt som den vilar p\u00e5 gr\u00e4nsen till tiden. En &#8221;\u00f6gonblicksbild&#8221; av r\u00f6relsen i en serie h\u00e4ndelser skapar ett starkt symboliskt uttryck. N\u00e4r globen \u00e4r upplyst uppst\u00e5r ett vackert skuggspel. Den distinkta formen d\u00f6ljer en rad funktioner, eftersom STAIR \u00e4r utrustad med tv\u00e5 USB-C-portar och ett dolt eluttag undertill. I en digital v\u00e4rld d\u00e4r m\u00e4nniskor ser teknik som en sj\u00e4lvklarhet ger detta m\u00e5nga anv\u00e4ndarm\u00f6jligheter.   <\/p>\n","protected":false},"excerpt":{"rendered":"<p>STAIR h\u00e4mtar inspiration fr\u00e5n den grundl\u00e4ggande geometrin hos ett massivt trappblock. Sf\u00e4ren skapar nyfikenhet samtidigt som den vilar p\u00e5 gr\u00e4nsen till tiden. En &#8221;\u00f6gonblicksbild&#8221; av r\u00f6relsen i en serie h\u00e4ndelser skapar ett starkt symboliskt uttryck. N\u00e4r globen \u00e4r upplyst uppst\u00e5r ett vackert skuggspel. Den distinkta formen d\u00f6ljer en rad funktioner, eftersom STAIR \u00e4r utrustad med tv\u00e5 USB-C-portar och ett dolt eluttag undertill. I en digital v\u00e4rld d\u00e4r m\u00e4nniskor ser teknik som en sj\u00e4lvklarhet ger detta m\u00e5nga anv\u00e4ndarm\u00f6jligheter.   <\/p>\n","protected":false},"featured_media":19917,"template":"","meta":{"_acf_changed":false},"product_brand":[],"product_cat":[173],"product_tag":[180],"class_list":{"0":"post-20492","1":"product","2":"type-product","3":"status-publish","4":"has-post-thumbnail","6":"product_cat-okategoriserad","7":"product_tag-professionell","8":"pa_color-miljo","9":"pa_color-deep-red-sv","10":"pa_color-mellow-yellow-sv","11":"pa_color-velvet-black-sv","12":"tm-no-options","14":"first","15":"instock","16":"taxable","17":"shipping-taxable","18":"purchasable","19":"product-type-variable","20":"has-default-attributes"},"acf":[],"yoast_head":"<!-- This site is optimized with the Yoast SEO plugin v27.3 - https:\/\/yoast.com\/product\/yoast-seo-wordpress\/ -->\n<title>Stair Table Lamp - Oblure<\/title>\n<meta name=\"robots\" content=\"noindex, nofollow\" \/>\n<meta property=\"og:locale\" content=\"sv_SE\" \/>\n<meta property=\"og:type\" content=\"article\" \/>\n<meta property=\"og:title\" content=\"Stair Table Lamp - Oblure\" \/>\n<meta property=\"og:description\" content=\"STAIR h\u00e4mtar inspiration fr\u00e5n den grundl\u00e4ggande geometrin hos ett massivt trappblock. Sf\u00e4ren skapar nyfikenhet samtidigt som den vilar p\u00e5 gr\u00e4nsen till tiden. En &quot;\u00f6gonblicksbild&quot; av r\u00f6relsen i en serie h\u00e4ndelser skapar ett starkt symboliskt uttryck. N\u00e4r globen \u00e4r upplyst uppst\u00e5r ett vackert skuggspel. Den distinkta formen d\u00f6ljer en rad funktioner, eftersom STAIR \u00e4r utrustad med tv\u00e5 USB-C-portar och ett dolt eluttag undertill. I en digital v\u00e4rld d\u00e4r m\u00e4nniskor ser teknik som en sj\u00e4lvklarhet ger detta m\u00e5nga anv\u00e4ndarm\u00f6jligheter.\" \/>\n<meta property=\"og:url\" content=\"https:\/\/oblure.com\/sv\/produkt\/stair-table-lamp-professional\/\" \/>\n<meta property=\"og:site_name\" content=\"Oblure\" \/>\n<meta property=\"article:modified_time\" content=\"2025-06-05T19:04:49+00:00\" \/>\n<meta property=\"og:image\" content=\"https:\/\/oblure.com\/wp-content\/uploads\/2024\/09\/stair_product_image_professional_1.png\" \/>\n\t<meta property=\"og:image:width\" content=\"1920\" \/>\n\t<meta property=\"og:image:height\" content=\"1920\" \/>\n\t<meta property=\"og:image:type\" content=\"image\/png\" \/>\n<meta name=\"twitter:card\" content=\"summary_large_image\" \/>\n<meta name=\"twitter:label1\" content=\"Ber\u00e4knad l\u00e4stid\" \/>\n\t<meta name=\"twitter:data1\" content=\"1 minut\" \/>\n<script type=\"application\/ld+json\" class=\"yoast-schema-graph\">{\"@context\":\"https:\\\/\\\/schema.org\",\"@graph\":[{\"@type\":\"WebPage\",\"@id\":\"https:\\\/\\\/oblure.com\\\/sv\\\/produkt\\\/stair-table-lamp-professional\\\/\",\"url\":\"https:\\\/\\\/oblure.com\\\/sv\\\/produkt\\\/stair-table-lamp-professional\\\/\",\"name\":\"Stair Table Lamp - Oblure\",\"isPartOf\":{\"@id\":\"https:\\\/\\\/oblure.com\\\/sv\\\/#website\"},\"primaryImageOfPage\":{\"@id\":\"https:\\\/\\\/oblure.com\\\/sv\\\/produkt\\\/stair-table-lamp-professional\\\/#primaryimage\"},\"image\":{\"@id\":\"https:\\\/\\\/oblure.com\\\/sv\\\/produkt\\\/stair-table-lamp-professional\\\/#primaryimage\"},\"thumbnailUrl\":\"https:\\\/\\\/oblure.com\\\/wp-content\\\/uploads\\\/2024\\\/09\\\/stair_product_image_professional_1.png\",\"datePublished\":\"2024-02-15T18:30:26+00:00\",\"dateModified\":\"2025-06-05T19:04:49+00:00\",\"breadcrumb\":{\"@id\":\"https:\\\/\\\/oblure.com\\\/sv\\\/produkt\\\/stair-table-lamp-professional\\\/#breadcrumb\"},\"inLanguage\":\"sv-SE\",\"potentialAction\":[{\"@type\":\"ReadAction\",\"target\":[\"https:\\\/\\\/oblure.com\\\/sv\\\/produkt\\\/stair-table-lamp-professional\\\/\"]}]},{\"@type\":\"ImageObject\",\"inLanguage\":\"sv-SE\",\"@id\":\"https:\\\/\\\/oblure.com\\\/sv\\\/produkt\\\/stair-table-lamp-professional\\\/#primaryimage\",\"url\":\"https:\\\/\\\/oblure.com\\\/wp-content\\\/uploads\\\/2024\\\/09\\\/stair_product_image_professional_1.png\",\"contentUrl\":\"https:\\\/\\\/oblure.com\\\/wp-content\\\/uploads\\\/2024\\\/09\\\/stair_product_image_professional_1.png\",\"width\":1920,\"height\":1920},{\"@type\":\"BreadcrumbList\",\"@id\":\"https:\\\/\\\/oblure.com\\\/sv\\\/produkt\\\/stair-table-lamp-professional\\\/#breadcrumb\",\"itemListElement\":[{\"@type\":\"ListItem\",\"position\":1,\"name\":\"Alla produkter\",\"item\":\"https:\\\/\\\/oblure.com\\\/sv\\\/kollektion\\\/\"},{\"@type\":\"ListItem\",\"position\":2,\"name\":\"Oblures kollektion\",\"item\":\"https:\\\/\\\/oblure.com\\\/sv\\\/kollektion\\\/\"},{\"@type\":\"ListItem\",\"position\":3,\"name\":\"Stair Table Lamp\"}]},{\"@type\":\"WebSite\",\"@id\":\"https:\\\/\\\/oblure.com\\\/sv\\\/#website\",\"url\":\"https:\\\/\\\/oblure.com\\\/sv\\\/\",\"name\":\"Oblure - Alluring lightning\",\"description\":\"Alluring lightning\",\"publisher\":{\"@id\":\"https:\\\/\\\/oblure.com\\\/sv\\\/#organization\"},\"potentialAction\":[{\"@type\":\"SearchAction\",\"target\":{\"@type\":\"EntryPoint\",\"urlTemplate\":\"https:\\\/\\\/oblure.com\\\/sv\\\/?s={search_term_string}\"},\"query-input\":{\"@type\":\"PropertyValueSpecification\",\"valueRequired\":true,\"valueName\":\"search_term_string\"}}],\"inLanguage\":\"sv-SE\"},{\"@type\":\"Organization\",\"@id\":\"https:\\\/\\\/oblure.com\\\/sv\\\/#organization\",\"name\":\"Oblure\",\"url\":\"https:\\\/\\\/oblure.com\\\/sv\\\/\",\"logo\":{\"@type\":\"ImageObject\",\"inLanguage\":\"sv-SE\",\"@id\":\"https:\\\/\\\/oblure.com\\\/sv\\\/#\\\/schema\\\/logo\\\/image\\\/\",\"url\":\"https:\\\/\\\/oblure.com\\\/wp-content\\\/uploads\\\/2023\\\/05\\\/logo_oblure_SWEDEN-1.svg\",\"contentUrl\":\"https:\\\/\\\/oblure.com\\\/wp-content\\\/uploads\\\/2023\\\/05\\\/logo_oblure_SWEDEN-1.svg\",\"width\":841,\"height\":595,\"caption\":\"Oblure\"},\"image\":{\"@id\":\"https:\\\/\\\/oblure.com\\\/sv\\\/#\\\/schema\\\/logo\\\/image\\\/\"}}]}<\/script>\n<!-- \/ Yoast SEO plugin. -->","yoast_head_json":{"title":"Stair Table Lamp - Oblure","robots":{"index":"noindex","follow":"nofollow"},"og_locale":"sv_SE","og_type":"article","og_title":"Stair Table Lamp - Oblure","og_description":"STAIR h\u00e4mtar inspiration fr\u00e5n den grundl\u00e4ggande geometrin hos ett massivt trappblock. Sf\u00e4ren skapar nyfikenhet samtidigt som den vilar p\u00e5 gr\u00e4nsen till tiden. En \"\u00f6gonblicksbild\" av r\u00f6relsen i en serie h\u00e4ndelser skapar ett starkt symboliskt uttryck. N\u00e4r globen \u00e4r upplyst uppst\u00e5r ett vackert skuggspel. Den distinkta formen d\u00f6ljer en rad funktioner, eftersom STAIR \u00e4r utrustad med tv\u00e5 USB-C-portar och ett dolt eluttag undertill. I en digital v\u00e4rld d\u00e4r m\u00e4nniskor ser teknik som en sj\u00e4lvklarhet ger detta m\u00e5nga anv\u00e4ndarm\u00f6jligheter.","og_url":"https:\/\/oblure.com\/sv\/produkt\/stair-table-lamp-professional\/","og_site_name":"Oblure","article_modified_time":"2025-06-05T19:04:49+00:00","og_image":[{"width":1920,"height":1920,"url":"https:\/\/oblure.com\/wp-content\/uploads\/2024\/09\/stair_product_image_professional_1.png","type":"image\/png"}],"twitter_card":"summary_large_image","twitter_misc":{"Ber\u00e4knad l\u00e4stid":"1 minut"},"schema":{"@context":"https:\/\/schema.org","@graph":[{"@type":"WebPage","@id":"https:\/\/oblure.com\/sv\/produkt\/stair-table-lamp-professional\/","url":"https:\/\/oblure.com\/sv\/produkt\/stair-table-lamp-professional\/","name":"Stair Table Lamp - Oblure","isPartOf":{"@id":"https:\/\/oblure.com\/sv\/#website"},"primaryImageOfPage":{"@id":"https:\/\/oblure.com\/sv\/produkt\/stair-table-lamp-professional\/#primaryimage"},"image":{"@id":"https:\/\/oblure.com\/sv\/produkt\/stair-table-lamp-professional\/#primaryimage"},"thumbnailUrl":"https:\/\/oblure.com\/wp-content\/uploads\/2024\/09\/stair_product_image_professional_1.png","datePublished":"2024-02-15T18:30:26+00:00","dateModified":"2025-06-05T19:04:49+00:00","breadcrumb":{"@id":"https:\/\/oblure.com\/sv\/produkt\/stair-table-lamp-professional\/#breadcrumb"},"inLanguage":"sv-SE","potentialAction":[{"@type":"ReadAction","target":["https:\/\/oblure.com\/sv\/produkt\/stair-table-lamp-professional\/"]}]},{"@type":"ImageObject","inLanguage":"sv-SE","@id":"https:\/\/oblure.com\/sv\/produkt\/stair-table-lamp-professional\/#primaryimage","url":"https:\/\/oblure.com\/wp-content\/uploads\/2024\/09\/stair_product_image_professional_1.png","contentUrl":"https:\/\/oblure.com\/wp-content\/uploads\/2024\/09\/stair_product_image_professional_1.png","width":1920,"height":1920},{"@type":"BreadcrumbList","@id":"https:\/\/oblure.com\/sv\/produkt\/stair-table-lamp-professional\/#breadcrumb","itemListElement":[{"@type":"ListItem","position":1,"name":"Alla produkter","item":"https:\/\/oblure.com\/sv\/kollektion\/"},{"@type":"ListItem","position":2,"name":"Oblures kollektion","item":"https:\/\/oblure.com\/sv\/kollektion\/"},{"@type":"ListItem","position":3,"name":"Stair Table Lamp"}]},{"@type":"WebSite","@id":"https:\/\/oblure.com\/sv\/#website","url":"https:\/\/oblure.com\/sv\/","name":"Oblure - Alluring lightning","description":"Alluring lightning","publisher":{"@id":"https:\/\/oblure.com\/sv\/#organization"},"potentialAction":[{"@type":"SearchAction","target":{"@type":"EntryPoint","urlTemplate":"https:\/\/oblure.com\/sv\/?s={search_term_string}"},"query-input":{"@type":"PropertyValueSpecification","valueRequired":true,"valueName":"search_term_string"}}],"inLanguage":"sv-SE"},{"@type":"Organization","@id":"https:\/\/oblure.com\/sv\/#organization","name":"Oblure","url":"https:\/\/oblure.com\/sv\/","logo":{"@type":"ImageObject","inLanguage":"sv-SE","@id":"https:\/\/oblure.com\/sv\/#\/schema\/logo\/image\/","url":"https:\/\/oblure.com\/wp-content\/uploads\/2023\/05\/logo_oblure_SWEDEN-1.svg","contentUrl":"https:\/\/oblure.com\/wp-content\/uploads\/2023\/05\/logo_oblure_SWEDEN-1.svg","width":841,"height":595,"caption":"Oblure"},"image":{"@id":"https:\/\/oblure.com\/sv\/#\/schema\/logo\/image\/"}}]}},"_links":{"self":[{"href":"https:\/\/oblure.com\/sv\/wp-json\/wp\/v2\/product\/20492","targetHints":{"allow":["GET"]}}],"collection":[{"href":"https:\/\/oblure.com\/sv\/wp-json\/wp\/v2\/product"}],"about":[{"href":"https:\/\/oblure.com\/sv\/wp-json\/wp\/v2\/types\/product"}],"version-history":[{"count":1,"href":"https:\/\/oblure.com\/sv\/wp-json\/wp\/v2\/product\/20492\/revisions"}],"predecessor-version":[{"id":21902,"href":"https:\/\/oblure.com\/sv\/wp-json\/wp\/v2\/product\/20492\/revisions\/21902"}],"wp:featuredmedia":[{"embeddable":true,"href":"https:\/\/oblure.com\/sv\/wp-json\/wp\/v2\/media\/19917"}],"wp:attachment":[{"href":"https:\/\/oblure.com\/sv\/wp-json\/wp\/v2\/media?parent=20492"}],"wp:term":[{"taxonomy":"product_brand","embeddable":true,"href":"https:\/\/oblure.com\/sv\/wp-json\/wp\/v2\/product_brand?post=20492"},{"taxonomy":"product_cat","embeddable":true,"href":"https:\/\/oblure.com\/sv\/wp-json\/wp\/v2\/product_cat?post=20492"},{"taxonomy":"product_tag","embeddable":true,"href":"https:\/\/oblure.com\/sv\/wp-json\/wp\/v2\/product_tag?post=20492"}],"curies":[{"name":"wp","href":"https:\/\/api.w.org\/{rel}","templated":true}]}}