{"id":20497,"date":"2024-02-15T19:45:01","date_gmt":"2024-02-15T18:45:01","guid":{"rendered":"https:\/\/oblure.com\/product\/trapeze-triplette-2\/"},"modified":"2025-06-10T10:16:24","modified_gmt":"2025-06-10T08:16:24","slug":"trapeze-triplette-professional","status":"publish","type":"product","link":"https:\/\/oblure.com\/sv\/produkt\/trapeze-triplette-professional\/","title":{"rendered":"Trapeze Triplette"},"content":{"rendered":"<p>Trapeze Triplette \u00e4r en sann artist, en luftakrobat som kombinerar elegans och stil. Fixerad i en enda pose med o\u00e4ndliga m\u00f6jligheter. Varje sk\u00e4rm kan riktas 360 grader, vilket g\u00f6r det m\u00f6jligt f\u00f6r anv\u00e4ndaren att kombinera upp\u00e5t- och ned\u00e5tljus samtidigt. Ett lekfullt och dj\u00e4rvt inslag som ocks\u00e5 \u00e4r pragmatiskt och praktiskt i anv\u00e4ndning. Trapeze finns i tre versioner. Den enkla pendeln med tv\u00e5 sk\u00e4rmar, &#8221;triplette&#8221; med sex sk\u00e4rmar eller &#8221;quartette&#8221; med \u00e5tta sk\u00e4rmar. Alla dessa armaturer g\u00f6r det m\u00f6jligt att justera och rikta ljuset d\u00e4r det beh\u00f6vs.   <\/p>\n","protected":false},"excerpt":{"rendered":"<p>Trapeze Triplette \u00e4r en sann artist, en luftakrobat som kombinerar elegans och stil. Fixerad i en enda pose med o\u00e4ndliga m\u00f6jligheter. Varje sk\u00e4rm kan riktas 360 grader, vilket g\u00f6r det m\u00f6jligt f\u00f6r anv\u00e4ndaren att kombinera upp\u00e5t- och ned\u00e5tljus samtidigt. Ett lekfullt och dj\u00e4rvt inslag som ocks\u00e5 \u00e4r pragmatiskt och praktiskt i anv\u00e4ndning. Trapeze finns i tre versioner. Den enkla pendeln med tv\u00e5 sk\u00e4rmar, &#8221;triplette&#8221; med sex sk\u00e4rmar eller &#8221;quartette&#8221; med \u00e5tta sk\u00e4rmar. Alla dessa armaturer g\u00f6r det m\u00f6jligt att justera och rikta ljuset d\u00e4r det beh\u00f6vs.   <\/p>\n","protected":false},"featured_media":19918,"template":"","meta":{"_acf_changed":false},"product_brand":[],"product_cat":[173],"product_tag":[180],"class_list":{"0":"post-20497","1":"product","2":"type-product","3":"status-publish","4":"has-post-thumbnail","6":"product_cat-okategoriserad","7":"product_tag-professionell","8":"pa_color-miljo","9":"pa_color-black-sv","10":"tm-no-options","12":"first","13":"instock","14":"taxable","15":"shipping-taxable","16":"purchasable","17":"product-type-variable","18":"has-default-attributes"},"acf":[],"yoast_head":"<!-- This site is optimized with the Yoast SEO plugin v27.3 - https:\/\/yoast.com\/product\/yoast-seo-wordpress\/ -->\n<title>Trapeze Triplette - Oblure<\/title>\n<meta name=\"robots\" content=\"noindex, nofollow\" \/>\n<meta property=\"og:locale\" content=\"sv_SE\" \/>\n<meta property=\"og:type\" content=\"article\" \/>\n<meta property=\"og:title\" content=\"Trapeze Triplette - Oblure\" \/>\n<meta property=\"og:description\" content=\"Trapeze Triplette \u00e4r en sann artist, en luftakrobat som kombinerar elegans och stil. Fixerad i en enda pose med o\u00e4ndliga m\u00f6jligheter. Varje sk\u00e4rm kan riktas 360 grader, vilket g\u00f6r det m\u00f6jligt f\u00f6r anv\u00e4ndaren att kombinera upp\u00e5t- och ned\u00e5tljus samtidigt. Ett lekfullt och dj\u00e4rvt inslag som ocks\u00e5 \u00e4r pragmatiskt och praktiskt i anv\u00e4ndning. Trapeze finns i tre versioner. Den enkla pendeln med tv\u00e5 sk\u00e4rmar, &quot;triplette&quot; med sex sk\u00e4rmar eller &quot;quartette&quot; med \u00e5tta sk\u00e4rmar. Alla dessa armaturer g\u00f6r det m\u00f6jligt att justera och rikta ljuset d\u00e4r det beh\u00f6vs.\" \/>\n<meta property=\"og:url\" content=\"https:\/\/oblure.com\/sv\/produkt\/trapeze-triplette-professional\/\" \/>\n<meta property=\"og:site_name\" content=\"Oblure\" \/>\n<meta property=\"article:modified_time\" content=\"2025-06-10T08:16:24+00:00\" \/>\n<meta property=\"og:image\" content=\"https:\/\/oblure.com\/wp-content\/uploads\/2024\/09\/trapeze_triplette_product_image_professional_1.png\" \/>\n\t<meta property=\"og:image:width\" content=\"1920\" \/>\n\t<meta property=\"og:image:height\" content=\"1920\" \/>\n\t<meta property=\"og:image:type\" content=\"image\/png\" \/>\n<meta name=\"twitter:card\" content=\"summary_large_image\" \/>\n<meta name=\"twitter:label1\" content=\"Ber\u00e4knad l\u00e4stid\" \/>\n\t<meta name=\"twitter:data1\" content=\"1 minut\" \/>\n<script type=\"application\/ld+json\" class=\"yoast-schema-graph\">{\"@context\":\"https:\\\/\\\/schema.org\",\"@graph\":[{\"@type\":\"WebPage\",\"@id\":\"https:\\\/\\\/oblure.com\\\/sv\\\/produkt\\\/trapeze-triplette-professional\\\/\",\"url\":\"https:\\\/\\\/oblure.com\\\/sv\\\/produkt\\\/trapeze-triplette-professional\\\/\",\"name\":\"Trapeze Triplette - Oblure\",\"isPartOf\":{\"@id\":\"https:\\\/\\\/oblure.com\\\/sv\\\/#website\"},\"primaryImageOfPage\":{\"@id\":\"https:\\\/\\\/oblure.com\\\/sv\\\/produkt\\\/trapeze-triplette-professional\\\/#primaryimage\"},\"image\":{\"@id\":\"https:\\\/\\\/oblure.com\\\/sv\\\/produkt\\\/trapeze-triplette-professional\\\/#primaryimage\"},\"thumbnailUrl\":\"https:\\\/\\\/oblure.com\\\/wp-content\\\/uploads\\\/2024\\\/09\\\/trapeze_triplette_product_image_professional_1.png\",\"datePublished\":\"2024-02-15T18:45:01+00:00\",\"dateModified\":\"2025-06-10T08:16:24+00:00\",\"breadcrumb\":{\"@id\":\"https:\\\/\\\/oblure.com\\\/sv\\\/produkt\\\/trapeze-triplette-professional\\\/#breadcrumb\"},\"inLanguage\":\"sv-SE\",\"potentialAction\":[{\"@type\":\"ReadAction\",\"target\":[\"https:\\\/\\\/oblure.com\\\/sv\\\/produkt\\\/trapeze-triplette-professional\\\/\"]}]},{\"@type\":\"ImageObject\",\"inLanguage\":\"sv-SE\",\"@id\":\"https:\\\/\\\/oblure.com\\\/sv\\\/produkt\\\/trapeze-triplette-professional\\\/#primaryimage\",\"url\":\"https:\\\/\\\/oblure.com\\\/wp-content\\\/uploads\\\/2024\\\/09\\\/trapeze_triplette_product_image_professional_1.png\",\"contentUrl\":\"https:\\\/\\\/oblure.com\\\/wp-content\\\/uploads\\\/2024\\\/09\\\/trapeze_triplette_product_image_professional_1.png\",\"width\":1920,\"height\":1920},{\"@type\":\"BreadcrumbList\",\"@id\":\"https:\\\/\\\/oblure.com\\\/sv\\\/produkt\\\/trapeze-triplette-professional\\\/#breadcrumb\",\"itemListElement\":[{\"@type\":\"ListItem\",\"position\":1,\"name\":\"Alla produkter\",\"item\":\"https:\\\/\\\/oblure.com\\\/sv\\\/kollektion\\\/\"},{\"@type\":\"ListItem\",\"position\":2,\"name\":\"Oblures kollektion\",\"item\":\"https:\\\/\\\/oblure.com\\\/sv\\\/kollektion\\\/\"},{\"@type\":\"ListItem\",\"position\":3,\"name\":\"Trapeze Triplette\"}]},{\"@type\":\"WebSite\",\"@id\":\"https:\\\/\\\/oblure.com\\\/sv\\\/#website\",\"url\":\"https:\\\/\\\/oblure.com\\\/sv\\\/\",\"name\":\"Oblure - Alluring lightning\",\"description\":\"Alluring lightning\",\"publisher\":{\"@id\":\"https:\\\/\\\/oblure.com\\\/sv\\\/#organization\"},\"potentialAction\":[{\"@type\":\"SearchAction\",\"target\":{\"@type\":\"EntryPoint\",\"urlTemplate\":\"https:\\\/\\\/oblure.com\\\/sv\\\/?s={search_term_string}\"},\"query-input\":{\"@type\":\"PropertyValueSpecification\",\"valueRequired\":true,\"valueName\":\"search_term_string\"}}],\"inLanguage\":\"sv-SE\"},{\"@type\":\"Organization\",\"@id\":\"https:\\\/\\\/oblure.com\\\/sv\\\/#organization\",\"name\":\"Oblure\",\"url\":\"https:\\\/\\\/oblure.com\\\/sv\\\/\",\"logo\":{\"@type\":\"ImageObject\",\"inLanguage\":\"sv-SE\",\"@id\":\"https:\\\/\\\/oblure.com\\\/sv\\\/#\\\/schema\\\/logo\\\/image\\\/\",\"url\":\"https:\\\/\\\/oblure.com\\\/wp-content\\\/uploads\\\/2023\\\/05\\\/logo_oblure_SWEDEN-1.svg\",\"contentUrl\":\"https:\\\/\\\/oblure.com\\\/wp-content\\\/uploads\\\/2023\\\/05\\\/logo_oblure_SWEDEN-1.svg\",\"width\":841,\"height\":595,\"caption\":\"Oblure\"},\"image\":{\"@id\":\"https:\\\/\\\/oblure.com\\\/sv\\\/#\\\/schema\\\/logo\\\/image\\\/\"}}]}<\/script>\n<!-- \/ Yoast SEO plugin. -->","yoast_head_json":{"title":"Trapeze Triplette - Oblure","robots":{"index":"noindex","follow":"nofollow"},"og_locale":"sv_SE","og_type":"article","og_title":"Trapeze Triplette - Oblure","og_description":"Trapeze Triplette \u00e4r en sann artist, en luftakrobat som kombinerar elegans och stil. Fixerad i en enda pose med o\u00e4ndliga m\u00f6jligheter. Varje sk\u00e4rm kan riktas 360 grader, vilket g\u00f6r det m\u00f6jligt f\u00f6r anv\u00e4ndaren att kombinera upp\u00e5t- och ned\u00e5tljus samtidigt. Ett lekfullt och dj\u00e4rvt inslag som ocks\u00e5 \u00e4r pragmatiskt och praktiskt i anv\u00e4ndning. Trapeze finns i tre versioner. Den enkla pendeln med tv\u00e5 sk\u00e4rmar, \"triplette\" med sex sk\u00e4rmar eller \"quartette\" med \u00e5tta sk\u00e4rmar. Alla dessa armaturer g\u00f6r det m\u00f6jligt att justera och rikta ljuset d\u00e4r det beh\u00f6vs.","og_url":"https:\/\/oblure.com\/sv\/produkt\/trapeze-triplette-professional\/","og_site_name":"Oblure","article_modified_time":"2025-06-10T08:16:24+00:00","og_image":[{"width":1920,"height":1920,"url":"https:\/\/oblure.com\/wp-content\/uploads\/2024\/09\/trapeze_triplette_product_image_professional_1.png","type":"image\/png"}],"twitter_card":"summary_large_image","twitter_misc":{"Ber\u00e4knad l\u00e4stid":"1 minut"},"schema":{"@context":"https:\/\/schema.org","@graph":[{"@type":"WebPage","@id":"https:\/\/oblure.com\/sv\/produkt\/trapeze-triplette-professional\/","url":"https:\/\/oblure.com\/sv\/produkt\/trapeze-triplette-professional\/","name":"Trapeze Triplette - Oblure","isPartOf":{"@id":"https:\/\/oblure.com\/sv\/#website"},"primaryImageOfPage":{"@id":"https:\/\/oblure.com\/sv\/produkt\/trapeze-triplette-professional\/#primaryimage"},"image":{"@id":"https:\/\/oblure.com\/sv\/produkt\/trapeze-triplette-professional\/#primaryimage"},"thumbnailUrl":"https:\/\/oblure.com\/wp-content\/uploads\/2024\/09\/trapeze_triplette_product_image_professional_1.png","datePublished":"2024-02-15T18:45:01+00:00","dateModified":"2025-06-10T08:16:24+00:00","breadcrumb":{"@id":"https:\/\/oblure.com\/sv\/produkt\/trapeze-triplette-professional\/#breadcrumb"},"inLanguage":"sv-SE","potentialAction":[{"@type":"ReadAction","target":["https:\/\/oblure.com\/sv\/produkt\/trapeze-triplette-professional\/"]}]},{"@type":"ImageObject","inLanguage":"sv-SE","@id":"https:\/\/oblure.com\/sv\/produkt\/trapeze-triplette-professional\/#primaryimage","url":"https:\/\/oblure.com\/wp-content\/uploads\/2024\/09\/trapeze_triplette_product_image_professional_1.png","contentUrl":"https:\/\/oblure.com\/wp-content\/uploads\/2024\/09\/trapeze_triplette_product_image_professional_1.png","width":1920,"height":1920},{"@type":"BreadcrumbList","@id":"https:\/\/oblure.com\/sv\/produkt\/trapeze-triplette-professional\/#breadcrumb","itemListElement":[{"@type":"ListItem","position":1,"name":"Alla produkter","item":"https:\/\/oblure.com\/sv\/kollektion\/"},{"@type":"ListItem","position":2,"name":"Oblures kollektion","item":"https:\/\/oblure.com\/sv\/kollektion\/"},{"@type":"ListItem","position":3,"name":"Trapeze Triplette"}]},{"@type":"WebSite","@id":"https:\/\/oblure.com\/sv\/#website","url":"https:\/\/oblure.com\/sv\/","name":"Oblure - Alluring lightning","description":"Alluring lightning","publisher":{"@id":"https:\/\/oblure.com\/sv\/#organization"},"potentialAction":[{"@type":"SearchAction","target":{"@type":"EntryPoint","urlTemplate":"https:\/\/oblure.com\/sv\/?s={search_term_string}"},"query-input":{"@type":"PropertyValueSpecification","valueRequired":true,"valueName":"search_term_string"}}],"inLanguage":"sv-SE"},{"@type":"Organization","@id":"https:\/\/oblure.com\/sv\/#organization","name":"Oblure","url":"https:\/\/oblure.com\/sv\/","logo":{"@type":"ImageObject","inLanguage":"sv-SE","@id":"https:\/\/oblure.com\/sv\/#\/schema\/logo\/image\/","url":"https:\/\/oblure.com\/wp-content\/uploads\/2023\/05\/logo_oblure_SWEDEN-1.svg","contentUrl":"https:\/\/oblure.com\/wp-content\/uploads\/2023\/05\/logo_oblure_SWEDEN-1.svg","width":841,"height":595,"caption":"Oblure"},"image":{"@id":"https:\/\/oblure.com\/sv\/#\/schema\/logo\/image\/"}}]}},"_links":{"self":[{"href":"https:\/\/oblure.com\/sv\/wp-json\/wp\/v2\/product\/20497","targetHints":{"allow":["GET"]}}],"collection":[{"href":"https:\/\/oblure.com\/sv\/wp-json\/wp\/v2\/product"}],"about":[{"href":"https:\/\/oblure.com\/sv\/wp-json\/wp\/v2\/types\/product"}],"version-history":[{"count":1,"href":"https:\/\/oblure.com\/sv\/wp-json\/wp\/v2\/product\/20497\/revisions"}],"predecessor-version":[{"id":21940,"href":"https:\/\/oblure.com\/sv\/wp-json\/wp\/v2\/product\/20497\/revisions\/21940"}],"wp:featuredmedia":[{"embeddable":true,"href":"https:\/\/oblure.com\/sv\/wp-json\/wp\/v2\/media\/19918"}],"wp:attachment":[{"href":"https:\/\/oblure.com\/sv\/wp-json\/wp\/v2\/media?parent=20497"}],"wp:term":[{"taxonomy":"product_brand","embeddable":true,"href":"https:\/\/oblure.com\/sv\/wp-json\/wp\/v2\/product_brand?post=20497"},{"taxonomy":"product_cat","embeddable":true,"href":"https:\/\/oblure.com\/sv\/wp-json\/wp\/v2\/product_cat?post=20497"},{"taxonomy":"product_tag","embeddable":true,"href":"https:\/\/oblure.com\/sv\/wp-json\/wp\/v2\/product_tag?post=20497"}],"curies":[{"name":"wp","href":"https:\/\/api.w.org\/{rel}","templated":true}]}}