{"id":20499,"date":"2024-09-15T19:03:40","date_gmt":"2024-09-15T17:03:40","guid":{"rendered":"https:\/\/oblure.com\/product\/supervag-2\/"},"modified":"2025-06-17T21:04:12","modified_gmt":"2025-06-17T19:04:12","slug":"superwave-professional","status":"publish","type":"product","link":"https:\/\/oblure.com\/sv\/produkt\/superwave-professional\/","title":{"rendered":"Superwave"},"content":{"rendered":"<p><span style=\"font-weight: 400;\">\u201cSuper High Comfort\u201d, n\u00e5r nya h\u00f6jder med v\u00e5ra unika v\u00e5gformade lameller med flerriktad bl\u00e4ndning  <\/span><span style=\"font-weight: 400;\">kontroll. Armaturen representerar arkitektonisk innovation, en subtil skulptur av f\u00e4rg, form och ljus. Dess eleganta estetik sm\u00e4lter s\u00f6ml\u00f6st in i alla milj\u00f6er samtidigt som den ger en elegant touch. Chassit och ljusmotorn kan enkelt separeras f\u00f6r enkel installation, underh\u00e5ll och l\u00e5ngsiktig h\u00e5llbarhet. Dessutom kan f\u00e4rgen anpassas utan kvantitativa krav.    <\/span><\/p>\n","protected":false},"excerpt":{"rendered":"<p><span style=\"font-weight: 400;\">\u201cSuper High Comfort\u201d, n\u00e5r nya h\u00f6jder med v\u00e5ra unika v\u00e5gformade lameller med flerriktad bl\u00e4ndning  <\/span><span style=\"font-weight: 400;\">kontroll. Armaturen representerar arkitektonisk innovation, en subtil skulptur av f\u00e4rg, form och ljus. Dess eleganta estetik sm\u00e4lter s\u00f6ml\u00f6st in i alla milj\u00f6er samtidigt som den ger en elegant touch. Chassit och ljusmotorn kan enkelt separeras f\u00f6r enkel installation, underh\u00e5ll och l\u00e5ngsiktig h\u00e5llbarhet. Dessutom kan f\u00e4rgen anpassas utan kvantitativa krav.    <\/span><\/p>\n","protected":false},"featured_media":19909,"template":"","meta":{"_acf_changed":false},"product_brand":[],"product_cat":[173],"product_tag":[180],"class_list":{"0":"post-20499","1":"product","2":"type-product","3":"status-publish","4":"has-post-thumbnail","6":"product_cat-okategoriserad","7":"product_tag-professionell","8":"pa_color-miljo","9":"pa_color-custom-color-sv","10":"pa_color-white-sv","11":"tm-no-options","13":"first","14":"instock","15":"taxable","16":"shipping-taxable","17":"purchasable","18":"product-type-variable","19":"has-default-attributes"},"acf":[],"yoast_head":"<!-- This site is optimized with the Yoast SEO plugin v27.3 - https:\/\/yoast.com\/product\/yoast-seo-wordpress\/ -->\n<title>Superwave - Oblure<\/title>\n<meta name=\"robots\" content=\"noindex, nofollow\" \/>\n<meta property=\"og:locale\" content=\"sv_SE\" \/>\n<meta property=\"og:type\" content=\"article\" \/>\n<meta property=\"og:title\" content=\"Superwave - Oblure\" \/>\n<meta property=\"og:description\" content=\"\u201cSuper High Comfort\u201d, n\u00e5r nya h\u00f6jder med v\u00e5ra unika v\u00e5gformade lameller med flerriktad bl\u00e4ndning kontroll. Armaturen representerar arkitektonisk innovation, en subtil skulptur av f\u00e4rg, form och ljus. Dess eleganta estetik sm\u00e4lter s\u00f6ml\u00f6st in i alla milj\u00f6er samtidigt som den ger en elegant touch. Chassit och ljusmotorn kan enkelt separeras f\u00f6r enkel installation, underh\u00e5ll och l\u00e5ngsiktig h\u00e5llbarhet. Dessutom kan f\u00e4rgen anpassas utan kvantitativa krav.\" \/>\n<meta property=\"og:url\" content=\"https:\/\/oblure.com\/sv\/produkt\/superwave-professional\/\" \/>\n<meta property=\"og:site_name\" content=\"Oblure\" \/>\n<meta property=\"article:modified_time\" content=\"2025-06-17T19:04:12+00:00\" \/>\n<meta property=\"og:image\" content=\"https:\/\/oblure.com\/wp-content\/uploads\/2024\/09\/superwave_product_image_professional_1.png\" \/>\n\t<meta property=\"og:image:width\" content=\"1920\" \/>\n\t<meta property=\"og:image:height\" content=\"1920\" \/>\n\t<meta property=\"og:image:type\" content=\"image\/png\" \/>\n<meta name=\"twitter:card\" content=\"summary_large_image\" \/>\n<meta name=\"twitter:label1\" content=\"Ber\u00e4knad l\u00e4stid\" \/>\n\t<meta name=\"twitter:data1\" content=\"1 minut\" \/>\n<script type=\"application\/ld+json\" class=\"yoast-schema-graph\">{\"@context\":\"https:\\\/\\\/schema.org\",\"@graph\":[{\"@type\":\"WebPage\",\"@id\":\"https:\\\/\\\/oblure.com\\\/sv\\\/produkt\\\/superwave-professional\\\/\",\"url\":\"https:\\\/\\\/oblure.com\\\/sv\\\/produkt\\\/superwave-professional\\\/\",\"name\":\"Superwave - Oblure\",\"isPartOf\":{\"@id\":\"https:\\\/\\\/oblure.com\\\/sv\\\/#website\"},\"primaryImageOfPage\":{\"@id\":\"https:\\\/\\\/oblure.com\\\/sv\\\/produkt\\\/superwave-professional\\\/#primaryimage\"},\"image\":{\"@id\":\"https:\\\/\\\/oblure.com\\\/sv\\\/produkt\\\/superwave-professional\\\/#primaryimage\"},\"thumbnailUrl\":\"https:\\\/\\\/oblure.com\\\/wp-content\\\/uploads\\\/2024\\\/09\\\/superwave_product_image_professional_1.png\",\"datePublished\":\"2024-09-15T17:03:40+00:00\",\"dateModified\":\"2025-06-17T19:04:12+00:00\",\"breadcrumb\":{\"@id\":\"https:\\\/\\\/oblure.com\\\/sv\\\/produkt\\\/superwave-professional\\\/#breadcrumb\"},\"inLanguage\":\"sv-SE\",\"potentialAction\":[{\"@type\":\"ReadAction\",\"target\":[\"https:\\\/\\\/oblure.com\\\/sv\\\/produkt\\\/superwave-professional\\\/\"]}]},{\"@type\":\"ImageObject\",\"inLanguage\":\"sv-SE\",\"@id\":\"https:\\\/\\\/oblure.com\\\/sv\\\/produkt\\\/superwave-professional\\\/#primaryimage\",\"url\":\"https:\\\/\\\/oblure.com\\\/wp-content\\\/uploads\\\/2024\\\/09\\\/superwave_product_image_professional_1.png\",\"contentUrl\":\"https:\\\/\\\/oblure.com\\\/wp-content\\\/uploads\\\/2024\\\/09\\\/superwave_product_image_professional_1.png\",\"width\":1920,\"height\":1920},{\"@type\":\"BreadcrumbList\",\"@id\":\"https:\\\/\\\/oblure.com\\\/sv\\\/produkt\\\/superwave-professional\\\/#breadcrumb\",\"itemListElement\":[{\"@type\":\"ListItem\",\"position\":1,\"name\":\"Alla produkter\",\"item\":\"https:\\\/\\\/oblure.com\\\/sv\\\/kollektion\\\/\"},{\"@type\":\"ListItem\",\"position\":2,\"name\":\"Oblures kollektion\",\"item\":\"https:\\\/\\\/oblure.com\\\/sv\\\/kollektion\\\/\"},{\"@type\":\"ListItem\",\"position\":3,\"name\":\"Superwave\"}]},{\"@type\":\"WebSite\",\"@id\":\"https:\\\/\\\/oblure.com\\\/sv\\\/#website\",\"url\":\"https:\\\/\\\/oblure.com\\\/sv\\\/\",\"name\":\"Oblure - Alluring lightning\",\"description\":\"Alluring lightning\",\"publisher\":{\"@id\":\"https:\\\/\\\/oblure.com\\\/sv\\\/#organization\"},\"potentialAction\":[{\"@type\":\"SearchAction\",\"target\":{\"@type\":\"EntryPoint\",\"urlTemplate\":\"https:\\\/\\\/oblure.com\\\/sv\\\/?s={search_term_string}\"},\"query-input\":{\"@type\":\"PropertyValueSpecification\",\"valueRequired\":true,\"valueName\":\"search_term_string\"}}],\"inLanguage\":\"sv-SE\"},{\"@type\":\"Organization\",\"@id\":\"https:\\\/\\\/oblure.com\\\/sv\\\/#organization\",\"name\":\"Oblure\",\"url\":\"https:\\\/\\\/oblure.com\\\/sv\\\/\",\"logo\":{\"@type\":\"ImageObject\",\"inLanguage\":\"sv-SE\",\"@id\":\"https:\\\/\\\/oblure.com\\\/sv\\\/#\\\/schema\\\/logo\\\/image\\\/\",\"url\":\"https:\\\/\\\/oblure.com\\\/wp-content\\\/uploads\\\/2023\\\/05\\\/logo_oblure_SWEDEN-1.svg\",\"contentUrl\":\"https:\\\/\\\/oblure.com\\\/wp-content\\\/uploads\\\/2023\\\/05\\\/logo_oblure_SWEDEN-1.svg\",\"width\":841,\"height\":595,\"caption\":\"Oblure\"},\"image\":{\"@id\":\"https:\\\/\\\/oblure.com\\\/sv\\\/#\\\/schema\\\/logo\\\/image\\\/\"}}]}<\/script>\n<!-- \/ Yoast SEO plugin. -->","yoast_head_json":{"title":"Superwave - Oblure","robots":{"index":"noindex","follow":"nofollow"},"og_locale":"sv_SE","og_type":"article","og_title":"Superwave - Oblure","og_description":"\u201cSuper High Comfort\u201d, n\u00e5r nya h\u00f6jder med v\u00e5ra unika v\u00e5gformade lameller med flerriktad bl\u00e4ndning kontroll. Armaturen representerar arkitektonisk innovation, en subtil skulptur av f\u00e4rg, form och ljus. Dess eleganta estetik sm\u00e4lter s\u00f6ml\u00f6st in i alla milj\u00f6er samtidigt som den ger en elegant touch. Chassit och ljusmotorn kan enkelt separeras f\u00f6r enkel installation, underh\u00e5ll och l\u00e5ngsiktig h\u00e5llbarhet. Dessutom kan f\u00e4rgen anpassas utan kvantitativa krav.","og_url":"https:\/\/oblure.com\/sv\/produkt\/superwave-professional\/","og_site_name":"Oblure","article_modified_time":"2025-06-17T19:04:12+00:00","og_image":[{"width":1920,"height":1920,"url":"https:\/\/oblure.com\/wp-content\/uploads\/2024\/09\/superwave_product_image_professional_1.png","type":"image\/png"}],"twitter_card":"summary_large_image","twitter_misc":{"Ber\u00e4knad l\u00e4stid":"1 minut"},"schema":{"@context":"https:\/\/schema.org","@graph":[{"@type":"WebPage","@id":"https:\/\/oblure.com\/sv\/produkt\/superwave-professional\/","url":"https:\/\/oblure.com\/sv\/produkt\/superwave-professional\/","name":"Superwave - Oblure","isPartOf":{"@id":"https:\/\/oblure.com\/sv\/#website"},"primaryImageOfPage":{"@id":"https:\/\/oblure.com\/sv\/produkt\/superwave-professional\/#primaryimage"},"image":{"@id":"https:\/\/oblure.com\/sv\/produkt\/superwave-professional\/#primaryimage"},"thumbnailUrl":"https:\/\/oblure.com\/wp-content\/uploads\/2024\/09\/superwave_product_image_professional_1.png","datePublished":"2024-09-15T17:03:40+00:00","dateModified":"2025-06-17T19:04:12+00:00","breadcrumb":{"@id":"https:\/\/oblure.com\/sv\/produkt\/superwave-professional\/#breadcrumb"},"inLanguage":"sv-SE","potentialAction":[{"@type":"ReadAction","target":["https:\/\/oblure.com\/sv\/produkt\/superwave-professional\/"]}]},{"@type":"ImageObject","inLanguage":"sv-SE","@id":"https:\/\/oblure.com\/sv\/produkt\/superwave-professional\/#primaryimage","url":"https:\/\/oblure.com\/wp-content\/uploads\/2024\/09\/superwave_product_image_professional_1.png","contentUrl":"https:\/\/oblure.com\/wp-content\/uploads\/2024\/09\/superwave_product_image_professional_1.png","width":1920,"height":1920},{"@type":"BreadcrumbList","@id":"https:\/\/oblure.com\/sv\/produkt\/superwave-professional\/#breadcrumb","itemListElement":[{"@type":"ListItem","position":1,"name":"Alla produkter","item":"https:\/\/oblure.com\/sv\/kollektion\/"},{"@type":"ListItem","position":2,"name":"Oblures kollektion","item":"https:\/\/oblure.com\/sv\/kollektion\/"},{"@type":"ListItem","position":3,"name":"Superwave"}]},{"@type":"WebSite","@id":"https:\/\/oblure.com\/sv\/#website","url":"https:\/\/oblure.com\/sv\/","name":"Oblure - Alluring lightning","description":"Alluring lightning","publisher":{"@id":"https:\/\/oblure.com\/sv\/#organization"},"potentialAction":[{"@type":"SearchAction","target":{"@type":"EntryPoint","urlTemplate":"https:\/\/oblure.com\/sv\/?s={search_term_string}"},"query-input":{"@type":"PropertyValueSpecification","valueRequired":true,"valueName":"search_term_string"}}],"inLanguage":"sv-SE"},{"@type":"Organization","@id":"https:\/\/oblure.com\/sv\/#organization","name":"Oblure","url":"https:\/\/oblure.com\/sv\/","logo":{"@type":"ImageObject","inLanguage":"sv-SE","@id":"https:\/\/oblure.com\/sv\/#\/schema\/logo\/image\/","url":"https:\/\/oblure.com\/wp-content\/uploads\/2023\/05\/logo_oblure_SWEDEN-1.svg","contentUrl":"https:\/\/oblure.com\/wp-content\/uploads\/2023\/05\/logo_oblure_SWEDEN-1.svg","width":841,"height":595,"caption":"Oblure"},"image":{"@id":"https:\/\/oblure.com\/sv\/#\/schema\/logo\/image\/"}}]}},"_links":{"self":[{"href":"https:\/\/oblure.com\/sv\/wp-json\/wp\/v2\/product\/20499","targetHints":{"allow":["GET"]}}],"collection":[{"href":"https:\/\/oblure.com\/sv\/wp-json\/wp\/v2\/product"}],"about":[{"href":"https:\/\/oblure.com\/sv\/wp-json\/wp\/v2\/types\/product"}],"version-history":[{"count":2,"href":"https:\/\/oblure.com\/sv\/wp-json\/wp\/v2\/product\/20499\/revisions"}],"predecessor-version":[{"id":21994,"href":"https:\/\/oblure.com\/sv\/wp-json\/wp\/v2\/product\/20499\/revisions\/21994"}],"wp:featuredmedia":[{"embeddable":true,"href":"https:\/\/oblure.com\/sv\/wp-json\/wp\/v2\/media\/19909"}],"wp:attachment":[{"href":"https:\/\/oblure.com\/sv\/wp-json\/wp\/v2\/media?parent=20499"}],"wp:term":[{"taxonomy":"product_brand","embeddable":true,"href":"https:\/\/oblure.com\/sv\/wp-json\/wp\/v2\/product_brand?post=20499"},{"taxonomy":"product_cat","embeddable":true,"href":"https:\/\/oblure.com\/sv\/wp-json\/wp\/v2\/product_cat?post=20499"},{"taxonomy":"product_tag","embeddable":true,"href":"https:\/\/oblure.com\/sv\/wp-json\/wp\/v2\/product_tag?post=20499"}],"curies":[{"name":"wp","href":"https:\/\/api.w.org\/{rel}","templated":true}]}}