{"id":20516,"date":"2024-05-01T11:39:29","date_gmt":"2024-05-01T09:39:29","guid":{"rendered":"https:\/\/oblure.com\/product\/mondo-triplette-2\/"},"modified":"2025-06-10T10:15:07","modified_gmt":"2025-06-10T08:15:07","slug":"mondo-triplette-professional","status":"publish","type":"product","link":"https:\/\/oblure.com\/sv\/produkt\/mondo-triplette-professional\/","title":{"rendered":"Mondo Triplette"},"content":{"rendered":"<p>Mondo Triplette \u00e4r en konfiguration av tre Mondo pendel och en taksk\u00e4rm. Lampan har en klassisk sj\u00e4l men samtida ambitioner.  Den kombinerar en fysisk bild av en planet med ett abstrakt originalitetsbegrepp som programmeras av betraktaren. M\u00f6jligheten att interagera med lampan erbjuder anv\u00e4ndaren en o\u00e4ndlig dialog.<\/p>\n<p>De \u00f6verlappande m\u00f6nstren kontrollerar den lysande effekten genom r\u00f6relsen hos de metalliska nyanserna. Antonio Facco har skapat en sofistikerad lampa som bjuder in anv\u00e4ndaren att bli en meddesigner.<\/p>\n","protected":false},"excerpt":{"rendered":"<p>Mondo Triplette \u00e4r en konfiguration av tre Mondo pendel och en taksk\u00e4rm. Lampan har en klassisk sj\u00e4l men samtida ambitioner.  Den kombinerar en fysisk bild av en planet med ett abstrakt originalitetsbegrepp som programmeras av betraktaren. M\u00f6jligheten att interagera med lampan erbjuder anv\u00e4ndaren en o\u00e4ndlig dialog.<\/p>\n<p>De \u00f6verlappande m\u00f6nstren kontrollerar den lysande effekten genom r\u00f6relsen hos de metalliska nyanserna. Antonio Facco har skapat en sofistikerad lampa som bjuder in anv\u00e4ndaren att bli en meddesigner.<\/p>\n","protected":false},"featured_media":19892,"template":"","meta":{"_acf_changed":false},"product_brand":[],"product_cat":[173],"product_tag":[180],"class_list":{"0":"post-20516","1":"product","2":"type-product","3":"status-publish","4":"has-post-thumbnail","6":"product_cat-okategoriserad","7":"product_tag-professionell","8":"pa_color-miljo","9":"pa_color-black-sv","10":"tm-no-options","12":"first","13":"instock","14":"taxable","15":"shipping-taxable","16":"purchasable","17":"product-type-variable","18":"has-default-attributes"},"acf":[],"yoast_head":"<!-- This site is optimized with the Yoast SEO plugin v27.3 - https:\/\/yoast.com\/product\/yoast-seo-wordpress\/ -->\n<title>Mondo Triplette - Oblure<\/title>\n<meta name=\"robots\" content=\"noindex, nofollow\" \/>\n<meta property=\"og:locale\" content=\"sv_SE\" \/>\n<meta property=\"og:type\" content=\"article\" \/>\n<meta property=\"og:title\" content=\"Mondo Triplette - Oblure\" \/>\n<meta property=\"og:description\" content=\"Mondo Triplette \u00e4r en konfiguration av tre Mondo pendel och en taksk\u00e4rm. Lampan har en klassisk sj\u00e4l men samtida ambitioner. Den kombinerar en fysisk bild av en planet med ett abstrakt originalitetsbegrepp som programmeras av betraktaren. M\u00f6jligheten att interagera med lampan erbjuder anv\u00e4ndaren en o\u00e4ndlig dialog.  De \u00f6verlappande m\u00f6nstren kontrollerar den lysande effekten genom r\u00f6relsen hos de metalliska nyanserna. Antonio Facco har skapat en sofistikerad lampa som bjuder in anv\u00e4ndaren att bli en meddesigner.\" \/>\n<meta property=\"og:url\" content=\"https:\/\/oblure.com\/sv\/produkt\/mondo-triplette-professional\/\" \/>\n<meta property=\"og:site_name\" content=\"Oblure\" \/>\n<meta property=\"article:modified_time\" content=\"2025-06-10T08:15:07+00:00\" \/>\n<meta property=\"og:image\" content=\"https:\/\/oblure.com\/wp-content\/uploads\/2024\/09\/mondo_triplette_professional.png\" \/>\n\t<meta property=\"og:image:width\" content=\"1920\" \/>\n\t<meta property=\"og:image:height\" content=\"1920\" \/>\n\t<meta property=\"og:image:type\" content=\"image\/png\" \/>\n<meta name=\"twitter:card\" content=\"summary_large_image\" \/>\n<meta name=\"twitter:label1\" content=\"Ber\u00e4knad l\u00e4stid\" \/>\n\t<meta name=\"twitter:data1\" content=\"1 minut\" \/>\n<script type=\"application\/ld+json\" class=\"yoast-schema-graph\">{\"@context\":\"https:\\\/\\\/schema.org\",\"@graph\":[{\"@type\":\"WebPage\",\"@id\":\"https:\\\/\\\/oblure.com\\\/sv\\\/produkt\\\/mondo-triplette-professional\\\/\",\"url\":\"https:\\\/\\\/oblure.com\\\/sv\\\/produkt\\\/mondo-triplette-professional\\\/\",\"name\":\"Mondo Triplette - Oblure\",\"isPartOf\":{\"@id\":\"https:\\\/\\\/oblure.com\\\/sv\\\/#website\"},\"primaryImageOfPage\":{\"@id\":\"https:\\\/\\\/oblure.com\\\/sv\\\/produkt\\\/mondo-triplette-professional\\\/#primaryimage\"},\"image\":{\"@id\":\"https:\\\/\\\/oblure.com\\\/sv\\\/produkt\\\/mondo-triplette-professional\\\/#primaryimage\"},\"thumbnailUrl\":\"https:\\\/\\\/oblure.com\\\/wp-content\\\/uploads\\\/2024\\\/09\\\/mondo_triplette_professional.png\",\"datePublished\":\"2024-05-01T09:39:29+00:00\",\"dateModified\":\"2025-06-10T08:15:07+00:00\",\"breadcrumb\":{\"@id\":\"https:\\\/\\\/oblure.com\\\/sv\\\/produkt\\\/mondo-triplette-professional\\\/#breadcrumb\"},\"inLanguage\":\"sv-SE\",\"potentialAction\":[{\"@type\":\"ReadAction\",\"target\":[\"https:\\\/\\\/oblure.com\\\/sv\\\/produkt\\\/mondo-triplette-professional\\\/\"]}]},{\"@type\":\"ImageObject\",\"inLanguage\":\"sv-SE\",\"@id\":\"https:\\\/\\\/oblure.com\\\/sv\\\/produkt\\\/mondo-triplette-professional\\\/#primaryimage\",\"url\":\"https:\\\/\\\/oblure.com\\\/wp-content\\\/uploads\\\/2024\\\/09\\\/mondo_triplette_professional.png\",\"contentUrl\":\"https:\\\/\\\/oblure.com\\\/wp-content\\\/uploads\\\/2024\\\/09\\\/mondo_triplette_professional.png\",\"width\":1920,\"height\":1920},{\"@type\":\"BreadcrumbList\",\"@id\":\"https:\\\/\\\/oblure.com\\\/sv\\\/produkt\\\/mondo-triplette-professional\\\/#breadcrumb\",\"itemListElement\":[{\"@type\":\"ListItem\",\"position\":1,\"name\":\"Alla produkter\",\"item\":\"https:\\\/\\\/oblure.com\\\/sv\\\/kollektion\\\/\"},{\"@type\":\"ListItem\",\"position\":2,\"name\":\"Oblures kollektion\",\"item\":\"https:\\\/\\\/oblure.com\\\/sv\\\/kollektion\\\/\"},{\"@type\":\"ListItem\",\"position\":3,\"name\":\"Mondo Triplette\"}]},{\"@type\":\"WebSite\",\"@id\":\"https:\\\/\\\/oblure.com\\\/sv\\\/#website\",\"url\":\"https:\\\/\\\/oblure.com\\\/sv\\\/\",\"name\":\"Oblure - Alluring lightning\",\"description\":\"Alluring lightning\",\"publisher\":{\"@id\":\"https:\\\/\\\/oblure.com\\\/sv\\\/#organization\"},\"potentialAction\":[{\"@type\":\"SearchAction\",\"target\":{\"@type\":\"EntryPoint\",\"urlTemplate\":\"https:\\\/\\\/oblure.com\\\/sv\\\/?s={search_term_string}\"},\"query-input\":{\"@type\":\"PropertyValueSpecification\",\"valueRequired\":true,\"valueName\":\"search_term_string\"}}],\"inLanguage\":\"sv-SE\"},{\"@type\":\"Organization\",\"@id\":\"https:\\\/\\\/oblure.com\\\/sv\\\/#organization\",\"name\":\"Oblure\",\"url\":\"https:\\\/\\\/oblure.com\\\/sv\\\/\",\"logo\":{\"@type\":\"ImageObject\",\"inLanguage\":\"sv-SE\",\"@id\":\"https:\\\/\\\/oblure.com\\\/sv\\\/#\\\/schema\\\/logo\\\/image\\\/\",\"url\":\"https:\\\/\\\/oblure.com\\\/wp-content\\\/uploads\\\/2023\\\/05\\\/logo_oblure_SWEDEN-1.svg\",\"contentUrl\":\"https:\\\/\\\/oblure.com\\\/wp-content\\\/uploads\\\/2023\\\/05\\\/logo_oblure_SWEDEN-1.svg\",\"width\":841,\"height\":595,\"caption\":\"Oblure\"},\"image\":{\"@id\":\"https:\\\/\\\/oblure.com\\\/sv\\\/#\\\/schema\\\/logo\\\/image\\\/\"}}]}<\/script>\n<!-- \/ Yoast SEO plugin. -->","yoast_head_json":{"title":"Mondo Triplette - Oblure","robots":{"index":"noindex","follow":"nofollow"},"og_locale":"sv_SE","og_type":"article","og_title":"Mondo Triplette - Oblure","og_description":"Mondo Triplette \u00e4r en konfiguration av tre Mondo pendel och en taksk\u00e4rm. Lampan har en klassisk sj\u00e4l men samtida ambitioner. Den kombinerar en fysisk bild av en planet med ett abstrakt originalitetsbegrepp som programmeras av betraktaren. M\u00f6jligheten att interagera med lampan erbjuder anv\u00e4ndaren en o\u00e4ndlig dialog.  De \u00f6verlappande m\u00f6nstren kontrollerar den lysande effekten genom r\u00f6relsen hos de metalliska nyanserna. Antonio Facco har skapat en sofistikerad lampa som bjuder in anv\u00e4ndaren att bli en meddesigner.","og_url":"https:\/\/oblure.com\/sv\/produkt\/mondo-triplette-professional\/","og_site_name":"Oblure","article_modified_time":"2025-06-10T08:15:07+00:00","og_image":[{"width":1920,"height":1920,"url":"https:\/\/oblure.com\/wp-content\/uploads\/2024\/09\/mondo_triplette_professional.png","type":"image\/png"}],"twitter_card":"summary_large_image","twitter_misc":{"Ber\u00e4knad l\u00e4stid":"1 minut"},"schema":{"@context":"https:\/\/schema.org","@graph":[{"@type":"WebPage","@id":"https:\/\/oblure.com\/sv\/produkt\/mondo-triplette-professional\/","url":"https:\/\/oblure.com\/sv\/produkt\/mondo-triplette-professional\/","name":"Mondo Triplette - Oblure","isPartOf":{"@id":"https:\/\/oblure.com\/sv\/#website"},"primaryImageOfPage":{"@id":"https:\/\/oblure.com\/sv\/produkt\/mondo-triplette-professional\/#primaryimage"},"image":{"@id":"https:\/\/oblure.com\/sv\/produkt\/mondo-triplette-professional\/#primaryimage"},"thumbnailUrl":"https:\/\/oblure.com\/wp-content\/uploads\/2024\/09\/mondo_triplette_professional.png","datePublished":"2024-05-01T09:39:29+00:00","dateModified":"2025-06-10T08:15:07+00:00","breadcrumb":{"@id":"https:\/\/oblure.com\/sv\/produkt\/mondo-triplette-professional\/#breadcrumb"},"inLanguage":"sv-SE","potentialAction":[{"@type":"ReadAction","target":["https:\/\/oblure.com\/sv\/produkt\/mondo-triplette-professional\/"]}]},{"@type":"ImageObject","inLanguage":"sv-SE","@id":"https:\/\/oblure.com\/sv\/produkt\/mondo-triplette-professional\/#primaryimage","url":"https:\/\/oblure.com\/wp-content\/uploads\/2024\/09\/mondo_triplette_professional.png","contentUrl":"https:\/\/oblure.com\/wp-content\/uploads\/2024\/09\/mondo_triplette_professional.png","width":1920,"height":1920},{"@type":"BreadcrumbList","@id":"https:\/\/oblure.com\/sv\/produkt\/mondo-triplette-professional\/#breadcrumb","itemListElement":[{"@type":"ListItem","position":1,"name":"Alla produkter","item":"https:\/\/oblure.com\/sv\/kollektion\/"},{"@type":"ListItem","position":2,"name":"Oblures kollektion","item":"https:\/\/oblure.com\/sv\/kollektion\/"},{"@type":"ListItem","position":3,"name":"Mondo Triplette"}]},{"@type":"WebSite","@id":"https:\/\/oblure.com\/sv\/#website","url":"https:\/\/oblure.com\/sv\/","name":"Oblure - Alluring lightning","description":"Alluring lightning","publisher":{"@id":"https:\/\/oblure.com\/sv\/#organization"},"potentialAction":[{"@type":"SearchAction","target":{"@type":"EntryPoint","urlTemplate":"https:\/\/oblure.com\/sv\/?s={search_term_string}"},"query-input":{"@type":"PropertyValueSpecification","valueRequired":true,"valueName":"search_term_string"}}],"inLanguage":"sv-SE"},{"@type":"Organization","@id":"https:\/\/oblure.com\/sv\/#organization","name":"Oblure","url":"https:\/\/oblure.com\/sv\/","logo":{"@type":"ImageObject","inLanguage":"sv-SE","@id":"https:\/\/oblure.com\/sv\/#\/schema\/logo\/image\/","url":"https:\/\/oblure.com\/wp-content\/uploads\/2023\/05\/logo_oblure_SWEDEN-1.svg","contentUrl":"https:\/\/oblure.com\/wp-content\/uploads\/2023\/05\/logo_oblure_SWEDEN-1.svg","width":841,"height":595,"caption":"Oblure"},"image":{"@id":"https:\/\/oblure.com\/sv\/#\/schema\/logo\/image\/"}}]}},"_links":{"self":[{"href":"https:\/\/oblure.com\/sv\/wp-json\/wp\/v2\/product\/20516","targetHints":{"allow":["GET"]}}],"collection":[{"href":"https:\/\/oblure.com\/sv\/wp-json\/wp\/v2\/product"}],"about":[{"href":"https:\/\/oblure.com\/sv\/wp-json\/wp\/v2\/types\/product"}],"version-history":[{"count":1,"href":"https:\/\/oblure.com\/sv\/wp-json\/wp\/v2\/product\/20516\/revisions"}],"predecessor-version":[{"id":21935,"href":"https:\/\/oblure.com\/sv\/wp-json\/wp\/v2\/product\/20516\/revisions\/21935"}],"wp:featuredmedia":[{"embeddable":true,"href":"https:\/\/oblure.com\/sv\/wp-json\/wp\/v2\/media\/19892"}],"wp:attachment":[{"href":"https:\/\/oblure.com\/sv\/wp-json\/wp\/v2\/media?parent=20516"}],"wp:term":[{"taxonomy":"product_brand","embeddable":true,"href":"https:\/\/oblure.com\/sv\/wp-json\/wp\/v2\/product_brand?post=20516"},{"taxonomy":"product_cat","embeddable":true,"href":"https:\/\/oblure.com\/sv\/wp-json\/wp\/v2\/product_cat?post=20516"},{"taxonomy":"product_tag","embeddable":true,"href":"https:\/\/oblure.com\/sv\/wp-json\/wp\/v2\/product_tag?post=20516"}],"curies":[{"name":"wp","href":"https:\/\/api.w.org\/{rel}","templated":true}]}}