{"id":20519,"date":"2024-09-11T08:46:57","date_gmt":"2024-09-11T06:46:57","guid":{"rendered":"https:\/\/oblure.com\/product\/blockkedja-23-2\/"},"modified":"2025-06-05T20:58:23","modified_gmt":"2025-06-05T18:58:23","slug":"blockchain-23-professional","status":"publish","type":"product","link":"https:\/\/oblure.com\/sv\/produkt\/blockchain-23-professional\/","title":{"rendered":"Blockchain 23"},"content":{"rendered":"<p>Blockchain-systemet best\u00e5r av extruderade aluminiumkuber som f\u00e4sts ihop till synes slumpm\u00e4ssigt. En enda kub som f\u00e4rdas genom tid och rum och skapar en sekvens av positioner f\u00f6r betraktaren. Men det finns ordning i kaoset, en millimeterprecision f\u00f6r att skapa denna perfekta silhuett. Varannan kub \u00e4r upplyst med en specialtillverkad LED-panel som \u00e4r utformad och riktad f\u00f6r att sprida en j\u00e4mn ljusf\u00f6rdelning p\u00e5 det som finns nedanf\u00f6r. Kuberna bildar en abstrakt silhuett i vinklar som till synes sv\u00e4var i luften.<\/p>\n<p>Blockchain-systemet finns i olika l\u00e4ngder, fr\u00e5n 1200 mm upp till 3000 mm forts\u00e4tter linjen, eller ditt eget kreativa s\u00e4tt att vinkla.<\/p>\n<p>Konstruerad och handgjord i Sverige, lokalt i Storg\u00f6teborg, p\u00e5 den svenska v\u00e4stkusten.<\/p>\n","protected":false},"excerpt":{"rendered":"<p>Blockchain-systemet best\u00e5r av extruderade aluminiumkuber som f\u00e4sts ihop till synes slumpm\u00e4ssigt. En enda kub som f\u00e4rdas genom tid och rum och skapar en sekvens av positioner f\u00f6r betraktaren. Men det finns ordning i kaoset, en millimeterprecision f\u00f6r att skapa denna perfekta silhuett. Varannan kub \u00e4r upplyst med en specialtillverkad LED-panel som \u00e4r utformad och riktad f\u00f6r att sprida en j\u00e4mn ljusf\u00f6rdelning p\u00e5 det som finns nedanf\u00f6r. Kuberna bildar en abstrakt silhuett i vinklar som till synes sv\u00e4var i luften.<\/p>\n<p>Blockchain-systemet finns i olika l\u00e4ngder, fr\u00e5n 1200 mm upp till 3000 mm forts\u00e4tter linjen, eller ditt eget kreativa s\u00e4tt att vinkla.<\/p>\n<p>Konstruerad och handgjord i Sverige, lokalt i Storg\u00f6teborg, p\u00e5 den svenska v\u00e4stkusten.<\/p>\n","protected":false},"featured_media":21696,"template":"","meta":{"_acf_changed":false},"product_brand":[],"product_cat":[173],"product_tag":[180],"class_list":{"0":"post-20519","1":"product","2":"type-product","3":"status-publish","4":"has-post-thumbnail","6":"product_cat-okategoriserad","7":"product_tag-professionell","8":"pa_color-aluminium-sv","9":"pa_color-miljo","10":"pa_color-black-sv","11":"pa_color-white-sv","12":"tm-no-options","14":"first","15":"instock","16":"taxable","17":"shipping-taxable","18":"purchasable","19":"product-type-variable","20":"has-default-attributes"},"acf":[],"yoast_head":"<!-- This site is optimized with the Yoast SEO plugin v27.3 - https:\/\/yoast.com\/product\/yoast-seo-wordpress\/ -->\n<title>Blockchain 23 - Oblure<\/title>\n<meta name=\"robots\" content=\"noindex, nofollow\" \/>\n<meta property=\"og:locale\" content=\"sv_SE\" \/>\n<meta property=\"og:type\" content=\"article\" \/>\n<meta property=\"og:title\" content=\"Blockchain 23 - Oblure\" \/>\n<meta property=\"og:description\" content=\"Blockchain-systemet best\u00e5r av extruderade aluminiumkuber som f\u00e4sts ihop till synes slumpm\u00e4ssigt. En enda kub som f\u00e4rdas genom tid och rum och skapar en sekvens av positioner f\u00f6r betraktaren. Men det finns ordning i kaoset, en millimeterprecision f\u00f6r att skapa denna perfekta silhuett. Varannan kub \u00e4r upplyst med en specialtillverkad LED-panel som \u00e4r utformad och riktad f\u00f6r att sprida en j\u00e4mn ljusf\u00f6rdelning p\u00e5 det som finns nedanf\u00f6r. Kuberna bildar en abstrakt silhuett i vinklar som till synes sv\u00e4var i luften.  Blockchain-systemet finns i olika l\u00e4ngder, fr\u00e5n 1200 mm upp till 3000 mm forts\u00e4tter linjen, eller ditt eget kreativa s\u00e4tt att vinkla.  Konstruerad och handgjord i Sverige, lokalt i Storg\u00f6teborg, p\u00e5 den svenska v\u00e4stkusten.\" \/>\n<meta property=\"og:url\" content=\"https:\/\/oblure.com\/sv\/produkt\/blockchain-23-professional\/\" \/>\n<meta property=\"og:site_name\" content=\"Oblure\" \/>\n<meta property=\"article:modified_time\" content=\"2025-06-05T18:58:23+00:00\" \/>\n<meta property=\"og:image\" content=\"https:\/\/oblure.com\/wp-content\/uploads\/2025\/04\/blockchain-23-black.png\" \/>\n\t<meta property=\"og:image:width\" content=\"1920\" \/>\n\t<meta property=\"og:image:height\" content=\"1920\" \/>\n\t<meta property=\"og:image:type\" content=\"image\/png\" \/>\n<meta name=\"twitter:card\" content=\"summary_large_image\" \/>\n<meta name=\"twitter:label1\" content=\"Ber\u00e4knad l\u00e4stid\" \/>\n\t<meta name=\"twitter:data1\" content=\"1 minut\" \/>\n<script type=\"application\/ld+json\" class=\"yoast-schema-graph\">{\"@context\":\"https:\\\/\\\/schema.org\",\"@graph\":[{\"@type\":\"WebPage\",\"@id\":\"https:\\\/\\\/oblure.com\\\/sv\\\/produkt\\\/blockchain-23-professional\\\/\",\"url\":\"https:\\\/\\\/oblure.com\\\/sv\\\/produkt\\\/blockchain-23-professional\\\/\",\"name\":\"Blockchain 23 - Oblure\",\"isPartOf\":{\"@id\":\"https:\\\/\\\/oblure.com\\\/sv\\\/#website\"},\"primaryImageOfPage\":{\"@id\":\"https:\\\/\\\/oblure.com\\\/sv\\\/produkt\\\/blockchain-23-professional\\\/#primaryimage\"},\"image\":{\"@id\":\"https:\\\/\\\/oblure.com\\\/sv\\\/produkt\\\/blockchain-23-professional\\\/#primaryimage\"},\"thumbnailUrl\":\"https:\\\/\\\/oblure.com\\\/wp-content\\\/uploads\\\/2025\\\/04\\\/blockchain-23-black.png\",\"datePublished\":\"2024-09-11T06:46:57+00:00\",\"dateModified\":\"2025-06-05T18:58:23+00:00\",\"breadcrumb\":{\"@id\":\"https:\\\/\\\/oblure.com\\\/sv\\\/produkt\\\/blockchain-23-professional\\\/#breadcrumb\"},\"inLanguage\":\"sv-SE\",\"potentialAction\":[{\"@type\":\"ReadAction\",\"target\":[\"https:\\\/\\\/oblure.com\\\/sv\\\/produkt\\\/blockchain-23-professional\\\/\"]}]},{\"@type\":\"ImageObject\",\"inLanguage\":\"sv-SE\",\"@id\":\"https:\\\/\\\/oblure.com\\\/sv\\\/produkt\\\/blockchain-23-professional\\\/#primaryimage\",\"url\":\"https:\\\/\\\/oblure.com\\\/wp-content\\\/uploads\\\/2025\\\/04\\\/blockchain-23-black.png\",\"contentUrl\":\"https:\\\/\\\/oblure.com\\\/wp-content\\\/uploads\\\/2025\\\/04\\\/blockchain-23-black.png\",\"width\":1920,\"height\":1920,\"caption\":\"blockchain 23 black\"},{\"@type\":\"BreadcrumbList\",\"@id\":\"https:\\\/\\\/oblure.com\\\/sv\\\/produkt\\\/blockchain-23-professional\\\/#breadcrumb\",\"itemListElement\":[{\"@type\":\"ListItem\",\"position\":1,\"name\":\"Alla produkter\",\"item\":\"https:\\\/\\\/oblure.com\\\/sv\\\/kollektion\\\/\"},{\"@type\":\"ListItem\",\"position\":2,\"name\":\"Oblures kollektion\",\"item\":\"https:\\\/\\\/oblure.com\\\/sv\\\/kollektion\\\/\"},{\"@type\":\"ListItem\",\"position\":3,\"name\":\"Blockchain 23\"}]},{\"@type\":\"WebSite\",\"@id\":\"https:\\\/\\\/oblure.com\\\/sv\\\/#website\",\"url\":\"https:\\\/\\\/oblure.com\\\/sv\\\/\",\"name\":\"Oblure - Alluring lightning\",\"description\":\"Alluring lightning\",\"publisher\":{\"@id\":\"https:\\\/\\\/oblure.com\\\/sv\\\/#organization\"},\"potentialAction\":[{\"@type\":\"SearchAction\",\"target\":{\"@type\":\"EntryPoint\",\"urlTemplate\":\"https:\\\/\\\/oblure.com\\\/sv\\\/?s={search_term_string}\"},\"query-input\":{\"@type\":\"PropertyValueSpecification\",\"valueRequired\":true,\"valueName\":\"search_term_string\"}}],\"inLanguage\":\"sv-SE\"},{\"@type\":\"Organization\",\"@id\":\"https:\\\/\\\/oblure.com\\\/sv\\\/#organization\",\"name\":\"Oblure\",\"url\":\"https:\\\/\\\/oblure.com\\\/sv\\\/\",\"logo\":{\"@type\":\"ImageObject\",\"inLanguage\":\"sv-SE\",\"@id\":\"https:\\\/\\\/oblure.com\\\/sv\\\/#\\\/schema\\\/logo\\\/image\\\/\",\"url\":\"https:\\\/\\\/oblure.com\\\/wp-content\\\/uploads\\\/2023\\\/05\\\/logo_oblure_SWEDEN-1.svg\",\"contentUrl\":\"https:\\\/\\\/oblure.com\\\/wp-content\\\/uploads\\\/2023\\\/05\\\/logo_oblure_SWEDEN-1.svg\",\"width\":841,\"height\":595,\"caption\":\"Oblure\"},\"image\":{\"@id\":\"https:\\\/\\\/oblure.com\\\/sv\\\/#\\\/schema\\\/logo\\\/image\\\/\"}}]}<\/script>\n<!-- \/ Yoast SEO plugin. -->","yoast_head_json":{"title":"Blockchain 23 - Oblure","robots":{"index":"noindex","follow":"nofollow"},"og_locale":"sv_SE","og_type":"article","og_title":"Blockchain 23 - Oblure","og_description":"Blockchain-systemet best\u00e5r av extruderade aluminiumkuber som f\u00e4sts ihop till synes slumpm\u00e4ssigt. En enda kub som f\u00e4rdas genom tid och rum och skapar en sekvens av positioner f\u00f6r betraktaren. Men det finns ordning i kaoset, en millimeterprecision f\u00f6r att skapa denna perfekta silhuett. Varannan kub \u00e4r upplyst med en specialtillverkad LED-panel som \u00e4r utformad och riktad f\u00f6r att sprida en j\u00e4mn ljusf\u00f6rdelning p\u00e5 det som finns nedanf\u00f6r. Kuberna bildar en abstrakt silhuett i vinklar som till synes sv\u00e4var i luften.  Blockchain-systemet finns i olika l\u00e4ngder, fr\u00e5n 1200 mm upp till 3000 mm forts\u00e4tter linjen, eller ditt eget kreativa s\u00e4tt att vinkla.  Konstruerad och handgjord i Sverige, lokalt i Storg\u00f6teborg, p\u00e5 den svenska v\u00e4stkusten.","og_url":"https:\/\/oblure.com\/sv\/produkt\/blockchain-23-professional\/","og_site_name":"Oblure","article_modified_time":"2025-06-05T18:58:23+00:00","og_image":[{"width":1920,"height":1920,"url":"https:\/\/oblure.com\/wp-content\/uploads\/2025\/04\/blockchain-23-black.png","type":"image\/png"}],"twitter_card":"summary_large_image","twitter_misc":{"Ber\u00e4knad l\u00e4stid":"1 minut"},"schema":{"@context":"https:\/\/schema.org","@graph":[{"@type":"WebPage","@id":"https:\/\/oblure.com\/sv\/produkt\/blockchain-23-professional\/","url":"https:\/\/oblure.com\/sv\/produkt\/blockchain-23-professional\/","name":"Blockchain 23 - Oblure","isPartOf":{"@id":"https:\/\/oblure.com\/sv\/#website"},"primaryImageOfPage":{"@id":"https:\/\/oblure.com\/sv\/produkt\/blockchain-23-professional\/#primaryimage"},"image":{"@id":"https:\/\/oblure.com\/sv\/produkt\/blockchain-23-professional\/#primaryimage"},"thumbnailUrl":"https:\/\/oblure.com\/wp-content\/uploads\/2025\/04\/blockchain-23-black.png","datePublished":"2024-09-11T06:46:57+00:00","dateModified":"2025-06-05T18:58:23+00:00","breadcrumb":{"@id":"https:\/\/oblure.com\/sv\/produkt\/blockchain-23-professional\/#breadcrumb"},"inLanguage":"sv-SE","potentialAction":[{"@type":"ReadAction","target":["https:\/\/oblure.com\/sv\/produkt\/blockchain-23-professional\/"]}]},{"@type":"ImageObject","inLanguage":"sv-SE","@id":"https:\/\/oblure.com\/sv\/produkt\/blockchain-23-professional\/#primaryimage","url":"https:\/\/oblure.com\/wp-content\/uploads\/2025\/04\/blockchain-23-black.png","contentUrl":"https:\/\/oblure.com\/wp-content\/uploads\/2025\/04\/blockchain-23-black.png","width":1920,"height":1920,"caption":"blockchain 23 black"},{"@type":"BreadcrumbList","@id":"https:\/\/oblure.com\/sv\/produkt\/blockchain-23-professional\/#breadcrumb","itemListElement":[{"@type":"ListItem","position":1,"name":"Alla produkter","item":"https:\/\/oblure.com\/sv\/kollektion\/"},{"@type":"ListItem","position":2,"name":"Oblures kollektion","item":"https:\/\/oblure.com\/sv\/kollektion\/"},{"@type":"ListItem","position":3,"name":"Blockchain 23"}]},{"@type":"WebSite","@id":"https:\/\/oblure.com\/sv\/#website","url":"https:\/\/oblure.com\/sv\/","name":"Oblure - Alluring lightning","description":"Alluring lightning","publisher":{"@id":"https:\/\/oblure.com\/sv\/#organization"},"potentialAction":[{"@type":"SearchAction","target":{"@type":"EntryPoint","urlTemplate":"https:\/\/oblure.com\/sv\/?s={search_term_string}"},"query-input":{"@type":"PropertyValueSpecification","valueRequired":true,"valueName":"search_term_string"}}],"inLanguage":"sv-SE"},{"@type":"Organization","@id":"https:\/\/oblure.com\/sv\/#organization","name":"Oblure","url":"https:\/\/oblure.com\/sv\/","logo":{"@type":"ImageObject","inLanguage":"sv-SE","@id":"https:\/\/oblure.com\/sv\/#\/schema\/logo\/image\/","url":"https:\/\/oblure.com\/wp-content\/uploads\/2023\/05\/logo_oblure_SWEDEN-1.svg","contentUrl":"https:\/\/oblure.com\/wp-content\/uploads\/2023\/05\/logo_oblure_SWEDEN-1.svg","width":841,"height":595,"caption":"Oblure"},"image":{"@id":"https:\/\/oblure.com\/sv\/#\/schema\/logo\/image\/"}}]}},"_links":{"self":[{"href":"https:\/\/oblure.com\/sv\/wp-json\/wp\/v2\/product\/20519","targetHints":{"allow":["GET"]}}],"collection":[{"href":"https:\/\/oblure.com\/sv\/wp-json\/wp\/v2\/product"}],"about":[{"href":"https:\/\/oblure.com\/sv\/wp-json\/wp\/v2\/types\/product"}],"version-history":[{"count":2,"href":"https:\/\/oblure.com\/sv\/wp-json\/wp\/v2\/product\/20519\/revisions"}],"predecessor-version":[{"id":21893,"href":"https:\/\/oblure.com\/sv\/wp-json\/wp\/v2\/product\/20519\/revisions\/21893"}],"wp:featuredmedia":[{"embeddable":true,"href":"https:\/\/oblure.com\/sv\/wp-json\/wp\/v2\/media\/21696"}],"wp:attachment":[{"href":"https:\/\/oblure.com\/sv\/wp-json\/wp\/v2\/media?parent=20519"}],"wp:term":[{"taxonomy":"product_brand","embeddable":true,"href":"https:\/\/oblure.com\/sv\/wp-json\/wp\/v2\/product_brand?post=20519"},{"taxonomy":"product_cat","embeddable":true,"href":"https:\/\/oblure.com\/sv\/wp-json\/wp\/v2\/product_cat?post=20519"},{"taxonomy":"product_tag","embeddable":true,"href":"https:\/\/oblure.com\/sv\/wp-json\/wp\/v2\/product_tag?post=20519"}],"curies":[{"name":"wp","href":"https:\/\/api.w.org\/{rel}","templated":true}]}}