{"id":20537,"date":"2024-08-06T18:15:37","date_gmt":"2024-08-06T16:15:37","guid":{"rendered":"https:\/\/oblure.com\/product\/balance\/"},"modified":"2025-08-01T12:42:01","modified_gmt":"2025-08-01T10:42:01","slug":"balance-professional","status":"publish","type":"product","link":"https:\/\/oblure.com\/sv\/produkt\/balance-professional\/","title":{"rendered":"Balance"},"content":{"rendered":"<p>Balance \u00e4r en full\u00e4ndad manifestation av balans och harmoni. Formen v\u00e4cker nyfikenhet och ger en k\u00e4nsla av att lampan trotsar naturlagarna. Tv\u00e5 lysande glober, vars placering p\u00e5 sluttande st\u00e5lplattor skapar ett i\u00f6gonfallande visuellt samspel mellan form och funktion. Metallkloten p\u00e5 vardera sidan \u00e4r noggrant avv\u00e4gda f\u00f6r att ge perfekt motvikt \u00e5t lampans konstruktion, vilket f\u00f6rst\u00e4rker k\u00e4nslan av sp\u00e4nning och f\u00e5r \u00e5sk\u00e5daren att stanna upp.   <\/p>\n<p>Lampans yta \u00e4r behandlad med en exklusiv PVD-lack vilket f\u00f6rst\u00e4rker k\u00e4nslan av det precisionsarbete som ligger bakom varje detalj. Basen i m\u00e4ssing, inte bara f\u00f6rankrar designen med tyngd och stabilitet utan ger ocks\u00e5 ett sofistikerat och tidl\u00f6st uttryck. Balance \u00e4r en stils\u00e4ker och funktionell bordslampa som med sin starka identitet och unika form drar blickar till sig i vilket rum den \u00e4n placeras.  <\/p>\n","protected":false},"excerpt":{"rendered":"<p>Balance \u00e4r en full\u00e4ndad manifestation av balans och harmoni. Formen v\u00e4cker nyfikenhet och ger en k\u00e4nsla av att lampan trotsar naturlagarna. Tv\u00e5 lysande glober, vars placering p\u00e5 sluttande st\u00e5lplattor skapar ett i\u00f6gonfallande visuellt samspel mellan form och funktion. Metallkloten p\u00e5 vardera sidan \u00e4r noggrant avv\u00e4gda f\u00f6r att ge perfekt motvikt \u00e5t lampans konstruktion, vilket f\u00f6rst\u00e4rker k\u00e4nslan av sp\u00e4nning och f\u00e5r \u00e5sk\u00e5daren att stanna upp.   <\/p>\n<p>Lampans yta \u00e4r behandlad med en exklusiv PVD-lack vilket f\u00f6rst\u00e4rker k\u00e4nslan av det precisionsarbete som ligger bakom varje detalj. Basen i m\u00e4ssing, inte bara f\u00f6rankrar designen med tyngd och stabilitet utan ger ocks\u00e5 ett sofistikerat och tidl\u00f6st uttryck. Balance \u00e4r en stils\u00e4ker och funktionell bordslampa som med sin starka identitet och unika form drar blickar till sig i vilket rum den \u00e4n placeras.  <\/p>\n","protected":false},"featured_media":19880,"template":"","meta":{"_acf_changed":false},"product_brand":[],"product_cat":[173],"product_tag":[180],"class_list":{"0":"post-20537","1":"product","2":"type-product","3":"status-publish","4":"has-post-thumbnail","6":"product_cat-okategoriserad","7":"product_tag-professionell","8":"pa_color-miljo","9":"pa_color-black-sv","10":"pa_color-chrome-sv","11":"pa_color-brass-sv","12":"tm-no-options","14":"first","15":"instock","16":"taxable","17":"shipping-taxable","18":"purchasable","19":"product-type-variable","20":"has-default-attributes"},"acf":[],"yoast_head":"<!-- This site is optimized with the Yoast SEO plugin v27.3 - https:\/\/yoast.com\/product\/yoast-seo-wordpress\/ -->\n<title>Balance - Oblure<\/title>\n<meta name=\"robots\" content=\"noindex, nofollow\" \/>\n<meta property=\"og:locale\" content=\"sv_SE\" \/>\n<meta property=\"og:type\" content=\"article\" \/>\n<meta property=\"og:title\" content=\"Balance - Oblure\" \/>\n<meta property=\"og:description\" content=\"Balance \u00e4r en full\u00e4ndad manifestation av balans och harmoni. Formen v\u00e4cker nyfikenhet och ger en k\u00e4nsla av att lampan trotsar naturlagarna. Tv\u00e5 lysande glober, vars placering p\u00e5 sluttande st\u00e5lplattor skapar ett i\u00f6gonfallande visuellt samspel mellan form och funktion. Metallkloten p\u00e5 vardera sidan \u00e4r noggrant avv\u00e4gda f\u00f6r att ge perfekt motvikt \u00e5t lampans konstruktion, vilket f\u00f6rst\u00e4rker k\u00e4nslan av sp\u00e4nning och f\u00e5r \u00e5sk\u00e5daren att stanna upp.   Lampans yta \u00e4r behandlad med en exklusiv PVD-lack vilket f\u00f6rst\u00e4rker k\u00e4nslan av det precisionsarbete som ligger bakom varje detalj. Basen i m\u00e4ssing, inte bara f\u00f6rankrar designen med tyngd och stabilitet utan ger ocks\u00e5 ett sofistikerat och tidl\u00f6st uttryck. Balance \u00e4r en stils\u00e4ker och funktionell bordslampa som med sin starka identitet och unika form drar blickar till sig i vilket rum den \u00e4n placeras.\" \/>\n<meta property=\"og:url\" content=\"https:\/\/oblure.com\/sv\/produkt\/balance-professional\/\" \/>\n<meta property=\"og:site_name\" content=\"Oblure\" \/>\n<meta property=\"article:modified_time\" content=\"2025-08-01T10:42:01+00:00\" \/>\n<meta property=\"og:image\" content=\"https:\/\/oblure.com\/wp-content\/uploads\/2024\/08\/balance_professional-800x800.gif\" \/>\n\t<meta property=\"og:image:width\" content=\"800\" \/>\n\t<meta property=\"og:image:height\" content=\"800\" \/>\n\t<meta property=\"og:image:type\" content=\"image\/gif\" \/>\n<meta name=\"twitter:card\" content=\"summary_large_image\" \/>\n<meta name=\"twitter:label1\" content=\"Ber\u00e4knad l\u00e4stid\" \/>\n\t<meta name=\"twitter:data1\" content=\"1 minut\" \/>\n<script type=\"application\/ld+json\" class=\"yoast-schema-graph\">{\"@context\":\"https:\\\/\\\/schema.org\",\"@graph\":[{\"@type\":\"WebPage\",\"@id\":\"https:\\\/\\\/oblure.com\\\/sv\\\/produkt\\\/balance-professional\\\/\",\"url\":\"https:\\\/\\\/oblure.com\\\/sv\\\/produkt\\\/balance-professional\\\/\",\"name\":\"Balance - Oblure\",\"isPartOf\":{\"@id\":\"https:\\\/\\\/oblure.com\\\/sv\\\/#website\"},\"primaryImageOfPage\":{\"@id\":\"https:\\\/\\\/oblure.com\\\/sv\\\/produkt\\\/balance-professional\\\/#primaryimage\"},\"image\":{\"@id\":\"https:\\\/\\\/oblure.com\\\/sv\\\/produkt\\\/balance-professional\\\/#primaryimage\"},\"thumbnailUrl\":\"https:\\\/\\\/oblure.com\\\/wp-content\\\/uploads\\\/2024\\\/08\\\/balance_professional.gif\",\"datePublished\":\"2024-08-06T16:15:37+00:00\",\"dateModified\":\"2025-08-01T10:42:01+00:00\",\"breadcrumb\":{\"@id\":\"https:\\\/\\\/oblure.com\\\/sv\\\/produkt\\\/balance-professional\\\/#breadcrumb\"},\"inLanguage\":\"sv-SE\",\"potentialAction\":[{\"@type\":\"ReadAction\",\"target\":[\"https:\\\/\\\/oblure.com\\\/sv\\\/produkt\\\/balance-professional\\\/\"]}]},{\"@type\":\"ImageObject\",\"inLanguage\":\"sv-SE\",\"@id\":\"https:\\\/\\\/oblure.com\\\/sv\\\/produkt\\\/balance-professional\\\/#primaryimage\",\"url\":\"https:\\\/\\\/oblure.com\\\/wp-content\\\/uploads\\\/2024\\\/08\\\/balance_professional.gif\",\"contentUrl\":\"https:\\\/\\\/oblure.com\\\/wp-content\\\/uploads\\\/2024\\\/08\\\/balance_professional.gif\",\"width\":1000,\"height\":1000,\"caption\":\"Balance Chrome\"},{\"@type\":\"BreadcrumbList\",\"@id\":\"https:\\\/\\\/oblure.com\\\/sv\\\/produkt\\\/balance-professional\\\/#breadcrumb\",\"itemListElement\":[{\"@type\":\"ListItem\",\"position\":1,\"name\":\"Alla produkter\",\"item\":\"https:\\\/\\\/oblure.com\\\/sv\\\/kollektion\\\/\"},{\"@type\":\"ListItem\",\"position\":2,\"name\":\"Oblures kollektion\",\"item\":\"https:\\\/\\\/oblure.com\\\/sv\\\/kollektion\\\/\"},{\"@type\":\"ListItem\",\"position\":3,\"name\":\"Balance\"}]},{\"@type\":\"WebSite\",\"@id\":\"https:\\\/\\\/oblure.com\\\/sv\\\/#website\",\"url\":\"https:\\\/\\\/oblure.com\\\/sv\\\/\",\"name\":\"Oblure - Alluring lightning\",\"description\":\"Alluring lightning\",\"publisher\":{\"@id\":\"https:\\\/\\\/oblure.com\\\/sv\\\/#organization\"},\"potentialAction\":[{\"@type\":\"SearchAction\",\"target\":{\"@type\":\"EntryPoint\",\"urlTemplate\":\"https:\\\/\\\/oblure.com\\\/sv\\\/?s={search_term_string}\"},\"query-input\":{\"@type\":\"PropertyValueSpecification\",\"valueRequired\":true,\"valueName\":\"search_term_string\"}}],\"inLanguage\":\"sv-SE\"},{\"@type\":\"Organization\",\"@id\":\"https:\\\/\\\/oblure.com\\\/sv\\\/#organization\",\"name\":\"Oblure\",\"url\":\"https:\\\/\\\/oblure.com\\\/sv\\\/\",\"logo\":{\"@type\":\"ImageObject\",\"inLanguage\":\"sv-SE\",\"@id\":\"https:\\\/\\\/oblure.com\\\/sv\\\/#\\\/schema\\\/logo\\\/image\\\/\",\"url\":\"https:\\\/\\\/oblure.com\\\/wp-content\\\/uploads\\\/2023\\\/05\\\/logo_oblure_SWEDEN-1.svg\",\"contentUrl\":\"https:\\\/\\\/oblure.com\\\/wp-content\\\/uploads\\\/2023\\\/05\\\/logo_oblure_SWEDEN-1.svg\",\"width\":841,\"height\":595,\"caption\":\"Oblure\"},\"image\":{\"@id\":\"https:\\\/\\\/oblure.com\\\/sv\\\/#\\\/schema\\\/logo\\\/image\\\/\"}}]}<\/script>\n<!-- \/ Yoast SEO plugin. -->","yoast_head_json":{"title":"Balance - Oblure","robots":{"index":"noindex","follow":"nofollow"},"og_locale":"sv_SE","og_type":"article","og_title":"Balance - Oblure","og_description":"Balance \u00e4r en full\u00e4ndad manifestation av balans och harmoni. Formen v\u00e4cker nyfikenhet och ger en k\u00e4nsla av att lampan trotsar naturlagarna. Tv\u00e5 lysande glober, vars placering p\u00e5 sluttande st\u00e5lplattor skapar ett i\u00f6gonfallande visuellt samspel mellan form och funktion. Metallkloten p\u00e5 vardera sidan \u00e4r noggrant avv\u00e4gda f\u00f6r att ge perfekt motvikt \u00e5t lampans konstruktion, vilket f\u00f6rst\u00e4rker k\u00e4nslan av sp\u00e4nning och f\u00e5r \u00e5sk\u00e5daren att stanna upp.   Lampans yta \u00e4r behandlad med en exklusiv PVD-lack vilket f\u00f6rst\u00e4rker k\u00e4nslan av det precisionsarbete som ligger bakom varje detalj. Basen i m\u00e4ssing, inte bara f\u00f6rankrar designen med tyngd och stabilitet utan ger ocks\u00e5 ett sofistikerat och tidl\u00f6st uttryck. Balance \u00e4r en stils\u00e4ker och funktionell bordslampa som med sin starka identitet och unika form drar blickar till sig i vilket rum den \u00e4n placeras.","og_url":"https:\/\/oblure.com\/sv\/produkt\/balance-professional\/","og_site_name":"Oblure","article_modified_time":"2025-08-01T10:42:01+00:00","og_image":[{"width":800,"height":800,"url":"https:\/\/oblure.com\/wp-content\/uploads\/2024\/08\/balance_professional-800x800.gif","type":"image\/gif"}],"twitter_card":"summary_large_image","twitter_misc":{"Ber\u00e4knad l\u00e4stid":"1 minut"},"schema":{"@context":"https:\/\/schema.org","@graph":[{"@type":"WebPage","@id":"https:\/\/oblure.com\/sv\/produkt\/balance-professional\/","url":"https:\/\/oblure.com\/sv\/produkt\/balance-professional\/","name":"Balance - Oblure","isPartOf":{"@id":"https:\/\/oblure.com\/sv\/#website"},"primaryImageOfPage":{"@id":"https:\/\/oblure.com\/sv\/produkt\/balance-professional\/#primaryimage"},"image":{"@id":"https:\/\/oblure.com\/sv\/produkt\/balance-professional\/#primaryimage"},"thumbnailUrl":"https:\/\/oblure.com\/wp-content\/uploads\/2024\/08\/balance_professional.gif","datePublished":"2024-08-06T16:15:37+00:00","dateModified":"2025-08-01T10:42:01+00:00","breadcrumb":{"@id":"https:\/\/oblure.com\/sv\/produkt\/balance-professional\/#breadcrumb"},"inLanguage":"sv-SE","potentialAction":[{"@type":"ReadAction","target":["https:\/\/oblure.com\/sv\/produkt\/balance-professional\/"]}]},{"@type":"ImageObject","inLanguage":"sv-SE","@id":"https:\/\/oblure.com\/sv\/produkt\/balance-professional\/#primaryimage","url":"https:\/\/oblure.com\/wp-content\/uploads\/2024\/08\/balance_professional.gif","contentUrl":"https:\/\/oblure.com\/wp-content\/uploads\/2024\/08\/balance_professional.gif","width":1000,"height":1000,"caption":"Balance Chrome"},{"@type":"BreadcrumbList","@id":"https:\/\/oblure.com\/sv\/produkt\/balance-professional\/#breadcrumb","itemListElement":[{"@type":"ListItem","position":1,"name":"Alla produkter","item":"https:\/\/oblure.com\/sv\/kollektion\/"},{"@type":"ListItem","position":2,"name":"Oblures kollektion","item":"https:\/\/oblure.com\/sv\/kollektion\/"},{"@type":"ListItem","position":3,"name":"Balance"}]},{"@type":"WebSite","@id":"https:\/\/oblure.com\/sv\/#website","url":"https:\/\/oblure.com\/sv\/","name":"Oblure - Alluring lightning","description":"Alluring lightning","publisher":{"@id":"https:\/\/oblure.com\/sv\/#organization"},"potentialAction":[{"@type":"SearchAction","target":{"@type":"EntryPoint","urlTemplate":"https:\/\/oblure.com\/sv\/?s={search_term_string}"},"query-input":{"@type":"PropertyValueSpecification","valueRequired":true,"valueName":"search_term_string"}}],"inLanguage":"sv-SE"},{"@type":"Organization","@id":"https:\/\/oblure.com\/sv\/#organization","name":"Oblure","url":"https:\/\/oblure.com\/sv\/","logo":{"@type":"ImageObject","inLanguage":"sv-SE","@id":"https:\/\/oblure.com\/sv\/#\/schema\/logo\/image\/","url":"https:\/\/oblure.com\/wp-content\/uploads\/2023\/05\/logo_oblure_SWEDEN-1.svg","contentUrl":"https:\/\/oblure.com\/wp-content\/uploads\/2023\/05\/logo_oblure_SWEDEN-1.svg","width":841,"height":595,"caption":"Oblure"},"image":{"@id":"https:\/\/oblure.com\/sv\/#\/schema\/logo\/image\/"}}]}},"_links":{"self":[{"href":"https:\/\/oblure.com\/sv\/wp-json\/wp\/v2\/product\/20537","targetHints":{"allow":["GET"]}}],"collection":[{"href":"https:\/\/oblure.com\/sv\/wp-json\/wp\/v2\/product"}],"about":[{"href":"https:\/\/oblure.com\/sv\/wp-json\/wp\/v2\/types\/product"}],"version-history":[{"count":5,"href":"https:\/\/oblure.com\/sv\/wp-json\/wp\/v2\/product\/20537\/revisions"}],"predecessor-version":[{"id":22015,"href":"https:\/\/oblure.com\/sv\/wp-json\/wp\/v2\/product\/20537\/revisions\/22015"}],"wp:featuredmedia":[{"embeddable":true,"href":"https:\/\/oblure.com\/sv\/wp-json\/wp\/v2\/media\/19880"}],"wp:attachment":[{"href":"https:\/\/oblure.com\/sv\/wp-json\/wp\/v2\/media?parent=20537"}],"wp:term":[{"taxonomy":"product_brand","embeddable":true,"href":"https:\/\/oblure.com\/sv\/wp-json\/wp\/v2\/product_brand?post=20537"},{"taxonomy":"product_cat","embeddable":true,"href":"https:\/\/oblure.com\/sv\/wp-json\/wp\/v2\/product_cat?post=20537"},{"taxonomy":"product_tag","embeddable":true,"href":"https:\/\/oblure.com\/sv\/wp-json\/wp\/v2\/product_tag?post=20537"}],"curies":[{"name":"wp","href":"https:\/\/api.w.org\/{rel}","templated":true}]}}