{"id":20565,"date":"2024-08-06T17:00:38","date_gmt":"2024-08-06T15:00:38","guid":{"rendered":"https:\/\/oblure.com\/product\/lightbone-tak-large-2\/"},"modified":"2025-06-10T09:35:38","modified_gmt":"2025-06-10T07:35:38","slug":"lightbone-ceiling-large-professional","status":"publish","type":"product","link":"https:\/\/oblure.com\/sv\/produkt\/lightbone-ceiling-large-professional\/","title":{"rendered":"Lightbone Ceiling Large"},"content":{"rendered":"<p>Fr\u00e5n golv till tak. &#8221;Bone&#8221; syftar p\u00e5 den specifika l\u00e4nk d\u00e4r det sf\u00e4riska opalglaset &#8221;Light&#8221; f\u00f6renar de massiva ekdelarna. Tydligt accentljus fr\u00e5n opalglaset och allm\u00e4nljus eller riktat ljus underifr\u00e5n med h\u00f6g ljuskomfort. En sofistikerad symbios mellan arkitektonisk design och teknik som harmoniserar b\u00e5de estetik och funktionalitet. Vinnare av utm\u00e4rkelsen &#8221;Lighting of the Year 2023&#8221; av FORM Magazine. Lightbone \u00e4r designad av Fredrik F\u00e4rg och Emma Blanche och visades f\u00f6r f\u00f6rsta g\u00e5ngen som en del av &#8221;Armour Mon Amour-utst\u00e4llningen&#8221; under Milan Design Week 2017.<br \/>\nLightbone var d\u00e5 i textil, upp till 3 meter h\u00f6g och inspirerades av en resa till Japan och dess bambuskog. LighBone finns i linoljef\u00e4rgerna Black oak, Blue oak och Natural oak. Den g\u00e5r \u00e4ven att f\u00e5 i andra f\u00e4rger p\u00e5 f\u00f6rfr\u00e5gan.   <\/p>\n","protected":false},"excerpt":{"rendered":"<p>Fr\u00e5n golv till tak. &#8221;Bone&#8221; syftar p\u00e5 den specifika l\u00e4nk d\u00e4r det sf\u00e4riska opalglaset &#8221;Light&#8221; f\u00f6renar de massiva ekdelarna. Tydligt accentljus fr\u00e5n opalglaset och allm\u00e4nljus eller riktat ljus underifr\u00e5n med h\u00f6g ljuskomfort. En sofistikerad symbios mellan arkitektonisk design och teknik som harmoniserar b\u00e5de estetik och funktionalitet. Vinnare av utm\u00e4rkelsen &#8221;Lighting of the Year 2023&#8221; av FORM Magazine. Lightbone \u00e4r designad av Fredrik F\u00e4rg och Emma Blanche och visades f\u00f6r f\u00f6rsta g\u00e5ngen som en del av &#8221;Armour Mon Amour-utst\u00e4llningen&#8221; under Milan Design Week 2017.<br \/>\nLightbone var d\u00e5 i textil, upp till 3 meter h\u00f6g och inspirerades av en resa till Japan och dess bambuskog. LighBone finns i linoljef\u00e4rgerna Black oak, Blue oak och Natural oak. Den g\u00e5r \u00e4ven att f\u00e5 i andra f\u00e4rger p\u00e5 f\u00f6rfr\u00e5gan.   <\/p>\n","protected":false},"featured_media":19870,"template":"","meta":{"_acf_changed":false},"product_brand":[],"product_cat":[173],"product_tag":[180],"class_list":{"0":"post-20565","1":"product","2":"type-product","3":"status-publish","4":"has-post-thumbnail","6":"product_cat-okategoriserad","7":"product_tag-professionell","8":"pa_color-bla","9":"pa_color-miljo","10":"pa_color-black-sv","11":"pa_color-natural-oak-sv","12":"tm-no-options","14":"first","15":"instock","16":"taxable","17":"shipping-taxable","18":"purchasable","19":"product-type-variable","20":"has-default-attributes"},"acf":[],"yoast_head":"<!-- This site is optimized with the Yoast SEO plugin v27.3 - https:\/\/yoast.com\/product\/yoast-seo-wordpress\/ -->\n<title>Lightbone Ceiling Large - Oblure<\/title>\n<meta name=\"robots\" content=\"noindex, nofollow\" \/>\n<meta property=\"og:locale\" content=\"sv_SE\" \/>\n<meta property=\"og:type\" content=\"article\" \/>\n<meta property=\"og:title\" content=\"Lightbone Ceiling Large - Oblure\" \/>\n<meta property=\"og:description\" content=\"Fr\u00e5n golv till tak. &quot;Bone&quot; syftar p\u00e5 den specifika l\u00e4nk d\u00e4r det sf\u00e4riska opalglaset &quot;Light&quot; f\u00f6renar de massiva ekdelarna. Tydligt accentljus fr\u00e5n opalglaset och allm\u00e4nljus eller riktat ljus underifr\u00e5n med h\u00f6g ljuskomfort. En sofistikerad symbios mellan arkitektonisk design och teknik som harmoniserar b\u00e5de estetik och funktionalitet. Vinnare av utm\u00e4rkelsen &quot;Lighting of the Year 2023&quot; av FORM Magazine. Lightbone \u00e4r designad av Fredrik F\u00e4rg och Emma Blanche och visades f\u00f6r f\u00f6rsta g\u00e5ngen som en del av &quot;Armour Mon Amour-utst\u00e4llningen&quot; under Milan Design Week 2017. Lightbone var d\u00e5 i textil, upp till 3 meter h\u00f6g och inspirerades av en resa till Japan och dess bambuskog. LighBone finns i linoljef\u00e4rgerna Black oak, Blue oak och Natural oak. Den g\u00e5r \u00e4ven att f\u00e5 i andra f\u00e4rger p\u00e5 f\u00f6rfr\u00e5gan.\" \/>\n<meta property=\"og:url\" content=\"https:\/\/oblure.com\/sv\/produkt\/lightbone-ceiling-large-professional\/\" \/>\n<meta property=\"og:site_name\" content=\"Oblure\" \/>\n<meta property=\"article:modified_time\" content=\"2025-06-10T07:35:38+00:00\" \/>\n<meta property=\"og:image\" content=\"https:\/\/oblure.com\/wp-content\/uploads\/2024\/08\/lightbone_ceiling_large_professional_off.png\" \/>\n\t<meta property=\"og:image:width\" content=\"1920\" \/>\n\t<meta property=\"og:image:height\" content=\"1920\" \/>\n\t<meta property=\"og:image:type\" content=\"image\/png\" \/>\n<meta name=\"twitter:card\" content=\"summary_large_image\" \/>\n<meta name=\"twitter:label1\" content=\"Ber\u00e4knad l\u00e4stid\" \/>\n\t<meta name=\"twitter:data1\" content=\"1 minut\" \/>\n<script type=\"application\/ld+json\" class=\"yoast-schema-graph\">{\"@context\":\"https:\\\/\\\/schema.org\",\"@graph\":[{\"@type\":\"WebPage\",\"@id\":\"https:\\\/\\\/oblure.com\\\/sv\\\/produkt\\\/lightbone-ceiling-large-professional\\\/\",\"url\":\"https:\\\/\\\/oblure.com\\\/sv\\\/produkt\\\/lightbone-ceiling-large-professional\\\/\",\"name\":\"Lightbone Ceiling Large - Oblure\",\"isPartOf\":{\"@id\":\"https:\\\/\\\/oblure.com\\\/sv\\\/#website\"},\"primaryImageOfPage\":{\"@id\":\"https:\\\/\\\/oblure.com\\\/sv\\\/produkt\\\/lightbone-ceiling-large-professional\\\/#primaryimage\"},\"image\":{\"@id\":\"https:\\\/\\\/oblure.com\\\/sv\\\/produkt\\\/lightbone-ceiling-large-professional\\\/#primaryimage\"},\"thumbnailUrl\":\"https:\\\/\\\/oblure.com\\\/wp-content\\\/uploads\\\/2024\\\/08\\\/lightbone_ceiling_large_professional_off.png\",\"datePublished\":\"2024-08-06T15:00:38+00:00\",\"dateModified\":\"2025-06-10T07:35:38+00:00\",\"breadcrumb\":{\"@id\":\"https:\\\/\\\/oblure.com\\\/sv\\\/produkt\\\/lightbone-ceiling-large-professional\\\/#breadcrumb\"},\"inLanguage\":\"sv-SE\",\"potentialAction\":[{\"@type\":\"ReadAction\",\"target\":[\"https:\\\/\\\/oblure.com\\\/sv\\\/produkt\\\/lightbone-ceiling-large-professional\\\/\"]}]},{\"@type\":\"ImageObject\",\"inLanguage\":\"sv-SE\",\"@id\":\"https:\\\/\\\/oblure.com\\\/sv\\\/produkt\\\/lightbone-ceiling-large-professional\\\/#primaryimage\",\"url\":\"https:\\\/\\\/oblure.com\\\/wp-content\\\/uploads\\\/2024\\\/08\\\/lightbone_ceiling_large_professional_off.png\",\"contentUrl\":\"https:\\\/\\\/oblure.com\\\/wp-content\\\/uploads\\\/2024\\\/08\\\/lightbone_ceiling_large_professional_off.png\",\"width\":1920,\"height\":1920},{\"@type\":\"BreadcrumbList\",\"@id\":\"https:\\\/\\\/oblure.com\\\/sv\\\/produkt\\\/lightbone-ceiling-large-professional\\\/#breadcrumb\",\"itemListElement\":[{\"@type\":\"ListItem\",\"position\":1,\"name\":\"Alla produkter\",\"item\":\"https:\\\/\\\/oblure.com\\\/sv\\\/kollektion\\\/\"},{\"@type\":\"ListItem\",\"position\":2,\"name\":\"Oblures kollektion\",\"item\":\"https:\\\/\\\/oblure.com\\\/sv\\\/kollektion\\\/\"},{\"@type\":\"ListItem\",\"position\":3,\"name\":\"Lightbone Ceiling Large\"}]},{\"@type\":\"WebSite\",\"@id\":\"https:\\\/\\\/oblure.com\\\/sv\\\/#website\",\"url\":\"https:\\\/\\\/oblure.com\\\/sv\\\/\",\"name\":\"Oblure - Alluring lightning\",\"description\":\"Alluring lightning\",\"publisher\":{\"@id\":\"https:\\\/\\\/oblure.com\\\/sv\\\/#organization\"},\"potentialAction\":[{\"@type\":\"SearchAction\",\"target\":{\"@type\":\"EntryPoint\",\"urlTemplate\":\"https:\\\/\\\/oblure.com\\\/sv\\\/?s={search_term_string}\"},\"query-input\":{\"@type\":\"PropertyValueSpecification\",\"valueRequired\":true,\"valueName\":\"search_term_string\"}}],\"inLanguage\":\"sv-SE\"},{\"@type\":\"Organization\",\"@id\":\"https:\\\/\\\/oblure.com\\\/sv\\\/#organization\",\"name\":\"Oblure\",\"url\":\"https:\\\/\\\/oblure.com\\\/sv\\\/\",\"logo\":{\"@type\":\"ImageObject\",\"inLanguage\":\"sv-SE\",\"@id\":\"https:\\\/\\\/oblure.com\\\/sv\\\/#\\\/schema\\\/logo\\\/image\\\/\",\"url\":\"https:\\\/\\\/oblure.com\\\/wp-content\\\/uploads\\\/2023\\\/05\\\/logo_oblure_SWEDEN-1.svg\",\"contentUrl\":\"https:\\\/\\\/oblure.com\\\/wp-content\\\/uploads\\\/2023\\\/05\\\/logo_oblure_SWEDEN-1.svg\",\"width\":841,\"height\":595,\"caption\":\"Oblure\"},\"image\":{\"@id\":\"https:\\\/\\\/oblure.com\\\/sv\\\/#\\\/schema\\\/logo\\\/image\\\/\"}}]}<\/script>\n<!-- \/ Yoast SEO plugin. -->","yoast_head_json":{"title":"Lightbone Ceiling Large - Oblure","robots":{"index":"noindex","follow":"nofollow"},"og_locale":"sv_SE","og_type":"article","og_title":"Lightbone Ceiling Large - Oblure","og_description":"Fr\u00e5n golv till tak. \"Bone\" syftar p\u00e5 den specifika l\u00e4nk d\u00e4r det sf\u00e4riska opalglaset \"Light\" f\u00f6renar de massiva ekdelarna. Tydligt accentljus fr\u00e5n opalglaset och allm\u00e4nljus eller riktat ljus underifr\u00e5n med h\u00f6g ljuskomfort. En sofistikerad symbios mellan arkitektonisk design och teknik som harmoniserar b\u00e5de estetik och funktionalitet. Vinnare av utm\u00e4rkelsen \"Lighting of the Year 2023\" av FORM Magazine. Lightbone \u00e4r designad av Fredrik F\u00e4rg och Emma Blanche och visades f\u00f6r f\u00f6rsta g\u00e5ngen som en del av \"Armour Mon Amour-utst\u00e4llningen\" under Milan Design Week 2017. Lightbone var d\u00e5 i textil, upp till 3 meter h\u00f6g och inspirerades av en resa till Japan och dess bambuskog. LighBone finns i linoljef\u00e4rgerna Black oak, Blue oak och Natural oak. Den g\u00e5r \u00e4ven att f\u00e5 i andra f\u00e4rger p\u00e5 f\u00f6rfr\u00e5gan.","og_url":"https:\/\/oblure.com\/sv\/produkt\/lightbone-ceiling-large-professional\/","og_site_name":"Oblure","article_modified_time":"2025-06-10T07:35:38+00:00","og_image":[{"width":1920,"height":1920,"url":"https:\/\/oblure.com\/wp-content\/uploads\/2024\/08\/lightbone_ceiling_large_professional_off.png","type":"image\/png"}],"twitter_card":"summary_large_image","twitter_misc":{"Ber\u00e4knad l\u00e4stid":"1 minut"},"schema":{"@context":"https:\/\/schema.org","@graph":[{"@type":"WebPage","@id":"https:\/\/oblure.com\/sv\/produkt\/lightbone-ceiling-large-professional\/","url":"https:\/\/oblure.com\/sv\/produkt\/lightbone-ceiling-large-professional\/","name":"Lightbone Ceiling Large - Oblure","isPartOf":{"@id":"https:\/\/oblure.com\/sv\/#website"},"primaryImageOfPage":{"@id":"https:\/\/oblure.com\/sv\/produkt\/lightbone-ceiling-large-professional\/#primaryimage"},"image":{"@id":"https:\/\/oblure.com\/sv\/produkt\/lightbone-ceiling-large-professional\/#primaryimage"},"thumbnailUrl":"https:\/\/oblure.com\/wp-content\/uploads\/2024\/08\/lightbone_ceiling_large_professional_off.png","datePublished":"2024-08-06T15:00:38+00:00","dateModified":"2025-06-10T07:35:38+00:00","breadcrumb":{"@id":"https:\/\/oblure.com\/sv\/produkt\/lightbone-ceiling-large-professional\/#breadcrumb"},"inLanguage":"sv-SE","potentialAction":[{"@type":"ReadAction","target":["https:\/\/oblure.com\/sv\/produkt\/lightbone-ceiling-large-professional\/"]}]},{"@type":"ImageObject","inLanguage":"sv-SE","@id":"https:\/\/oblure.com\/sv\/produkt\/lightbone-ceiling-large-professional\/#primaryimage","url":"https:\/\/oblure.com\/wp-content\/uploads\/2024\/08\/lightbone_ceiling_large_professional_off.png","contentUrl":"https:\/\/oblure.com\/wp-content\/uploads\/2024\/08\/lightbone_ceiling_large_professional_off.png","width":1920,"height":1920},{"@type":"BreadcrumbList","@id":"https:\/\/oblure.com\/sv\/produkt\/lightbone-ceiling-large-professional\/#breadcrumb","itemListElement":[{"@type":"ListItem","position":1,"name":"Alla produkter","item":"https:\/\/oblure.com\/sv\/kollektion\/"},{"@type":"ListItem","position":2,"name":"Oblures kollektion","item":"https:\/\/oblure.com\/sv\/kollektion\/"},{"@type":"ListItem","position":3,"name":"Lightbone Ceiling Large"}]},{"@type":"WebSite","@id":"https:\/\/oblure.com\/sv\/#website","url":"https:\/\/oblure.com\/sv\/","name":"Oblure - Alluring lightning","description":"Alluring lightning","publisher":{"@id":"https:\/\/oblure.com\/sv\/#organization"},"potentialAction":[{"@type":"SearchAction","target":{"@type":"EntryPoint","urlTemplate":"https:\/\/oblure.com\/sv\/?s={search_term_string}"},"query-input":{"@type":"PropertyValueSpecification","valueRequired":true,"valueName":"search_term_string"}}],"inLanguage":"sv-SE"},{"@type":"Organization","@id":"https:\/\/oblure.com\/sv\/#organization","name":"Oblure","url":"https:\/\/oblure.com\/sv\/","logo":{"@type":"ImageObject","inLanguage":"sv-SE","@id":"https:\/\/oblure.com\/sv\/#\/schema\/logo\/image\/","url":"https:\/\/oblure.com\/wp-content\/uploads\/2023\/05\/logo_oblure_SWEDEN-1.svg","contentUrl":"https:\/\/oblure.com\/wp-content\/uploads\/2023\/05\/logo_oblure_SWEDEN-1.svg","width":841,"height":595,"caption":"Oblure"},"image":{"@id":"https:\/\/oblure.com\/sv\/#\/schema\/logo\/image\/"}}]}},"_links":{"self":[{"href":"https:\/\/oblure.com\/sv\/wp-json\/wp\/v2\/product\/20565","targetHints":{"allow":["GET"]}}],"collection":[{"href":"https:\/\/oblure.com\/sv\/wp-json\/wp\/v2\/product"}],"about":[{"href":"https:\/\/oblure.com\/sv\/wp-json\/wp\/v2\/types\/product"}],"version-history":[{"count":2,"href":"https:\/\/oblure.com\/sv\/wp-json\/wp\/v2\/product\/20565\/revisions"}],"predecessor-version":[{"id":21929,"href":"https:\/\/oblure.com\/sv\/wp-json\/wp\/v2\/product\/20565\/revisions\/21929"}],"wp:featuredmedia":[{"embeddable":true,"href":"https:\/\/oblure.com\/sv\/wp-json\/wp\/v2\/media\/19870"}],"wp:attachment":[{"href":"https:\/\/oblure.com\/sv\/wp-json\/wp\/v2\/media?parent=20565"}],"wp:term":[{"taxonomy":"product_brand","embeddable":true,"href":"https:\/\/oblure.com\/sv\/wp-json\/wp\/v2\/product_brand?post=20565"},{"taxonomy":"product_cat","embeddable":true,"href":"https:\/\/oblure.com\/sv\/wp-json\/wp\/v2\/product_cat?post=20565"},{"taxonomy":"product_tag","embeddable":true,"href":"https:\/\/oblure.com\/sv\/wp-json\/wp\/v2\/product_tag?post=20565"}],"curies":[{"name":"wp","href":"https:\/\/api.w.org\/{rel}","templated":true}]}}