{"id":20570,"date":"2024-08-06T16:37:10","date_gmt":"2024-08-06T14:37:10","guid":{"rendered":"https:\/\/oblure.com\/product\/lightbone-golvlampa-2\/"},"modified":"2025-06-10T10:14:21","modified_gmt":"2025-06-10T08:14:21","slug":"lightbone-floor-lamp-professional","status":"publish","type":"product","link":"https:\/\/oblure.com\/sv\/produkt\/lightbone-floor-lamp-professional\/","title":{"rendered":"Lightbone Floor Lamp"},"content":{"rendered":"<p>Lightbone-design av F\u00c4RG &amp; BLANCHE visades f\u00f6r f\u00f6rsta g\u00e5ngen upp som en del av Armour Mon Amour-utst\u00e4llningen under Milan Design Week 2017.<\/p>\n<p>P\u00e5 den tiden var lamporna i textil och upp till 3 meter h\u00f6ga och inspirerades av en resa till Japan och deras bambuskog.<\/p>\n<p>&#8221;Vi \u00e4r v\u00e4ldigt glada \u00f6ver att vi tillsammans med Oblure har kunnat ta fram en hemversion av LightBone, den h\u00e4r g\u00e5ngen i massiv ek WOOD och helt tillverkad i Sverige.&#8221;<\/p>\n<p>Namnet Bone syftar p\u00e5 den specifika f\u00f6rbindelse som skapas av det sf\u00e4riska glaset sj\u00e4lvt och som sammanfogar tr\u00e4delarna.<\/p>\n<p>Lampan kan enkelt anv\u00e4ndas som en enskild del vid sidan av en soffa till exempel men ocks\u00e5 som en grupp eller 2 eller 3 som skapar en liten skog eller m\u00e5nga fler f\u00f6r att dela upp utrymme i g\u00e4stfrihetsprojekt.<\/p>\n<p>LighBone finns i naturell ek och med oljebehandlad svart ek, r\u00f6kt ek och koboltbl\u00e5, den kan ocks\u00e5 f\u00e5s i specialf\u00e4rg p\u00e5 beg\u00e4ran.<\/p>\n","protected":false},"excerpt":{"rendered":"<p>Lightbone-design av F\u00c4RG &amp; BLANCHE visades f\u00f6r f\u00f6rsta g\u00e5ngen upp som en del av Armour Mon Amour-utst\u00e4llningen under Milan Design Week 2017.<\/p>\n<p>P\u00e5 den tiden var lamporna i textil och upp till 3 meter h\u00f6ga och inspirerades av en resa till Japan och deras bambuskog.<\/p>\n<p>&#8221;Vi \u00e4r v\u00e4ldigt glada \u00f6ver att vi tillsammans med Oblure har kunnat ta fram en hemversion av LightBone, den h\u00e4r g\u00e5ngen i massiv ek WOOD och helt tillverkad i Sverige.&#8221;<\/p>\n<p>Namnet Bone syftar p\u00e5 den specifika f\u00f6rbindelse som skapas av det sf\u00e4riska glaset sj\u00e4lvt och som sammanfogar tr\u00e4delarna.<\/p>\n<p>Lampan kan enkelt anv\u00e4ndas som en enskild del vid sidan av en soffa till exempel men ocks\u00e5 som en grupp eller 2 eller 3 som skapar en liten skog eller m\u00e5nga fler f\u00f6r att dela upp utrymme i g\u00e4stfrihetsprojekt.<\/p>\n<p>LighBone finns i naturell ek och med oljebehandlad svart ek, r\u00f6kt ek och koboltbl\u00e5, den kan ocks\u00e5 f\u00e5s i specialf\u00e4rg p\u00e5 beg\u00e4ran.<\/p>\n","protected":false},"featured_media":19867,"template":"","meta":{"_acf_changed":false},"product_brand":[],"product_cat":[173],"product_tag":[180],"class_list":{"0":"post-20570","1":"product","2":"type-product","3":"status-publish","4":"has-post-thumbnail","6":"product_cat-okategoriserad","7":"product_tag-professionell","8":"pa_color-bla","9":"pa_color-ek","10":"pa_color-miljo","11":"pa_color-black-sv","12":"tm-no-options","14":"first","15":"instock","16":"taxable","17":"shipping-taxable","18":"purchasable","19":"product-type-variable","20":"has-default-attributes"},"acf":[],"yoast_head":"<!-- This site is optimized with the Yoast SEO plugin v27.3 - https:\/\/yoast.com\/product\/yoast-seo-wordpress\/ -->\n<title>Lightbone Floor Lamp - Oblure<\/title>\n<meta name=\"robots\" content=\"noindex, nofollow\" \/>\n<meta property=\"og:locale\" content=\"sv_SE\" \/>\n<meta property=\"og:type\" content=\"article\" \/>\n<meta property=\"og:title\" content=\"Lightbone Floor Lamp - Oblure\" \/>\n<meta property=\"og:description\" content=\"Lightbone-design av F\u00c4RG &amp; BLANCHE visades f\u00f6r f\u00f6rsta g\u00e5ngen upp som en del av Armour Mon Amour-utst\u00e4llningen under Milan Design Week 2017.  P\u00e5 den tiden var lamporna i textil och upp till 3 meter h\u00f6ga och inspirerades av en resa till Japan och deras bambuskog.  &quot;Vi \u00e4r v\u00e4ldigt glada \u00f6ver att vi tillsammans med Oblure har kunnat ta fram en hemversion av LightBone, den h\u00e4r g\u00e5ngen i massiv ek WOOD och helt tillverkad i Sverige.&quot;  Namnet Bone syftar p\u00e5 den specifika f\u00f6rbindelse som skapas av det sf\u00e4riska glaset sj\u00e4lvt och som sammanfogar tr\u00e4delarna.  Lampan kan enkelt anv\u00e4ndas som en enskild del vid sidan av en soffa till exempel men ocks\u00e5 som en grupp eller 2 eller 3 som skapar en liten skog eller m\u00e5nga fler f\u00f6r att dela upp utrymme i g\u00e4stfrihetsprojekt.  LighBone finns i naturell ek och med oljebehandlad svart ek, r\u00f6kt ek och koboltbl\u00e5, den kan ocks\u00e5 f\u00e5s i specialf\u00e4rg p\u00e5 beg\u00e4ran.\" \/>\n<meta property=\"og:url\" content=\"https:\/\/oblure.com\/sv\/produkt\/lightbone-floor-lamp-professional\/\" \/>\n<meta property=\"og:site_name\" content=\"Oblure\" \/>\n<meta property=\"article:modified_time\" content=\"2025-06-10T08:14:21+00:00\" \/>\n<meta property=\"og:image\" content=\"https:\/\/oblure.com\/wp-content\/uploads\/2024\/08\/lightbone_floor_lamp_professional.png\" \/>\n\t<meta property=\"og:image:width\" content=\"1920\" \/>\n\t<meta property=\"og:image:height\" content=\"1921\" \/>\n\t<meta property=\"og:image:type\" content=\"image\/png\" \/>\n<meta name=\"twitter:card\" content=\"summary_large_image\" \/>\n<meta name=\"twitter:label1\" content=\"Ber\u00e4knad l\u00e4stid\" \/>\n\t<meta name=\"twitter:data1\" content=\"1 minut\" \/>\n<script type=\"application\/ld+json\" class=\"yoast-schema-graph\">{\"@context\":\"https:\\\/\\\/schema.org\",\"@graph\":[{\"@type\":\"WebPage\",\"@id\":\"https:\\\/\\\/oblure.com\\\/sv\\\/produkt\\\/lightbone-floor-lamp-professional\\\/\",\"url\":\"https:\\\/\\\/oblure.com\\\/sv\\\/produkt\\\/lightbone-floor-lamp-professional\\\/\",\"name\":\"Lightbone Floor Lamp - Oblure\",\"isPartOf\":{\"@id\":\"https:\\\/\\\/oblure.com\\\/sv\\\/#website\"},\"primaryImageOfPage\":{\"@id\":\"https:\\\/\\\/oblure.com\\\/sv\\\/produkt\\\/lightbone-floor-lamp-professional\\\/#primaryimage\"},\"image\":{\"@id\":\"https:\\\/\\\/oblure.com\\\/sv\\\/produkt\\\/lightbone-floor-lamp-professional\\\/#primaryimage\"},\"thumbnailUrl\":\"https:\\\/\\\/oblure.com\\\/wp-content\\\/uploads\\\/2024\\\/08\\\/lightbone_floor_lamp_professional.png\",\"datePublished\":\"2024-08-06T14:37:10+00:00\",\"dateModified\":\"2025-06-10T08:14:21+00:00\",\"breadcrumb\":{\"@id\":\"https:\\\/\\\/oblure.com\\\/sv\\\/produkt\\\/lightbone-floor-lamp-professional\\\/#breadcrumb\"},\"inLanguage\":\"sv-SE\",\"potentialAction\":[{\"@type\":\"ReadAction\",\"target\":[\"https:\\\/\\\/oblure.com\\\/sv\\\/produkt\\\/lightbone-floor-lamp-professional\\\/\"]}]},{\"@type\":\"ImageObject\",\"inLanguage\":\"sv-SE\",\"@id\":\"https:\\\/\\\/oblure.com\\\/sv\\\/produkt\\\/lightbone-floor-lamp-professional\\\/#primaryimage\",\"url\":\"https:\\\/\\\/oblure.com\\\/wp-content\\\/uploads\\\/2024\\\/08\\\/lightbone_floor_lamp_professional.png\",\"contentUrl\":\"https:\\\/\\\/oblure.com\\\/wp-content\\\/uploads\\\/2024\\\/08\\\/lightbone_floor_lamp_professional.png\",\"width\":1920,\"height\":1921},{\"@type\":\"BreadcrumbList\",\"@id\":\"https:\\\/\\\/oblure.com\\\/sv\\\/produkt\\\/lightbone-floor-lamp-professional\\\/#breadcrumb\",\"itemListElement\":[{\"@type\":\"ListItem\",\"position\":1,\"name\":\"Alla produkter\",\"item\":\"https:\\\/\\\/oblure.com\\\/sv\\\/kollektion\\\/\"},{\"@type\":\"ListItem\",\"position\":2,\"name\":\"Oblures kollektion\",\"item\":\"https:\\\/\\\/oblure.com\\\/sv\\\/kollektion\\\/\"},{\"@type\":\"ListItem\",\"position\":3,\"name\":\"Lightbone Floor Lamp\"}]},{\"@type\":\"WebSite\",\"@id\":\"https:\\\/\\\/oblure.com\\\/sv\\\/#website\",\"url\":\"https:\\\/\\\/oblure.com\\\/sv\\\/\",\"name\":\"Oblure - Alluring lightning\",\"description\":\"Alluring lightning\",\"publisher\":{\"@id\":\"https:\\\/\\\/oblure.com\\\/sv\\\/#organization\"},\"potentialAction\":[{\"@type\":\"SearchAction\",\"target\":{\"@type\":\"EntryPoint\",\"urlTemplate\":\"https:\\\/\\\/oblure.com\\\/sv\\\/?s={search_term_string}\"},\"query-input\":{\"@type\":\"PropertyValueSpecification\",\"valueRequired\":true,\"valueName\":\"search_term_string\"}}],\"inLanguage\":\"sv-SE\"},{\"@type\":\"Organization\",\"@id\":\"https:\\\/\\\/oblure.com\\\/sv\\\/#organization\",\"name\":\"Oblure\",\"url\":\"https:\\\/\\\/oblure.com\\\/sv\\\/\",\"logo\":{\"@type\":\"ImageObject\",\"inLanguage\":\"sv-SE\",\"@id\":\"https:\\\/\\\/oblure.com\\\/sv\\\/#\\\/schema\\\/logo\\\/image\\\/\",\"url\":\"https:\\\/\\\/oblure.com\\\/wp-content\\\/uploads\\\/2023\\\/05\\\/logo_oblure_SWEDEN-1.svg\",\"contentUrl\":\"https:\\\/\\\/oblure.com\\\/wp-content\\\/uploads\\\/2023\\\/05\\\/logo_oblure_SWEDEN-1.svg\",\"width\":841,\"height\":595,\"caption\":\"Oblure\"},\"image\":{\"@id\":\"https:\\\/\\\/oblure.com\\\/sv\\\/#\\\/schema\\\/logo\\\/image\\\/\"}}]}<\/script>\n<!-- \/ Yoast SEO plugin. -->","yoast_head_json":{"title":"Lightbone Floor Lamp - Oblure","robots":{"index":"noindex","follow":"nofollow"},"og_locale":"sv_SE","og_type":"article","og_title":"Lightbone Floor Lamp - Oblure","og_description":"Lightbone-design av F\u00c4RG &amp; BLANCHE visades f\u00f6r f\u00f6rsta g\u00e5ngen upp som en del av Armour Mon Amour-utst\u00e4llningen under Milan Design Week 2017.  P\u00e5 den tiden var lamporna i textil och upp till 3 meter h\u00f6ga och inspirerades av en resa till Japan och deras bambuskog.  \"Vi \u00e4r v\u00e4ldigt glada \u00f6ver att vi tillsammans med Oblure har kunnat ta fram en hemversion av LightBone, den h\u00e4r g\u00e5ngen i massiv ek WOOD och helt tillverkad i Sverige.\"  Namnet Bone syftar p\u00e5 den specifika f\u00f6rbindelse som skapas av det sf\u00e4riska glaset sj\u00e4lvt och som sammanfogar tr\u00e4delarna.  Lampan kan enkelt anv\u00e4ndas som en enskild del vid sidan av en soffa till exempel men ocks\u00e5 som en grupp eller 2 eller 3 som skapar en liten skog eller m\u00e5nga fler f\u00f6r att dela upp utrymme i g\u00e4stfrihetsprojekt.  LighBone finns i naturell ek och med oljebehandlad svart ek, r\u00f6kt ek och koboltbl\u00e5, den kan ocks\u00e5 f\u00e5s i specialf\u00e4rg p\u00e5 beg\u00e4ran.","og_url":"https:\/\/oblure.com\/sv\/produkt\/lightbone-floor-lamp-professional\/","og_site_name":"Oblure","article_modified_time":"2025-06-10T08:14:21+00:00","og_image":[{"width":1920,"height":1921,"url":"https:\/\/oblure.com\/wp-content\/uploads\/2024\/08\/lightbone_floor_lamp_professional.png","type":"image\/png"}],"twitter_card":"summary_large_image","twitter_misc":{"Ber\u00e4knad l\u00e4stid":"1 minut"},"schema":{"@context":"https:\/\/schema.org","@graph":[{"@type":"WebPage","@id":"https:\/\/oblure.com\/sv\/produkt\/lightbone-floor-lamp-professional\/","url":"https:\/\/oblure.com\/sv\/produkt\/lightbone-floor-lamp-professional\/","name":"Lightbone Floor Lamp - Oblure","isPartOf":{"@id":"https:\/\/oblure.com\/sv\/#website"},"primaryImageOfPage":{"@id":"https:\/\/oblure.com\/sv\/produkt\/lightbone-floor-lamp-professional\/#primaryimage"},"image":{"@id":"https:\/\/oblure.com\/sv\/produkt\/lightbone-floor-lamp-professional\/#primaryimage"},"thumbnailUrl":"https:\/\/oblure.com\/wp-content\/uploads\/2024\/08\/lightbone_floor_lamp_professional.png","datePublished":"2024-08-06T14:37:10+00:00","dateModified":"2025-06-10T08:14:21+00:00","breadcrumb":{"@id":"https:\/\/oblure.com\/sv\/produkt\/lightbone-floor-lamp-professional\/#breadcrumb"},"inLanguage":"sv-SE","potentialAction":[{"@type":"ReadAction","target":["https:\/\/oblure.com\/sv\/produkt\/lightbone-floor-lamp-professional\/"]}]},{"@type":"ImageObject","inLanguage":"sv-SE","@id":"https:\/\/oblure.com\/sv\/produkt\/lightbone-floor-lamp-professional\/#primaryimage","url":"https:\/\/oblure.com\/wp-content\/uploads\/2024\/08\/lightbone_floor_lamp_professional.png","contentUrl":"https:\/\/oblure.com\/wp-content\/uploads\/2024\/08\/lightbone_floor_lamp_professional.png","width":1920,"height":1921},{"@type":"BreadcrumbList","@id":"https:\/\/oblure.com\/sv\/produkt\/lightbone-floor-lamp-professional\/#breadcrumb","itemListElement":[{"@type":"ListItem","position":1,"name":"Alla produkter","item":"https:\/\/oblure.com\/sv\/kollektion\/"},{"@type":"ListItem","position":2,"name":"Oblures kollektion","item":"https:\/\/oblure.com\/sv\/kollektion\/"},{"@type":"ListItem","position":3,"name":"Lightbone Floor Lamp"}]},{"@type":"WebSite","@id":"https:\/\/oblure.com\/sv\/#website","url":"https:\/\/oblure.com\/sv\/","name":"Oblure - Alluring lightning","description":"Alluring lightning","publisher":{"@id":"https:\/\/oblure.com\/sv\/#organization"},"potentialAction":[{"@type":"SearchAction","target":{"@type":"EntryPoint","urlTemplate":"https:\/\/oblure.com\/sv\/?s={search_term_string}"},"query-input":{"@type":"PropertyValueSpecification","valueRequired":true,"valueName":"search_term_string"}}],"inLanguage":"sv-SE"},{"@type":"Organization","@id":"https:\/\/oblure.com\/sv\/#organization","name":"Oblure","url":"https:\/\/oblure.com\/sv\/","logo":{"@type":"ImageObject","inLanguage":"sv-SE","@id":"https:\/\/oblure.com\/sv\/#\/schema\/logo\/image\/","url":"https:\/\/oblure.com\/wp-content\/uploads\/2023\/05\/logo_oblure_SWEDEN-1.svg","contentUrl":"https:\/\/oblure.com\/wp-content\/uploads\/2023\/05\/logo_oblure_SWEDEN-1.svg","width":841,"height":595,"caption":"Oblure"},"image":{"@id":"https:\/\/oblure.com\/sv\/#\/schema\/logo\/image\/"}}]}},"_links":{"self":[{"href":"https:\/\/oblure.com\/sv\/wp-json\/wp\/v2\/product\/20570","targetHints":{"allow":["GET"]}}],"collection":[{"href":"https:\/\/oblure.com\/sv\/wp-json\/wp\/v2\/product"}],"about":[{"href":"https:\/\/oblure.com\/sv\/wp-json\/wp\/v2\/types\/product"}],"version-history":[{"count":2,"href":"https:\/\/oblure.com\/sv\/wp-json\/wp\/v2\/product\/20570\/revisions"}],"predecessor-version":[{"id":21933,"href":"https:\/\/oblure.com\/sv\/wp-json\/wp\/v2\/product\/20570\/revisions\/21933"}],"wp:featuredmedia":[{"embeddable":true,"href":"https:\/\/oblure.com\/sv\/wp-json\/wp\/v2\/media\/19867"}],"wp:attachment":[{"href":"https:\/\/oblure.com\/sv\/wp-json\/wp\/v2\/media?parent=20570"}],"wp:term":[{"taxonomy":"product_brand","embeddable":true,"href":"https:\/\/oblure.com\/sv\/wp-json\/wp\/v2\/product_brand?post=20570"},{"taxonomy":"product_cat","embeddable":true,"href":"https:\/\/oblure.com\/sv\/wp-json\/wp\/v2\/product_cat?post=20570"},{"taxonomy":"product_tag","embeddable":true,"href":"https:\/\/oblure.com\/sv\/wp-json\/wp\/v2\/product_tag?post=20570"}],"curies":[{"name":"wp","href":"https:\/\/api.w.org\/{rel}","templated":true}]}}