{"id":20580,"date":"2024-06-05T13:58:38","date_gmt":"2024-06-05T11:58:38","guid":{"rendered":"https:\/\/oblure.com\/product\/arch-straight-2\/"},"modified":"2025-06-09T21:04:33","modified_gmt":"2025-06-09T19:04:33","slug":"arch-straight-professional","status":"publish","type":"product","link":"https:\/\/oblure.com\/sv\/produkt\/arch-straight-professional\/","title":{"rendered":"Arch Straight"},"content":{"rendered":"<p>Arch Straight \u00e4r en skulptural pendel med sju symmetriskt placerade ljusk\u00e4llor vilka tillsammans skapar en j\u00e4mn och balanserad ljusupplevelse. Formen \u00e4r inspirerad av \u201dvalvet\u201d &#8211; ett av arkitekturens mest ikoniska och tidl\u00f6sa element vilket genom historien har symboliserat styrka, stabilitet och elegans. Arch-kollektionen f\u00e5ngar denna klassiska estetik och f\u00f6renar den med modern funktionalitet, vilket resulterar i en perfekt balans mellan form och funktion.<\/p>\n<p>Upph\u00e4ngd i tv\u00e5 tunna metalltr\u00e5dar framst\u00e5r lampan som n\u00e4stintill viktl\u00f6s vilket g\u00f6r att den inte upptar f\u00f6r mycket av rymden i rummet. Ljusk\u00e4llorna \u00e4r utbytbara f\u00f6r att m\u00f6jligg\u00f6ra \u00f6nskad f\u00e4rgtemperatur och spridningsvinkel, vilket g\u00f6r armaturen anpassningsbar till skiftande milj\u00f6er. Tack vare denna m\u00e5ngsidighet passar Arch Straight som pendel \u00f6ver ett matbord, en k\u00f6ksb\u00e4nk eller \u00f6ver konferensbordet. F\u00f6r att passa in hos dig g\u00e5r Arch att f\u00e5 i valfri RAL- eller NCS-kul\u00f6r.   <\/p>\n","protected":false},"excerpt":{"rendered":"<p>Arch Straight \u00e4r en skulptural pendel med sju symmetriskt placerade ljusk\u00e4llor vilka tillsammans skapar en j\u00e4mn och balanserad ljusupplevelse. Formen \u00e4r inspirerad av \u201dvalvet\u201d &#8211; ett av arkitekturens mest ikoniska och tidl\u00f6sa element vilket genom historien har symboliserat styrka, stabilitet och elegans. Arch-kollektionen f\u00e5ngar denna klassiska estetik och f\u00f6renar den med modern funktionalitet, vilket resulterar i en perfekt balans mellan form och funktion.<\/p>\n<p>Upph\u00e4ngd i tv\u00e5 tunna metalltr\u00e5dar framst\u00e5r lampan som n\u00e4stintill viktl\u00f6s vilket g\u00f6r att den inte upptar f\u00f6r mycket av rymden i rummet. Ljusk\u00e4llorna \u00e4r utbytbara f\u00f6r att m\u00f6jligg\u00f6ra \u00f6nskad f\u00e4rgtemperatur och spridningsvinkel, vilket g\u00f6r armaturen anpassningsbar till skiftande milj\u00f6er. Tack vare denna m\u00e5ngsidighet passar Arch Straight som pendel \u00f6ver ett matbord, en k\u00f6ksb\u00e4nk eller \u00f6ver konferensbordet. F\u00f6r att passa in hos dig g\u00e5r Arch att f\u00e5 i valfri RAL- eller NCS-kul\u00f6r.   <\/p>\n","protected":false},"featured_media":19847,"template":"","meta":{"_acf_changed":false},"product_brand":[],"product_cat":[224],"product_tag":[180],"class_list":{"0":"post-20580","1":"product","2":"type-product","3":"status-publish","4":"has-post-thumbnail","6":"product_cat-professionell","7":"product_tag-professionell","8":"pa_color-bla","9":"pa_color-miljo","10":"pa_color-black-sv","11":"pa_color-custom-color-sv","12":"pa_color-nude-sv","13":"pa_color-white-sv","14":"tm-has-options","16":"first","17":"instock","18":"taxable","19":"shipping-taxable","20":"purchasable","21":"product-type-variable","22":"has-default-attributes"},"acf":[],"yoast_head":"<!-- This site is optimized with the Yoast SEO plugin v27.3 - https:\/\/yoast.com\/product\/yoast-seo-wordpress\/ -->\n<title>Arch Straight - Oblure<\/title>\n<meta name=\"robots\" content=\"noindex, nofollow\" \/>\n<meta property=\"og:locale\" content=\"sv_SE\" \/>\n<meta property=\"og:type\" content=\"article\" \/>\n<meta property=\"og:title\" content=\"Arch Straight - Oblure\" \/>\n<meta property=\"og:description\" content=\"Arch Straight \u00e4r en skulptural pendel med sju symmetriskt placerade ljusk\u00e4llor vilka tillsammans skapar en j\u00e4mn och balanserad ljusupplevelse. Formen \u00e4r inspirerad av \u201dvalvet\u201d - ett av arkitekturens mest ikoniska och tidl\u00f6sa element vilket genom historien har symboliserat styrka, stabilitet och elegans. Arch-kollektionen f\u00e5ngar denna klassiska estetik och f\u00f6renar den med modern funktionalitet, vilket resulterar i en perfekt balans mellan form och funktion.Upph\u00e4ngd i tv\u00e5 tunna metalltr\u00e5dar framst\u00e5r lampan som n\u00e4stintill viktl\u00f6s vilket g\u00f6r att den inte upptar f\u00f6r mycket av rymden i rummet. Ljusk\u00e4llorna \u00e4r utbytbara f\u00f6r att m\u00f6jligg\u00f6ra \u00f6nskad f\u00e4rgtemperatur och spridningsvinkel, vilket g\u00f6r armaturen anpassningsbar till skiftande milj\u00f6er. Tack vare denna m\u00e5ngsidighet passar Arch Straight som pendel \u00f6ver ett matbord, en k\u00f6ksb\u00e4nk eller \u00f6ver konferensbordet. F\u00f6r att passa in hos dig g\u00e5r Arch att f\u00e5 i valfri RAL- eller NCS-kul\u00f6r.\" \/>\n<meta property=\"og:url\" content=\"https:\/\/oblure.com\/sv\/produkt\/arch-straight-professional\/\" \/>\n<meta property=\"og:site_name\" content=\"Oblure\" \/>\n<meta property=\"article:modified_time\" content=\"2025-06-09T19:04:33+00:00\" \/>\n<meta property=\"og:image\" content=\"https:\/\/oblure.com\/wp-content\/uploads\/2024\/06\/arch_straight_professional.png\" \/>\n\t<meta property=\"og:image:width\" content=\"1920\" \/>\n\t<meta property=\"og:image:height\" content=\"1920\" \/>\n\t<meta property=\"og:image:type\" content=\"image\/png\" \/>\n<meta name=\"twitter:card\" content=\"summary_large_image\" \/>\n<meta name=\"twitter:label1\" content=\"Ber\u00e4knad l\u00e4stid\" \/>\n\t<meta name=\"twitter:data1\" content=\"1 minut\" \/>\n<script type=\"application\/ld+json\" class=\"yoast-schema-graph\">{\"@context\":\"https:\\\/\\\/schema.org\",\"@graph\":[{\"@type\":\"WebPage\",\"@id\":\"https:\\\/\\\/oblure.com\\\/sv\\\/produkt\\\/arch-straight-professional\\\/\",\"url\":\"https:\\\/\\\/oblure.com\\\/sv\\\/produkt\\\/arch-straight-professional\\\/\",\"name\":\"Arch Straight - Oblure\",\"isPartOf\":{\"@id\":\"https:\\\/\\\/oblure.com\\\/sv\\\/#website\"},\"primaryImageOfPage\":{\"@id\":\"https:\\\/\\\/oblure.com\\\/sv\\\/produkt\\\/arch-straight-professional\\\/#primaryimage\"},\"image\":{\"@id\":\"https:\\\/\\\/oblure.com\\\/sv\\\/produkt\\\/arch-straight-professional\\\/#primaryimage\"},\"thumbnailUrl\":\"https:\\\/\\\/oblure.com\\\/wp-content\\\/uploads\\\/2024\\\/06\\\/arch_straight_professional.png\",\"datePublished\":\"2024-06-05T11:58:38+00:00\",\"dateModified\":\"2025-06-09T19:04:33+00:00\",\"breadcrumb\":{\"@id\":\"https:\\\/\\\/oblure.com\\\/sv\\\/produkt\\\/arch-straight-professional\\\/#breadcrumb\"},\"inLanguage\":\"sv-SE\",\"potentialAction\":[{\"@type\":\"ReadAction\",\"target\":[\"https:\\\/\\\/oblure.com\\\/sv\\\/produkt\\\/arch-straight-professional\\\/\"]}]},{\"@type\":\"ImageObject\",\"inLanguage\":\"sv-SE\",\"@id\":\"https:\\\/\\\/oblure.com\\\/sv\\\/produkt\\\/arch-straight-professional\\\/#primaryimage\",\"url\":\"https:\\\/\\\/oblure.com\\\/wp-content\\\/uploads\\\/2024\\\/06\\\/arch_straight_professional.png\",\"contentUrl\":\"https:\\\/\\\/oblure.com\\\/wp-content\\\/uploads\\\/2024\\\/06\\\/arch_straight_professional.png\",\"width\":1920,\"height\":1920},{\"@type\":\"BreadcrumbList\",\"@id\":\"https:\\\/\\\/oblure.com\\\/sv\\\/produkt\\\/arch-straight-professional\\\/#breadcrumb\",\"itemListElement\":[{\"@type\":\"ListItem\",\"position\":1,\"name\":\"Alla produkter\",\"item\":\"https:\\\/\\\/oblure.com\\\/sv\\\/kollektion\\\/\"},{\"@type\":\"ListItem\",\"position\":2,\"name\":\"Oblures kollektion\",\"item\":\"https:\\\/\\\/oblure.com\\\/sv\\\/kollektion\\\/\"},{\"@type\":\"ListItem\",\"position\":3,\"name\":\"Arch Straight\"}]},{\"@type\":\"WebSite\",\"@id\":\"https:\\\/\\\/oblure.com\\\/sv\\\/#website\",\"url\":\"https:\\\/\\\/oblure.com\\\/sv\\\/\",\"name\":\"Oblure - Alluring lightning\",\"description\":\"Alluring lightning\",\"publisher\":{\"@id\":\"https:\\\/\\\/oblure.com\\\/sv\\\/#organization\"},\"potentialAction\":[{\"@type\":\"SearchAction\",\"target\":{\"@type\":\"EntryPoint\",\"urlTemplate\":\"https:\\\/\\\/oblure.com\\\/sv\\\/?s={search_term_string}\"},\"query-input\":{\"@type\":\"PropertyValueSpecification\",\"valueRequired\":true,\"valueName\":\"search_term_string\"}}],\"inLanguage\":\"sv-SE\"},{\"@type\":\"Organization\",\"@id\":\"https:\\\/\\\/oblure.com\\\/sv\\\/#organization\",\"name\":\"Oblure\",\"url\":\"https:\\\/\\\/oblure.com\\\/sv\\\/\",\"logo\":{\"@type\":\"ImageObject\",\"inLanguage\":\"sv-SE\",\"@id\":\"https:\\\/\\\/oblure.com\\\/sv\\\/#\\\/schema\\\/logo\\\/image\\\/\",\"url\":\"https:\\\/\\\/oblure.com\\\/wp-content\\\/uploads\\\/2023\\\/05\\\/logo_oblure_SWEDEN-1.svg\",\"contentUrl\":\"https:\\\/\\\/oblure.com\\\/wp-content\\\/uploads\\\/2023\\\/05\\\/logo_oblure_SWEDEN-1.svg\",\"width\":841,\"height\":595,\"caption\":\"Oblure\"},\"image\":{\"@id\":\"https:\\\/\\\/oblure.com\\\/sv\\\/#\\\/schema\\\/logo\\\/image\\\/\"}}]}<\/script>\n<!-- \/ Yoast SEO plugin. -->","yoast_head_json":{"title":"Arch Straight - Oblure","robots":{"index":"noindex","follow":"nofollow"},"og_locale":"sv_SE","og_type":"article","og_title":"Arch Straight - Oblure","og_description":"Arch Straight \u00e4r en skulptural pendel med sju symmetriskt placerade ljusk\u00e4llor vilka tillsammans skapar en j\u00e4mn och balanserad ljusupplevelse. Formen \u00e4r inspirerad av \u201dvalvet\u201d - ett av arkitekturens mest ikoniska och tidl\u00f6sa element vilket genom historien har symboliserat styrka, stabilitet och elegans. Arch-kollektionen f\u00e5ngar denna klassiska estetik och f\u00f6renar den med modern funktionalitet, vilket resulterar i en perfekt balans mellan form och funktion.Upph\u00e4ngd i tv\u00e5 tunna metalltr\u00e5dar framst\u00e5r lampan som n\u00e4stintill viktl\u00f6s vilket g\u00f6r att den inte upptar f\u00f6r mycket av rymden i rummet. Ljusk\u00e4llorna \u00e4r utbytbara f\u00f6r att m\u00f6jligg\u00f6ra \u00f6nskad f\u00e4rgtemperatur och spridningsvinkel, vilket g\u00f6r armaturen anpassningsbar till skiftande milj\u00f6er. Tack vare denna m\u00e5ngsidighet passar Arch Straight som pendel \u00f6ver ett matbord, en k\u00f6ksb\u00e4nk eller \u00f6ver konferensbordet. F\u00f6r att passa in hos dig g\u00e5r Arch att f\u00e5 i valfri RAL- eller NCS-kul\u00f6r.","og_url":"https:\/\/oblure.com\/sv\/produkt\/arch-straight-professional\/","og_site_name":"Oblure","article_modified_time":"2025-06-09T19:04:33+00:00","og_image":[{"width":1920,"height":1920,"url":"https:\/\/oblure.com\/wp-content\/uploads\/2024\/06\/arch_straight_professional.png","type":"image\/png"}],"twitter_card":"summary_large_image","twitter_misc":{"Ber\u00e4knad l\u00e4stid":"1 minut"},"schema":{"@context":"https:\/\/schema.org","@graph":[{"@type":"WebPage","@id":"https:\/\/oblure.com\/sv\/produkt\/arch-straight-professional\/","url":"https:\/\/oblure.com\/sv\/produkt\/arch-straight-professional\/","name":"Arch Straight - Oblure","isPartOf":{"@id":"https:\/\/oblure.com\/sv\/#website"},"primaryImageOfPage":{"@id":"https:\/\/oblure.com\/sv\/produkt\/arch-straight-professional\/#primaryimage"},"image":{"@id":"https:\/\/oblure.com\/sv\/produkt\/arch-straight-professional\/#primaryimage"},"thumbnailUrl":"https:\/\/oblure.com\/wp-content\/uploads\/2024\/06\/arch_straight_professional.png","datePublished":"2024-06-05T11:58:38+00:00","dateModified":"2025-06-09T19:04:33+00:00","breadcrumb":{"@id":"https:\/\/oblure.com\/sv\/produkt\/arch-straight-professional\/#breadcrumb"},"inLanguage":"sv-SE","potentialAction":[{"@type":"ReadAction","target":["https:\/\/oblure.com\/sv\/produkt\/arch-straight-professional\/"]}]},{"@type":"ImageObject","inLanguage":"sv-SE","@id":"https:\/\/oblure.com\/sv\/produkt\/arch-straight-professional\/#primaryimage","url":"https:\/\/oblure.com\/wp-content\/uploads\/2024\/06\/arch_straight_professional.png","contentUrl":"https:\/\/oblure.com\/wp-content\/uploads\/2024\/06\/arch_straight_professional.png","width":1920,"height":1920},{"@type":"BreadcrumbList","@id":"https:\/\/oblure.com\/sv\/produkt\/arch-straight-professional\/#breadcrumb","itemListElement":[{"@type":"ListItem","position":1,"name":"Alla produkter","item":"https:\/\/oblure.com\/sv\/kollektion\/"},{"@type":"ListItem","position":2,"name":"Oblures kollektion","item":"https:\/\/oblure.com\/sv\/kollektion\/"},{"@type":"ListItem","position":3,"name":"Arch Straight"}]},{"@type":"WebSite","@id":"https:\/\/oblure.com\/sv\/#website","url":"https:\/\/oblure.com\/sv\/","name":"Oblure - Alluring lightning","description":"Alluring lightning","publisher":{"@id":"https:\/\/oblure.com\/sv\/#organization"},"potentialAction":[{"@type":"SearchAction","target":{"@type":"EntryPoint","urlTemplate":"https:\/\/oblure.com\/sv\/?s={search_term_string}"},"query-input":{"@type":"PropertyValueSpecification","valueRequired":true,"valueName":"search_term_string"}}],"inLanguage":"sv-SE"},{"@type":"Organization","@id":"https:\/\/oblure.com\/sv\/#organization","name":"Oblure","url":"https:\/\/oblure.com\/sv\/","logo":{"@type":"ImageObject","inLanguage":"sv-SE","@id":"https:\/\/oblure.com\/sv\/#\/schema\/logo\/image\/","url":"https:\/\/oblure.com\/wp-content\/uploads\/2023\/05\/logo_oblure_SWEDEN-1.svg","contentUrl":"https:\/\/oblure.com\/wp-content\/uploads\/2023\/05\/logo_oblure_SWEDEN-1.svg","width":841,"height":595,"caption":"Oblure"},"image":{"@id":"https:\/\/oblure.com\/sv\/#\/schema\/logo\/image\/"}}]}},"_links":{"self":[{"href":"https:\/\/oblure.com\/sv\/wp-json\/wp\/v2\/product\/20580","targetHints":{"allow":["GET"]}}],"collection":[{"href":"https:\/\/oblure.com\/sv\/wp-json\/wp\/v2\/product"}],"about":[{"href":"https:\/\/oblure.com\/sv\/wp-json\/wp\/v2\/types\/product"}],"version-history":[{"count":4,"href":"https:\/\/oblure.com\/sv\/wp-json\/wp\/v2\/product\/20580\/revisions"}],"predecessor-version":[{"id":21924,"href":"https:\/\/oblure.com\/sv\/wp-json\/wp\/v2\/product\/20580\/revisions\/21924"}],"wp:featuredmedia":[{"embeddable":true,"href":"https:\/\/oblure.com\/sv\/wp-json\/wp\/v2\/media\/19847"}],"wp:attachment":[{"href":"https:\/\/oblure.com\/sv\/wp-json\/wp\/v2\/media?parent=20580"}],"wp:term":[{"taxonomy":"product_brand","embeddable":true,"href":"https:\/\/oblure.com\/sv\/wp-json\/wp\/v2\/product_brand?post=20580"},{"taxonomy":"product_cat","embeddable":true,"href":"https:\/\/oblure.com\/sv\/wp-json\/wp\/v2\/product_cat?post=20580"},{"taxonomy":"product_tag","embeddable":true,"href":"https:\/\/oblure.com\/sv\/wp-json\/wp\/v2\/product_tag?post=20580"}],"curies":[{"name":"wp","href":"https:\/\/api.w.org\/{rel}","templated":true}]}}