{"id":20601,"date":"2024-06-04T15:13:07","date_gmt":"2024-06-04T13:13:07","guid":{"rendered":"https:\/\/oblure.com\/product\/bagformad-cirkel-76-2\/"},"modified":"2025-06-05T21:04:15","modified_gmt":"2025-06-05T19:04:15","slug":"arch-circle-76-professional","status":"publish","type":"product","link":"https:\/\/oblure.com\/sv\/produkt\/arch-circle-76-professional\/","title":{"rendered":"Arch Circle 76"},"content":{"rendered":"<p>Den nylanserade Arch blev snabbt en favorit och det dr\u00f6jde inte l\u00e4nge innan flera konstellationer efterfr\u00e5gades. De arkitektoniska b\u00e5garna \u00e4r fortfarande grunden i konstruktion och design men nu i en ny kl\u00e4dsel och estetik. &#8221;Vi ser denna medlem som en f\u00f6rl\u00e4ngning och med detta bidrag har Arch\u00b4s nu blivit en familj.<\/p>\n<p>Med &#8221;The Arch Circle&#8221; sluts cirkeln i dess r\u00e4tta bem\u00e4rkelse.<\/p>\n","protected":false},"excerpt":{"rendered":"<div class=\"flex max-w-full flex-col flex-grow\">\n<div class=\"min-h-[20px] text-message flex w-full flex-col items-end gap-2 whitespace-normal break-words [.text-message+&amp;]:mt-5\" dir=\"auto\" data-message-author-role=\"assistant\" data-message-id=\"7a0efa6d-a063-4890-8cc4-b5586d4b78a6\">\n<div class=\"flex w-full flex-col gap-1 empty:hidden first:pt-[3px]\">\n<div class=\"markdown prose w-full break-words dark:prose-invert light\">\n<p>Arch Circle 76 \u00e4r en modern pendellampa med en ikonisk b\u00e5gform och elegant design. Den \u00e4r tillverkad av st\u00e5l och finns i flera f\u00e4rger som nude, svart, bl\u00e5 och vit. F\u00f6r en mer personlig look kan den specialbest\u00e4llas i valfri f\u00e4rg. Den \u00e4r idealisk f\u00f6r stora utrymmen med h\u00f6gt i tak och dess unika form f\u00f6rst\u00e4rker rummets atmosf\u00e4r. Det ned\u00e5triktade ljuset g\u00f6r den perfekt f\u00f6r omr\u00e5den som lounger, m\u00f6tesrum eller kontorsutrymmen.  <\/p>\n<p><em>Med &#8221;The Arch Circle&#8221; sluter sig cirkeln i sin r\u00e4tta mening.<\/em><\/p>\n<\/div>\n<\/div>\n<\/div>\n<\/div>\n","protected":false},"featured_media":19846,"template":"","meta":{"_acf_changed":false},"product_brand":[],"product_cat":[173],"product_tag":[180],"class_list":{"0":"post-20601","1":"product","2":"type-product","3":"status-publish","4":"has-post-thumbnail","6":"product_cat-okategoriserad","7":"product_tag-professionell","8":"pa_color-bla","9":"pa_color-miljo","10":"pa_color-black-sv","11":"pa_color-custom-color-sv","12":"pa_color-nude-sv","13":"pa_color-white-sv","14":"tm-has-options","16":"first","17":"instock","18":"taxable","19":"shipping-taxable","20":"purchasable","21":"product-type-variable","22":"has-default-attributes"},"acf":[],"yoast_head":"<!-- This site is optimized with the Yoast SEO plugin v27.3 - https:\/\/yoast.com\/product\/yoast-seo-wordpress\/ -->\n<title>Arch Circle 76 - Oblure<\/title>\n<meta name=\"robots\" content=\"noindex, nofollow\" \/>\n<meta property=\"og:locale\" content=\"sv_SE\" \/>\n<meta property=\"og:type\" content=\"article\" \/>\n<meta property=\"og:title\" content=\"Arch Circle 76 - Oblure\" \/>\n<meta property=\"og:description\" content=\"Arch Circle 76 \u00e4r en modern pendellampa med en ikonisk b\u00e5gform och elegant design. Den \u00e4r tillverkad av st\u00e5l och finns i flera f\u00e4rger som nude, svart, bl\u00e5 och vit. F\u00f6r en mer personlig look kan den specialbest\u00e4llas i valfri f\u00e4rg. Den \u00e4r idealisk f\u00f6r stora utrymmen med h\u00f6gt i tak och dess unika form f\u00f6rst\u00e4rker rummets atmosf\u00e4r. Det ned\u00e5triktade ljuset g\u00f6r den perfekt f\u00f6r omr\u00e5den som lounger, m\u00f6tesrum eller kontorsutrymmen.      Med &quot;The Arch Circle&quot; sluter sig cirkeln i sin r\u00e4tta mening.\" \/>\n<meta property=\"og:url\" content=\"https:\/\/oblure.com\/sv\/produkt\/arch-circle-76-professional\/\" \/>\n<meta property=\"og:site_name\" content=\"Oblure\" \/>\n<meta property=\"article:modified_time\" content=\"2025-06-05T19:04:15+00:00\" \/>\n<meta property=\"og:image\" content=\"https:\/\/oblure.com\/wp-content\/uploads\/2024\/06\/arch_circle_76-800x800.gif\" \/>\n\t<meta property=\"og:image:width\" content=\"800\" \/>\n\t<meta property=\"og:image:height\" content=\"800\" \/>\n\t<meta property=\"og:image:type\" content=\"image\/gif\" \/>\n<meta name=\"twitter:card\" content=\"summary_large_image\" \/>\n<meta name=\"twitter:label1\" content=\"Ber\u00e4knad l\u00e4stid\" \/>\n\t<meta name=\"twitter:data1\" content=\"1 minut\" \/>\n<script type=\"application\/ld+json\" class=\"yoast-schema-graph\">{\"@context\":\"https:\\\/\\\/schema.org\",\"@graph\":[{\"@type\":\"WebPage\",\"@id\":\"https:\\\/\\\/oblure.com\\\/sv\\\/produkt\\\/arch-circle-76-professional\\\/\",\"url\":\"https:\\\/\\\/oblure.com\\\/sv\\\/produkt\\\/arch-circle-76-professional\\\/\",\"name\":\"Arch Circle 76 - Oblure\",\"isPartOf\":{\"@id\":\"https:\\\/\\\/oblure.com\\\/sv\\\/#website\"},\"primaryImageOfPage\":{\"@id\":\"https:\\\/\\\/oblure.com\\\/sv\\\/produkt\\\/arch-circle-76-professional\\\/#primaryimage\"},\"image\":{\"@id\":\"https:\\\/\\\/oblure.com\\\/sv\\\/produkt\\\/arch-circle-76-professional\\\/#primaryimage\"},\"thumbnailUrl\":\"https:\\\/\\\/oblure.com\\\/wp-content\\\/uploads\\\/2024\\\/06\\\/arch_circle_76.gif\",\"datePublished\":\"2024-06-04T13:13:07+00:00\",\"dateModified\":\"2025-06-05T19:04:15+00:00\",\"breadcrumb\":{\"@id\":\"https:\\\/\\\/oblure.com\\\/sv\\\/produkt\\\/arch-circle-76-professional\\\/#breadcrumb\"},\"inLanguage\":\"sv-SE\",\"potentialAction\":[{\"@type\":\"ReadAction\",\"target\":[\"https:\\\/\\\/oblure.com\\\/sv\\\/produkt\\\/arch-circle-76-professional\\\/\"]}]},{\"@type\":\"ImageObject\",\"inLanguage\":\"sv-SE\",\"@id\":\"https:\\\/\\\/oblure.com\\\/sv\\\/produkt\\\/arch-circle-76-professional\\\/#primaryimage\",\"url\":\"https:\\\/\\\/oblure.com\\\/wp-content\\\/uploads\\\/2024\\\/06\\\/arch_circle_76.gif\",\"contentUrl\":\"https:\\\/\\\/oblure.com\\\/wp-content\\\/uploads\\\/2024\\\/06\\\/arch_circle_76.gif\",\"width\":1200,\"height\":1200},{\"@type\":\"BreadcrumbList\",\"@id\":\"https:\\\/\\\/oblure.com\\\/sv\\\/produkt\\\/arch-circle-76-professional\\\/#breadcrumb\",\"itemListElement\":[{\"@type\":\"ListItem\",\"position\":1,\"name\":\"Alla produkter\",\"item\":\"https:\\\/\\\/oblure.com\\\/sv\\\/kollektion\\\/\"},{\"@type\":\"ListItem\",\"position\":2,\"name\":\"Oblures kollektion\",\"item\":\"https:\\\/\\\/oblure.com\\\/sv\\\/kollektion\\\/\"},{\"@type\":\"ListItem\",\"position\":3,\"name\":\"Arch Circle 76\"}]},{\"@type\":\"WebSite\",\"@id\":\"https:\\\/\\\/oblure.com\\\/sv\\\/#website\",\"url\":\"https:\\\/\\\/oblure.com\\\/sv\\\/\",\"name\":\"Oblure - Alluring lightning\",\"description\":\"Alluring lightning\",\"publisher\":{\"@id\":\"https:\\\/\\\/oblure.com\\\/sv\\\/#organization\"},\"potentialAction\":[{\"@type\":\"SearchAction\",\"target\":{\"@type\":\"EntryPoint\",\"urlTemplate\":\"https:\\\/\\\/oblure.com\\\/sv\\\/?s={search_term_string}\"},\"query-input\":{\"@type\":\"PropertyValueSpecification\",\"valueRequired\":true,\"valueName\":\"search_term_string\"}}],\"inLanguage\":\"sv-SE\"},{\"@type\":\"Organization\",\"@id\":\"https:\\\/\\\/oblure.com\\\/sv\\\/#organization\",\"name\":\"Oblure\",\"url\":\"https:\\\/\\\/oblure.com\\\/sv\\\/\",\"logo\":{\"@type\":\"ImageObject\",\"inLanguage\":\"sv-SE\",\"@id\":\"https:\\\/\\\/oblure.com\\\/sv\\\/#\\\/schema\\\/logo\\\/image\\\/\",\"url\":\"https:\\\/\\\/oblure.com\\\/wp-content\\\/uploads\\\/2023\\\/05\\\/logo_oblure_SWEDEN-1.svg\",\"contentUrl\":\"https:\\\/\\\/oblure.com\\\/wp-content\\\/uploads\\\/2023\\\/05\\\/logo_oblure_SWEDEN-1.svg\",\"width\":841,\"height\":595,\"caption\":\"Oblure\"},\"image\":{\"@id\":\"https:\\\/\\\/oblure.com\\\/sv\\\/#\\\/schema\\\/logo\\\/image\\\/\"}}]}<\/script>\n<!-- \/ Yoast SEO plugin. -->","yoast_head_json":{"title":"Arch Circle 76 - Oblure","robots":{"index":"noindex","follow":"nofollow"},"og_locale":"sv_SE","og_type":"article","og_title":"Arch Circle 76 - Oblure","og_description":"Arch Circle 76 \u00e4r en modern pendellampa med en ikonisk b\u00e5gform och elegant design. Den \u00e4r tillverkad av st\u00e5l och finns i flera f\u00e4rger som nude, svart, bl\u00e5 och vit. F\u00f6r en mer personlig look kan den specialbest\u00e4llas i valfri f\u00e4rg. Den \u00e4r idealisk f\u00f6r stora utrymmen med h\u00f6gt i tak och dess unika form f\u00f6rst\u00e4rker rummets atmosf\u00e4r. Det ned\u00e5triktade ljuset g\u00f6r den perfekt f\u00f6r omr\u00e5den som lounger, m\u00f6tesrum eller kontorsutrymmen.      Med \"The Arch Circle\" sluter sig cirkeln i sin r\u00e4tta mening.","og_url":"https:\/\/oblure.com\/sv\/produkt\/arch-circle-76-professional\/","og_site_name":"Oblure","article_modified_time":"2025-06-05T19:04:15+00:00","og_image":[{"width":800,"height":800,"url":"https:\/\/oblure.com\/wp-content\/uploads\/2024\/06\/arch_circle_76-800x800.gif","type":"image\/gif"}],"twitter_card":"summary_large_image","twitter_misc":{"Ber\u00e4knad l\u00e4stid":"1 minut"},"schema":{"@context":"https:\/\/schema.org","@graph":[{"@type":"WebPage","@id":"https:\/\/oblure.com\/sv\/produkt\/arch-circle-76-professional\/","url":"https:\/\/oblure.com\/sv\/produkt\/arch-circle-76-professional\/","name":"Arch Circle 76 - Oblure","isPartOf":{"@id":"https:\/\/oblure.com\/sv\/#website"},"primaryImageOfPage":{"@id":"https:\/\/oblure.com\/sv\/produkt\/arch-circle-76-professional\/#primaryimage"},"image":{"@id":"https:\/\/oblure.com\/sv\/produkt\/arch-circle-76-professional\/#primaryimage"},"thumbnailUrl":"https:\/\/oblure.com\/wp-content\/uploads\/2024\/06\/arch_circle_76.gif","datePublished":"2024-06-04T13:13:07+00:00","dateModified":"2025-06-05T19:04:15+00:00","breadcrumb":{"@id":"https:\/\/oblure.com\/sv\/produkt\/arch-circle-76-professional\/#breadcrumb"},"inLanguage":"sv-SE","potentialAction":[{"@type":"ReadAction","target":["https:\/\/oblure.com\/sv\/produkt\/arch-circle-76-professional\/"]}]},{"@type":"ImageObject","inLanguage":"sv-SE","@id":"https:\/\/oblure.com\/sv\/produkt\/arch-circle-76-professional\/#primaryimage","url":"https:\/\/oblure.com\/wp-content\/uploads\/2024\/06\/arch_circle_76.gif","contentUrl":"https:\/\/oblure.com\/wp-content\/uploads\/2024\/06\/arch_circle_76.gif","width":1200,"height":1200},{"@type":"BreadcrumbList","@id":"https:\/\/oblure.com\/sv\/produkt\/arch-circle-76-professional\/#breadcrumb","itemListElement":[{"@type":"ListItem","position":1,"name":"Alla produkter","item":"https:\/\/oblure.com\/sv\/kollektion\/"},{"@type":"ListItem","position":2,"name":"Oblures kollektion","item":"https:\/\/oblure.com\/sv\/kollektion\/"},{"@type":"ListItem","position":3,"name":"Arch Circle 76"}]},{"@type":"WebSite","@id":"https:\/\/oblure.com\/sv\/#website","url":"https:\/\/oblure.com\/sv\/","name":"Oblure - Alluring lightning","description":"Alluring lightning","publisher":{"@id":"https:\/\/oblure.com\/sv\/#organization"},"potentialAction":[{"@type":"SearchAction","target":{"@type":"EntryPoint","urlTemplate":"https:\/\/oblure.com\/sv\/?s={search_term_string}"},"query-input":{"@type":"PropertyValueSpecification","valueRequired":true,"valueName":"search_term_string"}}],"inLanguage":"sv-SE"},{"@type":"Organization","@id":"https:\/\/oblure.com\/sv\/#organization","name":"Oblure","url":"https:\/\/oblure.com\/sv\/","logo":{"@type":"ImageObject","inLanguage":"sv-SE","@id":"https:\/\/oblure.com\/sv\/#\/schema\/logo\/image\/","url":"https:\/\/oblure.com\/wp-content\/uploads\/2023\/05\/logo_oblure_SWEDEN-1.svg","contentUrl":"https:\/\/oblure.com\/wp-content\/uploads\/2023\/05\/logo_oblure_SWEDEN-1.svg","width":841,"height":595,"caption":"Oblure"},"image":{"@id":"https:\/\/oblure.com\/sv\/#\/schema\/logo\/image\/"}}]}},"_links":{"self":[{"href":"https:\/\/oblure.com\/sv\/wp-json\/wp\/v2\/product\/20601","targetHints":{"allow":["GET"]}}],"collection":[{"href":"https:\/\/oblure.com\/sv\/wp-json\/wp\/v2\/product"}],"about":[{"href":"https:\/\/oblure.com\/sv\/wp-json\/wp\/v2\/types\/product"}],"version-history":[{"count":1,"href":"https:\/\/oblure.com\/sv\/wp-json\/wp\/v2\/product\/20601\/revisions"}],"predecessor-version":[{"id":21901,"href":"https:\/\/oblure.com\/sv\/wp-json\/wp\/v2\/product\/20601\/revisions\/21901"}],"wp:featuredmedia":[{"embeddable":true,"href":"https:\/\/oblure.com\/sv\/wp-json\/wp\/v2\/media\/19846"}],"wp:attachment":[{"href":"https:\/\/oblure.com\/sv\/wp-json\/wp\/v2\/media?parent=20601"}],"wp:term":[{"taxonomy":"product_brand","embeddable":true,"href":"https:\/\/oblure.com\/sv\/wp-json\/wp\/v2\/product_brand?post=20601"},{"taxonomy":"product_cat","embeddable":true,"href":"https:\/\/oblure.com\/sv\/wp-json\/wp\/v2\/product_cat?post=20601"},{"taxonomy":"product_tag","embeddable":true,"href":"https:\/\/oblure.com\/sv\/wp-json\/wp\/v2\/product_tag?post=20601"}],"curies":[{"name":"wp","href":"https:\/\/api.w.org\/{rel}","templated":true}]}}