{"id":21954,"date":"2025-03-17T11:54:24","date_gmt":"2025-03-17T10:54:24","guid":{"rendered":"https:\/\/oblure.com\/product\/mondo-large-floor-lamp\/"},"modified":"2025-03-17T11:54:24","modified_gmt":"2025-03-17T10:54:24","slug":"mondo-large-floor-lamp","status":"publish","type":"product","link":"https:\/\/oblure.com\/sv\/produkt\/mondo-large-floor-lamp\/","title":{"rendered":"Mondo Large Floor Lamp"},"content":{"rendered":"<p data-start=\"490\" data-end=\"868\">Mondo Floor Lamp Large \u00e4r en sofistikerad utveckling av den ursprungliga designen och ger \u00e4nnu st\u00f6rre n\u00e4rvaro i ditt utrymme. Precis som sin pendlade motsvarighet \u00e4r den h\u00e4r st\u00f6rre versionen dimbar, vilket ger dig full kontroll \u00f6ver ljusintensiteten. Den har ocks\u00e5 utbytbara sk\u00e4rmar, vilket g\u00f6r det enkelt att byta ut dem vid behov och s\u00e4kerst\u00e4ller l\u00e5ng livsl\u00e4ngd och anpassningsf\u00f6rm\u00e5ga \u00f6ver tid.  <\/p>\n<p data-start=\"870\" data-end=\"1103\">Mondo Floor Lamp Large drivs av energieffektiv LED-belysning och f\u00f6rst\u00e4rker samspelet mellan ljus och skugga som skapas av de \u00f6verlappande metallsk\u00e4rmarna och bjuder in dig att forma din egen ljusupplevelse.<\/p>\n<p data-start=\"1105\" data-end=\"1263\">Den \u00e4r designad av Antonio Facco och \u00e4r trogen Mondo-konceptet &#8211; den suddar ut gr\u00e4nsen mellan belysning och konst samtidigt som den g\u00f6r dig till meddesigner av ditt rum.<\/p>\n","protected":false},"excerpt":{"rendered":"<p data-start=\"490\" data-end=\"868\">Mondo Floor Lamp Large \u00e4r en sofistikerad utveckling av den ursprungliga designen och ger \u00e4nnu st\u00f6rre n\u00e4rvaro i ditt utrymme. Precis som sin pendlade motsvarighet \u00e4r den h\u00e4r st\u00f6rre versionen dimbar, vilket ger dig full kontroll \u00f6ver ljusintensiteten. Den har ocks\u00e5 utbytbara sk\u00e4rmar, vilket g\u00f6r det enkelt att byta ut dem vid behov och s\u00e4kerst\u00e4ller l\u00e5ng livsl\u00e4ngd och anpassningsf\u00f6rm\u00e5ga \u00f6ver tid.  <\/p>\n<p data-start=\"870\" data-end=\"1103\">Mondo Floor Lamp Large drivs av energieffektiv LED-belysning och f\u00f6rst\u00e4rker samspelet mellan ljus och skugga som skapas av de \u00f6verlappande metallsk\u00e4rmarna och bjuder in dig att forma din egen ljusupplevelse.<\/p>\n<p data-start=\"1105\" data-end=\"1263\">Den \u00e4r designad av Antonio Facco och \u00e4r trogen Mondo-konceptet &#8211; den suddar ut gr\u00e4nsen mellan belysning och konst samtidigt som den g\u00f6r dig till meddesigner av ditt rum.<\/p>\n","protected":false},"featured_media":21012,"template":"","meta":{"_acf_changed":false},"product_brand":[],"product_cat":[173],"product_tag":[181],"class_list":{"0":"post-21954","1":"product","2":"type-product","3":"status-publish","4":"has-post-thumbnail","6":"product_cat-okategoriserad","7":"product_tag-standard-sv","8":"pa_color-miljo","9":"pa_color-black-sv","10":"tm-no-options","12":"first","13":"instock","14":"taxable","15":"shipping-taxable","16":"purchasable","17":"product-type-variable"},"acf":[],"yoast_head":"<!-- This site is optimized with the Yoast SEO plugin v27.3 - https:\/\/yoast.com\/product\/yoast-seo-wordpress\/ -->\n<title>Mondo Large Floor Lamp - Oblure<\/title>\n<meta name=\"robots\" content=\"index, follow, max-snippet:-1, max-image-preview:large, max-video-preview:-1\" \/>\n<link rel=\"canonical\" href=\"https:\/\/oblure.com\/sv\/produkt\/mondo-large-floor-lamp\/\" \/>\n<meta property=\"og:locale\" content=\"sv_SE\" \/>\n<meta property=\"og:type\" content=\"article\" \/>\n<meta property=\"og:title\" content=\"Mondo Large Floor Lamp - Oblure\" \/>\n<meta property=\"og:description\" content=\"Mondo Floor Lamp Large \u00e4r en sofistikerad utveckling av den ursprungliga designen och ger \u00e4nnu st\u00f6rre n\u00e4rvaro i ditt utrymme. Precis som sin pendlade motsvarighet \u00e4r den h\u00e4r st\u00f6rre versionen dimbar, vilket ger dig full kontroll \u00f6ver ljusintensiteten. Den har ocks\u00e5 utbytbara sk\u00e4rmar, vilket g\u00f6r det enkelt att byta ut dem vid behov och s\u00e4kerst\u00e4ller l\u00e5ng livsl\u00e4ngd och anpassningsf\u00f6rm\u00e5ga \u00f6ver tid.  Mondo Floor Lamp Large drivs av energieffektiv LED-belysning och f\u00f6rst\u00e4rker samspelet mellan ljus och skugga som skapas av de \u00f6verlappande metallsk\u00e4rmarna och bjuder in dig att forma din egen ljusupplevelse. Den \u00e4r designad av Antonio Facco och \u00e4r trogen Mondo-konceptet - den suddar ut gr\u00e4nsen mellan belysning och konst samtidigt som den g\u00f6r dig till meddesigner av ditt rum.\" \/>\n<meta property=\"og:url\" content=\"https:\/\/oblure.com\/sv\/produkt\/mondo-large-floor-lamp\/\" \/>\n<meta property=\"og:site_name\" content=\"Oblure\" \/>\n<meta property=\"og:image\" content=\"https:\/\/oblure.com\/wp-content\/uploads\/2025\/03\/mondo-large-golvlampa.jpg\" \/>\n\t<meta property=\"og:image:width\" content=\"1920\" \/>\n\t<meta property=\"og:image:height\" content=\"1920\" \/>\n\t<meta property=\"og:image:type\" content=\"image\/jpeg\" \/>\n<meta name=\"twitter:card\" content=\"summary_large_image\" \/>\n<meta name=\"twitter:label1\" content=\"Ber\u00e4knad l\u00e4stid\" \/>\n\t<meta name=\"twitter:data1\" content=\"1 minut\" \/>\n<script type=\"application\/ld+json\" class=\"yoast-schema-graph\">{\"@context\":\"https:\\\/\\\/schema.org\",\"@graph\":[{\"@type\":\"WebPage\",\"@id\":\"https:\\\/\\\/oblure.com\\\/sv\\\/produkt\\\/mondo-large-floor-lamp\\\/\",\"url\":\"https:\\\/\\\/oblure.com\\\/sv\\\/produkt\\\/mondo-large-floor-lamp\\\/\",\"name\":\"Mondo Large Floor Lamp - Oblure\",\"isPartOf\":{\"@id\":\"https:\\\/\\\/oblure.com\\\/sv\\\/#website\"},\"primaryImageOfPage\":{\"@id\":\"https:\\\/\\\/oblure.com\\\/sv\\\/produkt\\\/mondo-large-floor-lamp\\\/#primaryimage\"},\"image\":{\"@id\":\"https:\\\/\\\/oblure.com\\\/sv\\\/produkt\\\/mondo-large-floor-lamp\\\/#primaryimage\"},\"thumbnailUrl\":\"https:\\\/\\\/oblure.com\\\/wp-content\\\/uploads\\\/2025\\\/03\\\/mondo-large-golvlampa.jpg\",\"datePublished\":\"2025-03-17T10:54:24+00:00\",\"breadcrumb\":{\"@id\":\"https:\\\/\\\/oblure.com\\\/sv\\\/produkt\\\/mondo-large-floor-lamp\\\/#breadcrumb\"},\"inLanguage\":\"sv-SE\",\"potentialAction\":[{\"@type\":\"ReadAction\",\"target\":[\"https:\\\/\\\/oblure.com\\\/sv\\\/produkt\\\/mondo-large-floor-lamp\\\/\"]}]},{\"@type\":\"ImageObject\",\"inLanguage\":\"sv-SE\",\"@id\":\"https:\\\/\\\/oblure.com\\\/sv\\\/produkt\\\/mondo-large-floor-lamp\\\/#primaryimage\",\"url\":\"https:\\\/\\\/oblure.com\\\/wp-content\\\/uploads\\\/2025\\\/03\\\/mondo-large-golvlampa.jpg\",\"contentUrl\":\"https:\\\/\\\/oblure.com\\\/wp-content\\\/uploads\\\/2025\\\/03\\\/mondo-large-golvlampa.jpg\",\"width\":1920,\"height\":1920,\"caption\":\"Mondo Large Floor Lamp\"},{\"@type\":\"BreadcrumbList\",\"@id\":\"https:\\\/\\\/oblure.com\\\/sv\\\/produkt\\\/mondo-large-floor-lamp\\\/#breadcrumb\",\"itemListElement\":[{\"@type\":\"ListItem\",\"position\":1,\"name\":\"Alla produkter\",\"item\":\"https:\\\/\\\/oblure.com\\\/sv\\\/kollektion\\\/\"},{\"@type\":\"ListItem\",\"position\":2,\"name\":\"Oblures kollektion\",\"item\":\"https:\\\/\\\/oblure.com\\\/sv\\\/kollektion\\\/\"},{\"@type\":\"ListItem\",\"position\":3,\"name\":\"Mondo Large Floor Lamp\"}]},{\"@type\":\"WebSite\",\"@id\":\"https:\\\/\\\/oblure.com\\\/sv\\\/#website\",\"url\":\"https:\\\/\\\/oblure.com\\\/sv\\\/\",\"name\":\"Oblure - Alluring lightning\",\"description\":\"Alluring lightning\",\"publisher\":{\"@id\":\"https:\\\/\\\/oblure.com\\\/sv\\\/#organization\"},\"potentialAction\":[{\"@type\":\"SearchAction\",\"target\":{\"@type\":\"EntryPoint\",\"urlTemplate\":\"https:\\\/\\\/oblure.com\\\/sv\\\/?s={search_term_string}\"},\"query-input\":{\"@type\":\"PropertyValueSpecification\",\"valueRequired\":true,\"valueName\":\"search_term_string\"}}],\"inLanguage\":\"sv-SE\"},{\"@type\":\"Organization\",\"@id\":\"https:\\\/\\\/oblure.com\\\/sv\\\/#organization\",\"name\":\"Oblure\",\"url\":\"https:\\\/\\\/oblure.com\\\/sv\\\/\",\"logo\":{\"@type\":\"ImageObject\",\"inLanguage\":\"sv-SE\",\"@id\":\"https:\\\/\\\/oblure.com\\\/sv\\\/#\\\/schema\\\/logo\\\/image\\\/\",\"url\":\"https:\\\/\\\/oblure.com\\\/wp-content\\\/uploads\\\/2023\\\/05\\\/logo_oblure_SWEDEN-1.svg\",\"contentUrl\":\"https:\\\/\\\/oblure.com\\\/wp-content\\\/uploads\\\/2023\\\/05\\\/logo_oblure_SWEDEN-1.svg\",\"width\":841,\"height\":595,\"caption\":\"Oblure\"},\"image\":{\"@id\":\"https:\\\/\\\/oblure.com\\\/sv\\\/#\\\/schema\\\/logo\\\/image\\\/\"}}]}<\/script>\n<!-- \/ Yoast SEO plugin. -->","yoast_head_json":{"title":"Mondo Large Floor Lamp - Oblure","robots":{"index":"index","follow":"follow","max-snippet":"max-snippet:-1","max-image-preview":"max-image-preview:large","max-video-preview":"max-video-preview:-1"},"canonical":"https:\/\/oblure.com\/sv\/produkt\/mondo-large-floor-lamp\/","og_locale":"sv_SE","og_type":"article","og_title":"Mondo Large Floor Lamp - Oblure","og_description":"Mondo Floor Lamp Large \u00e4r en sofistikerad utveckling av den ursprungliga designen och ger \u00e4nnu st\u00f6rre n\u00e4rvaro i ditt utrymme. Precis som sin pendlade motsvarighet \u00e4r den h\u00e4r st\u00f6rre versionen dimbar, vilket ger dig full kontroll \u00f6ver ljusintensiteten. Den har ocks\u00e5 utbytbara sk\u00e4rmar, vilket g\u00f6r det enkelt att byta ut dem vid behov och s\u00e4kerst\u00e4ller l\u00e5ng livsl\u00e4ngd och anpassningsf\u00f6rm\u00e5ga \u00f6ver tid.  Mondo Floor Lamp Large drivs av energieffektiv LED-belysning och f\u00f6rst\u00e4rker samspelet mellan ljus och skugga som skapas av de \u00f6verlappande metallsk\u00e4rmarna och bjuder in dig att forma din egen ljusupplevelse. Den \u00e4r designad av Antonio Facco och \u00e4r trogen Mondo-konceptet - den suddar ut gr\u00e4nsen mellan belysning och konst samtidigt som den g\u00f6r dig till meddesigner av ditt rum.","og_url":"https:\/\/oblure.com\/sv\/produkt\/mondo-large-floor-lamp\/","og_site_name":"Oblure","og_image":[{"width":1920,"height":1920,"url":"https:\/\/oblure.com\/wp-content\/uploads\/2025\/03\/mondo-large-golvlampa.jpg","type":"image\/jpeg"}],"twitter_card":"summary_large_image","twitter_misc":{"Ber\u00e4knad l\u00e4stid":"1 minut"},"schema":{"@context":"https:\/\/schema.org","@graph":[{"@type":"WebPage","@id":"https:\/\/oblure.com\/sv\/produkt\/mondo-large-floor-lamp\/","url":"https:\/\/oblure.com\/sv\/produkt\/mondo-large-floor-lamp\/","name":"Mondo Large Floor Lamp - Oblure","isPartOf":{"@id":"https:\/\/oblure.com\/sv\/#website"},"primaryImageOfPage":{"@id":"https:\/\/oblure.com\/sv\/produkt\/mondo-large-floor-lamp\/#primaryimage"},"image":{"@id":"https:\/\/oblure.com\/sv\/produkt\/mondo-large-floor-lamp\/#primaryimage"},"thumbnailUrl":"https:\/\/oblure.com\/wp-content\/uploads\/2025\/03\/mondo-large-golvlampa.jpg","datePublished":"2025-03-17T10:54:24+00:00","breadcrumb":{"@id":"https:\/\/oblure.com\/sv\/produkt\/mondo-large-floor-lamp\/#breadcrumb"},"inLanguage":"sv-SE","potentialAction":[{"@type":"ReadAction","target":["https:\/\/oblure.com\/sv\/produkt\/mondo-large-floor-lamp\/"]}]},{"@type":"ImageObject","inLanguage":"sv-SE","@id":"https:\/\/oblure.com\/sv\/produkt\/mondo-large-floor-lamp\/#primaryimage","url":"https:\/\/oblure.com\/wp-content\/uploads\/2025\/03\/mondo-large-golvlampa.jpg","contentUrl":"https:\/\/oblure.com\/wp-content\/uploads\/2025\/03\/mondo-large-golvlampa.jpg","width":1920,"height":1920,"caption":"Mondo Large Floor Lamp"},{"@type":"BreadcrumbList","@id":"https:\/\/oblure.com\/sv\/produkt\/mondo-large-floor-lamp\/#breadcrumb","itemListElement":[{"@type":"ListItem","position":1,"name":"Alla produkter","item":"https:\/\/oblure.com\/sv\/kollektion\/"},{"@type":"ListItem","position":2,"name":"Oblures kollektion","item":"https:\/\/oblure.com\/sv\/kollektion\/"},{"@type":"ListItem","position":3,"name":"Mondo Large Floor Lamp"}]},{"@type":"WebSite","@id":"https:\/\/oblure.com\/sv\/#website","url":"https:\/\/oblure.com\/sv\/","name":"Oblure - Alluring lightning","description":"Alluring lightning","publisher":{"@id":"https:\/\/oblure.com\/sv\/#organization"},"potentialAction":[{"@type":"SearchAction","target":{"@type":"EntryPoint","urlTemplate":"https:\/\/oblure.com\/sv\/?s={search_term_string}"},"query-input":{"@type":"PropertyValueSpecification","valueRequired":true,"valueName":"search_term_string"}}],"inLanguage":"sv-SE"},{"@type":"Organization","@id":"https:\/\/oblure.com\/sv\/#organization","name":"Oblure","url":"https:\/\/oblure.com\/sv\/","logo":{"@type":"ImageObject","inLanguage":"sv-SE","@id":"https:\/\/oblure.com\/sv\/#\/schema\/logo\/image\/","url":"https:\/\/oblure.com\/wp-content\/uploads\/2023\/05\/logo_oblure_SWEDEN-1.svg","contentUrl":"https:\/\/oblure.com\/wp-content\/uploads\/2023\/05\/logo_oblure_SWEDEN-1.svg","width":841,"height":595,"caption":"Oblure"},"image":{"@id":"https:\/\/oblure.com\/sv\/#\/schema\/logo\/image\/"}}]}},"_links":{"self":[{"href":"https:\/\/oblure.com\/sv\/wp-json\/wp\/v2\/product\/21954","targetHints":{"allow":["GET"]}}],"collection":[{"href":"https:\/\/oblure.com\/sv\/wp-json\/wp\/v2\/product"}],"about":[{"href":"https:\/\/oblure.com\/sv\/wp-json\/wp\/v2\/types\/product"}],"version-history":[{"count":0,"href":"https:\/\/oblure.com\/sv\/wp-json\/wp\/v2\/product\/21954\/revisions"}],"wp:featuredmedia":[{"embeddable":true,"href":"https:\/\/oblure.com\/sv\/wp-json\/wp\/v2\/media\/21012"}],"wp:attachment":[{"href":"https:\/\/oblure.com\/sv\/wp-json\/wp\/v2\/media?parent=21954"}],"wp:term":[{"taxonomy":"product_brand","embeddable":true,"href":"https:\/\/oblure.com\/sv\/wp-json\/wp\/v2\/product_brand?post=21954"},{"taxonomy":"product_cat","embeddable":true,"href":"https:\/\/oblure.com\/sv\/wp-json\/wp\/v2\/product_cat?post=21954"},{"taxonomy":"product_tag","embeddable":true,"href":"https:\/\/oblure.com\/sv\/wp-json\/wp\/v2\/product_tag?post=21954"}],"curies":[{"name":"wp","href":"https:\/\/api.w.org\/{rel}","templated":true}]}}