{"id":22840,"date":"2025-03-20T12:03:32","date_gmt":"2025-03-20T11:03:32","guid":{"rendered":"https:\/\/oblure.com\/product\/mondo-large-pendant-2\/"},"modified":"2026-01-20T21:21:48","modified_gmt":"2026-01-20T20:21:48","slug":"mondo-large-pendant-professional","status":"publish","type":"product","link":"https:\/\/oblure.com\/sv\/produkt\/mondo-large-pendant-professional\/","title":{"rendered":"Mondo Large Pendant"},"content":{"rendered":"<p data-start=\"133\" data-end=\"390\">Mondo Pendant har en klassisk sj\u00e4l men moderna ambitioner. Den kombinerar en planetarisk fysisk bild med ett abstrakt koncept av originalitet, programmerad av betraktaren. M\u00f6jligheten att interagera med lampan erbjuder anv\u00e4ndaren en o\u00e4ndlig dialog.<\/p>\n<p data-start=\"392\" data-end=\"798\">Mondo Large Pendant \u00e4r en sofistikerad utveckling av den ursprungliga designen. Mondo Large ger \u00e4nnu mer n\u00e4rvaro till ditt utrymme, med den extra flexibiliteten att den \u00e4r dimbar. Den h\u00e4r st\u00f6rre versionen har ocks\u00e5 utbytbara sk\u00e4rmar, s\u00e5 att du kan byta ut dem vid behov. Den energieffektiva LED-belysningen f\u00f6rst\u00e4rker ljuseffekten och bjuder in dig till att bli meddesigner av din egen ljusupplevelse.<\/p>\n<p data-start=\"800\" data-end=\"977\">Mondo Large Pendant \u00e4r designad av Antonio Facco och bibeh\u00e5ller de unika \u00f6verlappande m\u00f6nster och r\u00f6relser av metalliska nyanser som definierar dess eleganta, interaktiva karakt\u00e4r.<\/p>\n","protected":false},"excerpt":{"rendered":"<p data-start=\"133\" data-end=\"390\">Mondo Pendant har en klassisk sj\u00e4l men moderna ambitioner. Den kombinerar en planetarisk fysisk bild med ett abstrakt koncept av originalitet, programmerad av betraktaren. M\u00f6jligheten att interagera med lampan erbjuder anv\u00e4ndaren en o\u00e4ndlig dialog.<\/p>\n<p data-start=\"392\" data-end=\"798\">Mondo Large Pendant \u00e4r en sofistikerad utveckling av den ursprungliga designen. Mondo Large ger \u00e4nnu mer n\u00e4rvaro till ditt utrymme, med den extra flexibiliteten att den \u00e4r dimbar. Den h\u00e4r st\u00f6rre versionen har ocks\u00e5 utbytbara sk\u00e4rmar, s\u00e5 att du kan byta ut dem vid behov. Den energieffektiva LED-belysningen f\u00f6rst\u00e4rker ljuseffekten och bjuder in dig till att bli meddesigner av din egen ljusupplevelse.<\/p>\n<p data-start=\"800\" data-end=\"977\">Mondo Large Pendant \u00e4r designad av Antonio Facco och bibeh\u00e5ller de unika \u00f6verlappande m\u00f6nster och r\u00f6relser av metalliska nyanser som definierar dess eleganta, interaktiva karakt\u00e4r.<\/p>\n","protected":false},"featured_media":21238,"template":"","meta":{"_acf_changed":false},"product_brand":[],"product_cat":[173],"product_tag":[180],"class_list":{"0":"post-22840","1":"product","2":"type-product","3":"status-publish","4":"has-post-thumbnail","6":"product_cat-okategoriserad","7":"product_tag-professionell","8":"pa_color-miljo","9":"pa_color-black-sv","10":"pa_color-custom-color-sv","11":"pa_color-chrome-sv","12":"tm-no-options","14":"first","15":"instock","16":"taxable","17":"shipping-taxable","18":"purchasable","19":"product-type-variable","20":"has-default-attributes"},"acf":[],"yoast_head":"<!-- This site is optimized with the Yoast SEO plugin v27.3 - https:\/\/yoast.com\/product\/yoast-seo-wordpress\/ -->\n<title>Mondo Large Pendant - Oblure<\/title>\n<meta name=\"robots\" content=\"noindex, nofollow\" \/>\n<meta property=\"og:locale\" content=\"sv_SE\" \/>\n<meta property=\"og:type\" content=\"article\" \/>\n<meta property=\"og:title\" content=\"Mondo Large Pendant - Oblure\" \/>\n<meta property=\"og:description\" content=\"Mondo Pendant har en klassisk sj\u00e4l men moderna ambitioner. Den kombinerar en planetarisk fysisk bild med ett abstrakt koncept av originalitet, programmerad av betraktaren. M\u00f6jligheten att interagera med lampan erbjuder anv\u00e4ndaren en o\u00e4ndlig dialog. Mondo Large Pendant \u00e4r en sofistikerad utveckling av den ursprungliga designen. Mondo Large ger \u00e4nnu mer n\u00e4rvaro till ditt utrymme, med den extra flexibiliteten att den \u00e4r dimbar. Den h\u00e4r st\u00f6rre versionen har ocks\u00e5 utbytbara sk\u00e4rmar, s\u00e5 att du kan byta ut dem vid behov. Den energieffektiva LED-belysningen f\u00f6rst\u00e4rker ljuseffekten och bjuder in dig till att bli meddesigner av din egen ljusupplevelse. Mondo Large Pendant \u00e4r designad av Antonio Facco och bibeh\u00e5ller de unika \u00f6verlappande m\u00f6nster och r\u00f6relser av metalliska nyanser som definierar dess eleganta, interaktiva karakt\u00e4r.\" \/>\n<meta property=\"og:url\" content=\"https:\/\/oblure.com\/sv\/produkt\/mondo-large-pendant-professional\/\" \/>\n<meta property=\"og:site_name\" content=\"Oblure\" \/>\n<meta property=\"article:modified_time\" content=\"2026-01-20T20:21:48+00:00\" \/>\n<meta property=\"og:image\" content=\"https:\/\/oblure.com\/wp-content\/uploads\/2025\/03\/mondo_large_pendant_png.png\" \/>\n\t<meta property=\"og:image:width\" content=\"900\" \/>\n\t<meta property=\"og:image:height\" content=\"900\" \/>\n\t<meta property=\"og:image:type\" content=\"image\/png\" \/>\n<meta name=\"twitter:card\" content=\"summary_large_image\" \/>\n<meta name=\"twitter:label1\" content=\"Ber\u00e4knad l\u00e4stid\" \/>\n\t<meta name=\"twitter:data1\" content=\"1 minut\" \/>\n<script type=\"application\/ld+json\" class=\"yoast-schema-graph\">{\"@context\":\"https:\\\/\\\/schema.org\",\"@graph\":[{\"@type\":\"WebPage\",\"@id\":\"https:\\\/\\\/oblure.com\\\/sv\\\/produkt\\\/mondo-large-pendant-professional\\\/\",\"url\":\"https:\\\/\\\/oblure.com\\\/sv\\\/produkt\\\/mondo-large-pendant-professional\\\/\",\"name\":\"Mondo Large Pendant - Oblure\",\"isPartOf\":{\"@id\":\"https:\\\/\\\/oblure.com\\\/sv\\\/#website\"},\"primaryImageOfPage\":{\"@id\":\"https:\\\/\\\/oblure.com\\\/sv\\\/produkt\\\/mondo-large-pendant-professional\\\/#primaryimage\"},\"image\":{\"@id\":\"https:\\\/\\\/oblure.com\\\/sv\\\/produkt\\\/mondo-large-pendant-professional\\\/#primaryimage\"},\"thumbnailUrl\":\"https:\\\/\\\/oblure.com\\\/wp-content\\\/uploads\\\/2025\\\/03\\\/mondo_large_pendant_png.png\",\"datePublished\":\"2025-03-20T11:03:32+00:00\",\"dateModified\":\"2026-01-20T20:21:48+00:00\",\"breadcrumb\":{\"@id\":\"https:\\\/\\\/oblure.com\\\/sv\\\/produkt\\\/mondo-large-pendant-professional\\\/#breadcrumb\"},\"inLanguage\":\"sv-SE\",\"potentialAction\":[{\"@type\":\"ReadAction\",\"target\":[\"https:\\\/\\\/oblure.com\\\/sv\\\/produkt\\\/mondo-large-pendant-professional\\\/\"]}]},{\"@type\":\"ImageObject\",\"inLanguage\":\"sv-SE\",\"@id\":\"https:\\\/\\\/oblure.com\\\/sv\\\/produkt\\\/mondo-large-pendant-professional\\\/#primaryimage\",\"url\":\"https:\\\/\\\/oblure.com\\\/wp-content\\\/uploads\\\/2025\\\/03\\\/mondo_large_pendant_png.png\",\"contentUrl\":\"https:\\\/\\\/oblure.com\\\/wp-content\\\/uploads\\\/2025\\\/03\\\/mondo_large_pendant_png.png\",\"width\":900,\"height\":900,\"caption\":\"mondo large pendant png\"},{\"@type\":\"BreadcrumbList\",\"@id\":\"https:\\\/\\\/oblure.com\\\/sv\\\/produkt\\\/mondo-large-pendant-professional\\\/#breadcrumb\",\"itemListElement\":[{\"@type\":\"ListItem\",\"position\":1,\"name\":\"Alla produkter\",\"item\":\"https:\\\/\\\/oblure.com\\\/sv\\\/kollektion\\\/\"},{\"@type\":\"ListItem\",\"position\":2,\"name\":\"Oblures kollektion\",\"item\":\"https:\\\/\\\/oblure.com\\\/sv\\\/kollektion\\\/\"},{\"@type\":\"ListItem\",\"position\":3,\"name\":\"Mondo Large Pendant\"}]},{\"@type\":\"WebSite\",\"@id\":\"https:\\\/\\\/oblure.com\\\/sv\\\/#website\",\"url\":\"https:\\\/\\\/oblure.com\\\/sv\\\/\",\"name\":\"Oblure - Alluring lightning\",\"description\":\"Alluring lightning\",\"publisher\":{\"@id\":\"https:\\\/\\\/oblure.com\\\/sv\\\/#organization\"},\"potentialAction\":[{\"@type\":\"SearchAction\",\"target\":{\"@type\":\"EntryPoint\",\"urlTemplate\":\"https:\\\/\\\/oblure.com\\\/sv\\\/?s={search_term_string}\"},\"query-input\":{\"@type\":\"PropertyValueSpecification\",\"valueRequired\":true,\"valueName\":\"search_term_string\"}}],\"inLanguage\":\"sv-SE\"},{\"@type\":\"Organization\",\"@id\":\"https:\\\/\\\/oblure.com\\\/sv\\\/#organization\",\"name\":\"Oblure\",\"url\":\"https:\\\/\\\/oblure.com\\\/sv\\\/\",\"logo\":{\"@type\":\"ImageObject\",\"inLanguage\":\"sv-SE\",\"@id\":\"https:\\\/\\\/oblure.com\\\/sv\\\/#\\\/schema\\\/logo\\\/image\\\/\",\"url\":\"https:\\\/\\\/oblure.com\\\/wp-content\\\/uploads\\\/2023\\\/05\\\/logo_oblure_SWEDEN-1.svg\",\"contentUrl\":\"https:\\\/\\\/oblure.com\\\/wp-content\\\/uploads\\\/2023\\\/05\\\/logo_oblure_SWEDEN-1.svg\",\"width\":841,\"height\":595,\"caption\":\"Oblure\"},\"image\":{\"@id\":\"https:\\\/\\\/oblure.com\\\/sv\\\/#\\\/schema\\\/logo\\\/image\\\/\"}}]}<\/script>\n<!-- \/ Yoast SEO plugin. -->","yoast_head_json":{"title":"Mondo Large Pendant - Oblure","robots":{"index":"noindex","follow":"nofollow"},"og_locale":"sv_SE","og_type":"article","og_title":"Mondo Large Pendant - Oblure","og_description":"Mondo Pendant har en klassisk sj\u00e4l men moderna ambitioner. Den kombinerar en planetarisk fysisk bild med ett abstrakt koncept av originalitet, programmerad av betraktaren. M\u00f6jligheten att interagera med lampan erbjuder anv\u00e4ndaren en o\u00e4ndlig dialog. Mondo Large Pendant \u00e4r en sofistikerad utveckling av den ursprungliga designen. Mondo Large ger \u00e4nnu mer n\u00e4rvaro till ditt utrymme, med den extra flexibiliteten att den \u00e4r dimbar. Den h\u00e4r st\u00f6rre versionen har ocks\u00e5 utbytbara sk\u00e4rmar, s\u00e5 att du kan byta ut dem vid behov. Den energieffektiva LED-belysningen f\u00f6rst\u00e4rker ljuseffekten och bjuder in dig till att bli meddesigner av din egen ljusupplevelse. Mondo Large Pendant \u00e4r designad av Antonio Facco och bibeh\u00e5ller de unika \u00f6verlappande m\u00f6nster och r\u00f6relser av metalliska nyanser som definierar dess eleganta, interaktiva karakt\u00e4r.","og_url":"https:\/\/oblure.com\/sv\/produkt\/mondo-large-pendant-professional\/","og_site_name":"Oblure","article_modified_time":"2026-01-20T20:21:48+00:00","og_image":[{"width":900,"height":900,"url":"https:\/\/oblure.com\/wp-content\/uploads\/2025\/03\/mondo_large_pendant_png.png","type":"image\/png"}],"twitter_card":"summary_large_image","twitter_misc":{"Ber\u00e4knad l\u00e4stid":"1 minut"},"schema":{"@context":"https:\/\/schema.org","@graph":[{"@type":"WebPage","@id":"https:\/\/oblure.com\/sv\/produkt\/mondo-large-pendant-professional\/","url":"https:\/\/oblure.com\/sv\/produkt\/mondo-large-pendant-professional\/","name":"Mondo Large Pendant - Oblure","isPartOf":{"@id":"https:\/\/oblure.com\/sv\/#website"},"primaryImageOfPage":{"@id":"https:\/\/oblure.com\/sv\/produkt\/mondo-large-pendant-professional\/#primaryimage"},"image":{"@id":"https:\/\/oblure.com\/sv\/produkt\/mondo-large-pendant-professional\/#primaryimage"},"thumbnailUrl":"https:\/\/oblure.com\/wp-content\/uploads\/2025\/03\/mondo_large_pendant_png.png","datePublished":"2025-03-20T11:03:32+00:00","dateModified":"2026-01-20T20:21:48+00:00","breadcrumb":{"@id":"https:\/\/oblure.com\/sv\/produkt\/mondo-large-pendant-professional\/#breadcrumb"},"inLanguage":"sv-SE","potentialAction":[{"@type":"ReadAction","target":["https:\/\/oblure.com\/sv\/produkt\/mondo-large-pendant-professional\/"]}]},{"@type":"ImageObject","inLanguage":"sv-SE","@id":"https:\/\/oblure.com\/sv\/produkt\/mondo-large-pendant-professional\/#primaryimage","url":"https:\/\/oblure.com\/wp-content\/uploads\/2025\/03\/mondo_large_pendant_png.png","contentUrl":"https:\/\/oblure.com\/wp-content\/uploads\/2025\/03\/mondo_large_pendant_png.png","width":900,"height":900,"caption":"mondo large pendant png"},{"@type":"BreadcrumbList","@id":"https:\/\/oblure.com\/sv\/produkt\/mondo-large-pendant-professional\/#breadcrumb","itemListElement":[{"@type":"ListItem","position":1,"name":"Alla produkter","item":"https:\/\/oblure.com\/sv\/kollektion\/"},{"@type":"ListItem","position":2,"name":"Oblures kollektion","item":"https:\/\/oblure.com\/sv\/kollektion\/"},{"@type":"ListItem","position":3,"name":"Mondo Large Pendant"}]},{"@type":"WebSite","@id":"https:\/\/oblure.com\/sv\/#website","url":"https:\/\/oblure.com\/sv\/","name":"Oblure - Alluring lightning","description":"Alluring lightning","publisher":{"@id":"https:\/\/oblure.com\/sv\/#organization"},"potentialAction":[{"@type":"SearchAction","target":{"@type":"EntryPoint","urlTemplate":"https:\/\/oblure.com\/sv\/?s={search_term_string}"},"query-input":{"@type":"PropertyValueSpecification","valueRequired":true,"valueName":"search_term_string"}}],"inLanguage":"sv-SE"},{"@type":"Organization","@id":"https:\/\/oblure.com\/sv\/#organization","name":"Oblure","url":"https:\/\/oblure.com\/sv\/","logo":{"@type":"ImageObject","inLanguage":"sv-SE","@id":"https:\/\/oblure.com\/sv\/#\/schema\/logo\/image\/","url":"https:\/\/oblure.com\/wp-content\/uploads\/2023\/05\/logo_oblure_SWEDEN-1.svg","contentUrl":"https:\/\/oblure.com\/wp-content\/uploads\/2023\/05\/logo_oblure_SWEDEN-1.svg","width":841,"height":595,"caption":"Oblure"},"image":{"@id":"https:\/\/oblure.com\/sv\/#\/schema\/logo\/image\/"}}]}},"_links":{"self":[{"href":"https:\/\/oblure.com\/sv\/wp-json\/wp\/v2\/product\/22840","targetHints":{"allow":["GET"]}}],"collection":[{"href":"https:\/\/oblure.com\/sv\/wp-json\/wp\/v2\/product"}],"about":[{"href":"https:\/\/oblure.com\/sv\/wp-json\/wp\/v2\/types\/product"}],"version-history":[{"count":1,"href":"https:\/\/oblure.com\/sv\/wp-json\/wp\/v2\/product\/22840\/revisions"}],"predecessor-version":[{"id":22846,"href":"https:\/\/oblure.com\/sv\/wp-json\/wp\/v2\/product\/22840\/revisions\/22846"}],"wp:featuredmedia":[{"embeddable":true,"href":"https:\/\/oblure.com\/sv\/wp-json\/wp\/v2\/media\/21238"}],"wp:attachment":[{"href":"https:\/\/oblure.com\/sv\/wp-json\/wp\/v2\/media?parent=22840"}],"wp:term":[{"taxonomy":"product_brand","embeddable":true,"href":"https:\/\/oblure.com\/sv\/wp-json\/wp\/v2\/product_brand?post=22840"},{"taxonomy":"product_cat","embeddable":true,"href":"https:\/\/oblure.com\/sv\/wp-json\/wp\/v2\/product_cat?post=22840"},{"taxonomy":"product_tag","embeddable":true,"href":"https:\/\/oblure.com\/sv\/wp-json\/wp\/v2\/product_tag?post=22840"}],"curies":[{"name":"wp","href":"https:\/\/api.w.org\/{rel}","templated":true}]}}